{"id":3486,"date":"2021-09-02T11:25:18","date_gmt":"2021-09-02T11:25:18","guid":{"rendered":"https:\/\/kursy-udt.pl\/?page_id=3486"},"modified":"2022-12-05T11:39:23","modified_gmt":"2022-12-05T11:39:23","slug":"cueilleurs-de-cerises","status":"publish","type":"page","link":"https:\/\/kursy-udt.pl\/fr\/szkolenia\/udt-wdt-tdt\/zwyzki-podnosniki-koszowe\/","title":{"rendered":"Cours pour les mont\u00e9es (plates-formes a\u00e9riennes)"},"content":{"rendered":"<p><a href=\"https:\/\/kursy-udt.pl\/wp-content\/uploads\/2021\/09\/kursy-udt.pl-0016-OPUBLIKOWANY-v5-Copy.jpg\"><img loading=\"lazy\" decoding=\"async\" class=\"paddingleft10 alignleft wp-image-3487 size-medium\" src=\"https:\/\/kursy-udt.pl\/wp-content\/uploads\/2021\/09\/kursy-udt.pl-0016-OPUBLIKOWANY-v5-Copy-300x224.jpg\" alt=\"Plates-formes a\u00e9riennes (\u00e9l\u00e9vateurs) - appareils universels utilis\u00e9s pour les travaux en hauteur\" width=\"300\" height=\"224\" srcset=\"https:\/\/kursy-udt.pl\/wp-content\/uploads\/2021\/09\/kursy-udt.pl-0016-OPUBLIKOWANY-v5-Copy-300x224.jpg 300w, https:\/\/kursy-udt.pl\/wp-content\/uploads\/2021\/09\/kursy-udt.pl-0016-OPUBLIKOWANY-v5-Copy.jpg 579w\" sizes=\"auto, (max-width: 300px) 100vw, 300px\" \/><\/a>L&#039;objectif de la formation n&#039;est pas seulement de pr\u00e9parer au mieux les \u00e9tudiants \u00e0 l&#039;examen UDT, mais aussi de transmettre des connaissances et d&#039;acqu\u00e9rir des comp\u00e9tences qui seront utiles dans un travail ult\u00e9rieur. Nos instructeurs attachent une grande importance aux principes de fonctionnement s\u00e9curitaire des appareils, ce qui vous permet d&#039;\u00e9viter les pannes et les accidents du travail. Le prix de la formation comprend un examen, apr\u00e8s quoi vous obtiendrez un laissez-passer <a href=\"https:\/\/kursy-udt.pl\/fr\/uprawnienia-udt\/kategorie-uprawnien-2\/\">Dipl\u00f4mes UDT<\/a>n\u00e9cessaires pour exercer la profession.<\/p>\n<h2>Informations sur le cours de nacelle \u00e9l\u00e9vatrice<\/h2>\n<h3><\/h3>\n<h3>Cours de th\u00e9orie<\/h3>\n<p>Le cours commence par des conf\u00e9rences, au cours desquelles les instructeurs fournissent de mani\u00e8re accessible des connaissances sur la construction des ascenseurs, le fonctionnement des m\u00e9canismes, la lecture des instructions d&#039;utilisation, les r\u00e8gles d&#039;utilisation, les recherches et les tests. Les cours se d\u00e9roulent en stationnaire ou en ligne, sous forme de webinaires.<\/p>\n<h3>Pratique<\/h3>\n<p>Les \u00e9tudiants peuvent prendre des rendez-vous individuels pour des exercices pratiques dans le hall sur l'aire de man\u0153uvre. Le centre dispose de sa propre base technique avec les \u00e9quipements abord\u00e9s pendant le cours. L'op\u00e9rateur stagiaire a l'occasion de se familiariser avec la construction des bennes, de s'entra\u00eener \u00e0 les d\u00e9marrer et \u00e0 les faire fonctionner, d'apprendre les principes de l'utilisation des bennes. <a href=\"https:\/\/kursy-udt.pl\/fr\/szkolenia\/bhp-bezpieczenstwo-pracy\/prawna-ochrona-pracy\/\">Sant\u00e9 et s\u00e9curit\u00e9<\/a> applicables en cas d'accidents et d'urgences.<\/p>\n<p>La port\u00e9e des questions dans les deux parties de la formation est convenue avec l&#039;UDT. La formation peut varier en nombre d&#039;heures, en fonction du niveau d&#039;avancement et des besoins du groupe et du type de plateformes (de 8 \u00e0 35 heures environ).<\/p>\n<div class=\"filmw\">\n<div class=\"responsive-youtube\" style=\"text-align: center;\"><iframe loading=\"lazy\" title=\"Lecteur vid\u00e9o YouTube\" src=\"https:\/\/www.youtube.com\/embed\/sadG__ZRQI8\" width=\"560\" height=\"315\" frameborder=\"0\" allowfullscreen=\"allowfullscreen\"><\/iframe><\/div>\n<\/div>\n<h3>Stage remont\u00e9es m\u00e9caniques - d\u00e9tails d&#039;organisation<\/h3>\n<p>Qui peut participer aux cours : personnes de diff\u00e9rents niveaux d&#039;avancement, \u00e2g\u00e9es de plus de 18 ans, sans contre-indications de sant\u00e9, ayant au moins une \u00e9ducation \u00e9l\u00e9mentaire.<\/p>\n<p>O\u00f9 se d\u00e9roulent les cours : Le centre organise des cours de formation pour les nacelles \u00e9l\u00e9vatrices \u00e0 Varsovie, Cracovie et Katowice. A la demande des entreprises clientes, nous organisons \u00e9galement des formations dans d&#039;autres lieux.<\/p>\n<p>Combien sont <a href=\"https:\/\/kursy-udt.pl\/fr\/szkolenia\/podesty-ruchome\/\">cours pour plateformes mobiles<\/a>: Le prix est indiqu\u00e9 aux clients int\u00e9ress\u00e9s lors de l&#039;inscription. Cela d\u00e9pend, entre autres, de la date du cours, du niveau d&#039;avancement du groupe et d&#039;autres facteurs.<\/p>\n<h2>Examen UDT - qualifications apr\u00e8s le cours<\/h2>\n<p>Dans le cadre des cours, un examen d&#039;\u00c9tat est organis\u00e9 devant des inspecteurs pour le compte de l&#039;UDT (\u00e0 Varsovie ou ailleurs). Apr\u00e8s l&#039;avoir rempli, vous recevez des droits \u00e0 l&#039;augmentation, valables 5 ans. Ils sont valables en Pologne.<\/p>\n<h2><a href=\"https:\/\/kursy-udt.pl\/wp-content\/uploads\/2021\/09\/kursy-udt.pl-0016-OPUBLIKOWANY-v6-Copy.jpg\"><img loading=\"lazy\" decoding=\"async\" class=\"size-full wp-image-3488 aligncenter\" src=\"https:\/\/kursy-udt.pl\/wp-content\/uploads\/2021\/09\/kursy-udt.pl-0016-OPUBLIKOWANY-v6-Copy.jpg\" alt=\"Plates-formes \u00e9l\u00e9vatrices - les plates-formes a\u00e9riennes ont une plate-forme sur une fl\u00e8che plac\u00e9e sur la voiture\" width=\"579\" height=\"386\" srcset=\"https:\/\/kursy-udt.pl\/wp-content\/uploads\/2021\/09\/kursy-udt.pl-0016-OPUBLIKOWANY-v6-Copy.jpg 579w, https:\/\/kursy-udt.pl\/wp-content\/uploads\/2021\/09\/kursy-udt.pl-0016-OPUBLIKOWANY-v6-Copy-300x200.jpg 300w\" sizes=\"auto, (max-width: 579px) 100vw, 579px\" \/><\/a><\/h2>\n<h2>Plate-forme \u00e9l\u00e9vatrice : comment \u00e7a marche, o\u00f9 est-ce qu&#039;elle est utilis\u00e9e<\/h2>\n<p>Ce type de plateforme mobile est largement utilis\u00e9 pour les travaux en hauteur. Il se compose d&#039;une plate-forme ou d&#039;un panier pos\u00e9 sur un bras hydraulique. Le tout se trouve g\u00e9n\u00e9ralement sur une remorque de camion, ce qui donne \u00e0 l&#039;appareil de nombreuses possibilit\u00e9s en mati\u00e8re de transport.<\/p>\n<p>Les param\u00e8tres de base qui peuvent diff\u00e9rer entre les diff\u00e9rents mod\u00e8les de plateformes de panier sont\u00a0:<\/p>\n<ul>\n<li>Hauteur de levage maximale, qui est la hauteur \u00e0 laquelle la plate-forme peut s&#039;\u00e9lever<\/li>\n<li>Extension maximale de la plate-forme - mesur\u00e9e de l&#039;axe de rotation \u00e0 la position extr\u00eame du panier<\/li>\n<li>Les dimensions de la plate-forme de travail<\/li>\n<li>Capacit\u00e9 de levage maximale - le poids que la plate-forme peut supporter, exprim\u00e9 en kilogrammes ou en nombre de personnes<\/li>\n<li>Poids et dimensions de l&#039;appareil<\/li>\n<li>Type d&#039;entra\u00eenement : \u00e9lectrique ou combustion<\/li>\n<\/ul>\n<p>Exemples d&#039;utilisation des boosters :<\/p>\n<ul>\n<li>Travail en hauteur sur chantier<\/li>\n<li>Entretien, nettoyage, peinture des toitures<\/li>\n<li>R\u00e9paration d&#039;\u00e9clairage, installation \u00e9lectrique, feux de circulation<\/li>\n<li>Lavage des vitres et des \u00e9l\u00e9ments de fa\u00e7ade<\/li>\n<li>Tailler les branches, prendre soin de la verdure dans les parcs et autres espaces verts<\/li>\n<li>Op\u00e9rations des pompiers - les camions de pompiers sont \u00e9galement un type de plate-forme a\u00e9rienne<\/li>\n<\/ul>\n<p>&nbsp;<\/p>\n<p><a href=\"https:\/\/kursy-udt.pl\/wp-content\/uploads\/2022\/12\/16-kurs-zwyzki-nozycowe-kursy-udt.pl_.png\"><img loading=\"lazy\" decoding=\"async\" class=\"aligncenter wp-image-4526\" src=\"https:\/\/kursy-udt.pl\/wp-content\/uploads\/2022\/12\/16-kurs-zwyzki-nozycowe-kursy-udt.pl_-300x188.png\" alt=\"\" width=\"750\" height=\"469\" srcset=\"https:\/\/kursy-udt.pl\/wp-content\/uploads\/2022\/12\/16-kurs-zwyzki-nozycowe-kursy-udt.pl_-300x188.png 300w, https:\/\/kursy-udt.pl\/wp-content\/uploads\/2022\/12\/16-kurs-zwyzki-nozycowe-kursy-udt.pl_-1024x640.png 1024w, https:\/\/kursy-udt.pl\/wp-content\/uploads\/2022\/12\/16-kurs-zwyzki-nozycowe-kursy-udt.pl_-768x480.png 768w, https:\/\/kursy-udt.pl\/wp-content\/uploads\/2022\/12\/16-kurs-zwyzki-nozycowe-kursy-udt.pl_-18x12.png 18w, https:\/\/kursy-udt.pl\/wp-content\/uploads\/2022\/12\/16-kurs-zwyzki-nozycowe-kursy-udt.pl_-624x390.png 624w, https:\/\/kursy-udt.pl\/wp-content\/uploads\/2022\/12\/16-kurs-zwyzki-nozycowe-kursy-udt.pl_.png 1200w\" sizes=\"auto, (max-width: 750px) 100vw, 750px\" \/><\/a><\/p>","protected":false},"excerpt":{"rendered":"<p>Celem szkolenia jest nie tylko jak najlepsze przygotowanie kursant\u00f3w do egzaminu UDT, ale tak\u017ce przekazanie wiedzy i nauka umiej\u0119tno\u015bci, kt\u00f3re przydadz\u0105 si\u0119 w p\u00f3\u017aniejszej pracy. Nasi instruktorzy przyk\u0142adaj\u0105 du\u017c\u0105 wag\u0119 do zasad bezpiecznej eksploatacji urz\u0105dze\u0144, co pozwala unikn\u0105\u0107 awarii i wypadk\u00f3w przy pracy. W cenie szkolenia zawarty jest egzamin, po kt\u00f3rego zaliczeniu uzyskuje si\u0119 uprawnienia UDT, niezb\u0119dne do pracy w zawodzie. Kurs na podno\u015bnik koszowy \u2013 informacje Zaj\u0119cia z teorii Kurs rozpoczyna si\u0119 wyk\u0142adami, w trakcie kt\u00f3rych instruktorzy w przyst\u0119pny spos\u00f3b przekazuj\u0105 wiedz\u0119 na temat budowy podno\u015bnik\u00f3w, dzia\u0142ania mechanizm\u00f3w, czytania instrukcji obs\u0142ugi, zasad eksploatacji, bada\u0144 i pr\u00f3b. Zaj\u0119cia odbywaj\u0105 si\u0119 stacjonarnie lub online, w formie webinar\u00f3w. Zaj\u0119cia praktyczne Kursanci mog\u0105 umawia\u0107 si\u0119 indywidualnie na \u0107wiczenia praktyczne w hali na placu manewrowym. O\u015brodek dysponuje w\u0142asn\u0105 baz\u0105 techniczn\u0105 z urz\u0105dzeniami omawianymi na kursie. Kandydat na operatora ma okazj\u0119 zapozna\u0107 si\u0119 w praktyce z budow\u0105 zwy\u017cek, prze\u0107wiczy\u0107 uruchamianie i obs\u0142ug\u0119, pozna\u0107 zasady BHP obowi\u0105zuj\u0105ce przy wypadkach i awariach. Zakres zagadnie\u0144 w obu cz\u0119\u015bciach szkolenia jest uzgadniany z UDT. Szkolenia mog\u0105 r\u00f3\u017cni\u0107 si\u0119 liczb\u0105 godzin, w zale\u017cno\u015bci od stopnia zaawansowania i potrzeb grupy oraz typu podest\u00f3w (od ok. 8 do 35 godzin). Kurs na podno\u015bniki &#8211; szczeg\u00f3\u0142y organizacyjne Kto mo\u017ce wzi\u0105\u0107 udzia\u0142 w zaj\u0119ciach: osoby na r\u00f3\u017cnym poziomie zaawansowania, w wieku powy\u017cej 18 lat, bez przeciwwskaza\u0144 zdrowotnych, posiadaj\u0105ce co najmniej wykszta\u0142cenie podstawowe. Gdzie odbywaj\u0105 si\u0119 kursy: O\u015brodek organizuje szkolenia na podno\u015bniki koszowe w Warszawie, Krakowie, Katowicach. Na \u017cyczenie klient\u00f3w biznesowych organizujemy r\u00f3wnie\u017c szkolenia w innych lokalizacjach. Ile kosztuj\u0105 kursy na podesty ruchome: cena jest podawana zainteresowanym klientom przy rejestracji. [&hellip;]<\/p>\n","protected":false},"author":1,"featured_media":3487,"parent":2721,"menu_order":0,"comment_status":"closed","ping_status":"closed","template":"","meta":{"sfsi_plus_gutenberg_text_before_share":"","sfsi_plus_gutenberg_show_text_before_share":"","sfsi_plus_gutenberg_icon_type":"","sfsi_plus_gutenberg_icon_alignemt":"","sfsi_plus_gutenburg_max_per_row":"","footnotes":""},"class_list":["post-3486","page","type-page","status-publish","has-post-thumbnail","hentry","has_thumb"],"aioseo_notices":[],"_links":{"self":[{"href":"https:\/\/kursy-udt.pl\/fr\/wp-json\/wp\/v2\/pages\/3486","targetHints":{"allow":["GET"]}}],"collection":[{"href":"https:\/\/kursy-udt.pl\/fr\/wp-json\/wp\/v2\/pages"}],"about":[{"href":"https:\/\/kursy-udt.pl\/fr\/wp-json\/wp\/v2\/types\/page"}],"author":[{"embeddable":true,"href":"https:\/\/kursy-udt.pl\/fr\/wp-json\/wp\/v2\/users\/1"}],"replies":[{"embeddable":true,"href":"https:\/\/kursy-udt.pl\/fr\/wp-json\/wp\/v2\/comments?post=3486"}],"version-history":[{"count":5,"href":"https:\/\/kursy-udt.pl\/fr\/wp-json\/wp\/v2\/pages\/3486\/revisions"}],"predecessor-version":[{"id":4528,"href":"https:\/\/kursy-udt.pl\/fr\/wp-json\/wp\/v2\/pages\/3486\/revisions\/4528"}],"up":[{"embeddable":true,"href":"https:\/\/kursy-udt.pl\/fr\/wp-json\/wp\/v2\/pages\/2721"}],"wp:featuredmedia":[{"embeddable":true,"href":"https:\/\/kursy-udt.pl\/fr\/wp-json\/wp\/v2\/media\/3487"}],"wp:attachment":[{"href":"https:\/\/kursy-udt.pl\/fr\/wp-json\/wp\/v2\/media?parent=3486"}],"curies":[{"name":"wp","href":"https:\/\/api.w.org\/{rel}","templated":true}]}}