{"id":3478,"date":"2021-09-02T10:50:22","date_gmt":"2021-09-02T10:50:22","guid":{"rendered":"https:\/\/kursy-udt.pl\/?page_id=3478"},"modified":"2023-02-14T12:24:42","modified_gmt":"2023-02-14T11:24:42","slug":"plates-formes-de-transport-araignees","status":"publish","type":"page","link":"https:\/\/kursy-udt.pl\/fr\/szkolenia\/udt-wdt-tdt\/podesty-przewozne-pajaki\/","title":{"rendered":"Cours pour plates-formes mobiles - araign\u00e9es"},"content":{"rendered":"<p><a href=\"https:\/\/kursy-udt.pl\/wp-content\/uploads\/2021\/09\/kursy-udt.pl-0015-OPUBLIKOWANY-v3-Copy.jpg\"><img loading=\"lazy\" decoding=\"async\" class=\"paddingleft10 alignleft wp-image-3479 size-medium\" src=\"https:\/\/kursy-udt.pl\/wp-content\/uploads\/2021\/09\/kursy-udt.pl-0015-OPUBLIKOWANY-v3-Copy-300x142.jpg\" alt=\"La gestion des plates-formes mobiles (les soi-disant spiders) n&#039;est pas difficile, mais n\u00e9cessite une licence\" width=\"300\" height=\"142\" srcset=\"https:\/\/kursy-udt.pl\/wp-content\/uploads\/2021\/09\/kursy-udt.pl-0015-OPUBLIKOWANY-v3-Copy-300x142.jpg 300w, https:\/\/kursy-udt.pl\/wp-content\/uploads\/2021\/09\/kursy-udt.pl-0015-OPUBLIKOWANY-v3-Copy.jpg 579w\" sizes=\"auto, (max-width: 300px) 100vw, 300px\" \/><\/a>Une plateforme d&#039;acc\u00e8s mobile de type \u00ab araign\u00e9e \u00bb est un dispositif souvent utilis\u00e9 l\u00e0 o\u00f9 les plateformes a\u00e9riennes n&#039;ont pas acc\u00e8s. Ils sont avidement utilis\u00e9s pour les travaux int\u00e9rieurs et ext\u00e9rieurs. Ils sont appr\u00e9ci\u00e9s principalement en raison de leur petite taille et de leur poids. Comme pour les autres plates-formes mobiles, leur fonctionnement n\u00e9cessite des qualifications appropri\u00e9es d\u00e9livr\u00e9es par le Bureau de l&#039;Inspection Technique. Notre Centre organise des cours qui pr\u00e9parent efficacement aux examens confirmant les qualifications professionnelles.<\/p>\n<h2>Autorisations pour les plates-formes mobiles (spiders) - pourquoi cela vaut-il la peine de les avoir\u00a0?<\/h2>\n<p>Les autorisations d&#039;effectuer des travaux avec l&#039;utilisation de plates-formes mobiles d\u00e9livr\u00e9es par le Bureau de l&#039;inspection technique sont un document que chaque employeur exige. Sans ces pouvoirs, seul un travail auxiliaire peut \u00eatre effectu\u00e9, mais les salaires dans ces postes sont beaucoup plus bas.<\/p>\n<div style=\"width: 640px;\" class=\"wp-video\"><video id=\"video-3478-1\" width=\"640\" height=\"360\" poster=\"https:\/\/kursy-udt.pl\/wp-content\/uploads\/2023\/02\/20230127_031102_0000.jpg\" preload=\"metadata\" controls=\"controls\"><source type=\"video\/mp4\" src=\"https:\/\/kursy-udt.pl\/wp-content\/uploads\/2023\/02\/ACCEPTED-operator-podestow-4K-kursy-udt.mp4?_=1\" \/><a href=\"https:\/\/kursy-udt.pl\/wp-content\/uploads\/2023\/02\/ACCEPTED-operator-podestow-4K-kursy-udt.mp4\">https:\/\/kursy-udt.pl\/wp-content\/uploads\/2023\/02\/ACCEPTED-operator-podestow-4K-kursy-udt.mp4<\/a><\/video><\/div>\n<p>Les personnes capables d&#039;op\u00e9rer des nacelles \u00e9l\u00e9vatrices mobiles sont volontiers employ\u00e9es, entre autres, dans des entreprises traitant de :<\/p>\n<ul>\n<li>Travaux d&#039;entretien et de r\u00e9novation \u00e0 l&#039;ext\u00e9rieur et \u00e0 l&#039;int\u00e9rieur des b\u00e2timents<\/li>\n<li>D\u00e9neigement et r\u00e9paration de toiture<\/li>\n<li>Tailler les branches, prendre soin de la verdure<\/li>\n<li>Peindre les murs et les fa\u00e7ades des b\u00e2timents<\/li>\n<li>Service des entrep\u00f4ts de grande surface<\/li>\n<li>Laver les vitres en hauteur Plateformes mobiles versus autres plateformes mobiles<\/li>\n<\/ul>\n<p>La dite les araign\u00e9es diff\u00e8rent des autres plates-formes mobiles dans la fa\u00e7on dont elles se d\u00e9placent. Contrairement aux plates-formes a\u00e9riennes ou aux nacelles \u00e0 ciseaux, ils ne se d\u00e9placent pas de mani\u00e8re autonome, mais ont un ch\u00e2ssis qui peut \u00eatre transport\u00e9 sur des remorques de voiture. Ces voitures \u00e9quip\u00e9es d&#039;\u00e9l\u00e9vateurs mont\u00e9s sur des remorques sont trait\u00e9es comme des remorques sp\u00e9ciales dans la circulation routi\u00e8re.<\/p>\n<p>Plates-formes mobiles - les araign\u00e9es sont plus petites que les autres types d&#039;ascenseurs, elles sont \u00e9galement plus l\u00e9g\u00e8res, elles fonctionnent donc bien au sol avec une faible capacit\u00e9 de charge, par exemple \u00e0 l&#039;int\u00e9rieur des b\u00e2timents. Dans le m\u00eame temps, leur plage de travail (plusieurs m\u00e8tres) et leur hauteur (jusqu&#039;\u00e0 plusieurs dizaines de m\u00e8tres) sont relativement importantes, ce qui leur permet d&#039;effectuer une large gamme de travaux. Du fait qu&#039;ils sont transport\u00e9s sur des voitures, ils peuvent \u00eatre rapidement d\u00e9plac\u00e9s d&#039;un endroit \u00e0 l&#039;autre.<\/p>\n<div class=\"filmw\">\n<div class=\"responsive-youtube\" style=\"text-align: center;\"><iframe loading=\"lazy\" title=\"Lecteur vid\u00e9o YouTube\" src=\"https:\/\/www.youtube.com\/embed\/sadG__ZRQI8\" width=\"560\" height=\"315\" frameborder=\"0\" allowfullscreen=\"allowfullscreen\"><\/iframe><\/div>\n<\/div>\n<h2>Plates-formes mobiles &quot;araign\u00e9es&quot; - cours pour l&#039;op\u00e9rateur<\/h2>\n<h3>Que pouvez-vous apprendre pendant le cours\u00a0?<\/h3>\n<p>La formation \u00e0 l&#039;utilisation des plateformes &quot;spiders&quot; est une formation th\u00e9orique et pratique destin\u00e9e aux personnes qui souhaitent devenir op\u00e9rateurs de tels dispositifs. Pendant le cours, les participants se familiariseront avec la construction des plates-formes, les conditions de leur fonctionnement en toute s\u00e9curit\u00e9, avec les r\u00e8gles de contr\u00f4le technique, apprendront \u00e0 lire les instructions d&#039;utilisation, etc. en cas de panne ou d&#039;accident.<\/p>\n<h3>A qui s&#039;adresse la formation ?<\/h3>\n<p>Le parcours d&#039;atterrissage mobile de type &quot;araign\u00e9e&quot; est disponible \u00e0 diff\u00e9rents niveaux. Nous invitons \u00e0 la fois les personnes qui veulent apprendre \u00e0 utiliser ce type d&#039;appareils, mais qui ne les ont pas encore manipul\u00e9s, et celles qui les utilisent d\u00e9j\u00e0 dans leur travail, mais qui ne sont pas encore autoris\u00e9es \u00e0 les faire fonctionner par elles-m\u00eames.<a href=\"https:\/\/kursy-udt.pl\/wp-content\/uploads\/2021\/09\/kursy-udt.pl-0015-OPUBLIKOWANY-v4-Copy.jpg\"><img loading=\"lazy\" decoding=\"async\" class=\"size-full wp-image-3480 aligncenter\" src=\"https:\/\/kursy-udt.pl\/wp-content\/uploads\/2021\/09\/kursy-udt.pl-0015-OPUBLIKOWANY-v4-Copy.jpg\" alt=\"Les plates-formes mobiles, les soi-disant les araign\u00e9es sont des appareils qui sont transport\u00e9s sur des remorques de voiture\" width=\"579\" height=\"386\" srcset=\"https:\/\/kursy-udt.pl\/wp-content\/uploads\/2021\/09\/kursy-udt.pl-0015-OPUBLIKOWANY-v4-Copy.jpg 579w, https:\/\/kursy-udt.pl\/wp-content\/uploads\/2021\/09\/kursy-udt.pl-0015-OPUBLIKOWANY-v4-Copy-300x200.jpg 300w\" sizes=\"auto, (max-width: 579px) 100vw, 579px\" \/><\/a><\/p>\n<h3>\u00c0 quoi ressemble l&#039;examen pour les plates-formes mobiles &quot;spiders&quot;\u00a0?<\/h3>\n<p>L&#039;examen est r\u00e9alis\u00e9 par une unit\u00e9 externe, c&#039;est-\u00e0-dire l&#039;UDT. La formation prend la forme d&#039;une pr\u00e9paration \u00e0 cet examen : l&#039;enseignant fait passer des tests aux participants pour v\u00e9rifier le niveau de leurs connaissances, et l&#039;\u00e9tendue de la mati\u00e8re correspond aux exigences de l&#039;examen. La partie pratique pr\u00e9pare \u00e9galement \u00e0 l&#039;entretien men\u00e9 par l&#039;examinateur \u00e0 l&#039;appareil.<\/p>\n<p>L&#039;examen d&#039;op\u00e9rateur de plateformes mobiles prend la forme d&#039;un test puis d&#039;un examen pratique. Un r\u00e9sultat positif des deux c\u00f4t\u00e9s signifie une admission <a href=\"https:\/\/kursy-udt.pl\/fr\/uprawnienia-udt\/kategorie-uprawnien-2\/\">Dipl\u00f4mes UDT<\/a>qui sont en vigueur en Pologne depuis 10 ans.<\/p>\n<h2>Inscription au cours pour les plateformes mobiles<\/h2>\n<p>Les cours sont organis\u00e9s \u00e0 la fois sous une forme ouverte, pour tous les participants, et ferm\u00e9e - pour les entreprises. Plus de d\u00e9tails organisationnels peuvent \u00eatre trouv\u00e9s sur cette page: <a href=\"https:\/\/kursy-udt.pl\/fr\/entrainement\/plateformes-mobiles\/\">https:\/\/kursy-udt.pl\/szkolenia\/podesty-ruchome\/<\/a><\/p>\n<p><a href=\"https:\/\/kursy-udt.pl\/wp-content\/uploads\/2022\/12\/PODESTY-RUCHOME-kursy-udt.pl_.png\"><img loading=\"lazy\" decoding=\"async\" class=\"aligncenter wp-image-4531\" src=\"https:\/\/kursy-udt.pl\/wp-content\/uploads\/2022\/12\/PODESTY-RUCHOME-kursy-udt.pl_-300x188.png\" alt=\"\" width=\"750\" height=\"469\" srcset=\"https:\/\/kursy-udt.pl\/wp-content\/uploads\/2022\/12\/PODESTY-RUCHOME-kursy-udt.pl_-300x188.png 300w, https:\/\/kursy-udt.pl\/wp-content\/uploads\/2022\/12\/PODESTY-RUCHOME-kursy-udt.pl_-1024x640.png 1024w, https:\/\/kursy-udt.pl\/wp-content\/uploads\/2022\/12\/PODESTY-RUCHOME-kursy-udt.pl_-768x480.png 768w, https:\/\/kursy-udt.pl\/wp-content\/uploads\/2022\/12\/PODESTY-RUCHOME-kursy-udt.pl_-18x12.png 18w, https:\/\/kursy-udt.pl\/wp-content\/uploads\/2022\/12\/PODESTY-RUCHOME-kursy-udt.pl_-624x390.png 624w, https:\/\/kursy-udt.pl\/wp-content\/uploads\/2022\/12\/PODESTY-RUCHOME-kursy-udt.pl_.png 1200w\" sizes=\"auto, (max-width: 750px) 100vw, 750px\" \/><\/a><\/p>\n<p>&nbsp;<\/p>","protected":false},"excerpt":{"rendered":"<p>Podest ruchomy typu \u201cpaj\u0105k\u201d to urz\u0105dzenie cz\u0119sto wykorzystywane tam, gdzie podno\u015bniki koszowe nie maj\u0105 dost\u0119pu. Ch\u0119tnie u\u017cywa si\u0119 ich do prac w pomieszczeniach i na zewn\u0105trz. Cenione s\u0105 przede wszystkim ze wzgl\u0119du na niewielkie rozmiary i wag\u0119. Podobnie jak w przypadku innych podest\u00f3w ruchomych, do ich obs\u0142ugi wymaga si\u0119 posiadania stosownych uprawnie\u0144, wydawanych przez Urz\u0105d Dozoru Technicznego. Nasz O\u015brodek organizuje kursy skutecznie przygotowuj\u0105ce do egzamin\u00f3w potwierdzaj\u0105cych kwalifikacje zawodowe. Uprawnienia na podesty przewo\u017ane (paj\u0105ki) &#8211; dlaczego warto je mie\u0107? Wystawione przez UDT uprawnienia do wykonywania prac z u\u017cyciem podest\u00f3w przewo\u017anych s\u0105 dokumentem, kt\u00f3rego wymaga ka\u017cdy pracodawca. Bez tych uprawnie\u0144 mo\u017cna wykonywa\u0107 jedynie prace pomocnicze, jednak p\u0142ace na takich stanowiskach s\u0105 znacznie ni\u017csze. Osoby potrafi\u0105ce obs\u0142ugiwa\u0107 podesty ruchome przewo\u017ane s\u0105 ch\u0119tnie zatrudniane mi\u0119dzy innymi w firmach zajmuj\u0105cych si\u0119: Pracami konserwacyjnymi i remontami na zewn\u0105trz i wewn\u0105trz budynk\u00f3w Od\u015bnie\u017caniem i naprawami dach\u00f3w Przycinaniem ga\u0142\u0119zi, piel\u0119gnacj\u0105 zieleni Malowaniem \u015bcian i fasad budynk\u00f3w Obs\u0142ug\u0105 magazyn\u00f3w wielkopowierzchniowych Myciem okien na wysoko\u015bciachPodesty przewo\u017ane a inne podesty ruchome Tzw. paj\u0105ki r\u00f3\u017cni\u0105 si\u0119 od innych podest\u00f3w ruchomych sposobem przemieszczania. Inaczej ni\u017c podno\u015bniki koszowe czy no\u017cycowe, nie poruszaj\u0105 si\u0119 samodzielnie, ale posiadaj\u0105 podwozia przystosowane do przewo\u017cenia na przyczepach samochodowych. Takie samochody z zamontowanymi na przyczepie podno\u015bnikami traktuje si\u0119 w ruchu drogowym jako przyczepy specjalne. Podesty ruchome &#8211; paj\u0105ki maj\u0105 mniejsze rozmiary ni\u017c inne rodzaje podno\u015bnik\u00f3w, s\u0105 r\u00f3wnie\u017c l\u017cejsze, dlatego dobrze sprawdzaj\u0105 si\u0119 na pod\u0142o\u017cu o niewielkiej no\u015bno\u015bci, na przyk\u0142ad wewn\u0105trz budynk\u00f3w. Jednocze\u015bnie ich zasi\u0119g pracy (kilkana\u015bcie metr\u00f3w) i wysoko\u015b\u0107 (do kilkudziesi\u0119ciu metr\u00f3w) s\u0105 stosunkowo du\u017ce, co pozwala na wykonywanie szerokiego zakresu prac. Dzi\u0119ki temu, \u017ce [&hellip;]<\/p>\n","protected":false},"author":1,"featured_media":3479,"parent":2721,"menu_order":0,"comment_status":"closed","ping_status":"closed","template":"","meta":{"sfsi_plus_gutenberg_text_before_share":"","sfsi_plus_gutenberg_show_text_before_share":"","sfsi_plus_gutenberg_icon_type":"","sfsi_plus_gutenberg_icon_alignemt":"","sfsi_plus_gutenburg_max_per_row":"","footnotes":""},"class_list":["post-3478","page","type-page","status-publish","has-post-thumbnail","hentry","has_thumb"],"aioseo_notices":[],"_links":{"self":[{"href":"https:\/\/kursy-udt.pl\/fr\/wp-json\/wp\/v2\/pages\/3478","targetHints":{"allow":["GET"]}}],"collection":[{"href":"https:\/\/kursy-udt.pl\/fr\/wp-json\/wp\/v2\/pages"}],"about":[{"href":"https:\/\/kursy-udt.pl\/fr\/wp-json\/wp\/v2\/types\/page"}],"author":[{"embeddable":true,"href":"https:\/\/kursy-udt.pl\/fr\/wp-json\/wp\/v2\/users\/1"}],"replies":[{"embeddable":true,"href":"https:\/\/kursy-udt.pl\/fr\/wp-json\/wp\/v2\/comments?post=3478"}],"version-history":[{"count":6,"href":"https:\/\/kursy-udt.pl\/fr\/wp-json\/wp\/v2\/pages\/3478\/revisions"}],"predecessor-version":[{"id":4754,"href":"https:\/\/kursy-udt.pl\/fr\/wp-json\/wp\/v2\/pages\/3478\/revisions\/4754"}],"up":[{"embeddable":true,"href":"https:\/\/kursy-udt.pl\/fr\/wp-json\/wp\/v2\/pages\/2721"}],"wp:featuredmedia":[{"embeddable":true,"href":"https:\/\/kursy-udt.pl\/fr\/wp-json\/wp\/v2\/media\/3479"}],"wp:attachment":[{"href":"https:\/\/kursy-udt.pl\/fr\/wp-json\/wp\/v2\/media?parent=3478"}],"curies":[{"name":"wp","href":"https:\/\/api.w.org\/{rel}","templated":true}]}}