{"id":3475,"date":"2021-09-02T10:30:52","date_gmt":"2021-09-02T10:30:52","guid":{"rendered":"https:\/\/kursy-udt.pl\/?page_id=3475"},"modified":"2023-02-14T12:28:57","modified_gmt":"2023-02-14T11:28:57","slug":"elevateurs-a-ciseaux","status":"publish","type":"page","link":"https:\/\/kursy-udt.pl\/fr\/szkolenia\/udt-wdt-tdt\/podnosniki-nozycowe\/","title":{"rendered":"Cours de formation sur les nacelles \u00e0 ciseaux"},"content":{"rendered":"<p><img loading=\"lazy\" decoding=\"async\" class=\"paddingleft10 alignleft wp-image-3582 size-medium\" src=\"https:\/\/kursy-udt.pl\/wp-content\/uploads\/2021\/11\/podnosck_nozyc-300x200.jpg\" alt=\"\" width=\"300\" height=\"200\" srcset=\"https:\/\/kursy-udt.pl\/wp-content\/uploads\/2021\/11\/podnosck_nozyc-300x200.jpg 300w, https:\/\/kursy-udt.pl\/wp-content\/uploads\/2021\/11\/podnosck_nozyc-768x512.jpg 768w, https:\/\/kursy-udt.pl\/wp-content\/uploads\/2021\/11\/podnosck_nozyc-624x416.jpg 624w, https:\/\/kursy-udt.pl\/wp-content\/uploads\/2021\/11\/podnosck_nozyc.jpg 780w\" sizes=\"auto, (max-width: 300px) 100vw, 300px\" \/>Les \u00e9l\u00e9vateurs \u00e0 ciseaux, souvent appel\u00e9s \u00e9l\u00e9vateurs, sont un type de plates-formes mobiles utilis\u00e9es pour l&#039;assemblage, l&#039;entretien et la r\u00e9paration efficaces de divers types d&#039;installations ou de r\u00e9seaux. L&#039;appareil est indirectement utilis\u00e9 pour soulever des personnes, des outils et d&#039;autres mat\u00e9riaux (marchandises), si cela est pr\u00e9vu par le fabricant dans le manuel d&#039;utilisation. Cependant, le plus souvent le constructeur d\u00e9finit leur destination comme des lieux\/postes de travail en hauteur. Actuellement, dans la technologie, les fabricants combinent les fonctions de divers appareils et, par exemple, dans les a\u00e9roports, on peut trouver des plates-formes pour charger les navires de retour, qui peuvent \u00e9galement \u00eatre class\u00e9es comme un groupe de deux marchandises. La caract\u00e9ristique des \u00e9l\u00e9vateurs \u00e0 ciseaux est le m\u00e9canisme qui d\u00e9place la plate-forme de haut en bas, qui fonctionne comme deux paires de ciseaux. Ces appareils n\u00e9cessitent la possession <a href=\"https:\/\/kursy-udt.pl\/fr\/uprawnienia-udt\/kategorie-uprawnien-2\/\">autorisations<\/a> sous la forme de certificats de qualification, qui sont d\u00e9livr\u00e9s par le Bureau de l&#039;inspection technique en Pologne.<\/p>\n<div class=\"filmw\">\n<div class=\"responsive-youtube\" style=\"text-align: center;\"><iframe loading=\"lazy\" title=\"Lecteur vid\u00e9o YouTube\" src=\"https:\/\/www.youtube.com\/embed\/sadG__ZRQI8\" width=\"560\" height=\"315\" frameborder=\"0\" allowfullscreen=\"allowfullscreen\"><\/iframe><\/div>\n<\/div>\n<h2>O\u00f9 sont utilis\u00e9es les nacelles \u00e0 ciseaux ?<\/h2>\n<p>Ce sont des appareils universels, utilis\u00e9s, entre autres, dans :<\/p>\n<ul>\n<li>Dans l&#039;industrie, par les Services Maintenance, afin de maintenir la continuit\u00e9 des processus technologiques, r\u00e9parations d&#039;installations \u00e0 pression comprim\u00e9e, ventilation, \u00e9clairage et protection incendie.<\/li>\n<li>Dans les entrep\u00f4ts pour l&#039;inventaire des mat\u00e9riaux et les r\u00e9parations en cours des syst\u00e8mes d&#039;\u00e9clairage ou d&#039;humidification ou la surveillance des dispositifs de processus logistiques, ainsi que pour le marquage des racks avec des cintres.<\/li>\n<li>Les plates-formes sont \u00e9galement n\u00e9cessaires pour assurer la continuit\u00e9 de fonctionnement des grandes lignes technologiques, dans lesquelles le constructeur a pr\u00e9vu leur d\u00e9monstration, et comme outil de travail standard.<\/li>\n<li>Dans les a\u00e9roports, pour charger des conteneurs unifi\u00e9s dans des navires et pour charger des marchandises passives, par exemple des repas pour les passagers.<\/li>\n<li>Industrie de la construction - sur la 1\u00e8re plate-forme, qui, selon le type de plate-forme, peut \u00eatre d\u00e9ploy\u00e9e, m\u00eame plusieurs travailleurs peuvent rester en m\u00eame temps, effectuant des travaux \u00e0 l&#039;ext\u00e9rieur des structures construites ou des travaux de finition int\u00e9rieure.<\/li>\n<li>Travaux de r\u00e9novation - les \u00e9l\u00e9vateurs \u00e0 ciseaux sont utilis\u00e9s pour peindre la fa\u00e7ade, isoler avec du polystyr\u00e8ne ou dans des travaux de conservation.<\/li>\n<li>Les entreprises sp\u00e9cialis\u00e9es dans le nettoyage des vitres des bureaux et des b\u00e2timents publics - la petite taille des plates-formes sur lesquelles sont plac\u00e9s les ascenseurs font que ce type d&#039;appareils fonctionne bien dans l&#039;espace urbain - vous pouvez les faire monter jusqu&#039;au mur du b\u00e2timent, m\u00eame en centre-ville dense b\u00e2timents, exige qu&#039;ils soient, cependant, la cl\u00f4ture de la zone de danger.<\/li>\n<li>Entreprises \u00e9nerg\u00e9tiques et entreprises de service d&#039;\u00e9clairage - les fl\u00e8ches des nacelles \u00e0 ciseaux vous permettent d&#039;\u00e9lever la plate-forme \u00e0 une hauteur de plusieurs m\u00e8tres, gr\u00e2ce \u00e0 laquelle les employ\u00e9s peuvent facilement acc\u00e9der au phare endommag\u00e9. Il convient de noter que ces travaux doivent \u00eatre effectu\u00e9s hors tension, conform\u00e9ment aux instructions technologiques du gestionnaire de r\u00e9seau concern\u00e9. Le personnel effectuant des travaux li\u00e9s au secteur de l&#039;\u00e9nergie dans le domaine d&#039;exploitation, c&#039;est-\u00e0-dire des travaux manuels, doit avoir le champ d&#039;application appropri\u00e9 des qualifications G1e. Le personnel de mise en service et de supervision doit avoir l&#039;\u00e9tendue appropri\u00e9e <a href=\"https:\/\/kursy-udt.pl\/fr\/szkolenia\/sep-uprawnienia-do-1kv\/g1\/\">G1<\/a>.<\/li>\n<\/ul>\n<h2>Nacelles \u00e0 ciseaux et autres types de plates-formes mobiles<\/h2>\n<div style=\"width: 640px;\" class=\"wp-video\"><video id=\"video-3475-1\" width=\"640\" height=\"360\" poster=\"https:\/\/kursy-udt.pl\/wp-content\/uploads\/2023\/02\/20230127_031102_0000.jpg\" preload=\"metadata\" controls=\"controls\"><source type=\"video\/mp4\" src=\"https:\/\/kursy-udt.pl\/wp-content\/uploads\/2023\/02\/ACCEPTED-operator-podestow-4K-kursy-udt.mp4?_=1\" \/><a href=\"https:\/\/kursy-udt.pl\/wp-content\/uploads\/2023\/02\/ACCEPTED-operator-podestow-4K-kursy-udt.mp4\">https:\/\/kursy-udt.pl\/wp-content\/uploads\/2023\/02\/ACCEPTED-operator-podestow-4K-kursy-udt.mp4<\/a><\/video><\/div>\nLes nacelles \u00e0 ciseaux appartiennent \u00e0 un groupe plus large d&#039;appareils appel\u00e9s plates-formes mobiles. Selon le mode de fonctionnement, l&#039;assemblage et le mouvement, ils sont divis\u00e9s en transportables, automoteurs, lents, suspendus, mont\u00e9s sur m\u00e2t et fixes. Les plates-formes peuvent \u00eatre mont\u00e9es sur des v\u00e9hicules ou suspendues, fix\u00e9es \u00e0 des \u00e9l\u00e9ments de construction. \u00e9l\u00e9vateurs \u00e0 ciseaux, m\u00e2ts \u00e9l\u00e9vateurs et type B : nacelles \u00e0 fl\u00e8che, nacelles articul\u00e9es, nacelles t\u00e9lescopiques.. Les nacelles \u00e0 ciseaux sont des appareils lents, ce qui signifie qu&#039;ils sont plac\u00e9s sur diff\u00e9rents types de ch\u00e2ssis, par exemple avec un essieu oscillant\/oscillant. .La base a une traction FWD ou AWD, par exemple hydraulique ou \u00e9lectrique. Ces plates-formes disposent d&#039;un certain nombre de protections \u00e9lectriques, m\u00e9caniques et hydrauliques. Les plates-formes diff\u00e8rent dans les param\u00e8tres de travail. Le choix d&#039;un appareil pour travailler en hauteur en toute s\u00e9curit\u00e9 fait partie de nos formations et est l&#039;un des aspects cl\u00e9s de la pr\u00e9vention afin d&#039;\u00e9viter un accident, mais aussi de gagner du temps pour un travail donn\u00e9.<\/p>\n<h2>Ascenseur essence ou \u00e9lectrique ?<\/h2>\n<p>Les nacelles \u00e0 ciseaux se diff\u00e9rencient principalement par le type d&#039;entra\u00eenement. Les utilisateurs peuvent choisir entre des ascenseurs \u00e9lectriques et \u00e0 essence. Les premiers sont g\u00e9n\u00e9ralement plus petits, plus efficaces et plus silencieux. Ils font bien \u00e0 l&#039;int\u00e9rieur. Les ascenseurs \u00e0 moteur diesel sont g\u00e9n\u00e9ralement des appareils plus grands avec de grandes roues qui s&#039;adapteront aux terrains accident\u00e9s.<\/p>\n<h2>Comment obtenir les dipl\u00f4mes UDT ?<\/h2>\n<p>Comme pour toutes les plates-formes mobiles, il est n\u00e9cessaire d'\u00eatre titulaire d'une licence d\u00e9livr\u00e9e par le bureau de contr\u00f4le technique pour utiliser les plates-formes \u00e0 ciseaux. Un r\u00e9sultat positif \u00e0 l'examen d\u00e9pend en grande partie d'une bonne formation et de l'attitude des candidats op\u00e9rateurs, y compris du choix de la bonne forme de formation. L'UDT exige des connaissances th\u00e9oriques sur l'utilisation des plates-formes \u00e9l\u00e9vatrices \u00e0 ciseaux : une \u00e9valuation de l'\u00e9tat technique de la construction de l'\u00e9quipement, les principes de l'utilisation des plates-formes \u00e9l\u00e9vatrices \u00e0 ciseaux et les principes de l'utilisation de l'\u00e9quipement. <a href=\"https:\/\/kursy-udt.pl\/fr\/szkolenia\/bhp-bezpieczenstwo-pracy\/prawna-ochrona-pracy\/\">Sant\u00e9 et s\u00e9curit\u00e9<\/a> et d'autres, ainsi que la capacit\u00e9 pratique de les utiliser.<\/p>\n<p>Sur la base de nos nombreuses ann\u00e9es d&#039;exp\u00e9rience, nous proposons un cours de levage \u00e0 ciseaux avec une gamme de probl\u00e8mes compatibles avec la port\u00e9e requise \u00e0 l&#039;examen UDT. Les cours th\u00e9oriques se d\u00e9roulent en interne ou en ligne, sous forme de webinaires, et dans la partie pratique, nous utilisons notre propre parc mat\u00e9riel. Nous ajustons les dates des stages aux dates des examens organis\u00e9s par l&#039;Office, afin que le futur op\u00e9rateur des majorations soit \u00e0 jour des connaissances requises lors des \u00e9preuves.<\/p>\n<h2>Comment s&#039;inscrire aux cours ?<\/h2>\n<p>Les cours sont ouverts, accessibles aux clients individuels ou ferm\u00e9s - ils sont alors organis\u00e9s \u00e0 la demande de l&#039;employeur et ne sont accessibles qu&#039;\u00e0 ses employ\u00e9s. Pour le d\u00e9tail des tarifs \u00e0 la hausse (prix, dur\u00e9e, dates disponibles) <a href=\"https:\/\/kursy-udt.pl\/fr\/kontakt\/\">Contactez nous s&#039;il vous plait<\/a> par t\u00e9l\u00e9phone ou par e-mail. Une conversation en face-\u00e0-face nous permettra d&#039;identifier les besoins de formation, de proposer la forme du cours et sa date.<\/p>\n<p><a href=\"https:\/\/kursy-udt.pl\/wp-content\/uploads\/2022\/12\/16-kurs-zwyzki-nozycowe-kursy-udt.pl_.png\"><img loading=\"lazy\" decoding=\"async\" class=\"aligncenter wp-image-4526\" src=\"https:\/\/kursy-udt.pl\/wp-content\/uploads\/2022\/12\/16-kurs-zwyzki-nozycowe-kursy-udt.pl_-300x188.png\" alt=\"\" width=\"750\" height=\"469\" srcset=\"https:\/\/kursy-udt.pl\/wp-content\/uploads\/2022\/12\/16-kurs-zwyzki-nozycowe-kursy-udt.pl_-300x188.png 300w, https:\/\/kursy-udt.pl\/wp-content\/uploads\/2022\/12\/16-kurs-zwyzki-nozycowe-kursy-udt.pl_-1024x640.png 1024w, https:\/\/kursy-udt.pl\/wp-content\/uploads\/2022\/12\/16-kurs-zwyzki-nozycowe-kursy-udt.pl_-768x480.png 768w, https:\/\/kursy-udt.pl\/wp-content\/uploads\/2022\/12\/16-kurs-zwyzki-nozycowe-kursy-udt.pl_-18x12.png 18w, https:\/\/kursy-udt.pl\/wp-content\/uploads\/2022\/12\/16-kurs-zwyzki-nozycowe-kursy-udt.pl_-624x390.png 624w, https:\/\/kursy-udt.pl\/wp-content\/uploads\/2022\/12\/16-kurs-zwyzki-nozycowe-kursy-udt.pl_.png 1200w\" sizes=\"auto, (max-width: 750px) 100vw, 750px\" \/><\/a><\/p>","protected":false},"excerpt":{"rendered":"<p>Podno\u015bniki no\u017cycowe, zwane cz\u0119sto zwy\u017ckami, to rodzaj podest\u00f3w ruchomych, wykorzystywanych do efektywnego wykonywania monta\u017cu, konserwacji, remont\u00f3w ro\u017cnego rodzaju instalacji czy sieci. Urz\u0105dzenie po\u015brednio s\u0142u\u017cy do podnoszenia os\u00f3b i narz\u0119dzi oraz innych materia\u0142\u00f3w (towar\u00f3w), o ile zosta\u0142o to przewidziane przez producenta w instrukcji eksploatacji. Natomiast najcz\u0119\u015bciej producent okre\u015bla ich przeznaczenie jako miejsca\/stanowiska pracy na wysoko\u015bci. Obecnie w technologii producenci \u0142\u0105cz\u0105 funkcje r\u00f3\u017cnych urz\u0105dze\u0144 i np. w Portach Lotniczych spotykamy podesty do za\u0142adunku statk\u00f3w powrotnych, kt\u00f3re mo\u017cna jednocze\u015bnie zakwalifikowa\u0107 do grupy dw\u00f3jnik\u00f3w towar\u00f3w. Charakterystyczny dla podno\u015bnik\u00f3w no\u017cycowych jest mechanizm przemieszczaj\u0105cy platform\u0119 w g\u00f3r\u0119 i d\u00f3\u0142, kt\u00f3ry sposobem dzia\u0142ania przypomina dwie pary no\u017cyc. Urz\u0105dzenia te wymagaj\u0105 posiadania uprawnie\u0144 w formie za\u015bwiadcze\u0144 kwalifikacyjnych, kt\u00f3rych przyznawaniem zajmuje si\u0119 w Polsce Urz\u0105d Dozoru Technicznego. Gdzie wykorzystuje si\u0119 podesty no\u017cycowe? To uniwersalne urz\u0105dzenia, stosowane mi\u0119dzy innymi w: W przemy\u015ble przez Dzia\u0142y Utrzymania Ruchu, w celu utrzymania ci\u0105g\u0142o\u015bci proces\u00f3w technologicznych, napraw instalacji spr\u0119\u017conego ci\u015bnienia, wentylacji, o\u015bwietlenia oraz ppo\u017c. W magazynach do inwentaryzacji materia\u0142\u00f3w oraz bie\u017c\u0105cych napraw o\u015bwietlenia czy system\u00f3w nawil\u017cania lub monitorowania urz\u0105dze\u0144 procesu logistycznego, a tak\u017ce do oznakowania rega\u0142\u00f3w zawieszkami. Podesty s\u0105 r\u00f3wnie\u017c niezb\u0119dne do zapewnienia ci\u0105g\u0142o\u015bci eksploatacji du\u017cych ci\u0105g\u00f3w technologicznych, w kt\u00f3rych producent przewidzia\u0142 ich wykazywanie, jak i jako standardowe narz\u0119dzie pracy. W portach lotniczych do za\u0142adunku zunifikowanych kontener\u00f3w do statk\u00f3w oraz do za\u0142adunku biernych towar\u00f3w, np. posi\u0142k\u00f3w dla pasa\u017cer\u00f3w. Bran\u017cy budowlanej \u2013 na l platformie, kt\u00f3re w zale\u017cno\u015bci od rodzaju podestu mo\u017ce by\u0107rozk\u0142adana mo\u017ce przebywa\u0107 nawet kilku pracownik\u00f3w, jednocze\u015bnie, wykonuj\u0105c prace na zewn\u0105trz budowanych konstrukcji lub prace wyko\u0144czeniowe wewn\u0105trz. Pracach remontowych &#8211; zwy\u017cki no\u017cycowe wykorzystuje si\u0119 do malowania elewacji, ocieplania [&hellip;]<\/p>\n","protected":false},"author":1,"featured_media":3582,"parent":2721,"menu_order":0,"comment_status":"closed","ping_status":"closed","template":"","meta":{"sfsi_plus_gutenberg_text_before_share":"","sfsi_plus_gutenberg_show_text_before_share":"","sfsi_plus_gutenberg_icon_type":"","sfsi_plus_gutenberg_icon_alignemt":"","sfsi_plus_gutenburg_max_per_row":"","footnotes":""},"class_list":["post-3475","page","type-page","status-publish","has-post-thumbnail","hentry","has_thumb"],"aioseo_notices":[],"_links":{"self":[{"href":"https:\/\/kursy-udt.pl\/fr\/wp-json\/wp\/v2\/pages\/3475","targetHints":{"allow":["GET"]}}],"collection":[{"href":"https:\/\/kursy-udt.pl\/fr\/wp-json\/wp\/v2\/pages"}],"about":[{"href":"https:\/\/kursy-udt.pl\/fr\/wp-json\/wp\/v2\/types\/page"}],"author":[{"embeddable":true,"href":"https:\/\/kursy-udt.pl\/fr\/wp-json\/wp\/v2\/users\/1"}],"replies":[{"embeddable":true,"href":"https:\/\/kursy-udt.pl\/fr\/wp-json\/wp\/v2\/comments?post=3475"}],"version-history":[{"count":7,"href":"https:\/\/kursy-udt.pl\/fr\/wp-json\/wp\/v2\/pages\/3475\/revisions"}],"predecessor-version":[{"id":4760,"href":"https:\/\/kursy-udt.pl\/fr\/wp-json\/wp\/v2\/pages\/3475\/revisions\/4760"}],"up":[{"embeddable":true,"href":"https:\/\/kursy-udt.pl\/fr\/wp-json\/wp\/v2\/pages\/2721"}],"wp:featuredmedia":[{"embeddable":true,"href":"https:\/\/kursy-udt.pl\/fr\/wp-json\/wp\/v2\/media\/3582"}],"wp:attachment":[{"href":"https:\/\/kursy-udt.pl\/fr\/wp-json\/wp\/v2\/media?parent=3475"}],"curies":[{"name":"wp","href":"https:\/\/api.w.org\/{rel}","templated":true}]}}