{"id":3465,"date":"2021-09-02T10:10:23","date_gmt":"2021-09-02T10:10:23","guid":{"rendered":"https:\/\/kursy-udt.pl\/?page_id=3465"},"modified":"2023-02-14T12:28:03","modified_gmt":"2023-02-14T11:28:03","slug":"plates-formes-dacces-suspendues","status":"publish","type":"page","link":"https:\/\/kursy-udt.pl\/fr\/szkolenia\/udt-wdt-tdt\/podesty-ruchome-wiszace\/","title":{"rendered":"Cours - plates-formes mobiles suspendues - fonctionnement"},"content":{"rendered":"<p><a href=\"https:\/\/kursy-udt.pl\/wp-content\/uploads\/2021\/09\/Kursy-udt.pl-0018-OPUBLIKOWANY-v1-Copy.jpg\"><img loading=\"lazy\" decoding=\"async\" class=\"paddingleft10 alignleft wp-image-3468 size-medium\" src=\"https:\/\/kursy-udt.pl\/wp-content\/uploads\/2021\/09\/Kursy-udt.pl-0018-OPUBLIKOWANY-v1-Copy-300x169.jpg\" alt=\"Les plates-formes mobiles suspendues sont des dispositifs constitu\u00e9s d&#039;une plate-forme de travail suspendue \u00e0 des cordes\" width=\"300\" height=\"169\" srcset=\"https:\/\/kursy-udt.pl\/wp-content\/uploads\/2021\/09\/Kursy-udt.pl-0018-OPUBLIKOWANY-v1-Copy-300x169.jpg 300w, https:\/\/kursy-udt.pl\/wp-content\/uploads\/2021\/09\/Kursy-udt.pl-0018-OPUBLIKOWANY-v1-Copy.jpg 579w\" sizes=\"auto, (max-width: 300px) 100vw, 300px\" \/><\/a>Les plates-formes mobiles suspendues sont des appareils faisant l&#039;objet d&#039;un encadrement technique. Cela signifie que l&#039;op\u00e9rateur d&#039;un tel appareil doit avoir <a href=\"https:\/\/kursy-udt.pl\/fr\/uprawnienia-udt\/kategorie-uprawnien-2\/\">Dipl\u00f4mes UDT<\/a>, c&#039;est-\u00e0-dire un certificat de qualification d\u00e9livr\u00e9 par le Bureau de l&#039;Inspection Technique. Ces qualifications sont obtenues par un examen qui a lieu \u00e0 la fin du cours que nous organisons. La formation elle-m\u00eame est con\u00e7ue pour pr\u00e9parer les futurs op\u00e9rateurs \u00e0 la fois \u00e0 l&#039;examen d&#039;\u00c9tat et \u00e0 la meilleure ex\u00e9cution de leur travail, avec un accent particulier sur les r\u00e8gles de s\u00e9curit\u00e9. Nous invitons tous ceux qui souhaitent devenir op\u00e9rateur, y compris ceux qui n&#039;ont pas d&#039;exp\u00e9rience dans le travail avec les plates-formes.<\/p>\n<h2>O\u00f9 les plates-formes suspendues sont utilis\u00e9es<\/h2>\n<p>L&#039;atterrissage mobile suspendu est le soi-disant appareil de manutention, dans la classification UDT - de la cat\u00e9gorie II P (les autres types de plates-formes comprennent, entre autres, les plates-formes mobiles mobiles, les plates-formes mobiles automotrices ou lentes). Il est utilis\u00e9 pour le transport de personnes, d&#039;outils et de mat\u00e9riaux pour les travaux en hauteur.<\/p>\n<p>Une plate-forme suspendue typique consiste en une plate-forme de travail suspendue \u00e0 deux cordes plac\u00e9es sur les poutres du toit du b\u00e2timent. Il dispose \u00e9galement d&#039;un syst\u00e8me de contr\u00f4le central et de dispositifs de s\u00e9curit\u00e9.<\/p>\n<p>La plate-forme mobile suspendue peut \u00eatre install\u00e9e de fa\u00e7on permanente (Building Maintenance Unit) en tant que dispositif d&#039;acc\u00e8s permanent ou de mani\u00e8re temporaire pendant la dur\u00e9e des travaux.<\/p>\n<p>Ces types d&#039;appareils comme postes de travail en hauteur pour les employ\u00e9s sont utilis\u00e9s, entre autres, dans les b\u00e2timents de grande hauteur, les ponts et viaducs, les chemin\u00e9es, les m\u00e2ts, sur les navires et sur les plates-formes de forage. Avec leur aide, vous pouvez effectuer des travaux tels que:<\/p>\n<ul>\n<li>Nettoyage et entretien des fa\u00e7ades des b\u00e2timents<\/li>\n<li>Travaux d&#039;installation<\/li>\n<li>Peinture, isolation de fa\u00e7ade<\/li>\n<li>Inspections et contr\u00f4les<\/li>\n<li>R\u00e9novations et r\u00e9parations d&#039;appareils situ\u00e9s en fa\u00e7ade<\/li>\n<\/ul>\n<div class=\"filmw\">\n<div class=\"responsive-youtube\" style=\"text-align: center;\"><iframe loading=\"lazy\" title=\"Lecteur vid\u00e9o YouTube\" src=\"https:\/\/www.youtube.com\/embed\/sadG__ZRQI8\" width=\"560\" height=\"315\" frameborder=\"0\" allowfullscreen=\"allowfullscreen\"><\/iframe><\/div>\n<\/div>\n<h2>Cours d&#039;op\u00e9rateur de plate-forme mobile suspendue<\/h2>\n<div style=\"width: 640px;\" class=\"wp-video\"><video id=\"video-3465-1\" width=\"640\" height=\"360\" poster=\"https:\/\/kursy-udt.pl\/wp-content\/uploads\/2023\/02\/20230127_031102_0000.jpg\" preload=\"metadata\" controls=\"controls\"><source type=\"video\/mp4\" src=\"https:\/\/kursy-udt.pl\/wp-content\/uploads\/2023\/02\/ACCEPTED-operator-podestow-4K-kursy-udt.mp4?_=1\" \/><a href=\"https:\/\/kursy-udt.pl\/wp-content\/uploads\/2023\/02\/ACCEPTED-operator-podestow-4K-kursy-udt.mp4\">https:\/\/kursy-udt.pl\/wp-content\/uploads\/2023\/02\/ACCEPTED-operator-podestow-4K-kursy-udt.mp4<\/a><\/video><\/div>\nLa participation \u00e0 la formation permet d&#039;acqu\u00e9rir les connaissances th\u00e9oriques et pratiques n\u00e9cessaires \u00e0 la r\u00e9ussite de l&#039;examen UDT. Les formations sont dispens\u00e9es par des instructeurs exp\u00e9riment\u00e9s du Centre et le programme tient compte des exigences d&#039;examen du Bureau de l&#039;inspection technique. Le co\u00fbt de l&#039;examen est inclus dans le prix du cours.<\/p>\n<p>Pendant les cours, les \u00e9tudiants apprennent la construction de plates-formes suspendues, les principes de leur fonctionnement en toute s\u00e9curit\u00e9, la pr\u00e9paration des appareils pour le travail, la recherche et les tests de r\u00e9sistance et de stabilit\u00e9. En plus des cours th\u00e9oriques, nous offrons \u00e9galement la possibilit\u00e9 de mettre en pratique les connaissances acquises en utilisant des appareils sur le chantier de man\u0153uvre. Les participants \u00e0 la formation ont \u00e9galement acc\u00e8s \u00e0 une plateforme \u00e9ducative en ligne o\u00f9 ils peuvent obtenir des informations compl\u00e9mentaires et effectuer des tests d&#039;essai.<\/p>\n<p>Des informations d\u00e9taill\u00e9es:<\/p>\n<ul>\n<li>O\u00f9 les cours ont lieu : nous organisons des cours \u00e0 Varsovie, ainsi que dans d&#039;autres grandes villes, selon les besoins. A la demande des clients professionnels, nous pouvons \u00e9galement organiser des cours avec examen pour les salari\u00e9s de l&#039;entreprise.<\/li>\n<li>Dates disponibles : les informations sur les dates actuelles des cours peuvent \u00eatre obtenues par t\u00e9l\u00e9phone ou par e-mail. Vous pouvez \u00e9galement vous inscrire pour une date s\u00e9lectionn\u00e9e via notre site Web platformedukacji.pl. La dur\u00e9e des cours varie : 10 \u00e0 35 heures, selon le niveau d&#039;avancement des participants.<\/li>\n<li>Qui peut participer : <a href=\"https:\/\/kursy-udt.pl\/fr\/uprawnienia-udt\/\">Cours UDT<\/a> s&#039;adresse aux personnes \u00e2g\u00e9es de 18 ans ou plus, ayant au moins une formation de base et dont l&#039;\u00e9tat de sant\u00e9 leur permet d&#039;exercer le m\u00e9tier d&#039;op\u00e9rateur. Nous n&#039;exigeons pas d&#039;exp\u00e9rience des participants. Si une personne ayant d\u00e9j\u00e0 eu affaire \u00e0 des plateformes souhaite participer \u00e0 la formation, elle pourra \u00eatre qualifi\u00e9e au groupe appropri\u00e9, et la dur\u00e9e des cours sera alors plus courte.<\/li>\n<\/ul>\n<h2><a href=\"https:\/\/kursy-udt.pl\/wp-content\/uploads\/2021\/09\/kursy-udt.pl-0018-OPUBLIKOWANY-v2-Copy.jpg\"><img loading=\"lazy\" decoding=\"async\" class=\"alignnone wp-image-3470 size-full\" src=\"https:\/\/kursy-udt.pl\/wp-content\/uploads\/2021\/09\/kursy-udt.pl-0018-OPUBLIKOWANY-v2-Copy.jpg\" alt=\"Les plates-formes mobiles suspendues sont utilis\u00e9es pour les travaux en hauteur, par ex. pour les travaux de r\u00e9novation, d&#039;entretien et de montage\" width=\"579\" height=\"434\" srcset=\"https:\/\/kursy-udt.pl\/wp-content\/uploads\/2021\/09\/kursy-udt.pl-0018-OPUBLIKOWANY-v2-Copy.jpg 579w, https:\/\/kursy-udt.pl\/wp-content\/uploads\/2021\/09\/kursy-udt.pl-0018-OPUBLIKOWANY-v2-Copy-300x225.jpg 300w\" sizes=\"auto, (max-width: 579px) 100vw, 579px\" \/><\/a><\/h2>\n<h2>Examen UDT - qualifications apr\u00e8s le cours<\/h2>\n<p>Seul <a href=\"https:\/\/kursy-udt.pl\/fr\/szkolenia\/podesty-ruchome\/\">cours pour les plateformes mobiles<\/a> la pendaison ne suffit pas pour exercer la profession. Il est n\u00e9cessaire de v\u00e9rifier les qualifications par les inspecteurs du Bureau de l&#039;inspection technique. L&#039;examen est organis\u00e9 par la commission UDT appropri\u00e9e (Varsovie - en cas de formation au si\u00e8ge du Centre ou dans une autre branche). La date et le lieu de l&#039;examen sont fix\u00e9s \u00e0 l&#039;avance afin que les \u00e9tudiants puissent le passer peu de temps apr\u00e8s la fin des cours.Apr\u00e8s avoir r\u00e9ussi l&#039;examen th\u00e9orique et pratique, l&#039;op\u00e9rateur re\u00e7oit un certificat de qualification de l&#039;UDT sous la forme d&#039;une carte plastique. Ces pouvoirs sont valables 10 ans. Ils sont valables en Pologne et peuvent \u00e9galement \u00eatre honor\u00e9s dans d&#039;autres pays. De plus, il est possible de d\u00e9livrer un certificat de fin de formation en anglais.<\/p>\n<p><a href=\"https:\/\/kursy-udt.pl\/wp-content\/uploads\/2022\/12\/PODESTY-RUCHOME-kursy-udt.pl_.png\"><img loading=\"lazy\" decoding=\"async\" class=\"aligncenter wp-image-4531\" src=\"https:\/\/kursy-udt.pl\/wp-content\/uploads\/2022\/12\/PODESTY-RUCHOME-kursy-udt.pl_-300x188.png\" alt=\"\" width=\"750\" height=\"469\" srcset=\"https:\/\/kursy-udt.pl\/wp-content\/uploads\/2022\/12\/PODESTY-RUCHOME-kursy-udt.pl_-300x188.png 300w, https:\/\/kursy-udt.pl\/wp-content\/uploads\/2022\/12\/PODESTY-RUCHOME-kursy-udt.pl_-1024x640.png 1024w, https:\/\/kursy-udt.pl\/wp-content\/uploads\/2022\/12\/PODESTY-RUCHOME-kursy-udt.pl_-768x480.png 768w, https:\/\/kursy-udt.pl\/wp-content\/uploads\/2022\/12\/PODESTY-RUCHOME-kursy-udt.pl_-18x12.png 18w, https:\/\/kursy-udt.pl\/wp-content\/uploads\/2022\/12\/PODESTY-RUCHOME-kursy-udt.pl_-624x390.png 624w, https:\/\/kursy-udt.pl\/wp-content\/uploads\/2022\/12\/PODESTY-RUCHOME-kursy-udt.pl_.png 1200w\" sizes=\"auto, (max-width: 750px) 100vw, 750px\" \/><\/a><\/p>\n<p>&nbsp;<\/p>","protected":false},"excerpt":{"rendered":"<p>Podesty ruchome wisz\u0105ce nale\u017c\u0105 do urz\u0105dze\u0144 obj\u0119tych dozorem technicznym. Oznacza to, \u017ce operator takiego urz\u0105dzenia musi posiada\u0107 uprawnienia UDT, czyli za\u015bwiadczenie kwalifikacyjne wydane przez Urz\u0105d Dozoru Technicznego. Takie uprawnienia zdobywa si\u0119 na drodze egzaminu, kt\u00f3ry odbywa si\u0119 na zako\u0144czenie organizowanego przez nas kursu. Samo szkolenie ma na celu przygotowanie przysz\u0142ych operator\u00f3w zar\u00f3wno do egzaminu pa\u0144stwowego, jak i do jak najlepszego wykonywania pracy, ze szczeg\u00f3lnym uwzgl\u0119dnieniem zasad bezpiecze\u0144stwa. Na zaj\u0119cia zapraszamy wszystkie osoby, kt\u00f3re chcia\u0142yby zdoby\u0107 zaw\u00f3d operatora, tak\u017ce te bez do\u015bwiadczenia w pracy z podestami. Gdzie wykorzystuje si\u0119 podesty wisz\u0105ce Podest ruchomy wisz\u0105cy to tzw. urz\u0105dzenie transportu bliskiego, w klasyfikacji UDT \u2013 z kategorii II P (inne rodzaje podest\u00f3w to m.in. podesty ruchome przejezdne, podesty ruchome samojezdne czy wolnobie\u017cne). Jest wykorzystywany do transportu os\u00f3b, narz\u0119dzi i materia\u0142\u00f3w do prac na wysoko\u015bci. Typowy podest wisz\u0105cy sk\u0142ada si\u0119 z platformy roboczej zawieszonej na dw\u00f3ch linach umieszczonych na d\u017awigarach, znajduj\u0105cych si\u0119 na dachu budynku. Posiada tak\u017ce uk\u0142ad sterowania centralnego oraz urz\u0105dzenia zabezpieczaj\u0105ce. Podest ruchomy wisz\u0105cy mo\u017ce by\u0107 zamontowany na sta\u0142e (Building Maintenance Unit), jako urz\u0105dzenie sta\u0142ego dost\u0119pu, lub tymczasowo, na czas wykonywania prac. Tego typu urz\u0105dzenia jako stanowiska pracy na wysoko\u015bci dlapracownik\u00f3w wykorzystuje si\u0119 mi\u0119dzy innymi w wysokich budynkach, mostach i wiaduktach, kominach, masztach, na statkach i okr\u0119tach, platformach wiertniczych. Za ich pomoc\u0105 mo\u017cna wykonywa\u0107 takie prace, jak: Czyszczenie i konserwacja elewacji budynk\u00f3w Prace monta\u017cowe Malowanie, ocieplanie elewacji Przegl\u0105dy i kontrole Remonty, naprawy urz\u0105dze\u0144 znajduj\u0105cych si\u0119 na elewacji Kurs operatora podest\u00f3w ruchomych wisz\u0105cych Udzia\u0142 w szkoleniu umo\u017cliwia zdobycie wiedzy teoretycznej i praktycznej niezb\u0119dnej do zaliczenia egzaminu UDT. Szkolenia [&hellip;]<\/p>\n","protected":false},"author":1,"featured_media":3468,"parent":2721,"menu_order":0,"comment_status":"closed","ping_status":"closed","template":"","meta":{"sfsi_plus_gutenberg_text_before_share":"","sfsi_plus_gutenberg_show_text_before_share":"","sfsi_plus_gutenberg_icon_type":"","sfsi_plus_gutenberg_icon_alignemt":"","sfsi_plus_gutenburg_max_per_row":"","footnotes":""},"class_list":["post-3465","page","type-page","status-publish","has-post-thumbnail","hentry","has_thumb"],"aioseo_notices":[],"_links":{"self":[{"href":"https:\/\/kursy-udt.pl\/fr\/wp-json\/wp\/v2\/pages\/3465","targetHints":{"allow":["GET"]}}],"collection":[{"href":"https:\/\/kursy-udt.pl\/fr\/wp-json\/wp\/v2\/pages"}],"about":[{"href":"https:\/\/kursy-udt.pl\/fr\/wp-json\/wp\/v2\/types\/page"}],"author":[{"embeddable":true,"href":"https:\/\/kursy-udt.pl\/fr\/wp-json\/wp\/v2\/users\/1"}],"replies":[{"embeddable":true,"href":"https:\/\/kursy-udt.pl\/fr\/wp-json\/wp\/v2\/comments?post=3465"}],"version-history":[{"count":7,"href":"https:\/\/kursy-udt.pl\/fr\/wp-json\/wp\/v2\/pages\/3465\/revisions"}],"predecessor-version":[{"id":4759,"href":"https:\/\/kursy-udt.pl\/fr\/wp-json\/wp\/v2\/pages\/3465\/revisions\/4759"}],"up":[{"embeddable":true,"href":"https:\/\/kursy-udt.pl\/fr\/wp-json\/wp\/v2\/pages\/2721"}],"wp:featuredmedia":[{"embeddable":true,"href":"https:\/\/kursy-udt.pl\/fr\/wp-json\/wp\/v2\/media\/3468"}],"wp:attachment":[{"href":"https:\/\/kursy-udt.pl\/fr\/wp-json\/wp\/v2\/media?parent=3465"}],"curies":[{"name":"wp","href":"https:\/\/api.w.org\/{rel}","templated":true}]}}