{"id":3280,"date":"2020-07-25T16:57:31","date_gmt":"2020-07-25T16:57:31","guid":{"rendered":"https:\/\/kursy-udt.pl\/?page_id=3280"},"modified":"2020-08-10T21:04:44","modified_gmt":"2020-08-10T21:04:44","slug":"otdl-travail-en-hauteur","status":"publish","type":"page","link":"https:\/\/kursy-udt.pl\/fr\/szkolenia\/zakresy-ksztalcenia\/otdl-prace-na-wysokosci\/","title":{"rendered":"Travail en hauteur avec les techniques d&#039;acc\u00e8s sur corde"},"content":{"rendered":"<h2 class=\"naglowekh2\"><u><strong>Vous serez qualifi\u00e9 :<\/strong><\/u><br \/>\nOTDL - travail en hauteur avec les techniques d&#039;acc\u00e8s sur corde (formation alpinisme)<\/h2>\n<p><img loading=\"lazy\" decoding=\"async\" class=\"obrazekpadding size-medium wp-image-3281 alignleft\" src=\"https:\/\/kursy-udt.pl\/wp-content\/uploads\/2020\/07\/1a-1-300x169.jpg\" alt=\"Travail en hauteur\" width=\"300\" height=\"169\" srcset=\"https:\/\/kursy-udt.pl\/wp-content\/uploads\/2020\/07\/1a-1-300x169.jpg 300w, https:\/\/kursy-udt.pl\/wp-content\/uploads\/2020\/07\/1a-1-1024x576.jpg 1024w, https:\/\/kursy-udt.pl\/wp-content\/uploads\/2020\/07\/1a-1-768x432.jpg 768w, https:\/\/kursy-udt.pl\/wp-content\/uploads\/2020\/07\/1a-1-624x351.jpg 624w, https:\/\/kursy-udt.pl\/wp-content\/uploads\/2020\/07\/1a-1.jpg 1280w\" sizes=\"auto, (max-width: 300px) 100vw, 300px\" \/><a href=\"https:\/\/kursy-udt.pl\/fr\/o-firmie\/\">Centre de formation du personnel ERGON<\/a> vous invite \u00e0 <a href=\"https:\/\/kursy-udt.pl\/fr\/szkolenia\/wysokosciowe-na-uprawnienia-alpinistyczne\/\">cours d&#039;altitude<\/a> ODTL enseigne le travail en hauteur avec les techniques d&#039;acc\u00e8s sur corde !<\/p>\n<p>La r\u00e9alisation de travaux en hauteur n\u00e9cessite l&#039;obtention des qualifications appropri\u00e9es. Ils sont \u00e9galement appel\u00e9s <a href=\"https:\/\/kursy-udt.pl\/fr\/uprawnienia-udt\/kategorie-uprawnien-2\/\">droits<\/a> ODTL (de l&#039;Organisation des Cordistes). Les participants \u00e0 ces cours acqui\u00e8rent des connaissances et des comp\u00e9tences approfondies dans le domaine des techniques d&#039;acc\u00e8s par corde.<\/p>\n<p>Le cours d&#039;altitude et d&#039;alpinisme organis\u00e9 par ODK ERGON allie th\u00e9orie et pratique, gr\u00e2ce auquel il pr\u00e9pare de mani\u00e8re compl\u00e8te chaque participant \u00e0 l&#039;obtention du certificat appropri\u00e9 pour les travaux en hauteur.<\/p>\n<h2 class=\"naglowekh2\">Lors des sessions de formation, les th\u00e8mes suivants sont abord\u00e9s : les sujets suivants :<\/h2>\n<ul>\n<li>informations l\u00e9gales et normatives concernant le travail en hauteur<\/li>\n<li>organisation du travail en hauteur avec des techniques de corde<\/li>\n<li>mat\u00e9riel utilis\u00e9 pour les travaux sur corde<\/li>\n<li><a href=\"https:\/\/kursy-udt.pl\/fr\/szkolenia\/bhp-bezpieczenstwo-pracy\/prawna-ochrona-pracy\/\">Sant\u00e9 et s\u00e9curit\u00e9<\/a> lors de travaux en hauteur \u00e0 l'aide de techniques d'acc\u00e8s par corde<\/li>\n<li>sauvetage lors de travaux en hauteur<\/li>\n<\/ul>\n<p>La dur\u00e9e des cours d&#039;acc\u00e8s sur corde est de x heures y compris l&#039;examen.<\/p>\n<p>Notre Centre s&#039;occupe \u00e9galement d&#039;adapter le sujet des cours aux besoins sp\u00e9cifiques des clients.<\/p>\n<p>Nous vous invitons cordialement \u00e0 utiliser nos services au Centre ERGON !<\/p>","protected":false},"excerpt":{"rendered":"<p>Vous obtiendrez la qualification : OTDL - travaux en hauteur avec techniques d'acc\u00e8s par corde (formation alpinisme) Le Centre de Perfectionnement du Personnel ERGON vous invite \u00e0 une formation ODTL en hauteur sur les travaux en hauteur avec techniques d'acc\u00e8s par corde ! Pour effectuer des travaux en hauteur, il est n\u00e9cessaire d'obtenir les autorisations appropri\u00e9es. Celles-ci sont \u00e9galement appel\u00e9es qualifications ODTL (Organisation of Rope Access Technicians). Les participants \u00e0 ces cours acqui\u00e8rent des connaissances et des comp\u00e9tences approfondies en mati\u00e8re de techniques d'acc\u00e8s par corde. Le cours ODK ERGON sur la haute altitude et l'alpinisme combine la th\u00e9orie et la pratique, pr\u00e9parant ainsi chaque participant \u00e0 obtenir le certificat appropri\u00e9 pour les travaux en hauteur. Les sujets suivants sont abord\u00e9s pendant le cours : informations l\u00e9gales et normatives sur les travaux en hauteur organisation des travaux en hauteur avec l'utilisation de techniques d'acc\u00e8s par corde \u00e9quipement utilis\u00e9 pour les travaux par corde sant\u00e9 et s\u00e9curit\u00e9 lors des travaux en hauteur avec l'utilisation de techniques d'acc\u00e8s par corde sauvetage lors des travaux en hauteur La dur\u00e9e d'un cours d'acc\u00e8s par corde est de x heures, y compris un examen. Notre centre peut \u00e9galement adapter les cours aux besoins sp\u00e9cifiques des clients. Nous vous invitons chaleureusement \u00e0 profiter de nos services au Centre ERGON !<\/p>","protected":false},"author":1,"featured_media":3281,"parent":3226,"menu_order":0,"comment_status":"closed","ping_status":"closed","template":"","meta":{"sfsi_plus_gutenberg_text_before_share":"","sfsi_plus_gutenberg_show_text_before_share":"","sfsi_plus_gutenberg_icon_type":"","sfsi_plus_gutenberg_icon_alignemt":"","sfsi_plus_gutenburg_max_per_row":"","footnotes":""},"class_list":["post-3280","page","type-page","status-publish","has-post-thumbnail","hentry","has_thumb"],"aioseo_notices":[],"_links":{"self":[{"href":"https:\/\/kursy-udt.pl\/fr\/wp-json\/wp\/v2\/pages\/3280","targetHints":{"allow":["GET"]}}],"collection":[{"href":"https:\/\/kursy-udt.pl\/fr\/wp-json\/wp\/v2\/pages"}],"about":[{"href":"https:\/\/kursy-udt.pl\/fr\/wp-json\/wp\/v2\/types\/page"}],"author":[{"embeddable":true,"href":"https:\/\/kursy-udt.pl\/fr\/wp-json\/wp\/v2\/users\/1"}],"replies":[{"embeddable":true,"href":"https:\/\/kursy-udt.pl\/fr\/wp-json\/wp\/v2\/comments?post=3280"}],"version-history":[{"count":2,"href":"https:\/\/kursy-udt.pl\/fr\/wp-json\/wp\/v2\/pages\/3280\/revisions"}],"predecessor-version":[{"id":3283,"href":"https:\/\/kursy-udt.pl\/fr\/wp-json\/wp\/v2\/pages\/3280\/revisions\/3283"}],"up":[{"embeddable":true,"href":"https:\/\/kursy-udt.pl\/fr\/wp-json\/wp\/v2\/pages\/3226"}],"wp:featuredmedia":[{"embeddable":true,"href":"https:\/\/kursy-udt.pl\/fr\/wp-json\/wp\/v2\/media\/3281"}],"wp:attachment":[{"href":"https:\/\/kursy-udt.pl\/fr\/wp-json\/wp\/v2\/media?parent=3280"}],"curies":[{"name":"wp","href":"https:\/\/api.w.org\/{rel}","templated":true}]}}