{"id":3270,"date":"2020-07-15T22:53:05","date_gmt":"2020-07-15T22:53:05","guid":{"rendered":"https:\/\/kursy-udt.pl\/?page_id=3270"},"modified":"2020-07-15T23:04:53","modified_gmt":"2020-07-15T23:04:53","slug":"performance-et-acceptation-des-systemes-dair-comprime","status":"publish","type":"page","link":"https:\/\/kursy-udt.pl\/fr\/szkolenia\/zakresy-ksztalcenia\/wykonania-i-odbioru-instalacji-sprezonego-powietrza\/","title":{"rendered":"Construction et r\u00e9ception d&#039;installations d&#039;air comprim\u00e9"},"content":{"rendered":"<h2 class=\"naglowekh2\"><u><strong>Vous serez qualifi\u00e9 :<\/strong><\/u><br \/>\nConstruction et r\u00e9ception d&#039;installations d&#039;air comprim\u00e9<\/h2>\n<p><img loading=\"lazy\" decoding=\"async\" class=\"obrazekpadding alignleft wp-image-3271 size-medium\" src=\"https:\/\/kursy-udt.pl\/wp-content\/uploads\/2020\/07\/1a-300x182.jpg\" alt=\"r\u00e9alisation et r\u00e9ception d&#039;installations d&#039;air comprim\u00e9\" width=\"300\" height=\"182\" srcset=\"https:\/\/kursy-udt.pl\/wp-content\/uploads\/2020\/07\/1a-300x182.jpg 300w, https:\/\/kursy-udt.pl\/wp-content\/uploads\/2020\/07\/1a.jpg 608w\" sizes=\"auto, (max-width: 300px) 100vw, 300px\" \/><a href=\"https:\/\/kursy-udt.pl\/fr\/o-firmie\/\">Centre de formation du personnel ERGON<\/a> vous invite \u00e0 profiter de la formation \u00e0 la mise en place et \u00e0 la r\u00e9ception des installations d&#039;air comprim\u00e9 !<\/p>\n<p>Les installations \u00e0 air comprim\u00e9 sont largement utilis\u00e9es et sont utilis\u00e9es dans de nombreuses installations industrielles. L&#039;ex\u00e9cution puis la r\u00e9ception de ce type d&#039;installation doivent \u00eatre effectu\u00e9es par des employ\u00e9s avec une pr\u00e9paration appropri\u00e9e.<\/p>\n<p>Le centre ERGON organise des cours adapt\u00e9s pour les personnes qui construisent et r\u00e9ceptionnent des installations utilisant de l&#039;air comprim\u00e9. Nous mettons l&#039;accent sur une pr\u00e9paration compl\u00e8te au travail dans ces postes - nos cours allient th\u00e9orie et pratique.<\/p>\n<h2 class=\"naglowekh2\">Lors des sessions de formation, les th\u00e8mes suivants sont abord\u00e9s : les sujets suivants :<\/h2>\n<ul>\n<li>conditions techniques d&#039;ex\u00e9cution et de r\u00e9ception de l&#039;installation d&#039;air comprim\u00e9<\/li>\n<li>documentation technique des travaux r\u00e9alis\u00e9s et des technologies utilis\u00e9es<\/li>\n<li>r\u00e9glementations et normes relatives aux installations d&#039;air comprim\u00e9<\/li>\n<li>param\u00e8tres d&#039;air comprim\u00e9<\/li>\n<li>exigences relatives aux \u00e9quipements et produits utilis\u00e9s dans les installations d&#039;air comprim\u00e9<\/li>\n<li>installation - canalisations, raccordements, raccords, r\u00e9servoirs, traitement de l&#039;air, s\u00e9curit\u00e9, appareils de mesure, isolation et autres \u00e9l\u00e9ments<\/li>\n<li>mesures des travaux li\u00e9s aux installations d&#039;air comprim\u00e9<\/li>\n<li>R\u00e9ception interop\u00e9ratoire et as-built des travaux - tests de r\u00e9ception, protocoles<\/li>\n<li><a href=\"https:\/\/kursy-udt.pl\/fr\/szkolenia\/bhp-bezpieczenstwo-pracy\/prawna-ochrona-pracy\/\">Sant\u00e9 et s\u00e9curit\u00e9<\/a> pour la construction, la mise en service et le d\u00e9marrage des syst\u00e8mes d'air comprim\u00e9<\/li>\n<\/ul>\n<p>Les cours durent x heures didactiques.<\/p>\n<p>Il est possible d&#039;adapter individuellement le programme aux besoins du client.<\/p>\n<p>Nous vous encourageons \u00e0 choisir les services du Centre de Formation du Personnel ERGON !<\/p>","protected":false},"excerpt":{"rendered":"<p>Uzyskasz kwalifikacje: Wykonanie i odbi\u00f3r instalacji spr\u0119\u017conego powietrza O\u015brodek Doskonalenia Kadr ERGON zaprasza do skorzystania ze szkolenia z wykonania i odbioru instalacji spr\u0119\u017conego powietrza! Instalacje spr\u0119\u017conego powietrza posiadaj\u0105 szerokie zastosowanie i u\u017cywane s\u0105 w wielu obiektach przemys\u0142owych. Wykonanie, a nast\u0119pnie odbi\u00f3r tego typu instalacji powinien by\u0107 prowadzony przez pracownik\u00f3w posiadaj\u0105cych odpowiednie przygotowanie. O\u015brodek ERGON organizuje odpowiednie kursy dla os\u00f3b wykonuj\u0105cych i odbieraj\u0105cych instalacje wykorzystuj\u0105ce spr\u0119\u017cone powietrze. K\u0142adziemy nacisk na kompleksowe przygotowanie do pracy na tych stanowiskach \u2013 nasze zaj\u0119cia \u0142\u0105cz\u0105 ze sob\u0105 teori\u0119 wraz z praktyk\u0105. Podczas szkole\u0144 poruszane s\u0105 m.in. nast\u0119puj\u0105ce tematy: warunki techniczne wykonania i odbioru instalacji spr\u0119\u017conego powietrza dokumentacja techniczna prowadzonych rob\u00f3t oraz wykorzystywanych technologii przepisy i normy zwi\u0105zane z instalacjami spr\u0119\u017conymi powietrza parametry spr\u0119\u017conego powietrza wymogi zwi\u0105zane z urz\u0105dzeniami i wyrobami u\u017cywanymi w instalacjach spr\u0119\u017conego powietrza wykonanie instalacji \u2013 ruroci\u0105gi, po\u0142\u0105czenia, armatura, zbiorniki, uzdatnianie powietrza, zabezpieczenia, urz\u0105dzenia pomiarowe, izolacje i inne elementy obmiary prac dotycz\u0105cych instalacji spr\u0119\u017conego powietrza odbi\u00f3r rob\u00f3t mi\u0119dzyoperacyjny i powykonawczy \u2013 badania odbiorcze, protoko\u0142y BHP przy wykonawstwie, uruchamianiu oraz rozruchu instalacji spr\u0119\u017conego powietrza Zaj\u0119cia trwaj\u0105 x godzin dydaktycznych. Istnieje mo\u017cliwo\u015b\u0107 indywidualnego dostosowania programu nauczania do potrzeb klienta. Zach\u0119camy do wybrania us\u0142ug O\u015brodka Doskonalenia Kadr ERGON!<\/p>","protected":false},"author":1,"featured_media":3271,"parent":3226,"menu_order":0,"comment_status":"closed","ping_status":"closed","template":"","meta":{"sfsi_plus_gutenberg_text_before_share":"","sfsi_plus_gutenberg_show_text_before_share":"","sfsi_plus_gutenberg_icon_type":"","sfsi_plus_gutenberg_icon_alignemt":"","sfsi_plus_gutenburg_max_per_row":"","footnotes":""},"class_list":["post-3270","page","type-page","status-publish","has-post-thumbnail","hentry","has_thumb"],"aioseo_notices":[],"_links":{"self":[{"href":"https:\/\/kursy-udt.pl\/fr\/wp-json\/wp\/v2\/pages\/3270","targetHints":{"allow":["GET"]}}],"collection":[{"href":"https:\/\/kursy-udt.pl\/fr\/wp-json\/wp\/v2\/pages"}],"about":[{"href":"https:\/\/kursy-udt.pl\/fr\/wp-json\/wp\/v2\/types\/page"}],"author":[{"embeddable":true,"href":"https:\/\/kursy-udt.pl\/fr\/wp-json\/wp\/v2\/users\/1"}],"replies":[{"embeddable":true,"href":"https:\/\/kursy-udt.pl\/fr\/wp-json\/wp\/v2\/comments?post=3270"}],"version-history":[{"count":2,"href":"https:\/\/kursy-udt.pl\/fr\/wp-json\/wp\/v2\/pages\/3270\/revisions"}],"predecessor-version":[{"id":3275,"href":"https:\/\/kursy-udt.pl\/fr\/wp-json\/wp\/v2\/pages\/3270\/revisions\/3275"}],"up":[{"embeddable":true,"href":"https:\/\/kursy-udt.pl\/fr\/wp-json\/wp\/v2\/pages\/3226"}],"wp:featuredmedia":[{"embeddable":true,"href":"https:\/\/kursy-udt.pl\/fr\/wp-json\/wp\/v2\/media\/3271"}],"wp:attachment":[{"href":"https:\/\/kursy-udt.pl\/fr\/wp-json\/wp\/v2\/media?parent=3270"}],"curies":[{"name":"wp","href":"https:\/\/api.w.org\/{rel}","templated":true}]}}