{"id":3264,"date":"2020-07-14T22:03:22","date_gmt":"2020-07-14T22:03:22","guid":{"rendered":"https:\/\/kursy-udt.pl\/?page_id=3264"},"modified":"2022-10-14T07:36:54","modified_gmt":"2022-10-14T07:36:54","slug":"lexploitation-et-la-supervision-des-reseaux-electriques","status":"publish","type":"page","link":"https:\/\/kursy-udt.pl\/fr\/szkolenia\/zakresy-ksztalcenia\/eksploatacji-i-dozoru-sieci-elektroenergetycznych\/","title":{"rendered":"Exploitation et supervision d&#039;appareils, d&#039;installations et de r\u00e9seaux \u00e9lectriques"},"content":{"rendered":"<h2 class=\"naglowekh2\"><u><strong>Vous serez qualifi\u00e9 :<\/strong><\/u>\u00a0G1 - exploitation et supervision des appareils, des installations et des r\u00e9seaux \u00e9lectriques<\/h2>\n<p><img loading=\"lazy\" decoding=\"async\" class=\"obrazekpadding alignleft wp-image-3265 size-medium\" src=\"https:\/\/kursy-udt.pl\/wp-content\/uploads\/2020\/07\/1-8-300x158.jpg\" alt=\"SEP G1\" width=\"300\" height=\"158\" srcset=\"https:\/\/kursy-udt.pl\/wp-content\/uploads\/2020\/07\/1-8-300x158.jpg 300w, https:\/\/kursy-udt.pl\/wp-content\/uploads\/2020\/07\/1-8-1024x538.jpg 1024w, https:\/\/kursy-udt.pl\/wp-content\/uploads\/2020\/07\/1-8-768x403.jpg 768w, https:\/\/kursy-udt.pl\/wp-content\/uploads\/2020\/07\/1-8-624x328.jpg 624w, https:\/\/kursy-udt.pl\/wp-content\/uploads\/2020\/07\/1-8.jpg 1200w\" sizes=\"auto, (max-width: 300px) 100vw, 300px\" \/>Kadr Training Center vous invite cordialement \u00e0 vous inscrire au cours <a href=\"https:\/\/kursy-udt.pl\/fr\/szkolenia\/sep-uprawnienia-do-1kv\/g1\/\">G1<\/a> dans le cadre de l&#039;exploitation et de la supervision d&#039;appareils, d&#039;installations et de r\u00e9seaux \u00e9lectriques !<\/p>\n<p>La r\u00e9alisation de travaux sur des appareils, des installations et des r\u00e9seaux \u00e9lectriques n\u00e9cessite une pr\u00e9paration et une confirmation appropri\u00e9es des connaissances et des comp\u00e9tences - \u00e0 cette fin, une certification appropri\u00e9e par SEP, PSE, SIMP, SITPS est effectu\u00e9e.<\/p>\n<p>Dans notre centre, nous organisons des activit\u00e9s appropri\u00e9es pour pr\u00e9parer les participants \u00e0 obtenir les bonnes <a href=\"https:\/\/kursy-udt.pl\/fr\/uprawnienia-udt\/kategorie-uprawnien-2\/\">autorisations<\/a> G1. Nous combinons les connaissances th\u00e9oriques et pratiques pour pr\u00e9parer de mani\u00e8re fiable les \u00e9tudiants \u00e0 passer l&#039;examen avant le jury s\u00e9lectionn\u00e9 par l&#039;\u00e9tudiant, par exemple SEP, PSE, SIMP, SITPS et r\u00e9ussir l&#039;examen.<\/p>\n<h2 class=\"naglowekh2\">Lors des sessions de formation, les th\u00e8mes suivants sont abord\u00e9s : les sujets suivants :<\/h2>\n<ul>\n<li><a href=\"https:\/\/kursy-udt.pl\/wp-content\/uploads\/2022\/10\/1212122121.jpeg\"><img loading=\"lazy\" decoding=\"async\" class=\"size-medium wp-image-4435 alignright\" src=\"https:\/\/kursy-udt.pl\/wp-content\/uploads\/2022\/10\/1212122121-300x200.jpeg\" alt=\"\" width=\"300\" height=\"200\" srcset=\"https:\/\/kursy-udt.pl\/wp-content\/uploads\/2022\/10\/1212122121-300x200.jpeg 300w, https:\/\/kursy-udt.pl\/wp-content\/uploads\/2022\/10\/1212122121-1024x683.jpeg 1024w, https:\/\/kursy-udt.pl\/wp-content\/uploads\/2022\/10\/1212122121-768x512.jpeg 768w, https:\/\/kursy-udt.pl\/wp-content\/uploads\/2022\/10\/1212122121-1536x1024.jpeg 1536w, https:\/\/kursy-udt.pl\/wp-content\/uploads\/2022\/10\/1212122121-18x12.jpeg 18w, https:\/\/kursy-udt.pl\/wp-content\/uploads\/2022\/10\/1212122121-624x416.jpeg 624w, https:\/\/kursy-udt.pl\/wp-content\/uploads\/2022\/10\/1212122121.jpeg 1600w\" sizes=\"auto, (max-width: 300px) 100vw, 300px\" \/><\/a>informations de base sur l&#039;\u00e9lectrotechnique - circuits \u00e9lectriques, lois, ph\u00e9nom\u00e8nes magn\u00e9tiques et \u00e9lectromagn\u00e9tiques, courant alternatif monophas\u00e9 et triphas\u00e9, courants non sinuso\u00efdaux<\/li>\n<li>construction d&#039;\u00e9quipements \u00e9lectriques de la cat\u00e9gorie G1<\/li>\n<li>fonctionnement des \u00e9quipements de puissance \u00e9lectrique de la cat\u00e9gorie G1<\/li>\n<li>r\u00e8gles d&#039;organisation du travail avec des \u00e9quipements \u00e9lectriques de la cat\u00e9gorie G1<\/li>\n<li>Sant\u00e9 et s\u00e9curit\u00e9 au travail d&#039;un \u00e9lectricien - protection contre les chocs \u00e9lectriques avec une tension allant jusqu&#039;\u00e0 1 kV et sup\u00e9rieure \u00e0 1 kV<\/li>\n<li>protection contre le feu<\/li>\n<li>r\u00e8gles de conduite en cas de choc \u00e9lectrique<\/li>\n<\/ul>\n<p>Notre Centre peut \u00e9galement adapter la port\u00e9e th\u00e9matique des cours aux besoins du client.<\/p>\n<p>Nous vous invitons cordialement \u00e0 profiter des cours G1, G2, <a href=\"https:\/\/kursy-udt.pl\/fr\/szkolenia\/sep-uprawnienia-do-1kv\/g3\/\">G3<\/a> dans notre <a href=\"https:\/\/kursy-udt.pl\/fr\/o-firmie\/\">Centre de formation du personnel ERGON<\/a>!<\/p>","protected":false},"excerpt":{"rendered":"<p>Vous obtiendrez la qualification : G1 - conduite et surveillance d'appareils, d'installations et de r\u00e9seaux \u00e9lectriques Le Centre de d\u00e9veloppement du personnel vous invite cordialement \u00e0 vous inscrire au cours G1 de conduite et surveillance d'appareils, d'installations et de r\u00e9seaux \u00e9lectriques ! Pour effectuer des travaux sur les appareils, les installations et les r\u00e9seaux \u00e9lectriques, il est n\u00e9cessaire d'\u00eatre bien pr\u00e9par\u00e9 et d'avoir des connaissances et des comp\u00e9tences confirm\u00e9es - \u00e0 cette fin, une certification appropri\u00e9e est fournie par SEP, PSE, SIMP, SITPS. Dans notre centre, nous organisons des cours appropri\u00e9s pour pr\u00e9parer les participants aux certificats G1 pertinents. Nous combinons les connaissances th\u00e9oriques et pratiques afin de pr\u00e9parer les stagiaires \u00e0 passer l'examen devant une commission choisie par le stagiaire, par exemple SEP, PSE, SIMP, SITPS : SEP, PSE, SIMP, SITPS et \u00e0 le r\u00e9ussir. Les th\u00e8mes suivants sont abord\u00e9s lors des formations les th\u00e8mes suivants : connaissances de base en \u00e9lectrotechnique - circuits \u00e9lectriques, lois, ph\u00e9nom\u00e8nes magn\u00e9tiques et \u00e9lectromagn\u00e9tiques, courant alternatif monophas\u00e9 et triphas\u00e9, construction des \u00e9quipements \u00e9lectriques de cat\u00e9gorie G1 fonctionnement des \u00e9quipements \u00e9lectriques de cat\u00e9gorie G1 principes d'organisation des travaux sur les \u00e9quipements \u00e9lectriques de cat\u00e9gorie G1 sant\u00e9 et s\u00e9curit\u00e9 dans le travail de l'\u00e9lectricien - protection contre les chocs \u00e9lectriques jusqu'\u00e0 1 kV et plus de 1 kV protection contre l'incendie principes de conduite \u00e0 tenir en cas de choc \u00e9lectrique Notre Centre peut \u00e9galement adapter le champ th\u00e9matique des cours aux besoins du client. Vous \u00eates cordialement invit\u00e9s \u00e0 profiter des cours G1, G2, G3 de notre Centre ERGON pour le d\u00e9veloppement du personnel !<\/p>","protected":false},"author":1,"featured_media":4435,"parent":3226,"menu_order":0,"comment_status":"closed","ping_status":"closed","template":"","meta":{"sfsi_plus_gutenberg_text_before_share":"","sfsi_plus_gutenberg_show_text_before_share":"","sfsi_plus_gutenberg_icon_type":"","sfsi_plus_gutenberg_icon_alignemt":"","sfsi_plus_gutenburg_max_per_row":"","footnotes":""},"class_list":["post-3264","page","type-page","status-publish","has-post-thumbnail","hentry","has_thumb"],"aioseo_notices":[],"_links":{"self":[{"href":"https:\/\/kursy-udt.pl\/fr\/wp-json\/wp\/v2\/pages\/3264","targetHints":{"allow":["GET"]}}],"collection":[{"href":"https:\/\/kursy-udt.pl\/fr\/wp-json\/wp\/v2\/pages"}],"about":[{"href":"https:\/\/kursy-udt.pl\/fr\/wp-json\/wp\/v2\/types\/page"}],"author":[{"embeddable":true,"href":"https:\/\/kursy-udt.pl\/fr\/wp-json\/wp\/v2\/users\/1"}],"replies":[{"embeddable":true,"href":"https:\/\/kursy-udt.pl\/fr\/wp-json\/wp\/v2\/comments?post=3264"}],"version-history":[{"count":4,"href":"https:\/\/kursy-udt.pl\/fr\/wp-json\/wp\/v2\/pages\/3264\/revisions"}],"predecessor-version":[{"id":4436,"href":"https:\/\/kursy-udt.pl\/fr\/wp-json\/wp\/v2\/pages\/3264\/revisions\/4436"}],"up":[{"embeddable":true,"href":"https:\/\/kursy-udt.pl\/fr\/wp-json\/wp\/v2\/pages\/3226"}],"wp:featuredmedia":[{"embeddable":true,"href":"https:\/\/kursy-udt.pl\/fr\/wp-json\/wp\/v2\/media\/4435"}],"wp:attachment":[{"href":"https:\/\/kursy-udt.pl\/fr\/wp-json\/wp\/v2\/media?parent=3264"}],"curies":[{"name":"wp","href":"https:\/\/api.w.org\/{rel}","templated":true}]}}