{"id":32,"date":"2014-02-10T17:11:09","date_gmt":"2014-02-10T17:11:09","guid":{"rendered":"http:\/\/kursy-udt.kwiaty0.pl\/?page_id=32"},"modified":"2016-01-21T19:32:07","modified_gmt":"2016-01-21T19:32:07","slug":"plates-formes-a-ciseaux-2","status":"publish","type":"page","link":"https:\/\/kursy-udt.pl\/fr\/platformy-nozycowe\/","title":{"rendered":"Plates-formes \u00e0 ciseaux"},"content":{"rendered":"<div style=\"float: left; padding-right: 10px;\"><img decoding=\"async\" alt=\"Plates-formes \u00e0 ciseaux\" src=\"\/wp-content\/uploads\/2014\/04\/01-podest.jpeg\" \/><\/div>\n<div class=\"wyjustuj\">\n<p><a href=\"https:\/\/kursy-udt.pl\/fr\/o-firmie\/\">Centre de formation du personnel ERGON<\/a> vous invite \u00e0 une formation sur les plates-formes \u00e0 ciseaux. Gr\u00e2ce \u00e0 nos cours, vous pouvez acqu\u00e9rir des connaissances cl\u00e9s sur les plates-formes \u00e0 ciseaux. <a href=\"https:\/\/kursy-udt.pl\/fr\/uprawnienia-udt\/\">Dipl\u00f4mes UDT<\/a>d'utiliser les plates-formes \u00e0 ciseaux conform\u00e9ment aux r\u00e8gles de s\u00e9curit\u00e9 et aux normes fix\u00e9es par le bureau de contr\u00f4le technique. Les plates-formes \u00e0 ciseaux \u00e9tant tr\u00e8s souvent utilis\u00e9es sur les chantiers de construction et dans les travaux d'assemblage, les cours constituent un excellent investissement tant pour l'employ\u00e9 que pour l'employeur. Pour pouvoir utiliser ce type d'\u00e9quipement, il est n\u00e9cessaire de suivre une formation et d'obtenir un permis de conduire. <a href=\"https:\/\/kursy-udt.pl\/fr\/uprawnienia-udt\/kategorie-uprawnien-2\/\">Dipl\u00f4mes UDT<\/a> I P.<\/p>\n<p>Nos cours sur les plates-formes \u00e0 ciseaux comprennent un large \u00e9ventail d'informations th\u00e9oriques qui pr\u00e9sentent les donn\u00e9es les plus importantes sur la construction des plates-formes \u00e0 ciseaux et autres plates-formes mobiles, leur fonctionnement, leur entretien, les r\u00e9glementations en mati\u00e8re de sant\u00e9 et de s\u00e9curit\u00e9 et les r\u00e9glementations en mati\u00e8re de supervision technique. Notre formation comprend \u00e9galement des cours pratiques, au cours desquels les participants se familiarisent avec l'\u00e9quipement et apprennent \u00e0 l'utiliser correctement, conform\u00e9ment \u00e0 la r\u00e9glementation. Notre centre n'emploie que des sp\u00e9cialistes, c'est pourquoi nous garantissons une formation de la plus haute qualit\u00e9, de sorte que l'obtention ult\u00e9rieure d'un certificat UDT ne pose aucun probl\u00e8me.<\/p>\n<p><strong>Application<\/strong><br \/>\nPlateformes \u00e0 ciseaux ou <span class=\"linkwartykule\"><a href=\"http:\/\/kursy-udt.pl\/fr\/elevateurs\/\">\u00e9l\u00e9vateurs \u00e0 ciseaux<\/a><\/span> sont des dispositifs class\u00e9s comme <span class=\"linkwartykule\"><a href=\"\/fr\/entrainement\/plateformes-mobiles\/\">plates-formes mobiles<\/a><\/span>. Il s'agit de plates-formes mobiles con\u00e7ues pour soulever des personnes, des \u00e9quipements et des mat\u00e9riaux \u00e0 une hauteur donn\u00e9e. Pour les utiliser, un employ\u00e9 doit \u00eatre autoris\u00e9 par le bureau de contr\u00f4le technique.<\/p>\n<p>De nos jours, les plates-formes \u00e0 ciseaux sont utilis\u00e9es dans diff\u00e9rents types de travaux. Une formation est essentielle pour pouvoir les utiliser de mani\u00e8re professionnelle et en toute s\u00e9curit\u00e9. Les plates-formes \u00e0 ciseaux sont souvent utilis\u00e9es sur les chantiers de construction, pour les travaux de finition, d'installation, de d\u00e9coration et de nettoyage. Outre le secteur de la construction, ces \u00e9quipements sont \u00e9galement utilis\u00e9s dans le secteur de la publicit\u00e9. Un travailleur qui n'est pas habilit\u00e9 n'est pas autoris\u00e9 par la loi \u00e0 participer aux travaux.<\/p>\n<p><strong>But de la formation<\/strong><br \/>\nLes personnes \u00e2g\u00e9es d'au moins 18 ans, ayant au moins une formation \u00e9l\u00e9mentaire et un certificat m\u00e9dical de non contre-indication \u00e0 l'exercice de la profession d'op\u00e9rateur de plate-forme mobile peuvent suivre la formation.<\/p>\n<p>\u00c0 la fin de la formation, le participant peut passer l'examen UDT. Apr\u00e8s l'avoir r\u00e9ussi, il re\u00e7oit le document attestant de ses connaissances et de ses comp\u00e9tences en mati\u00e8re d'utilisation des plates-formes \u00e0 ciseaux. Il s'agit d'appareils soumis \u00e0 une supervision technique, de sorte que tous les employ\u00e9s affect\u00e9s \u00e0 l'utilisation des plates-formes \u00e0 ciseaux doivent \u00eatre habilit\u00e9s avant de pouvoir les utiliser dans le cadre de leur travail.<\/p>\n<p>Nous avons d\u00e9j\u00e0 form\u00e9 des milliers d'employ\u00e9s au Centre d'am\u00e9lioration du personnel ERGON, ce qui nous permet de toujours garantir un service de premi\u00e8re qualit\u00e9 bas\u00e9 sur notre exp\u00e9rience et notre professionnalisme. Nous pouvons \u00e9galement organiser des cours de formation dans n'importe quel lieu et \u00e0 n'importe quel moment indiqu\u00e9 par le client. Nous proposons des r\u00e9ductions avantageuses pour les groupes plus importants.<\/p>\n<p><a href=\"https:\/\/kursy-udt.pl\/fr\/kontakt\/\">Nous vous invitons cordialement \u00e0 profiter de notre offre<\/a> formation !<\/p>\n<\/div>\n<div class=\"button_styl\" style=\"float:right; padding-left:15px; padding-bottom:8px; margin-bottom:5px;\"><a href=\"https:\/\/platformaedukacji.pl\/login\/signup.php\" rel=\"nofollow\" target=\"_blank\" class=\"myButton myButton_maly\"><font color=\"white\">Inscrivez-vous \u00e0 la formation<\/font><\/a><\/div>","protected":false},"excerpt":{"rendered":"<p>O\u015brodek Doskonalenia Kadr ERGON zaprasza na kurs na platformy no\u017cycowe. Dzi\u0119ki naszym kursom mo\u017cna zdoby\u0107 kluczowe uprawnienia UDT, aby obs\u0142ugiwa\u0107 platformy no\u017cycowe zgodnie z zasadami bezpiecze\u0144stwa i normami okre\u015blonymi przez Urz\u0105d Dozoru Technicznego. Bardzo cz\u0119sto na placach bud\u00f3w oraz przy pracach monta\u017cowych stosowane s\u0105 platformy no\u017cycowe, kursy s\u0105 zatem znakomit\u0105 inwestycj\u0105 zar\u00f3wno dla pracownika, jak i dla pracodawcy. Do obs\u0142ugi tego typu urz\u0105dzenia niezb\u0119dne jest zako\u0144czenie kursu i uzyskanie uprawnie\u0144 UDT I P. Nasze kursy na platformy no\u017cycowe obejmuj\u0105 szeroki zakres informacji teoretycznych, kt\u00f3re prezentuj\u0105 najwa\u017cniejsze dane na temat budowy platform no\u017cycowych i innych podest\u00f3w ruchomych, ich obs\u0142ugi, konserwacji, przepis\u00f3w BHP oraz przepis\u00f3w dozoru technicznego. Tak\u017ce nasze szkolenie w\u0142\u0105cza zaj\u0119cia praktyczne, podczas kt\u00f3rych uczestnicy zaznajamiaj\u0105 si\u0119 z urz\u0105dzeniem i ucz\u0105 si\u0119 ich prawid\u0142owej obs\u0142ugi zgodnie z przepisami. W naszym O\u015brodku zatrudniamy wy\u0142\u0105cznie specjalist\u00f3w, dlatego gwarantujemy najwy\u017csz\u0105 jako\u015b\u0107 kszta\u0142cenia, aby p\u00f3\u017aniejsze zdobycie uprawnie\u0144 UDT nie stanowi\u0142o \u017cadnego problemu. Zastosowanie Platformy no\u017cycowe czy te\u017c podno\u015bniki no\u017cycowe to urz\u0105dzenia zaliczane do podest\u00f3w ruchomych. S\u0105 to podesty wolnobie\u017cne, kt\u00f3re s\u0105 przeznaczone do podnoszenia na okre\u015blon\u0105 wysoko\u015b\u0107 os\u00f3b, wyposa\u017cenia oraz materia\u0142\u00f3w. Aby je obs\u0142ugiwa\u0107, pracownik musi posiada\u0107 uprawnienia Urz\u0119du Dozoru Technicznego. Obecnie w r\u00f3\u017cnego typu pracach s\u0105 stosowane platformy no\u017cycowe \u2013 szkolenia s\u0105 niezb\u0119dne do tego, aby m\u00f3c je obs\u0142ugiwa\u0107 fachowo i z zachowaniem zasad bezpiecze\u0144stwa. Platformy no\u017cycowe s\u0105 cz\u0119sto wykorzystywane na budowach, przy pracach wyko\u0144czeniowych, instalacyjnych, pracach dekoratorskich, czy\u015bcicielskich. Opr\u00f3cz bran\u017cy budowlanej, urz\u0105dzenia s\u0105 stosowane w sektorze reklamowym. Pracownik, kt\u00f3ry nie posiada uprawnie\u0144, nie mo\u017ce zgodnie z przepisami prawa bra\u0107 udzia\u0142u w pracach. Cel szkolenia Do szkolenia mog\u0105 podej\u015b\u0107 [&hellip;]<\/p>\n","protected":false},"author":1,"featured_media":0,"parent":0,"menu_order":0,"comment_status":"closed","ping_status":"closed","template":"","meta":{"sfsi_plus_gutenberg_text_before_share":"","sfsi_plus_gutenberg_show_text_before_share":"","sfsi_plus_gutenberg_icon_type":"","sfsi_plus_gutenberg_icon_alignemt":"","sfsi_plus_gutenburg_max_per_row":"","footnotes":""},"class_list":["post-32","page","type-page","status-publish","hentry","has_thumb"],"aioseo_notices":[],"_links":{"self":[{"href":"https:\/\/kursy-udt.pl\/fr\/wp-json\/wp\/v2\/pages\/32","targetHints":{"allow":["GET"]}}],"collection":[{"href":"https:\/\/kursy-udt.pl\/fr\/wp-json\/wp\/v2\/pages"}],"about":[{"href":"https:\/\/kursy-udt.pl\/fr\/wp-json\/wp\/v2\/types\/page"}],"author":[{"embeddable":true,"href":"https:\/\/kursy-udt.pl\/fr\/wp-json\/wp\/v2\/users\/1"}],"replies":[{"embeddable":true,"href":"https:\/\/kursy-udt.pl\/fr\/wp-json\/wp\/v2\/comments?post=32"}],"version-history":[{"count":17,"href":"https:\/\/kursy-udt.pl\/fr\/wp-json\/wp\/v2\/pages\/32\/revisions"}],"predecessor-version":[{"id":1263,"href":"https:\/\/kursy-udt.pl\/fr\/wp-json\/wp\/v2\/pages\/32\/revisions\/1263"}],"wp:attachment":[{"href":"https:\/\/kursy-udt.pl\/fr\/wp-json\/wp\/v2\/media?parent=32"}],"curies":[{"name":"wp","href":"https:\/\/api.w.org\/{rel}","templated":true}]}}