{"id":3192,"date":"2020-07-07T21:37:48","date_gmt":"2020-07-07T21:37:48","guid":{"rendered":"https:\/\/kursy-udt.pl\/?page_id=3192"},"modified":"2023-01-05T10:05:18","modified_gmt":"2023-01-05T10:05:18","slug":"fonctionnement-et-entretien-des-grues-fixes","status":"publish","type":"page","link":"https:\/\/kursy-udt.pl\/fr\/szkolenia\/zakresy-ksztalcenia\/obsluga-i-konserwacja-zurawi-stacjonarnych\/","title":{"rendered":"Exploitation et maintenance de grues fixes"},"content":{"rendered":"<h2 class=\"naglowekh2\"><u><strong>Vous serez qualifi\u00e9 :<\/strong><\/u><br \/>\nQualifications UDT pour l&#039;exploitation et la maintenance de grues fixes<\/h2>\n<p><img loading=\"lazy\" decoding=\"async\" class=\"obrazekpadding wp-image-3196 size-medium alignleft\" src=\"https:\/\/kursy-udt.pl\/wp-content\/uploads\/2020\/07\/1-7-300x225.jpg\" alt=\"Grues fixes\" width=\"300\" height=\"225\" srcset=\"https:\/\/kursy-udt.pl\/wp-content\/uploads\/2020\/07\/1-7-300x225.jpg 300w, https:\/\/kursy-udt.pl\/wp-content\/uploads\/2020\/07\/1-7-768x575.jpg 768w, https:\/\/kursy-udt.pl\/wp-content\/uploads\/2020\/07\/1-7-640x480.jpg 640w, https:\/\/kursy-udt.pl\/wp-content\/uploads\/2020\/07\/1-7-624x467.jpg 624w, https:\/\/kursy-udt.pl\/wp-content\/uploads\/2020\/07\/1-7.jpg 781w\" sizes=\"auto, (max-width: 300px) 100vw, 300px\" \/><a href=\"https:\/\/kursy-udt.pl\/fr\/o-firmie\/\">Centre de formation du personnel ERGON<\/a> vous invite \u00e0 profiter de l&#039;offre de formation pour les grues fixes !<\/p>\n<p>Les grues stationnaires sont des \u00e9quipements de manutention couramment utilis\u00e9s (UTB) qui ont un tr\u00e8s large \u00e9ventail d'applications dans divers travaux de manutention. Pour utiliser des grues stationnaires, il est n\u00e9cessaire de suivre un cours pertinent et d'avoir une <a href=\"https:\/\/kursy-udt.pl\/fr\/uprawnienia-udt\/kategorie-uprawnien-2\/\">autorisations<\/a>qui sont attribu\u00e9s par l'UDT - l'Office d'inspection technique.<\/p>\n<p>Le Centre ERGON dispense des cours complets sur les grues fixes pour les op\u00e9rateurs et la maintenance de ce type d&#039;\u00e9quipement. Nos cours comprennent une partie th\u00e9orique et pratique, gr\u00e2ce \u00e0 laquelle nous pouvons fournir \u00e0 nos \u00e9tudiants une pr\u00e9paration professionnelle \u00e0 l&#039;examen et \u00e0 sa r\u00e9ussite.<\/p>\n<h2 class=\"naglowekh2\">Lors des sessions de formation, les th\u00e8mes suivants sont abord\u00e9s : les sujets suivants :<\/h2>\n<ul>\n<li>la supervision technique des grues stationnaires, y compris les types d'autorisations n\u00e9cessaires pour les exploiter<\/li>\n<li>construction de grues fixes - poteau, fl\u00e8che, m\u00e9canismes de levage, entra\u00eenements, installation \u00e9lectrique<\/li>\n<li>composants m\u00e9caniques des grues fixes - blocs, crochets, attaches, freins et autres<\/li>\n<li>essais de fonctionnement des dispositifs de commande, des m\u00e9canismes de propulsion et des dispositifs de s\u00e9curit\u00e9<\/li>\n<li>bon fonctionnement des grues fixes - devoirs de l&#039;op\u00e9rateur avant, pendant et apr\u00e8s le travail<\/li>\n<li>bon entretien des grues fixes - devoirs d&#039;un restaurateur, inspections d&#039;entretien et r\u00e9parations des pi\u00e8ces m\u00e9caniques et \u00e9lectriques<\/li>\n<li>d\u00e9fauts et pannes typiques survenant lors du travail avec des grues fixes<\/li>\n<li><a href=\"https:\/\/kursy-udt.pl\/fr\/szkolenia\/bhp-bezpieczenstwo-pracy\/prawna-ochrona-pracy\/\">Sant\u00e9 et s\u00e9curit\u00e9<\/a> et <a href=\"https:\/\/kursy-udt.pl\/fr\/szkolenia\/bhp-bezpieczenstwo-pracy\/pierwsza-pomoc-i-dzialania\/\">premiers secours<\/a> lors de l'utilisation de grues stationnaires<\/li>\n<\/ul>\n<p>Les cours pour les grutiers fixes durent de 10 \u00e0 20 heures d&#039;enseignement avec l&#039;examen UDT, et pour les techniciens de maintenance de 38 \u00e0 68 heures d&#039;enseignement avec l&#039;examen UDT.<\/p>\n<p>Le centre de formation du personnel ERGON peut adapter l&#039;\u00e9tendue de la formation aux besoins individuels du client.<\/p>\n<p>Nous vous encourageons \u00e0 profiter de notre offre dans le cadre de l&#039;exploitation et de l&#039;entretien des grues fixes !<\/p>\n<p><a href=\"https:\/\/kursy-udt.pl\/wp-content\/uploads\/2023\/01\/43-Zurawie-stacjonarne-kursy-udt.pl_.png\"><img loading=\"lazy\" decoding=\"async\" class=\"wp-image-4680 aligncenter\" src=\"https:\/\/kursy-udt.pl\/wp-content\/uploads\/2023\/01\/43-Zurawie-stacjonarne-kursy-udt.pl_-300x188.png\" alt=\"\" width=\"750\" height=\"469\" srcset=\"https:\/\/kursy-udt.pl\/wp-content\/uploads\/2023\/01\/43-Zurawie-stacjonarne-kursy-udt.pl_-300x188.png 300w, https:\/\/kursy-udt.pl\/wp-content\/uploads\/2023\/01\/43-Zurawie-stacjonarne-kursy-udt.pl_-1024x640.png 1024w, https:\/\/kursy-udt.pl\/wp-content\/uploads\/2023\/01\/43-Zurawie-stacjonarne-kursy-udt.pl_-768x480.png 768w, https:\/\/kursy-udt.pl\/wp-content\/uploads\/2023\/01\/43-Zurawie-stacjonarne-kursy-udt.pl_-18x12.png 18w, https:\/\/kursy-udt.pl\/wp-content\/uploads\/2023\/01\/43-Zurawie-stacjonarne-kursy-udt.pl_-624x390.png 624w, https:\/\/kursy-udt.pl\/wp-content\/uploads\/2023\/01\/43-Zurawie-stacjonarne-kursy-udt.pl_.png 1200w\" sizes=\"auto, (max-width: 750px) 100vw, 750px\" \/><\/a><\/p>\n<div class=\"button_styl\" style=\"float: right; padding-left: 15px; padding-bottom: 8px; margin-bottom: 5px;\"><a class=\"myButton myButton_maly\" href=\"https:\/\/platformaedukacji.pl\/sklep\/\" target=\"_blank\" rel=\"nofollow noopener noreferrer\"><span style=\"color: white;\">Inscrivez-vous \u00e0 la formation<\/span><\/a><\/div>","protected":false},"excerpt":{"rendered":"<p>Vous obtiendrez des qualifications : Les autorisations UDT pour la conduite, la maintenance des grues fixes Le Centre de Perfectionnement du Personnel ERGON vous invite \u00e0 profiter de l'offre de formation pour les grues fixes ! Les grues fixes sont des engins de manutention (UTB) d'usage courant, dont les applications sont tr\u00e8s vari\u00e9es dans les diff\u00e9rents travaux de manutention. Pour utiliser des grues fixes, il est n\u00e9cessaire de suivre un cours appropri\u00e9 et d'obtenir une autorisation, qui est accord\u00e9e par l'UDT - Bureau de contr\u00f4le technique. Le centre ERGON organise des cours complets sur les grues fixes \u00e0 l'intention des op\u00e9rateurs et des responsables de la maintenance de ce type d'\u00e9quipement. Nos cours comprennent une partie th\u00e9orique et une partie pratique, gr\u00e2ce auxquelles nous pouvons fournir \u00e0 nos stagiaires une pr\u00e9paration professionnelle \u00e0 l'examen et \u00e0 sa r\u00e9ussite. Les sujets abord\u00e9s pendant la formation sont les suivants. les sujets suivants supervision technique des grues fixes, y compris les types d'autorisations n\u00e9cessaires pour les utiliser construction des grues fixes - pilier, fl\u00e8che, m\u00e9canismes de levage, entra\u00eenements, installation \u00e9lectrique composants m\u00e9caniques des grues fixes - blocs, crochets, attaches, freins et autres mouvements essais des dispositifs de commande, des m\u00e9canismes d'entra\u00eenement et des dispositifs de s\u00e9curit\u00e9 fonctionnement correct des grues fixes - t\u00e2ches de l'op\u00e9rateur avant, pendant et apr\u00e8s l'utilisation de la grue, t\u00e2ches de l'op\u00e9rateur avant, pendant et apr\u00e8s le travail entretien correct des grues fixes - t\u00e2ches d'entretien, contr\u00f4les d'entretien et r\u00e9parations des pi\u00e8ces m\u00e9caniques et \u00e9lectriques d\u00e9fauts et pannes typiques survenant lors du travail avec des grues fixes sant\u00e9 et s\u00e9curit\u00e9 et premiers secours lors de l'utilisation de grues fixes Les cours pour les op\u00e9rateurs de grues fixes durent de 10 \u00e0 20 heures didactiques, y compris l'examen UDT, et pour les op\u00e9rateurs d'entretien de 38 \u00e0 68 heures didactiques, y compris l'examen UDT. Le Centre ERGON pour le d\u00e9veloppement des ressources humaines peut adapter la port\u00e9e de la formation aux besoins individuels du client. Nous vous encourageons \u00e0 profiter de notre offre sur l'exploitation et la maintenance des grues fixes ! Inscrivez-vous \u00e0 une formation<\/p>","protected":false},"author":1,"featured_media":3196,"parent":3226,"menu_order":0,"comment_status":"closed","ping_status":"closed","template":"","meta":{"sfsi_plus_gutenberg_text_before_share":"","sfsi_plus_gutenberg_show_text_before_share":"","sfsi_plus_gutenberg_icon_type":"","sfsi_plus_gutenberg_icon_alignemt":"","sfsi_plus_gutenburg_max_per_row":"","footnotes":""},"class_list":["post-3192","page","type-page","status-publish","has-post-thumbnail","hentry","has_thumb"],"aioseo_notices":[],"_links":{"self":[{"href":"https:\/\/kursy-udt.pl\/fr\/wp-json\/wp\/v2\/pages\/3192","targetHints":{"allow":["GET"]}}],"collection":[{"href":"https:\/\/kursy-udt.pl\/fr\/wp-json\/wp\/v2\/pages"}],"about":[{"href":"https:\/\/kursy-udt.pl\/fr\/wp-json\/wp\/v2\/types\/page"}],"author":[{"embeddable":true,"href":"https:\/\/kursy-udt.pl\/fr\/wp-json\/wp\/v2\/users\/1"}],"replies":[{"embeddable":true,"href":"https:\/\/kursy-udt.pl\/fr\/wp-json\/wp\/v2\/comments?post=3192"}],"version-history":[{"count":6,"href":"https:\/\/kursy-udt.pl\/fr\/wp-json\/wp\/v2\/pages\/3192\/revisions"}],"predecessor-version":[{"id":4681,"href":"https:\/\/kursy-udt.pl\/fr\/wp-json\/wp\/v2\/pages\/3192\/revisions\/4681"}],"up":[{"embeddable":true,"href":"https:\/\/kursy-udt.pl\/fr\/wp-json\/wp\/v2\/pages\/3226"}],"wp:featuredmedia":[{"embeddable":true,"href":"https:\/\/kursy-udt.pl\/fr\/wp-json\/wp\/v2\/media\/3196"}],"wp:attachment":[{"href":"https:\/\/kursy-udt.pl\/fr\/wp-json\/wp\/v2\/media?parent=3192"}],"curies":[{"name":"wp","href":"https:\/\/api.w.org\/{rel}","templated":true}]}}