{"id":3185,"date":"2020-07-07T12:49:55","date_gmt":"2020-07-07T12:49:55","guid":{"rendered":"https:\/\/kursy-udt.pl\/?page_id=3185"},"modified":"2023-01-05T10:02:53","modified_gmt":"2023-01-05T10:02:53","slug":"fonctionnement-et-entretien-des-grues-mobiles","status":"publish","type":"page","link":"https:\/\/kursy-udt.pl\/fr\/szkolenia\/zakresy-ksztalcenia\/obsluga-i-konserwacja-zurawi-samojezdnych-przenosnych\/","title":{"rendered":"Entretien et maintenance de grues mobiles, portatives, transportables et stationnaires"},"content":{"rendered":"<h2 class=\"naglowekh2\"><u><strong>Vous serez qualifi\u00e9 :<\/strong><\/u><br \/>\nQualifications UDT pour l&#039;exploitation et la maintenance de grues mobiles, portatives, mobiles et fixes<\/h2>\n<p><img loading=\"lazy\" decoding=\"async\" class=\"obrazekpadding alignleft wp-image-3186 size-full\" src=\"https:\/\/kursy-udt.pl\/wp-content\/uploads\/2020\/07\/1.jpeg\" alt=\"grues\" width=\"300\" height=\"225\" \/><a href=\"https:\/\/kursy-udt.pl\/fr\/o-firmie\/\">Centre de formation du personnel ERGON<\/a> vous invite \u00e0 profiter de l&#039;offre dans le cadre de la formation des op\u00e9rateurs et de la maintenance des grues mobiles !<\/p>\n<p>Les grues mobiles sont des \u00e9quipements de manutention (UTB) qui n\u00e9cessitent des qualifications appropri\u00e9es pour leur fonctionnement et leur maintenance. Avoir la bonne pr\u00e9paration dans ce domaine permet le bon fonctionnement des appareils conform\u00e9ment aux exigences du Bureau de l&#039;Inspection Technique.<\/p>\n<p>Notre Centre ERGON vous invite \u00e0 profiter de l&#039;offre de cours pour les personnes travaillant avec des grues mobiles. Les cours que nous organisons comprennent la partie th\u00e9orique et pratique, fournissant aux participants un large \u00e9ventail d&#039;informations n\u00e9cessaires pour obtenir les autorisations appropri\u00e9es.<\/p>\n<h2 class=\"naglowekh2\">Lors des sessions de formation, les th\u00e8mes suivants sont abord\u00e9s : les sujets suivants :<\/h2>\n<ul>\n<li><img loading=\"lazy\" decoding=\"async\" class=\"obrazekpadding alignright wp-image-3188 size-medium\" src=\"https:\/\/kursy-udt.pl\/wp-content\/uploads\/2020\/07\/1-6-300x300.jpg\" alt=\"grues\" width=\"300\" height=\"300\" \/>supervision technique pour grues mobiles, y compris <a href=\"https:\/\/kursy-udt.pl\/fr\/uprawnienia-udt\/kategorie-uprawnien-2\/\">droits<\/a> n\u00e9cessaires \u00e0 leur fonctionnement et \u00e0 leur entretien<\/li>\n<li>informations g\u00e9n\u00e9rales sur les grues mobiles - types de grues (route, route-tout-terrain, chantier, tout-terrain, \u00e0 fl\u00e8che extensible, t\u00e9lescopique, \u00e0 longueur fixe), protections de la grue, param\u00e8tres de fonctionnement et autres<\/li>\n<li>m\u00e9canismes de grue mobile - levage, rotation, inclinaison, m\u00e9canisme de fl\u00e8che t\u00e9lescopique<\/li>\n<li>types d&#039;\u00e9lingues utilis\u00e9es pour les grues mobiles - cordes, \u00e9lingues \u00e0 cha\u00eenes<\/li>\n<li>stabilit\u00e9 dans le bon fonctionnement de la grue mobile<\/li>\n<li>principes de fonctionnement des grues mobiles - devoirs du grutier<\/li>\n<li>principes de maintenance des grues mobiles - t\u00e2ches du technicien de maintenance des grues<\/li>\n<li><a href=\"https:\/\/kursy-udt.pl\/fr\/szkolenia\/bhp-bezpieczenstwo-pracy\/prawna-ochrona-pracy\/\">Sant\u00e9 et s\u00e9curit\u00e9<\/a> et <a href=\"https:\/\/kursy-udt.pl\/fr\/szkolenia\/bhp-bezpieczenstwo-pracy\/pierwsza-pomoc-i-dzialania\/\">premiers secours<\/a> lors de l'utilisation de grues mobiles<\/li>\n<\/ul>\n<p>La dur\u00e9e des \u00e9tudes est de 10 \u00e0 20 heures d&#039;enseignement avec l&#039;examen UDT pour les op\u00e9rateurs d&#039;\u00e9quipements et de 38 \u00e0 68 heures d&#039;enseignement avec l&#039;examen UDT pour les techniciens de maintenance d&#039;\u00e9quipements.<\/p>\n<p>Si n\u00e9cessaire, le centre ERGON peut adapter l&#039;\u00e9tendue des cours aux besoins individuels des clients.<\/p>\n<p>Nous vous encourageons \u00e0 profiter de notre offre!<\/p>\n<p><a href=\"https:\/\/kursy-udt.pl\/wp-content\/uploads\/2023\/01\/Reklama-Na-Kursy-7-1-1.png\"><img loading=\"lazy\" decoding=\"async\" class=\"aligncenter wp-image-4677\" src=\"https:\/\/kursy-udt.pl\/wp-content\/uploads\/2023\/01\/Reklama-Na-Kursy-7-1-1-300x188.png\" alt=\"\" width=\"750\" height=\"469\" srcset=\"https:\/\/kursy-udt.pl\/wp-content\/uploads\/2023\/01\/Reklama-Na-Kursy-7-1-1-300x188.png 300w, https:\/\/kursy-udt.pl\/wp-content\/uploads\/2023\/01\/Reklama-Na-Kursy-7-1-1-1024x640.png 1024w, https:\/\/kursy-udt.pl\/wp-content\/uploads\/2023\/01\/Reklama-Na-Kursy-7-1-1-768x480.png 768w, https:\/\/kursy-udt.pl\/wp-content\/uploads\/2023\/01\/Reklama-Na-Kursy-7-1-1-18x12.png 18w, https:\/\/kursy-udt.pl\/wp-content\/uploads\/2023\/01\/Reklama-Na-Kursy-7-1-1-624x390.png 624w, https:\/\/kursy-udt.pl\/wp-content\/uploads\/2023\/01\/Reklama-Na-Kursy-7-1-1.png 1200w\" sizes=\"auto, (max-width: 750px) 100vw, 750px\" \/><\/a><\/p>\n<div class=\"button_styl\" style=\"float: right; padding-left: 15px; padding-bottom: 8px; margin-bottom: 5px;\"><a class=\"myButton myButton_maly\" href=\"https:\/\/platformaedukacji.pl\/sklep\/\" target=\"_blank\" rel=\"nofollow noopener noreferrer\"><span style=\"color: white;\">Inscrivez-vous \u00e0 la formation<\/span><\/a><\/div>","protected":false},"excerpt":{"rendered":"<p>Vous obtiendrez des qualifications : Les habilitations UDT pour la conduite, la maintenance des grues mobiles, portables, mobiles et fixes Le Centre de Perfectionnement du Personnel ERGON vous invite \u00e0 profiter de l'offre dans le cadre de la formation d'op\u00e9rateurs et de mainteneurs de grues mobiles ! Les grues mobiles sont des \u00e9quipements de manutention (UTB) dont l'utilisation et la maintenance requi\u00e8rent des qualifications appropri\u00e9es. Une formation ad\u00e9quate dans ce domaine particulier vous permet d'utiliser l'\u00e9quipement correctement, conform\u00e9ment aux exigences du Bureau de contr\u00f4le technique. Notre centre ERGON vous invite \u00e0 profiter de notre offre de cours pour les personnes travaillant avec des grues mobiles. Nos cours comprennent une partie th\u00e9orique et une partie pratique, fournissant aux participants un large \u00e9ventail d'informations n\u00e9cessaires \u00e0 l'obtention des autorisations correspondantes. Les cours de formation couvrent, entre autres, les sujets suivants les sujets suivants : la supervision technique des grues mobiles, y compris les autorisations n\u00e9cessaires pour les utiliser et les entretenir les informations g\u00e9n\u00e9rales sur les grues mobiles - les types de grues (route, route-terrain, chantier, tout-terrain, fl\u00e8che extensible, fl\u00e8che t\u00e9lescopique, longueur fixe), les dispositifs de s\u00e9curit\u00e9 pour les grues, les dispositifs de s\u00e9curit\u00e9 pour les grues, les dispositifs de s\u00e9curit\u00e9 pour les grues, etc, longueur fixe), dispositifs de s\u00e9curit\u00e9 des grues, param\u00e8tres de fonctionnement et autres m\u00e9canismes des grues mobiles - m\u00e9canisme de levage, d'orientation, d'inclinaison, de fl\u00e8che t\u00e9lescopique types d'\u00e9lingues utilis\u00e9es pour les grues mobiles - \u00e9lingues \u00e0 c\u00e2ble,  Si n\u00e9cessaire, le centre ERGON peut adapter l'\u00e9tendue des cours aux besoins individuels des clients. Nous vous invitons \u00e0 profiter de notre offre ! Inscrivez-vous \u00e0 une formation<\/p>","protected":false},"author":1,"featured_media":3186,"parent":3226,"menu_order":0,"comment_status":"closed","ping_status":"closed","template":"","meta":{"sfsi_plus_gutenberg_text_before_share":"","sfsi_plus_gutenberg_show_text_before_share":"","sfsi_plus_gutenberg_icon_type":"","sfsi_plus_gutenberg_icon_alignemt":"","sfsi_plus_gutenburg_max_per_row":"","footnotes":""},"class_list":["post-3185","page","type-page","status-publish","has-post-thumbnail","hentry","has_thumb"],"aioseo_notices":[],"_links":{"self":[{"href":"https:\/\/kursy-udt.pl\/fr\/wp-json\/wp\/v2\/pages\/3185","targetHints":{"allow":["GET"]}}],"collection":[{"href":"https:\/\/kursy-udt.pl\/fr\/wp-json\/wp\/v2\/pages"}],"about":[{"href":"https:\/\/kursy-udt.pl\/fr\/wp-json\/wp\/v2\/types\/page"}],"author":[{"embeddable":true,"href":"https:\/\/kursy-udt.pl\/fr\/wp-json\/wp\/v2\/users\/1"}],"replies":[{"embeddable":true,"href":"https:\/\/kursy-udt.pl\/fr\/wp-json\/wp\/v2\/comments?post=3185"}],"version-history":[{"count":5,"href":"https:\/\/kursy-udt.pl\/fr\/wp-json\/wp\/v2\/pages\/3185\/revisions"}],"predecessor-version":[{"id":4678,"href":"https:\/\/kursy-udt.pl\/fr\/wp-json\/wp\/v2\/pages\/3185\/revisions\/4678"}],"up":[{"embeddable":true,"href":"https:\/\/kursy-udt.pl\/fr\/wp-json\/wp\/v2\/pages\/3226"}],"wp:featuredmedia":[{"embeddable":true,"href":"https:\/\/kursy-udt.pl\/fr\/wp-json\/wp\/v2\/media\/3186"}],"wp:attachment":[{"href":"https:\/\/kursy-udt.pl\/fr\/wp-json\/wp\/v2\/media?parent=3185"}],"curies":[{"name":"wp","href":"https:\/\/api.w.org\/{rel}","templated":true}]}}