{"id":3180,"date":"2020-07-07T11:59:53","date_gmt":"2020-07-07T11:59:53","guid":{"rendered":"https:\/\/kursy-udt.pl\/?page_id=3180"},"modified":"2023-01-05T09:57:53","modified_gmt":"2023-01-05T09:57:53","slug":"fonctionnement-et-entretien-des-chariots-elevateurs-a-moteur","status":"publish","type":"page","link":"https:\/\/kursy-udt.pl\/fr\/szkolenia\/zakresy-ksztalcenia\/obsluga-i-konserwacja-wozkow-z-mechanicznym-napedem-podnoszenia\/","title":{"rendered":"Conduite et maintenance de chariots \u00e9l\u00e9vateurs \u00e0 entra\u00eenement m\u00e9canique de levage"},"content":{"rendered":"<h2 class=\"naglowekh2\"><u><strong>Vous serez qualifi\u00e9 :<\/strong><\/u><br \/>\nQualifications UDT pour l&#039;exploitation et la maintenance de chariots \u00e9l\u00e9vateurs \u00e0 entra\u00eenement m\u00e9canique de levage<\/h2>\n<p><img loading=\"lazy\" decoding=\"async\" class=\"obrazekpadding wp-image-3181 size-medium alignleft\" src=\"https:\/\/kursy-udt.pl\/wp-content\/uploads\/2020\/07\/2-300x168.png\" alt=\"Entretien des chariots\" width=\"300\" height=\"168\" srcset=\"https:\/\/kursy-udt.pl\/wp-content\/uploads\/2020\/07\/2-300x168.png 300w, https:\/\/kursy-udt.pl\/wp-content\/uploads\/2020\/07\/2-624x350.png 624w, https:\/\/kursy-udt.pl\/wp-content\/uploads\/2020\/07\/2.png 652w\" sizes=\"auto, (max-width: 300px) 100vw, 300px\" \/><a href=\"https:\/\/kursy-udt.pl\/fr\/o-firmie\/\">Centre de formation du personnel ERGON<\/a> vous invite \u00e0 vous inscrire au cours pour op\u00e9rateurs et techniciens de maintenance de chariots \u00e9l\u00e9vateurs \u00e0 entra\u00eenement m\u00e9canique de levage !<\/p>\n<p><a href=\"https:\/\/kursy-udt.pl\/fr\/szkolenia\/wozkiwidlowe\/\">Chariots \u00e9l\u00e9vateurs<\/a> \u00e0 entra\u00eenement m\u00e9canique de levage sont largement utilis\u00e9s dans les travaux de transport dans les locaux de diverses installations et \u00e0 l&#039;ext\u00e9rieur de celles-ci. Ils permettent \u00e9galement le transport de charges volumineuses de grandes tailles et dimensions, y compris des charges empil\u00e9es sur des palettes.<\/p>\n<p>Les personnes impliqu\u00e9es dans le fonctionnement et l&#039;entretien de ce type de chariot doivent \u00eatre correctement pr\u00e9par\u00e9es. Dans notre Centre ERGON, nous donnons acc\u00e8s \u00e0 des cours th\u00e9oriques professionnels et \u00e0 des exercices pratiques dans ce domaine !<\/p>\n<h2 class=\"naglowekh2\">Lors des sessions de formation, les th\u00e8mes suivants sont abord\u00e9s : les sujets suivants :<\/h2>\n<ul>\n<li>supervision technique de chariots \u00e9l\u00e9vateurs \u00e0 entra\u00eenement m\u00e9canique de levage, y compris <a href=\"https:\/\/kursy-udt.pl\/fr\/uprawnienia-udt\/kategorie-uprawnien-2\/\">droits<\/a> n\u00e9cessaires pour les faire fonctionner<\/li>\n<li>types de chariots \u00e9l\u00e9vateurs \u00e0 entra\u00eenement m\u00e9canique de levage<\/li>\n<li>construction de chariots \u00e9l\u00e9vateurs \u00e0 entra\u00eenement m\u00e9canique de levage<\/li>\n<li>bon fonctionnement des chariots \u00e9l\u00e9vateurs \u00e0 entra\u00eenement m\u00e9canique de levage<\/li>\n<li>entretien des chariots \u00e9l\u00e9vateurs \u00e0 entra\u00eenement m\u00e9canique de levage - inspections d&#039;entretien, entretien p\u00e9riodique<\/li>\n<li>les pannes les plus courantes des chariots \u00e9l\u00e9vateurs \u00e0 entra\u00eenement m\u00e9canique de levage<\/li>\n<li>Sant\u00e9, s\u00e9curit\u00e9 et <a href=\"https:\/\/kursy-udt.pl\/fr\/szkolenia\/bhp-bezpieczenstwo-pracy\/pierwsza-pomoc-i-dzialania\/\">premiers secours<\/a> lors du travail avec des chariots \u00e9l\u00e9vateurs \u00e0 propulsion m\u00e9canique<\/li>\n<\/ul>\n<p>La dur\u00e9e de la formation varie de 10 \u00e0 20 heures d&#039;enseignement avec l&#039;examen UDT pour le poste d&#039;op\u00e9rateur et de 38 \u00e0 68 heures d&#039;enseignement avec l&#039;examen UDT pour le poste de conservateur de chariots \u00e9l\u00e9vateurs \u00e0 entra\u00eenement m\u00e9canique de levage.<\/p>\n<p>En cas d&#039;exigences individuelles, le Centre ERGON peut modifier la port\u00e9e th\u00e9matique des le\u00e7ons, en les adaptant aux besoins du client.<\/p>\n<p>Nous vous invitons \u00e0 choisir nos services chez ODK ERGON !<\/p>\n<p><a href=\"https:\/\/kursy-udt.pl\/wp-content\/uploads\/2022\/12\/wozki-widlowe-kursy-udt.pl_.png\"><img loading=\"lazy\" decoding=\"async\" class=\"aligncenter wp-image-4547\" src=\"https:\/\/kursy-udt.pl\/wp-content\/uploads\/2022\/12\/wozki-widlowe-kursy-udt.pl_-300x188.png\" alt=\"\" width=\"750\" height=\"469\" srcset=\"https:\/\/kursy-udt.pl\/wp-content\/uploads\/2022\/12\/wozki-widlowe-kursy-udt.pl_-300x188.png 300w, https:\/\/kursy-udt.pl\/wp-content\/uploads\/2022\/12\/wozki-widlowe-kursy-udt.pl_-1024x640.png 1024w, https:\/\/kursy-udt.pl\/wp-content\/uploads\/2022\/12\/wozki-widlowe-kursy-udt.pl_-768x480.png 768w, https:\/\/kursy-udt.pl\/wp-content\/uploads\/2022\/12\/wozki-widlowe-kursy-udt.pl_-18x12.png 18w, https:\/\/kursy-udt.pl\/wp-content\/uploads\/2022\/12\/wozki-widlowe-kursy-udt.pl_-624x390.png 624w, https:\/\/kursy-udt.pl\/wp-content\/uploads\/2022\/12\/wozki-widlowe-kursy-udt.pl_.png 1200w\" sizes=\"auto, (max-width: 750px) 100vw, 750px\" \/><\/a><\/p>\n<div class=\"button_styl\" style=\"float: right; padding-left: 15px; padding-bottom: 8px; margin-bottom: 5px;\"><a class=\"myButton myButton_maly\" href=\"https:\/\/platformaedukacji.pl\/sklep\/\" target=\"_blank\" rel=\"nofollow noopener noreferrer\"><span style=\"color: white;\">Inscrivez-vous \u00e0 la formation<\/span><\/a><\/div>","protected":false},"excerpt":{"rendered":"<p>Vous obtiendrez les qualifications : Qualifications UDT pour l&#039;exploitation et la maintenance de chariots \u00e9l\u00e9vateurs \u00e0 entra\u00eenement m\u00e9canique ERGON Kadr Training Center vous invite \u00e0 vous inscrire au cours pour op\u00e9rateurs et techniciens de maintenance de chariots \u00e9l\u00e9vateurs \u00e0 entra\u00eenement m\u00e9canique ! Les chariots \u00e9l\u00e9vateurs \u00e0 entra\u00eenement m\u00e9canique de levage sont largement utilis\u00e9s dans les travaux de transport dans les locaux de diverses installations et \u00e0 l&#039;ext\u00e9rieur de celles-ci. Ils permettent \u00e9galement le transport de charges volumineuses de grandes tailles et dimensions, y compris des charges empil\u00e9es sur des palettes. Les personnes impliqu\u00e9es dans le fonctionnement et l&#039;entretien de ce type de chariot doivent \u00eatre correctement pr\u00e9par\u00e9es. Dans notre Centre ERGON, nous donnons acc\u00e8s \u00e0 des cours th\u00e9oriques professionnels et \u00e0 des exercices pratiques dans ce domaine ! Lors des sessions de formation, les th\u00e8mes suivants sont abord\u00e9s : les sujets suivants : contr\u00f4le technique des chariots \u00e9l\u00e9vateurs \u00e0 entra\u00eenement m\u00e9canique, y compris les qualifications requises pour les man\u0153uvrer types de chariots \u00e9l\u00e9vateurs \u00e0 entra\u00eenement m\u00e9canique construction des chariots \u00e9l\u00e9vateurs \u00e0 entra\u00eenement m\u00e9canique fonctionnement correct des chariots \u00e9l\u00e9vateurs \u00e0 entra\u00eenement m\u00e9canique entretien des chariots \u00e9l\u00e9vateurs \u00e0 entra\u00eenement m\u00e9canique entra\u00eenement m\u00e9canique - inspections de maintenance, service technique p\u00e9riodique les pannes les plus courantes des chariots \u00e9l\u00e9vateurs \u00e0 entra\u00eenement m\u00e9canique SST et premiers secours lors du travail avec des chariots \u00e9l\u00e9vateurs \u00e0 entra\u00eenement m\u00e9canique La dur\u00e9e de la formation est de 10 \u00e0 20 heures d&#039;enseignement avec examen UDT pour le poste d&#039;op\u00e9rateur et de 38 \u00e0 68 heures d&#039;enseignement avec examen UDT pour le poste de conservateur de chariots \u00e9l\u00e9vateurs \u00e0 entra\u00eenement m\u00e9canique de levage. En cas d&#039;exigences individuelles, le Centre ERGON peut modifier la port\u00e9e th\u00e9matique des le\u00e7ons, en les adaptant aux besoins du client. Nous vous invitons \u00e0 choisir nos services chez ODK ERGON ! Inscrivez-vous \u00e0 la formation<\/p>","protected":false},"author":1,"featured_media":3181,"parent":3226,"menu_order":0,"comment_status":"closed","ping_status":"closed","template":"","meta":{"sfsi_plus_gutenberg_text_before_share":"","sfsi_plus_gutenberg_show_text_before_share":"","sfsi_plus_gutenberg_icon_type":"","sfsi_plus_gutenberg_icon_alignemt":"","sfsi_plus_gutenburg_max_per_row":"","footnotes":""},"class_list":["post-3180","page","type-page","status-publish","has-post-thumbnail","hentry","has_thumb"],"aioseo_notices":[],"_links":{"self":[{"href":"https:\/\/kursy-udt.pl\/fr\/wp-json\/wp\/v2\/pages\/3180","targetHints":{"allow":["GET"]}}],"collection":[{"href":"https:\/\/kursy-udt.pl\/fr\/wp-json\/wp\/v2\/pages"}],"about":[{"href":"https:\/\/kursy-udt.pl\/fr\/wp-json\/wp\/v2\/types\/page"}],"author":[{"embeddable":true,"href":"https:\/\/kursy-udt.pl\/fr\/wp-json\/wp\/v2\/users\/1"}],"replies":[{"embeddable":true,"href":"https:\/\/kursy-udt.pl\/fr\/wp-json\/wp\/v2\/comments?post=3180"}],"version-history":[{"count":5,"href":"https:\/\/kursy-udt.pl\/fr\/wp-json\/wp\/v2\/pages\/3180\/revisions"}],"predecessor-version":[{"id":4673,"href":"https:\/\/kursy-udt.pl\/fr\/wp-json\/wp\/v2\/pages\/3180\/revisions\/4673"}],"up":[{"embeddable":true,"href":"https:\/\/kursy-udt.pl\/fr\/wp-json\/wp\/v2\/pages\/3226"}],"wp:featuredmedia":[{"embeddable":true,"href":"https:\/\/kursy-udt.pl\/fr\/wp-json\/wp\/v2\/media\/3181"}],"wp:attachment":[{"href":"https:\/\/kursy-udt.pl\/fr\/wp-json\/wp\/v2\/media?parent=3180"}],"curies":[{"name":"wp","href":"https:\/\/api.w.org\/{rel}","templated":true}]}}