{"id":3175,"date":"2020-07-07T11:53:04","date_gmt":"2020-07-07T11:53:04","guid":{"rendered":"https:\/\/kursy-udt.pl\/?page_id=3175"},"modified":"2023-01-04T12:34:00","modified_gmt":"2023-01-04T12:34:00","slug":"lutilisation-de-palans-et-de-treuils-commandes-a-partir-du-niveau-de-travail","status":"publish","type":"page","link":"https:\/\/kursy-udt.pl\/fr\/szkolenia\/zakresy-ksztalcenia\/obsluga-wciagnikow-i-wciagarek-sterowanych-z-poziomu-roboczego\/","title":{"rendered":"Fonctionnement des palans et des treuils command\u00e9s depuis le niveau de travail"},"content":{"rendered":"<h2 class=\"naglowekh2\"><u><strong>Vous serez qualifi\u00e9 :<\/strong><\/u><br \/>\nQualifications UDT pour man\u0153uvrer des palans et des treuils command\u00e9s depuis le niveau de travail<\/h2>\n<p><img loading=\"lazy\" decoding=\"async\" class=\"obrazekpadding alignleft wp-image-3176 size-full\" src=\"https:\/\/kursy-udt.pl\/wp-content\/uploads\/2020\/07\/2-1.jpg\" alt=\"Treuil\" width=\"250\" height=\"188\" \/><a href=\"https:\/\/kursy-udt.pl\/fr\/o-firmie\/\">Centre de formation du personnel ERGON<\/a> vous invite \u00e0 participer au cours de treuils et palans command\u00e9s depuis le niveau de travail !<\/p>\n<p>Les treuils et les palans contr\u00f4l\u00e9s depuis le niveau de travail sont des appareils aux applications polyvalentes utilis\u00e9s dans la manutention de mat\u00e9riaux (UTB). Ils vous permettent de d\u00e9placer facilement diff\u00e9rents types de charges gr\u00e2ce \u00e0 un contr\u00f4le depuis le niveau de travail.<\/p>\n<p>La formation sur les treuils et palans command\u00e9s depuis le niveau travail organis\u00e9e par notre centre s&#039;adresse \u00e0 toutes les personnes postulant \u00e0 la qualification de conduite de treuils et palans. Nos cours combinent th\u00e9orie et pratique, assurant une pr\u00e9paration compl\u00e8te \u00e0 l&#039;approche de l&#039;examen UDT.<\/p>\n<h2 class=\"naglowekh2\">Lors des sessions de formation, les th\u00e8mes suivants sont abord\u00e9s : les sujets suivants :<\/h2>\n<ul>\n<li>principales informations sur la supervision technique des treuils et des palans command\u00e9s depuis le niveau de travail, y compris <a href=\"https:\/\/kursy-udt.pl\/fr\/uprawnienia-udt\/kategorie-uprawnien-2\/\">droits<\/a> n\u00e9cessaires \u00e0 leur fonctionnement, documentation, aspects juridiques<\/li>\n<li>caract\u00e9ristiques techniques et construction des treuils et des palans command\u00e9s depuis le niveau de travail, y compris les pi\u00e8ces m\u00e9caniques et \u00e9lectriques et les \u00e9l\u00e9ments de s\u00e9curit\u00e9<\/li>\n<li>bon fonctionnement des treuils et des palans command\u00e9s depuis le niveau de travail - responsabilit\u00e9s de l&#039;op\u00e9rateur<\/li>\n<li>\u00e9lingues utilis\u00e9es pour les treuils et palans command\u00e9s depuis le niveau de travail et leur bon fonctionnement<\/li>\n<li><a href=\"https:\/\/kursy-udt.pl\/fr\/szkolenia\/bhp-bezpieczenstwo-pracy\/prawna-ochrona-pracy\/\">Sant\u00e9 et s\u00e9curit\u00e9<\/a> et <a href=\"https:\/\/kursy-udt.pl\/fr\/szkolenia\/bhp-bezpieczenstwo-pracy\/pierwsza-pomoc-i-dzialania\/\">premiers secours<\/a> au fonctionnement des treuils et des palans command\u00e9s \u00e0 partir du niveau de travail<\/li>\n<\/ul>\n<p>L&#039;apprentissage dure 10 \u00e0 20 heures d&#039;enseignement avec l&#039;examen UDT.<\/p>\n<p>Le centre ERGON a la capacit\u00e9 d&#039;adapter le sujet des cours aux besoins individuels des clients.<\/p>\n<p>Nous vous invitons \u00e0 vous inscrire au cours sur le fonctionnement des treuils et des palans command\u00e9s depuis le niveau de travail !<\/p>\n<p><a href=\"https:\/\/kursy-udt.pl\/wp-content\/uploads\/2023\/01\/Reklama-Na-Kursy-7-5.png\"><img loading=\"lazy\" decoding=\"async\" class=\"aligncenter wp-image-4660\" src=\"https:\/\/kursy-udt.pl\/wp-content\/uploads\/2023\/01\/Reklama-Na-Kursy-7-5-300x188.png\" alt=\"\" width=\"750\" height=\"469\" srcset=\"https:\/\/kursy-udt.pl\/wp-content\/uploads\/2023\/01\/Reklama-Na-Kursy-7-5-300x188.png 300w, https:\/\/kursy-udt.pl\/wp-content\/uploads\/2023\/01\/Reklama-Na-Kursy-7-5-1024x640.png 1024w, https:\/\/kursy-udt.pl\/wp-content\/uploads\/2023\/01\/Reklama-Na-Kursy-7-5-768x480.png 768w, https:\/\/kursy-udt.pl\/wp-content\/uploads\/2023\/01\/Reklama-Na-Kursy-7-5-18x12.png 18w, https:\/\/kursy-udt.pl\/wp-content\/uploads\/2023\/01\/Reklama-Na-Kursy-7-5-624x390.png 624w, https:\/\/kursy-udt.pl\/wp-content\/uploads\/2023\/01\/Reklama-Na-Kursy-7-5.png 1200w\" sizes=\"auto, (max-width: 750px) 100vw, 750px\" \/><\/a><\/p>\n<div class=\"button_styl\" style=\"float: right; padding-left: 15px; padding-bottom: 8px; margin-bottom: 5px;\"><a class=\"myButton myButton_maly\" href=\"https:\/\/platformaedukacji.pl\/sklep\/\" target=\"_blank\" rel=\"nofollow noopener noreferrer\"><span style=\"color: white;\">Inscrivez-vous \u00e0 la formation<\/span><\/a><\/div>","protected":false},"excerpt":{"rendered":"<p>Vous obtiendrez des qualifications : Qualifications UDT pour la conduite de treuils et treuils command\u00e9s depuis le niveau de travail Le Centre d&#039;Excellence ERGON vous invite \u00e0 participer au cours de treuils et treuils command\u00e9s depuis le niveau de travail ! Les treuils et les palans contr\u00f4l\u00e9s depuis le niveau de travail sont des appareils aux applications polyvalentes utilis\u00e9s dans la manutention de mat\u00e9riaux (UTB). Ils vous permettent de d\u00e9placer facilement diff\u00e9rents types de charges gr\u00e2ce \u00e0 un contr\u00f4le depuis le niveau de travail. Le cours de treuils et palans command\u00e9s depuis le niveau travail organis\u00e9 par notre centre s&#039;adresse \u00e0 toutes les personnes postulant \u00e0 la qualification de conduite de treuils et palans. Nos cours combinent th\u00e9orie et pratique, assurant une pr\u00e9paration compl\u00e8te \u00e0 l&#039;approche de l&#039;examen UDT. Lors des sessions de formation, les th\u00e8mes suivants sont abord\u00e9s : les sujets suivants : informations principales sur la supervision technique des treuils et palans command\u00e9s depuis le niveau de travail, y compris les autorisations n\u00e9cessaires pour les faire fonctionner, documentation, aspects juridiques, caract\u00e9ristiques techniques et construction des treuils et palans command\u00e9s depuis le niveau de travail, y compris les , composants \u00e9lectriques et de s\u00e9curit\u00e9 bon fonctionnement des treuils et palans command\u00e9s depuis le niveau de travail - devoirs de l&#039;op\u00e9rateur des \u00e9lingues utilis\u00e9es pour les treuils et palans command\u00e9s depuis le niveau de travail et leur bon fonctionnement SST et premiers secours dans le fonctionnement des treuils et palans contr\u00f4l\u00e9s du niveau de travail. Le Centre ERGON a la capacit\u00e9 d&#039;adapter le sujet des cours aux besoins individuels des clients. Nous vous invitons \u00e0 vous inscrire au cours sur le fonctionnement des treuils et des palans command\u00e9s depuis le niveau de travail ! Inscrivez-vous \u00e0 la formation<\/p>","protected":false},"author":1,"featured_media":3176,"parent":3226,"menu_order":0,"comment_status":"closed","ping_status":"closed","template":"","meta":{"sfsi_plus_gutenberg_text_before_share":"","sfsi_plus_gutenberg_show_text_before_share":"","sfsi_plus_gutenberg_icon_type":"","sfsi_plus_gutenberg_icon_alignemt":"","sfsi_plus_gutenburg_max_per_row":"","footnotes":""},"class_list":["post-3175","page","type-page","status-publish","has-post-thumbnail","hentry","has_thumb"],"aioseo_notices":[],"_links":{"self":[{"href":"https:\/\/kursy-udt.pl\/fr\/wp-json\/wp\/v2\/pages\/3175","targetHints":{"allow":["GET"]}}],"collection":[{"href":"https:\/\/kursy-udt.pl\/fr\/wp-json\/wp\/v2\/pages"}],"about":[{"href":"https:\/\/kursy-udt.pl\/fr\/wp-json\/wp\/v2\/types\/page"}],"author":[{"embeddable":true,"href":"https:\/\/kursy-udt.pl\/fr\/wp-json\/wp\/v2\/users\/1"}],"replies":[{"embeddable":true,"href":"https:\/\/kursy-udt.pl\/fr\/wp-json\/wp\/v2\/comments?post=3175"}],"version-history":[{"count":5,"href":"https:\/\/kursy-udt.pl\/fr\/wp-json\/wp\/v2\/pages\/3175\/revisions"}],"predecessor-version":[{"id":4662,"href":"https:\/\/kursy-udt.pl\/fr\/wp-json\/wp\/v2\/pages\/3175\/revisions\/4662"}],"up":[{"embeddable":true,"href":"https:\/\/kursy-udt.pl\/fr\/wp-json\/wp\/v2\/pages\/3226"}],"wp:featuredmedia":[{"embeddable":true,"href":"https:\/\/kursy-udt.pl\/fr\/wp-json\/wp\/v2\/media\/3176"}],"wp:attachment":[{"href":"https:\/\/kursy-udt.pl\/fr\/wp-json\/wp\/v2\/media?parent=3175"}],"curies":[{"name":"wp","href":"https:\/\/api.w.org\/{rel}","templated":true}]}}