{"id":3170,"date":"2020-07-07T11:44:54","date_gmt":"2020-07-07T11:44:54","guid":{"rendered":"https:\/\/kursy-udt.pl\/?page_id=3170"},"modified":"2023-01-04T12:07:01","modified_gmt":"2023-01-04T12:07:01","slug":"lexploitation-de-plates-formes-dacces-a-mat-autopropulsees","status":"publish","type":"page","link":"https:\/\/kursy-udt.pl\/fr\/szkolenia\/zakresy-ksztalcenia\/obsluga-podestow-ruchomych-masztowych-samowznoszacych\/","title":{"rendered":"Support pour nacelles \u00e9l\u00e9vatrices sur m\u00e2t - auto-grimpantes"},"content":{"rendered":"<h2 class=\"naglowekh2\"><u><strong>Vous serez qualifi\u00e9 :<\/strong><\/u><br \/>\nQualifications UDT pour l&#039;exploitation de nacelles \u00e9l\u00e9vatrices sur m\u00e2t - auto-grimpantes<\/h2>\n<p><img loading=\"lazy\" decoding=\"async\" class=\"obrazekpadding alignleft wp-image-3171 size-medium\" src=\"https:\/\/kursy-udt.pl\/wp-content\/uploads\/2020\/07\/3-300x150.jpg\" alt=\"Prestation de plateforme\" width=\"300\" height=\"150\" srcset=\"https:\/\/kursy-udt.pl\/wp-content\/uploads\/2020\/07\/3-300x150.jpg 300w, https:\/\/kursy-udt.pl\/wp-content\/uploads\/2020\/07\/3.jpg 495w\" sizes=\"auto, (max-width: 300px) 100vw, 300px\" \/><a href=\"https:\/\/kursy-udt.pl\/fr\/o-firmie\/\">Centre de formation du personnel ERGON<\/a> vous invite \u00e0 profiter de l&#039;offre de cours de nacelles \u00e9l\u00e9vatrices sur m\u00e2t !<\/p>\n<p>Les nacelles \u00e9l\u00e9vatrices sur m\u00e2t sont des appareils destin\u00e9s aux travaux en hauteur. La r\u00e9glementation exige que vous ayez les qualifications appropri\u00e9es pour op\u00e9rer ce type d&#039;\u00e9quipement - l&#039;op\u00e9rateur d&#039;une nacelle \u00e9l\u00e9vatrice sur m\u00e2t peut les obtenir apr\u00e8s avoir pass\u00e9 l&#039;examen devant la commission UDT.<\/p>\n<p><a href=\"https:\/\/kursy-udt.pl\/fr\/szkolenia\/udt-wdt-tdt\/podesty-ruchome-masztowe\/\">Formation plate-forme \u00e9l\u00e9vatrice sur m\u00e2t<\/a> La machine auto-grimpante disponible dans notre centre fournit aux participants toutes les informations th\u00e9oriques requises et enseigne la pratique des dispositifs d&#039;exploitation, et pr\u00e9pare ainsi professionnellement \u00e0 l&#039;examen UDT.<\/p>\n<h2 class=\"naglowekh2\">Lors des sessions de formation, les th\u00e8mes suivants sont abord\u00e9s : les sujets suivants :<\/h2>\n<ul>\n<li>principales informations sur les nacelles \u00e9l\u00e9vatrices sur m\u00e2t - contr\u00f4le technique, <a href=\"https:\/\/kursy-udt.pl\/fr\/uprawnienia-udt\/kategorie-uprawnien-2\/\">droits<\/a> et autre<\/li>\n<li>construction de plates-formes de travail \u00e9l\u00e9vatrices sur m\u00e2t - bases et ch\u00e2ssis, unit\u00e9s d&#039;entra\u00eenement, plates-formes de travail, \u00e9quipements \u00e9lectriques, \u00e9quipements de s\u00e9curit\u00e9, marquage<\/li>\n<li>calculs de r\u00e9sistance et de stabilit\u00e9 des plates-formes de travail \u00e9l\u00e9vatrices sur m\u00e2t<\/li>\n<li>bon fonctionnement des plates-formes de travail \u00e9l\u00e9vatrices sur m\u00e2t - t\u00e2ches et responsabilit\u00e9s de l&#039;op\u00e9rateur<\/li>\n<li>examen technique des nacelles \u00e9l\u00e9vatrices sur m\u00e2t<\/li>\n<li>Sant\u00e9 et s\u00e9curit\u00e9 et premiers secours lors du travail avec des plates-formes de travail \u00e9l\u00e9vatrices sur m\u00e2t<\/li>\n<\/ul>\n<p>La dur\u00e9e totale d&#039;apprentissage de l&#039;utilisation des nacelles \u00e9l\u00e9vatrices sur m\u00e2t est de 10 \u00e0 20 heures d&#039;enseignement avec l&#039;examen UDT.<\/p>\n<p>Sur demande, le Centre ERGON peut \u00e9galement adapter la port\u00e9e th\u00e9matique des cours aux besoins du client.<\/p>\n<p><a href=\"https:\/\/kursy-udt.pl\/fr\/kontakt\/\">Nous vous invitons cordialement \u00e0 profiter de notre offre<\/a> didactique au Centre de Formation du Personnel ERGON !<\/p>\n<p><a href=\"https:\/\/kursy-udt.pl\/wp-content\/uploads\/2022\/12\/PODESTY-RUCHOME-kursy-udt.pl_.png\"><img loading=\"lazy\" decoding=\"async\" class=\"aligncenter wp-image-4531\" src=\"https:\/\/kursy-udt.pl\/wp-content\/uploads\/2022\/12\/PODESTY-RUCHOME-kursy-udt.pl_-300x188.png\" alt=\"\" width=\"750\" height=\"469\" srcset=\"https:\/\/kursy-udt.pl\/wp-content\/uploads\/2022\/12\/PODESTY-RUCHOME-kursy-udt.pl_-300x188.png 300w, https:\/\/kursy-udt.pl\/wp-content\/uploads\/2022\/12\/PODESTY-RUCHOME-kursy-udt.pl_-1024x640.png 1024w, https:\/\/kursy-udt.pl\/wp-content\/uploads\/2022\/12\/PODESTY-RUCHOME-kursy-udt.pl_-768x480.png 768w, https:\/\/kursy-udt.pl\/wp-content\/uploads\/2022\/12\/PODESTY-RUCHOME-kursy-udt.pl_-18x12.png 18w, https:\/\/kursy-udt.pl\/wp-content\/uploads\/2022\/12\/PODESTY-RUCHOME-kursy-udt.pl_-624x390.png 624w, https:\/\/kursy-udt.pl\/wp-content\/uploads\/2022\/12\/PODESTY-RUCHOME-kursy-udt.pl_.png 1200w\" sizes=\"auto, (max-width: 750px) 100vw, 750px\" \/><\/a><\/p>\n<div class=\"button_styl\" style=\"float: right; padding-left: 15px; padding-bottom: 8px; margin-bottom: 5px;\"><a class=\"myButton myButton_maly\" href=\"https:\/\/platformaedukacji.pl\/sklep\/\" target=\"_blank\" rel=\"nofollow noopener noreferrer\"><span style=\"color: white;\">Inscrivez-vous \u00e0 la formation<\/span><\/a><\/div>","protected":false},"excerpt":{"rendered":"<p>Vous obtiendrez des dipl\u00f4mes : Dipl\u00f4mes UDT pour l&#039;exploitation de nacelles \u00e9l\u00e9vatrices sur m\u00e2t - auto-grimpantes Le Centre de Formation du Personnel ERGON vous invite \u00e0 profiter de l&#039;offre de formations nacelles \u00e9l\u00e9vatrices sur m\u00e2t ! Les nacelles \u00e9l\u00e9vatrices sur m\u00e2t sont des appareils destin\u00e9s aux travaux en hauteur. La r\u00e9glementation exige que vous ayez les qualifications appropri\u00e9es pour op\u00e9rer ce type d&#039;\u00e9quipement - l&#039;op\u00e9rateur d&#039;une nacelle \u00e9l\u00e9vatrice sur m\u00e2t peut les obtenir apr\u00e8s avoir pass\u00e9 l&#039;examen devant la commission UDT. La formation aux nacelles \u00e9l\u00e9vatrices sur m\u00e2t disponible dans notre centre fournit aux participants toutes les informations th\u00e9oriques requises et enseigne la pratique des dispositifs d&#039;exploitation, et pr\u00e9pare ainsi professionnellement \u00e0 l&#039;examen UDT. Lors des sessions de formation, les th\u00e8mes suivants sont abord\u00e9s : les sujets suivants\u00a0: informations principales sur les plates-formes de travail \u00e9l\u00e9vatrices sur m\u00e2t - inspection technique, qualifications et autres constructions de plates-formes de travail \u00e9l\u00e9vatrices sur m\u00e2t - bases et ch\u00e2ssis, unit\u00e9s d&#039;entra\u00eenement, plates-formes de travail, \u00e9quipement \u00e9lectrique, \u00e9quipement de s\u00e9curit\u00e9, marquage, calculs de r\u00e9sistance et de stabilit\u00e9, fonctionnement correct Nacelles \u00e9l\u00e9vatrices sur m\u00e2t - t\u00e2ches et responsabilit\u00e9s de l&#039;op\u00e9rateur contr\u00f4le technique des nacelles \u00e9l\u00e9vatrices sur m\u00e2t sant\u00e9 et s\u00e9curit\u00e9 et secourisme lors de travaux avec des nacelles \u00e9l\u00e9vatrices sur m\u00e2t La dur\u00e9e totale d&#039;apprentissage de l&#039;utilisation des nacelles \u00e9l\u00e9vatrices sur m\u00e2t est de 10 \u00e0 20 heures d&#039;enseignement avec l&#039;examen UDT. Sur demande, le Centre ERGON peut \u00e9galement adapter la port\u00e9e th\u00e9matique des cours aux besoins du client. Nous vous invitons cordialement \u00e0 profiter de notre offre didactique au Centre de Formation du Personnel ERGON ! Inscrivez-vous \u00e0 la formation<\/p>","protected":false},"author":1,"featured_media":3171,"parent":3226,"menu_order":0,"comment_status":"closed","ping_status":"closed","template":"","meta":{"sfsi_plus_gutenberg_text_before_share":"","sfsi_plus_gutenberg_show_text_before_share":"","sfsi_plus_gutenberg_icon_type":"","sfsi_plus_gutenberg_icon_alignemt":"","sfsi_plus_gutenburg_max_per_row":"","footnotes":""},"class_list":["post-3170","page","type-page","status-publish","has-post-thumbnail","hentry","has_thumb"],"aioseo_notices":[],"_links":{"self":[{"href":"https:\/\/kursy-udt.pl\/fr\/wp-json\/wp\/v2\/pages\/3170","targetHints":{"allow":["GET"]}}],"collection":[{"href":"https:\/\/kursy-udt.pl\/fr\/wp-json\/wp\/v2\/pages"}],"about":[{"href":"https:\/\/kursy-udt.pl\/fr\/wp-json\/wp\/v2\/types\/page"}],"author":[{"embeddable":true,"href":"https:\/\/kursy-udt.pl\/fr\/wp-json\/wp\/v2\/users\/1"}],"replies":[{"embeddable":true,"href":"https:\/\/kursy-udt.pl\/fr\/wp-json\/wp\/v2\/comments?post=3170"}],"version-history":[{"count":5,"href":"https:\/\/kursy-udt.pl\/fr\/wp-json\/wp\/v2\/pages\/3170\/revisions"}],"predecessor-version":[{"id":4647,"href":"https:\/\/kursy-udt.pl\/fr\/wp-json\/wp\/v2\/pages\/3170\/revisions\/4647"}],"up":[{"embeddable":true,"href":"https:\/\/kursy-udt.pl\/fr\/wp-json\/wp\/v2\/pages\/3226"}],"wp:featuredmedia":[{"embeddable":true,"href":"https:\/\/kursy-udt.pl\/fr\/wp-json\/wp\/v2\/media\/3171"}],"wp:attachment":[{"href":"https:\/\/kursy-udt.pl\/fr\/wp-json\/wp\/v2\/media?parent=3170"}],"curies":[{"name":"wp","href":"https:\/\/api.w.org\/{rel}","templated":true}]}}