{"id":3163,"date":"2020-07-07T11:36:04","date_gmt":"2020-07-07T11:36:04","guid":{"rendered":"https:\/\/kursy-udt.pl\/?page_id=3163"},"modified":"2023-01-04T12:31:50","modified_gmt":"2023-01-04T12:31:50","slug":"lutilisation-de-palans-et-de-treuils-generaux-et-speciaux","status":"publish","type":"page","link":"https:\/\/kursy-udt.pl\/fr\/szkolenia\/zakresy-ksztalcenia\/obsluga-wciagnikow-i-wciagarek-ogolnego-lub-specjalnego-przeznaczenia\/","title":{"rendered":"Fonctionnement de palans et de treuils \u00e0 usage g\u00e9n\u00e9ral ou sp\u00e9cial"},"content":{"rendered":"<h2 class=\"naglowekh2\"><u><strong>Vous serez qualifi\u00e9 :<\/strong><\/u><br \/>\nLicence UDT pour op\u00e9rer des palans et des treuils \u00e0 usage g\u00e9n\u00e9ral ou sp\u00e9cial<\/h2>\n<p><img loading=\"lazy\" decoding=\"async\" class=\"obrazekpadding alignleft wp-image-3164 size-medium\" src=\"https:\/\/kursy-udt.pl\/wp-content\/uploads\/2020\/07\/8-200x300.jpg\" alt=\"hisser\" width=\"200\" height=\"300\" srcset=\"https:\/\/kursy-udt.pl\/wp-content\/uploads\/2020\/07\/8-200x300.jpg 200w, https:\/\/kursy-udt.pl\/wp-content\/uploads\/2020\/07\/8-624x937.jpg 624w, https:\/\/kursy-udt.pl\/wp-content\/uploads\/2020\/07\/8.jpg 682w\" sizes=\"auto, (max-width: 200px) 100vw, 200px\" \/><a href=\"https:\/\/kursy-udt.pl\/fr\/o-firmie\/\">Centre de formation du personnel ERGON<\/a> propose des formations aux treuils - voir le p\u00e9rim\u00e8tre th\u00e9matique de nos cours !<\/p>\n<p><strong>\u00a0<\/strong>Les palans sont des \u00e9quipements de manutention (UTB) utilis\u00e9s dans le transport de divers types de marchandises. Pour les exploiter et les entretenir, il est n\u00e9cessaire d&#039;avoir le cours et les qualifications appropri\u00e9es.<\/p>\n<p>Les cours sur les palans dispens\u00e9s par ODK ERGON comprennent des informations th\u00e9oriques et des exercices en atelier - pratique avec le mat\u00e9riel mentionn\u00e9 ci-dessus. Ils pr\u00e9parent les participants \u00e0 passer l&#039;examen sur <a href=\"https:\/\/kursy-udt.pl\/fr\/uprawnienia-udt\/kategorie-uprawnien-2\/\">droits<\/a> l&#039;op\u00e9rateur ou le technicien de maintenance du palan, et s&#039;adressent \u00e0 toutes les personnes impliqu\u00e9es dans le fonctionnement de ces appareils.<\/p>\n<h2 class=\"naglowekh2\">Lors des sessions de formation, les th\u00e8mes suivants sont abord\u00e9s : les sujets suivants :<\/h2>\n<ul>\n<li>inspection technique des palans et des treuils, y compris la documentation, les normes, les autorisations n\u00e9cessaires pour les faire fonctionner<\/li>\n<li>informations g\u00e9n\u00e9rales sur les palans - param\u00e8tres techniques, types de palans et treuils, leur application, marquage<\/li>\n<li>construction de palans - assemblages et \u00e9l\u00e9ments, y compris moteurs, m\u00e9canismes, dispositifs de s\u00e9curit\u00e9<\/li>\n<li>\u00e9quipement de rechargement utilis\u00e9 pour les palans - types d&#039;\u00e9lingues et autres composants<\/li>\n<li>bon fonctionnement des treuils - t\u00e2ches et responsabilit\u00e9s de l&#039;op\u00e9rateur du treuil<\/li>\n<li>les pannes les plus courantes des palans<\/li>\n<li><a href=\"https:\/\/kursy-udt.pl\/fr\/szkolenia\/bhp-bezpieczenstwo-pracy\/prawna-ochrona-pracy\/\">Sant\u00e9 et s\u00e9curit\u00e9<\/a> lorsque vous travaillez avec des palans<\/li>\n<\/ul>\n<p>La dur\u00e9e des \u00e9tudes est de 10 \u00e0 20 heures d&#039;enseignement avec l&#039;examen UDT.<\/p>\n<p>Notre centre peut \u00e9galement adapter la port\u00e9e th\u00e9matique des cours aux besoins individuels de nos clients.<\/p>\n<p><a href=\"https:\/\/kursy-udt.pl\/fr\/kontakt\/\">Nous vous invitons cordialement \u00e0 profiter de notre offre<\/a> dans le cadre des cours de levage et nous vous encourageons \u00e0 vous familiariser avec d&#039;autres services chez ODK ERGON\u00a0!<a href=\"https:\/\/kursy-udt.pl\/wp-content\/uploads\/2023\/01\/Reklama-Na-Kursy-7-5.png\"><img loading=\"lazy\" decoding=\"async\" class=\"aligncenter wp-image-4660\" src=\"https:\/\/kursy-udt.pl\/wp-content\/uploads\/2023\/01\/Reklama-Na-Kursy-7-5-300x188.png\" alt=\"\" width=\"750\" height=\"469\" srcset=\"https:\/\/kursy-udt.pl\/wp-content\/uploads\/2023\/01\/Reklama-Na-Kursy-7-5-300x188.png 300w, https:\/\/kursy-udt.pl\/wp-content\/uploads\/2023\/01\/Reklama-Na-Kursy-7-5-1024x640.png 1024w, https:\/\/kursy-udt.pl\/wp-content\/uploads\/2023\/01\/Reklama-Na-Kursy-7-5-768x480.png 768w, https:\/\/kursy-udt.pl\/wp-content\/uploads\/2023\/01\/Reklama-Na-Kursy-7-5-18x12.png 18w, https:\/\/kursy-udt.pl\/wp-content\/uploads\/2023\/01\/Reklama-Na-Kursy-7-5-624x390.png 624w, https:\/\/kursy-udt.pl\/wp-content\/uploads\/2023\/01\/Reklama-Na-Kursy-7-5.png 1200w\" sizes=\"auto, (max-width: 750px) 100vw, 750px\" \/><\/a><\/p>","protected":false},"excerpt":{"rendered":"<p>Vous obtiendrez des qualifications : Qualifications UDT pour man\u0153uvrer des treuils et des treuils \u00e0 usage g\u00e9n\u00e9ral ou sp\u00e9cial Le Centre de Formation du Personnel ERGON propose une formation en treuil - voir la port\u00e9e th\u00e9matique de nos cours ! Les palans sont des \u00e9quipements de manutention (UTB) utilis\u00e9s dans le transport de divers types de marchandises. Pour les exploiter et les entretenir, il est n\u00e9cessaire d&#039;avoir le cours et les qualifications appropri\u00e9es. Les cours sur les palans dispens\u00e9s par ODK ERGON comprennent des informations th\u00e9oriques et des exercices en atelier - pratique avec le mat\u00e9riel mentionn\u00e9 ci-dessus. Elles pr\u00e9parent les participants \u00e0 passer l&#039;examen de qualification d&#039;op\u00e9rateur de treuil ou de technicien de maintenance, et s&#039;adressent \u00e9galement \u00e0 toutes les personnes impliqu\u00e9es dans l&#039;exploitation de ces appareils. Lors des sessions de formation, les th\u00e8mes suivants sont abord\u00e9s : les sujets suivants\u00a0: inspection technique des palans et des treuils, y compris la documentation, les normes, les autorisations n\u00e9cessaires pour les faire fonctionner informations g\u00e9n\u00e9rales sur les palans - param\u00e8tres techniques, types de palans et de treuils, leur application, marquage, construction des palans - ensembles et composants, y compris les moteurs , m\u00e9canismes, dispositifs de s\u00e9curit\u00e9 pour recharger l&#039;\u00e9quipement utilis\u00e9 pour les palans - types d&#039;\u00e9lingues et autres composants bon fonctionnement des palans - t\u00e2ches et devoirs d&#039;un op\u00e9rateur de palan les pannes les plus courantes des palans sant\u00e9 et s\u00e9curit\u00e9 lors du travail avec des palans La dur\u00e9e de la formation est de 10 \u00e0 20 heures d&#039;enseignement avec un examen UDT. Notre centre peut \u00e9galement adapter la port\u00e9e th\u00e9matique des cours aux besoins individuels de nos clients. Nous vous invitons cordialement \u00e0 profiter de notre offre dans le cadre des cours pour palans et nous vous encourageons \u00e0 vous familiariser avec les autres services d&#039;ODK ERGON !<\/p>","protected":false},"author":1,"featured_media":3164,"parent":3226,"menu_order":0,"comment_status":"closed","ping_status":"closed","template":"","meta":{"sfsi_plus_gutenberg_text_before_share":"","sfsi_plus_gutenberg_show_text_before_share":"","sfsi_plus_gutenberg_icon_type":"","sfsi_plus_gutenberg_icon_alignemt":"","sfsi_plus_gutenburg_max_per_row":"","footnotes":""},"class_list":["post-3163","page","type-page","status-publish","has-post-thumbnail","hentry","has_thumb"],"aioseo_notices":[],"_links":{"self":[{"href":"https:\/\/kursy-udt.pl\/fr\/wp-json\/wp\/v2\/pages\/3163","targetHints":{"allow":["GET"]}}],"collection":[{"href":"https:\/\/kursy-udt.pl\/fr\/wp-json\/wp\/v2\/pages"}],"about":[{"href":"https:\/\/kursy-udt.pl\/fr\/wp-json\/wp\/v2\/types\/page"}],"author":[{"embeddable":true,"href":"https:\/\/kursy-udt.pl\/fr\/wp-json\/wp\/v2\/users\/1"}],"replies":[{"embeddable":true,"href":"https:\/\/kursy-udt.pl\/fr\/wp-json\/wp\/v2\/comments?post=3163"}],"version-history":[{"count":7,"href":"https:\/\/kursy-udt.pl\/fr\/wp-json\/wp\/v2\/pages\/3163\/revisions"}],"predecessor-version":[{"id":4661,"href":"https:\/\/kursy-udt.pl\/fr\/wp-json\/wp\/v2\/pages\/3163\/revisions\/4661"}],"up":[{"embeddable":true,"href":"https:\/\/kursy-udt.pl\/fr\/wp-json\/wp\/v2\/pages\/3226"}],"wp:featuredmedia":[{"embeddable":true,"href":"https:\/\/kursy-udt.pl\/fr\/wp-json\/wp\/v2\/media\/3164"}],"wp:attachment":[{"href":"https:\/\/kursy-udt.pl\/fr\/wp-json\/wp\/v2\/media?parent=3163"}],"curies":[{"name":"wp","href":"https:\/\/api.w.org\/{rel}","templated":true}]}}