{"id":3158,"date":"2020-07-07T11:30:25","date_gmt":"2020-07-07T11:30:25","guid":{"rendered":"https:\/\/kursy-udt.pl\/?page_id=3158"},"modified":"2023-01-05T09:52:51","modified_gmt":"2023-01-05T09:52:51","slug":"fonctionnement-et-entretien-des-palans","status":"publish","type":"page","link":"https:\/\/kursy-udt.pl\/fr\/szkolenia\/zakresy-ksztalcenia\/obsluga-i-konserwacja-dzwignikow\/","title":{"rendered":"Fonctionnement et entretien des v\u00e9rins, les soi-disant ponts \u00e9l\u00e9vateurs"},"content":{"rendered":"<h2 class=\"naglowekh2\"><u><strong>Vous serez qualifi\u00e9 :<\/strong><\/u><br \/>\nQualifications UDT pour faire fonctionner et entretenir les crics, les soi-disant ponts \u00e9l\u00e9vateurs<\/h2>\n<p><img loading=\"lazy\" decoding=\"async\" class=\"obrazekpadding alignleft wp-image-3159 size-medium\" src=\"https:\/\/kursy-udt.pl\/wp-content\/uploads\/2020\/07\/2-300x300.jpg\" alt=\"Ponts \u00e9l\u00e9vateurs\" width=\"300\" height=\"300\" srcset=\"https:\/\/kursy-udt.pl\/wp-content\/uploads\/2020\/07\/2-300x300.jpg 300w, https:\/\/kursy-udt.pl\/wp-content\/uploads\/2020\/07\/2.jpg 559w\" sizes=\"auto, (max-width: 300px) 100vw, 300px\" \/>Le Centre ERGON vous encourage \u00e0 profiter de l&#039;offre de cours adress\u00e9e aux op\u00e9rateurs et techniciens de maintenance des ponts \u00e9l\u00e9vateurs !<\/p>\n<p>Les ponts \u00e9l\u00e9vateurs sont des dispositifs de manutention (UTB) qui ont \u00e9t\u00e9 utilis\u00e9s pour le levage de divers types de v\u00e9hicules, y compris les voitures particuli\u00e8res et les motos. Le fonctionnement de ce type d&#039;appareils, ainsi que leur maintenance, n\u00e9cessitent une pr\u00e9paration appropri\u00e9e, qui doit \u00eatre confirm\u00e9e par les autorisations appropri\u00e9es.<\/p>\n<p><a href=\"https:\/\/kursy-udt.pl\/fr\/o-firmie\/\">Centre de formation du personnel ERGON<\/a> porte complet <a href=\"https:\/\/kursy-udt.pl\/fr\/szkolenia\/udt-wdt-tdt\/zwyzki-podnosniki-koszowe\/\">formation sur les remont\u00e9es m\u00e9caniques<\/a> v\u00e9hicules pour leurs op\u00e9rateurs et leur maintenance. Nos cours comprennent des informations th\u00e9oriques ainsi que des exercices pratiques. Nous pr\u00e9parons professionnellement nos \u00e9tudiants \u00e0 passer les examens!<\/p>\n<h2 class=\"naglowekh2\">Lors des sessions de formation, les th\u00e8mes suivants sont abord\u00e9s : les sujets suivants :<\/h2>\n<ul>\n<li>informations g\u00e9n\u00e9rales sur les ponts \u00e9l\u00e9vateurs - caract\u00e9ristiques, types de ponts \u00e9l\u00e9vateurs, <a href=\"https:\/\/kursy-udt.pl\/fr\/uprawnienia-udt\/kategorie-uprawnien-2\/\">droits<\/a> n\u00e9cessaires pour les faire fonctionner<\/li>\n<li>entra\u00eenements de levage de v\u00e9hicules - entra\u00eenements hydrauliques, pneumatiques, hydrauliques-pneumatiques et \u00e9lectriques<\/li>\n<li>r\u00e8gles correctes pour le chargement des v\u00e9hicules sur les ponts \u00e9l\u00e9vateurs - devoirs de l&#039;op\u00e9rateur des ponts \u00e9l\u00e9vateurs, m\u00e9canismes de levage, dispositifs de commande et de s\u00e9curit\u00e9<\/li>\n<li>informations sur la r\u00e9sistance et la stabilit\u00e9 des structures \u00e9l\u00e9vatrices de v\u00e9hicules<\/li>\n<li>fonctions du technicien de maintenance des ponts \u00e9l\u00e9vateurs<\/li>\n<li>supervision technique des ponts \u00e9l\u00e9vateurs<\/li>\n<\/ul>\n<p>La dur\u00e9e de formation pour un op\u00e9rateur varie de 10 \u00e0 15 heures d&#039;enseignement sans l&#039;examen UDT, et pour un technicien de maintenance de 38 \u00e0 68 heures, y compris l&#039;examen UDT.<\/p>\n<p>Le centre ERGON vous permet d&#039;adapter le sujet des cours aux besoins individuels des clients.<\/p>\n<p>Nous vous invitons cordialement \u00e0 profiter de l&#039;offre p\u00e9dagogique du Centre de Formation du Personnel ERGON !<\/p>\n<p><a href=\"https:\/\/kursy-udt.pl\/wp-content\/uploads\/2023\/01\/Obsluga-i-konserwacja-dzwignikow-kursy-udt.pl_.png\"><img loading=\"lazy\" decoding=\"async\" class=\"aligncenter wp-image-4670\" src=\"https:\/\/kursy-udt.pl\/wp-content\/uploads\/2023\/01\/Obsluga-i-konserwacja-dzwignikow-kursy-udt.pl_-300x188.png\" alt=\"\" width=\"750\" height=\"469\" srcset=\"https:\/\/kursy-udt.pl\/wp-content\/uploads\/2023\/01\/Obsluga-i-konserwacja-dzwignikow-kursy-udt.pl_-300x188.png 300w, https:\/\/kursy-udt.pl\/wp-content\/uploads\/2023\/01\/Obsluga-i-konserwacja-dzwignikow-kursy-udt.pl_-1024x640.png 1024w, https:\/\/kursy-udt.pl\/wp-content\/uploads\/2023\/01\/Obsluga-i-konserwacja-dzwignikow-kursy-udt.pl_-768x480.png 768w, https:\/\/kursy-udt.pl\/wp-content\/uploads\/2023\/01\/Obsluga-i-konserwacja-dzwignikow-kursy-udt.pl_-18x12.png 18w, https:\/\/kursy-udt.pl\/wp-content\/uploads\/2023\/01\/Obsluga-i-konserwacja-dzwignikow-kursy-udt.pl_-624x390.png 624w, https:\/\/kursy-udt.pl\/wp-content\/uploads\/2023\/01\/Obsluga-i-konserwacja-dzwignikow-kursy-udt.pl_.png 1200w\" sizes=\"auto, (max-width: 750px) 100vw, 750px\" \/><\/a><\/p>\n<div class=\"button_styl\" style=\"float: right; padding-left: 15px; padding-bottom: 8px; margin-bottom: 5px;\"><a class=\"myButton myButton_maly\" href=\"https:\/\/platformaedukacji.pl\/sklep\/\" target=\"_blank\" rel=\"nofollow noopener noreferrer\"><span style=\"color: white;\">Inscrivez-vous \u00e0 la formation<\/span><\/a><\/div>","protected":false},"excerpt":{"rendered":"<p>Vous obtiendrez les qualifications suivantes : Qualifications UDT pour le fonctionnement et l&#039;entretien des v\u00e9rins, les soi-disant ponts \u00e9l\u00e9vateurs Le Centre ERGON vous encourage \u00e0 profiter de l&#039;offre de cours destin\u00e9e aux op\u00e9rateurs et techniciens de maintenance de ponts \u00e9l\u00e9vateurs ! Les ponts \u00e9l\u00e9vateurs sont des dispositifs de manutention (UTB) qui ont \u00e9t\u00e9 utilis\u00e9s pour le levage de divers types de v\u00e9hicules, y compris les voitures particuli\u00e8res et les motos. Le fonctionnement de ce type d&#039;appareils, ainsi que leur maintenance, n\u00e9cessitent une pr\u00e9paration appropri\u00e9e, qui doit \u00eatre confirm\u00e9e par les autorisations appropri\u00e9es. Le centre de formation du personnel ERGON dispense une formation compl\u00e8te sur les ponts \u00e9l\u00e9vateurs pour leurs op\u00e9rateurs et techniciens de maintenance. Nos cours comprennent des informations th\u00e9oriques ainsi que des exercices pratiques. Nous pr\u00e9parons professionnellement nos \u00e9tudiants \u00e0 passer les examens! Lors des sessions de formation, les th\u00e8mes suivants sont abord\u00e9s : les sujets suivants : informations g\u00e9n\u00e9rales sur les ponts \u00e9l\u00e9vateurs - caract\u00e9ristiques, types de ponts \u00e9l\u00e9vateurs, autorisations n\u00e9cessaires pour les faire fonctionner entra\u00eenements des ponts \u00e9l\u00e9vateurs - entra\u00eenements hydrauliques, pneumatiques et hydrauliques-pneumatiques et \u00e9lectriques r\u00e8gles correctes de chargement des v\u00e9hicules sur les ponts \u00e9l\u00e9vateurs - devoirs de l&#039;op\u00e9rateur du pont \u00e9l\u00e9vateur, m\u00e9canismes de levage, dispositifs de commande, s\u00e9curisation des informations sur la solidit\u00e9 et la stabilit\u00e9 de la structure des ponts \u00e9l\u00e9vateurs. Responsabilit\u00e9s du technicien de maintenance des ponts \u00e9l\u00e9vateurs. Supervision technique des ponts \u00e9l\u00e9vateurs. La dur\u00e9e de la formation pour l&#039;op\u00e9rateur varie de 10 \u00e0 15 heures d&#039;enseignement sans l&#039;examen UDT, tandis que pour le technicien de maintenance de 38 \u00e0 68 heures, y compris l&#039;examen UDT. Le centre ERGON vous permet d&#039;adapter le sujet des cours aux besoins individuels des clients. Nous vous invitons cordialement \u00e0 profiter de l&#039;offre p\u00e9dagogique du Centre de Formation du Personnel ERGON ! Inscrivez-vous \u00e0 la formation<\/p>","protected":false},"author":1,"featured_media":3159,"parent":3226,"menu_order":0,"comment_status":"closed","ping_status":"closed","template":"","meta":{"sfsi_plus_gutenberg_text_before_share":"","sfsi_plus_gutenberg_show_text_before_share":"","sfsi_plus_gutenberg_icon_type":"","sfsi_plus_gutenberg_icon_alignemt":"","sfsi_plus_gutenburg_max_per_row":"","footnotes":""},"class_list":["post-3158","page","type-page","status-publish","has-post-thumbnail","hentry","has_thumb"],"aioseo_notices":[],"_links":{"self":[{"href":"https:\/\/kursy-udt.pl\/fr\/wp-json\/wp\/v2\/pages\/3158","targetHints":{"allow":["GET"]}}],"collection":[{"href":"https:\/\/kursy-udt.pl\/fr\/wp-json\/wp\/v2\/pages"}],"about":[{"href":"https:\/\/kursy-udt.pl\/fr\/wp-json\/wp\/v2\/types\/page"}],"author":[{"embeddable":true,"href":"https:\/\/kursy-udt.pl\/fr\/wp-json\/wp\/v2\/users\/1"}],"replies":[{"embeddable":true,"href":"https:\/\/kursy-udt.pl\/fr\/wp-json\/wp\/v2\/comments?post=3158"}],"version-history":[{"count":5,"href":"https:\/\/kursy-udt.pl\/fr\/wp-json\/wp\/v2\/pages\/3158\/revisions"}],"predecessor-version":[{"id":4671,"href":"https:\/\/kursy-udt.pl\/fr\/wp-json\/wp\/v2\/pages\/3158\/revisions\/4671"}],"up":[{"embeddable":true,"href":"https:\/\/kursy-udt.pl\/fr\/wp-json\/wp\/v2\/pages\/3226"}],"wp:featuredmedia":[{"embeddable":true,"href":"https:\/\/kursy-udt.pl\/fr\/wp-json\/wp\/v2\/media\/3159"}],"wp:attachment":[{"href":"https:\/\/kursy-udt.pl\/fr\/wp-json\/wp\/v2\/media?parent=3158"}],"curies":[{"name":"wp","href":"https:\/\/api.w.org\/{rel}","templated":true}]}}