{"id":3149,"date":"2020-07-02T19:50:47","date_gmt":"2020-07-02T19:50:47","guid":{"rendered":"https:\/\/kursy-udt.pl\/?page_id=3149"},"modified":"2023-01-04T12:09:50","modified_gmt":"2023-01-04T12:09:50","slug":"lexploitation-de-plates-formes-dacces-suspendues","status":"publish","type":"page","link":"https:\/\/kursy-udt.pl\/fr\/szkolenia\/zakresy-ksztalcenia\/obsluga-podestow-ruchomych-wiszacych\/","title":{"rendered":"Plates-formes mobiles suspendues"},"content":{"rendered":"<h2 class=\"naglowekh2\"><u><strong>Vous serez qualifi\u00e9 :<\/strong><\/u><br \/>\nQualifications UDT pour exploiter des plates-formes mobiles suspendues<\/h2>\n<p><img loading=\"lazy\" decoding=\"async\" class=\"obrazekpadding alignleft wp-image-3144 size-medium\" src=\"https:\/\/kursy-udt.pl\/wp-content\/uploads\/2020\/07\/1-5-300x273.jpg\" alt=\"Plateforme mobile\" width=\"300\" height=\"273\" srcset=\"https:\/\/kursy-udt.pl\/wp-content\/uploads\/2020\/07\/1-5-300x273.jpg 300w, https:\/\/kursy-udt.pl\/wp-content\/uploads\/2020\/07\/1-5.jpg 559w\" sizes=\"auto, (max-width: 300px) 100vw, 300px\" \/><a href=\"https:\/\/kursy-udt.pl\/fr\/o-firmie\/\">Centre de formation du personnel ERGON<\/a> organise compl\u00e8te <a href=\"https:\/\/kursy-udt.pl\/fr\/szkolenia\/podesty-ruchome\/\">formation aux plateformes mobiles<\/a> suspendu. Nous vous encourageons \u00e0 vous familiariser avec leur port\u00e9e !<\/p>\n<p><a href=\"https:\/\/kursy-udt.pl\/fr\/szkolenia\/udt-wdt-tdt\/podesty-ruchome-wiszace\/\">Plates-formes mobiles suspendues<\/a> dispositifs utilis\u00e9s lors de travaux en hauteur. Ils n\u00e9cessitent une bonne pr\u00e9paration th\u00e9orique et pratique ainsi que les qualifications appropri\u00e9es pour les faire fonctionner.<\/p>\n<p>ODK ERGON vous propose de profiter de formations compl\u00e8tes sur la supervision, l&#039;exploitation et la maintenance des plateformes mobiles suspendues !<\/p>\n<p>Nos cours couvrent un large \u00e9ventail d&#039;informations li\u00e9es aux plates-formes suspendues. Ils int\u00e8grent des donn\u00e9es th\u00e9oriques importantes et des exercices pratiques sur ces appareils, vous permettant d&#039;acqu\u00e9rir ceux qui conviennent <a href=\"https:\/\/kursy-udt.pl\/fr\/uprawnienia-udt\/kategorie-uprawnien-2\/\">Dipl\u00f4mes UDT<\/a>.<\/p>\n<h2 class=\"naglowekh2\">Lors des sessions de formation, les th\u00e8mes suivants sont abord\u00e9s : les sujets suivants :<\/h2>\n<ul>\n<li>principales informations sur la supervision technique des plates-formes suspendues, y compris les qualifications n\u00e9cessaires \u00e0 leur exploitation et \u00e0 leur maintenance<\/li>\n<li>caract\u00e9ristiques techniques des plates-formes suspendues - plate-forme de travail, treuil \u00e0 c\u00e2ble, structure portante, \u00e9quipement \u00e9lectrique, dispositifs d&#039;urgence<\/li>\n<li>calculs de r\u00e9sistance et de stabilit\u00e9 des plates-formes suspendues<\/li>\n<li>marquage correct des plates-formes suspendues<\/li>\n<li>utilisation correcte des plates-formes suspendues - pr\u00e9paration des travaux, \u00e9tendue des activit\u00e9s de l&#039;op\u00e9rateur, ach\u00e8vement des travaux<\/li>\n<li>Sant\u00e9 et s\u00e9curit\u00e9 au travail avec les plateformes suspendues<\/li>\n<\/ul>\n<p>La dur\u00e9e des cours est de 10 \u00e0 35 heures d&#039;enseignement, y compris l&#039;examen UDT.<\/p>\n<p>Le centre ERGON peut \u00e9galement adapter la port\u00e9e des sujets de cours aux besoins individuels des clients.<\/p>\n<p>Nous vous invitons \u00e0 profiter de notre offre \u00e9ducative au Centre de Formation du Personnel ERGON !<\/p>\n<p><a href=\"https:\/\/kursy-udt.pl\/wp-content\/uploads\/2022\/12\/PODESTY-RUCHOME-kursy-udt.pl_.png\"><img loading=\"lazy\" decoding=\"async\" class=\"aligncenter wp-image-4531\" src=\"https:\/\/kursy-udt.pl\/wp-content\/uploads\/2022\/12\/PODESTY-RUCHOME-kursy-udt.pl_-300x188.png\" alt=\"\" width=\"750\" height=\"469\" srcset=\"https:\/\/kursy-udt.pl\/wp-content\/uploads\/2022\/12\/PODESTY-RUCHOME-kursy-udt.pl_-300x188.png 300w, https:\/\/kursy-udt.pl\/wp-content\/uploads\/2022\/12\/PODESTY-RUCHOME-kursy-udt.pl_-1024x640.png 1024w, https:\/\/kursy-udt.pl\/wp-content\/uploads\/2022\/12\/PODESTY-RUCHOME-kursy-udt.pl_-768x480.png 768w, https:\/\/kursy-udt.pl\/wp-content\/uploads\/2022\/12\/PODESTY-RUCHOME-kursy-udt.pl_-18x12.png 18w, https:\/\/kursy-udt.pl\/wp-content\/uploads\/2022\/12\/PODESTY-RUCHOME-kursy-udt.pl_-624x390.png 624w, https:\/\/kursy-udt.pl\/wp-content\/uploads\/2022\/12\/PODESTY-RUCHOME-kursy-udt.pl_.png 1200w\" sizes=\"auto, (max-width: 750px) 100vw, 750px\" \/><\/a><\/p>\n<div class=\"button_styl\" style=\"float: right; padding-left: 15px; padding-bottom: 8px; margin-bottom: 5px;\"><a class=\"myButton myButton_maly\" href=\"https:\/\/platformaedukacji.pl\/sklep\/\" target=\"_blank\" rel=\"nofollow noopener noreferrer\"><span style=\"color: white;\">Inscrivez-vous \u00e0 la formation<\/span><\/a><\/div>","protected":false},"excerpt":{"rendered":"<p>Vous obtiendrez des dipl\u00f4mes : Titres UDT pour l&#039;exploitation de nacelles mobiles suspendues Le Centre de Formation du Personnel ERGON organise des formations compl\u00e8tes pour les nacelles mobiles suspendues. Nous vous encourageons \u00e0 vous familiariser avec leur port\u00e9e ! Plates-formes mobiles, dispositifs suspendus utilis\u00e9s lors de travaux en hauteur. Ils n\u00e9cessitent une bonne pr\u00e9paration th\u00e9orique et pratique ainsi que les qualifications appropri\u00e9es pour les faire fonctionner. ODK ERGON vous propose de profiter de formations compl\u00e8tes sur la supervision, l&#039;exploitation et la maintenance des plateformes mobiles suspendues ! Nos cours couvrent un large \u00e9ventail d&#039;informations li\u00e9es aux plates-formes suspendues. Ils comprennent des donn\u00e9es th\u00e9oriques importantes et des exercices pratiques sur ces appareils, vous permettant d&#039;obtenir les qualifications UDT appropri\u00e9es. Lors des sessions de formation, les th\u00e8mes suivants sont abord\u00e9s : les sujets suivants : informations principales sur l&#039;inspection technique des plates-formes suspendues, y compris les autorisations n\u00e9cessaires \u00e0 leur exploitation et \u00e0 leur maintenance caract\u00e9ristiques techniques des plates-formes suspendues - plate-forme de travail, treuil \u00e0 c\u00e2ble, structure portante, \u00e9quipements \u00e9lectriques, dispositifs de secours calculs de la r\u00e9sistance et stabilit\u00e9 des plates-formes suspendues marquage correct des plates-formes suspendues bon fonctionnement des plates-formes suspendues - pr\u00e9paration au travail, \u00e9tendue des activit\u00e9s de l&#039;op\u00e9rateur, ach\u00e8vement des travaux de SST avec des plates-formes suspendues La dur\u00e9e des cours est de 10 \u00e0 35 heures didactiques, y compris l&#039;examen UDT. Le centre ERGON peut \u00e9galement adapter la port\u00e9e des sujets de cours aux besoins individuels des clients. Nous vous invitons \u00e0 profiter de notre offre \u00e9ducative au Centre de Formation du Personnel ERGON ! Inscrivez-vous \u00e0 la formation<\/p>","protected":false},"author":1,"featured_media":3144,"parent":3226,"menu_order":0,"comment_status":"closed","ping_status":"closed","template":"","meta":{"sfsi_plus_gutenberg_text_before_share":"","sfsi_plus_gutenberg_show_text_before_share":"","sfsi_plus_gutenberg_icon_type":"","sfsi_plus_gutenberg_icon_alignemt":"","sfsi_plus_gutenburg_max_per_row":"","footnotes":""},"class_list":["post-3149","page","type-page","status-publish","has-post-thumbnail","hentry","has_thumb"],"aioseo_notices":[],"_links":{"self":[{"href":"https:\/\/kursy-udt.pl\/fr\/wp-json\/wp\/v2\/pages\/3149","targetHints":{"allow":["GET"]}}],"collection":[{"href":"https:\/\/kursy-udt.pl\/fr\/wp-json\/wp\/v2\/pages"}],"about":[{"href":"https:\/\/kursy-udt.pl\/fr\/wp-json\/wp\/v2\/types\/page"}],"author":[{"embeddable":true,"href":"https:\/\/kursy-udt.pl\/fr\/wp-json\/wp\/v2\/users\/1"}],"replies":[{"embeddable":true,"href":"https:\/\/kursy-udt.pl\/fr\/wp-json\/wp\/v2\/comments?post=3149"}],"version-history":[{"count":5,"href":"https:\/\/kursy-udt.pl\/fr\/wp-json\/wp\/v2\/pages\/3149\/revisions"}],"predecessor-version":[{"id":4651,"href":"https:\/\/kursy-udt.pl\/fr\/wp-json\/wp\/v2\/pages\/3149\/revisions\/4651"}],"up":[{"embeddable":true,"href":"https:\/\/kursy-udt.pl\/fr\/wp-json\/wp\/v2\/pages\/3226"}],"wp:featuredmedia":[{"embeddable":true,"href":"https:\/\/kursy-udt.pl\/fr\/wp-json\/wp\/v2\/media\/3144"}],"wp:attachment":[{"href":"https:\/\/kursy-udt.pl\/fr\/wp-json\/wp\/v2\/media?parent=3149"}],"curies":[{"name":"wp","href":"https:\/\/api.w.org\/{rel}","templated":true}]}}