{"id":3142,"date":"2020-07-01T22:03:18","date_gmt":"2020-07-01T22:03:18","guid":{"rendered":"https:\/\/kursy-udt.pl\/?page_id=3142"},"modified":"2023-01-05T11:03:28","modified_gmt":"2023-01-05T11:03:28","slug":"lentretien-des-chariots-elevateurs-a-crochets-et-des-skips-montes-sur-vehicule","status":"publish","type":"page","link":"https:\/\/kursy-udt.pl\/fr\/szkolenia\/zakresy-ksztalcenia\/konserwacja-dzwignikow-montowanych-na-pojezdzie-tzw-hakowce-i-bramowce\/","title":{"rendered":"Entretien des crics mont\u00e9s sur le v\u00e9hicule, les soi-disant \u00e9l\u00e9vateurs \u00e0 crochet et skippers"},"content":{"rendered":"<h2 class=\"naglowekh2\"><u><strong>Vous serez qualifi\u00e9 :<\/strong><\/u><br \/>\nQualifications UDT pour l&#039;entretien des crics mont\u00e9s sur le v\u00e9hicule, les soi-disant \u00e9l\u00e9vateurs \u00e0 crochet et skippers<\/h2>\n<p><img loading=\"lazy\" decoding=\"async\" class=\"obrazekpadding alignleft wp-image-3156 size-medium\" src=\"https:\/\/kursy-udt.pl\/wp-content\/uploads\/2020\/07\/1-300x211.png\" alt=\"Mont\u00e9 sur le v\u00e9hicule\" width=\"300\" height=\"211\" srcset=\"https:\/\/kursy-udt.pl\/wp-content\/uploads\/2020\/07\/1-300x211.png 300w, https:\/\/kursy-udt.pl\/wp-content\/uploads\/2020\/07\/1.png 570w\" sizes=\"auto, (max-width: 300px) 100vw, 300px\" \/><a href=\"https:\/\/kursy-udt.pl\/fr\/o-firmie\/\">Centre de formation du personnel ERGON<\/a> vous encourage \u00e0 profiter de l&#039;offre de cours sur les \u00e9l\u00e9vateurs embarqu\u00e9s - \u00e9l\u00e9vateurs \u00e0 crochet et portiques\u00a0!<\/p>\n<p>Les crics mont\u00e9s sur v\u00e9hicule - les \u00e9l\u00e9vateurs \u00e0 crochet et les portiques sont des appareils de manutention (UTB) avec une large gamme d&#039;applications dans le chargement et le d\u00e9chargement de nombreux types de biens, y compris les \u00e9l\u00e9ments en b\u00e9ton, en m\u00e9tal et en bois. En raison du fait qu&#039;ils sont situ\u00e9s sur des v\u00e9hicules, il est possible de les utiliser dans diverses zones - \u00e9galement l\u00e0 o\u00f9 il n&#039;y a pas d&#039;acc\u00e8s \u00e0 ce type d&#039;\u00e9quipement.<\/p>\n<p>L&#039;utilisation de crics mont\u00e9s sur un v\u00e9hicule n\u00e9cessite une pr\u00e9paration th\u00e9orique et pratique appropri\u00e9e et l&#039;obtention des qualifications requises d\u00e9livr\u00e9es par l&#039;Office d&#039;Inspection Technique - UDT.<\/p>\n<p>Notre centre ERGON vous invite \u00e0 des cours professionnels et complets sur le fonctionnement et l&#039;entretien des appareils mentionn\u00e9s ci-dessus. Nous fournissons des informations th\u00e9oriques et organisons des exercices pratiques, pr\u00e9parant solidement nos \u00e9tudiants \u00e0 passer l&#039;examen et \u00e0 obtenir les qualifications appropri\u00e9es\u00a0!<\/p>\n<h2 class=\"naglowekh2\">Lors des sessions de formation, les th\u00e8mes suivants sont abord\u00e9s : les sujets suivants :<\/h2>\n<ul>\n<li>informations principales sur le contr\u00f4le technique des crics mont\u00e9s sur les voitures - contr\u00f4le technique, <a href=\"https:\/\/kursy-udt.pl\/fr\/uprawnienia-udt\/kategorie-uprawnien-2\/\">droits<\/a>, Documentation<\/li>\n<li>informations sur la construction de crics mont\u00e9s sur des voitures - \u00e9l\u00e9ments d&#039;appareils \u00e0 bras et de structures \u00e0 portique<\/li>\n<li>manipulation correcte des crics mont\u00e9s sur les voitures<\/li>\n<li>entretien des crics mont\u00e9s sur voiture<\/li>\n<li>r\u00e8glements <a href=\"https:\/\/kursy-udt.pl\/fr\/szkolenia\/bhp-bezpieczenstwo-pracy\/prawna-ochrona-pracy\/\">Sant\u00e9 et s\u00e9curit\u00e9<\/a> et <a href=\"https:\/\/kursy-udt.pl\/fr\/szkolenia\/bhp-bezpieczenstwo-pracy\/pierwsza-pomoc-i-dzialania\/\">premiers secours<\/a> en cas d'urgence<\/li>\n<\/ul>\n<p>La dur\u00e9e des \u00e9tudes est de 38 \u00e0 68 heures d&#039;enseignement, y compris l&#039;examen UDT.<\/p>\n<p>Le Centre ERGON offre la possibilit\u00e9 de modifier individuellement l&#039;\u00e9tendue des cours en fonction des besoins du client.<\/p>\n<p>Nous vous invitons cordialement \u00e0 choisir l&#039;offre disponible au Centre de Formation du Personnel ERGON !<\/p>\n<p><a href=\"https:\/\/kursy-udt.pl\/wp-content\/uploads\/2023\/01\/Reklama-Na-Kursy-7-1-2.png\"><img loading=\"lazy\" decoding=\"async\" class=\"aligncenter wp-image-4692\" src=\"https:\/\/kursy-udt.pl\/wp-content\/uploads\/2023\/01\/Reklama-Na-Kursy-7-1-2-300x188.png\" alt=\"\" width=\"750\" height=\"469\" srcset=\"https:\/\/kursy-udt.pl\/wp-content\/uploads\/2023\/01\/Reklama-Na-Kursy-7-1-2-300x188.png 300w, https:\/\/kursy-udt.pl\/wp-content\/uploads\/2023\/01\/Reklama-Na-Kursy-7-1-2-1024x640.png 1024w, https:\/\/kursy-udt.pl\/wp-content\/uploads\/2023\/01\/Reklama-Na-Kursy-7-1-2-768x480.png 768w, https:\/\/kursy-udt.pl\/wp-content\/uploads\/2023\/01\/Reklama-Na-Kursy-7-1-2-18x12.png 18w, https:\/\/kursy-udt.pl\/wp-content\/uploads\/2023\/01\/Reklama-Na-Kursy-7-1-2-624x390.png 624w, https:\/\/kursy-udt.pl\/wp-content\/uploads\/2023\/01\/Reklama-Na-Kursy-7-1-2.png 1200w\" sizes=\"auto, (max-width: 750px) 100vw, 750px\" \/><\/a><\/p>\n<div class=\"button_styl\" style=\"float: right; padding-left: 15px; padding-bottom: 8px; margin-bottom: 5px;\"><a class=\"myButton myButton_maly\" href=\"https:\/\/platformaedukacji.pl\/sklep\/\" target=\"_blank\" rel=\"nofollow noopener noreferrer\"><span style=\"color: white;\">Inscrivez-vous \u00e0 la formation<\/span><\/a><\/div>","protected":false},"excerpt":{"rendered":"<p>Vous obtiendrez des qualifications : Autorisations UDT pour la maintenance des grues mont\u00e9es sur v\u00e9hicule - dites \u00e0 crochet et \u00e0 portique Le Centre de d\u00e9veloppement du personnel ERGON vous encourage \u00e0 profiter de l'offre de cours pour les grues mont\u00e9es sur v\u00e9hicule - dites \u00e0 crochet et \u00e0 portique ! Les grues mont\u00e9es sur v\u00e9hicule - les chariots \u00e0 crochet et les portiques - sont des engins de manutention (UTB) ayant un large \u00e9ventail d'applications dans le chargement et le d\u00e9chargement de nombreux types de biens, y compris les \u00e9l\u00e9ments en b\u00e9ton, les \u00e9l\u00e9ments m\u00e9talliques, le bois, entre autres. Comme ils sont sur des v\u00e9hicules, il est possible de les utiliser dans divers endroits - y compris l\u00e0 o\u00f9 il n'y a pas d'acc\u00e8s \u00e0 des \u00e9quipements de ce type. L'utilisation de grues mont\u00e9es sur v\u00e9hicule n\u00e9cessite une pr\u00e9paration th\u00e9orique et pratique appropri\u00e9e et l'obtention des autorisations requises d\u00e9livr\u00e9es par l'Office de contr\u00f4le technique - UDT. Notre centre ERGON vous invite \u00e0 suivre des cours professionnels et complets sur le fonctionnement et l'entretien des \u00e9quipements susmentionn\u00e9s. Nous fournissons des informations th\u00e9oriques et organisons des exercices pratiques, pr\u00e9parant solidement nos stagiaires \u00e0 passer l'examen et \u00e0 obtenir les licences requises ! Les th\u00e8mes suivants, entre autres, sont abord\u00e9s au cours de la formation : informations principales sur la surveillance technique des grues sur camion - surveillance technique, autorisations, documentation ; informations sur la construction des grues sur camion - \u00e9l\u00e9ments de la construction des chariots \u00e9l\u00e9vateurs et des portiques ; fonctionnement correct des grues sur camion ; entretien des grues sur camion ; r\u00e8gles de sant\u00e9 et de s\u00e9curit\u00e9 et premiers secours en cas d'urgence. La dur\u00e9e de la formation varie de 38 \u00e0 68 heures de cours, y compris l'examen UDT. Le Centre ERGON offre la possibilit\u00e9 de modifier l'\u00e9tendue des cours de mani\u00e8re individuelle en fonction des besoins du client. Nous vous invitons chaleureusement \u00e0 choisir parmi l'offre disponible au Centre ERGON pour l'am\u00e9lioration du personnel ! Inscrivez-vous \u00e0 la formation<\/p>","protected":false},"author":1,"featured_media":3156,"parent":3226,"menu_order":0,"comment_status":"closed","ping_status":"closed","template":"","meta":{"sfsi_plus_gutenberg_text_before_share":"","sfsi_plus_gutenberg_show_text_before_share":"","sfsi_plus_gutenberg_icon_type":"","sfsi_plus_gutenberg_icon_alignemt":"","sfsi_plus_gutenburg_max_per_row":"","footnotes":""},"class_list":["post-3142","page","type-page","status-publish","has-post-thumbnail","hentry","has_thumb"],"aioseo_notices":[],"_links":{"self":[{"href":"https:\/\/kursy-udt.pl\/fr\/wp-json\/wp\/v2\/pages\/3142","targetHints":{"allow":["GET"]}}],"collection":[{"href":"https:\/\/kursy-udt.pl\/fr\/wp-json\/wp\/v2\/pages"}],"about":[{"href":"https:\/\/kursy-udt.pl\/fr\/wp-json\/wp\/v2\/types\/page"}],"author":[{"embeddable":true,"href":"https:\/\/kursy-udt.pl\/fr\/wp-json\/wp\/v2\/users\/1"}],"replies":[{"embeddable":true,"href":"https:\/\/kursy-udt.pl\/fr\/wp-json\/wp\/v2\/comments?post=3142"}],"version-history":[{"count":8,"href":"https:\/\/kursy-udt.pl\/fr\/wp-json\/wp\/v2\/pages\/3142\/revisions"}],"predecessor-version":[{"id":4693,"href":"https:\/\/kursy-udt.pl\/fr\/wp-json\/wp\/v2\/pages\/3142\/revisions\/4693"}],"up":[{"embeddable":true,"href":"https:\/\/kursy-udt.pl\/fr\/wp-json\/wp\/v2\/pages\/3226"}],"wp:featuredmedia":[{"embeddable":true,"href":"https:\/\/kursy-udt.pl\/fr\/wp-json\/wp\/v2\/media\/3156"}],"wp:attachment":[{"href":"https:\/\/kursy-udt.pl\/fr\/wp-json\/wp\/v2\/media?parent=3142"}],"curies":[{"name":"wp","href":"https:\/\/api.w.org\/{rel}","templated":true}]}}