{"id":3137,"date":"2020-07-01T21:54:28","date_gmt":"2020-07-01T21:54:28","guid":{"rendered":"https:\/\/kursy-udt.pl\/?page_id=3137"},"modified":"2023-01-04T12:22:44","modified_gmt":"2023-01-04T12:22:44","slug":"la-conduite-de-chariots-elevateurs-specialises","status":"publish","type":"page","link":"https:\/\/kursy-udt.pl\/fr\/szkolenia\/zakresy-ksztalcenia\/obsluga-wozkow-jezdniowych-podnosnikowych-specjalizowanych\/","title":{"rendered":"Conduite de chariots \u00e9l\u00e9vateurs sp\u00e9cialis\u00e9s soulevant l&#039;op\u00e9rateur ou \u00e0 port\u00e9e variable"},"content":{"rendered":"<h2 class=\"naglowekh2\"><u><strong>Vous serez qualifi\u00e9 :<\/strong><\/u><br \/>\nQualifications UDT pour la conduite de chariots \u00e9l\u00e9vateurs sp\u00e9cialis\u00e9s \u00e0 levage de l&#039;op\u00e9rateur ou \u00e0 port\u00e9e variable<\/h2>\n<p><img loading=\"lazy\" decoding=\"async\" class=\"obrazekpadding alignleft wp-image-3139 size-medium\" src=\"https:\/\/kursy-udt.pl\/wp-content\/uploads\/2020\/07\/1-4-200x300.jpg\" alt=\"Avec fl\u00e8che variable\" width=\"200\" height=\"300\" srcset=\"https:\/\/kursy-udt.pl\/wp-content\/uploads\/2020\/07\/1-4-200x300.jpg 200w, https:\/\/kursy-udt.pl\/wp-content\/uploads\/2020\/07\/1-4-624x937.jpg 624w, https:\/\/kursy-udt.pl\/wp-content\/uploads\/2020\/07\/1-4.jpg 657w\" sizes=\"auto, (max-width: 200px) 100vw, 200px\" \/>Le Kadr Training Center vous propose de profiter de son offre de formation dans le cadre de l&#039;entretien des poids lourds sp\u00e9cialis\u00e9s !<\/p>\n<p>Les camions motoris\u00e9s sp\u00e9cialis\u00e9s sont des \u00e9quipements de manutention (UTB) utilis\u00e9s dans de nombreux travaux de chargement et de d\u00e9chargement. Ces camions sont \u00e9quip\u00e9s d&#039;une cabine sur\u00e9lev\u00e9e ou d&#039;une port\u00e9e variable, ce qui les rend largement utilis\u00e9s dans diverses industries.<\/p>\n<p>Les cours de chariots \u00e9l\u00e9vateurs motoris\u00e9s sp\u00e9cialis\u00e9s offerts par notre Centre ERGON s&#039;adressent aux candidats aux op\u00e9rateurs de ce type d&#039;\u00e9quipement. Nous dispensons des cours sous forme th\u00e9orique et pratique \u00e0 travers des exercices sur chariots de manutention.<\/p>\n<h2 class=\"naglowekh2\">Lors des sessions de formation, les th\u00e8mes suivants sont abord\u00e9s : les sujets suivants :<\/h2>\n<ul>\n<li><a href=\"https:\/\/kursy-udt.pl\/fr\/uprawnienia-udt\/kategorie-uprawnien-2\/\">droits<\/a> n\u00e9cessaire pour faire fonctionner des chariots sp\u00e9cialis\u00e9s<\/li>\n<li>chariots \u00e9l\u00e9vateurs sp\u00e9cialis\u00e9s \u00e0 port\u00e9e variable - informations sur la construction, les caract\u00e9ristiques de fonctionnement, les activit\u00e9s de maintenance<\/li>\n<li>camions sp\u00e9cialis\u00e9s avec cabine de conduite sur\u00e9lev\u00e9e - informations sur la construction, les caract\u00e9ristiques de travail, les activit\u00e9s de maintenance<\/li>\n<li><a href=\"https:\/\/kursy-udt.pl\/fr\/szkolenia\/bhp-bezpieczenstwo-pracy\/prawna-ochrona-pracy\/\">Sant\u00e9 et s\u00e9curit\u00e9<\/a> lorsque vous travaillez avec des camions sp\u00e9cialis\u00e9s<\/li>\n<\/ul>\n<p>La dur\u00e9e des cours est de 10 \u00e0 35 heures d&#039;enseignement, y compris un examen devant la commission UDT.<\/p>\n<p>A la demande du client, le Centre ERGON peut adapter l&#039;offre de cours aux besoins de chacun.<\/p>\n<p>Nous vous invitons \u00e0 profiter de notre offre en <a href=\"https:\/\/kursy-udt.pl\/fr\/o-firmie\/\">ODK ERGON<\/a>!<\/p>\n<p><a href=\"https:\/\/kursy-udt.pl\/wp-content\/uploads\/2022\/12\/wozki-widlowe-kursy-udt.pl_.png\"><img loading=\"lazy\" decoding=\"async\" class=\"aligncenter wp-image-4547\" src=\"https:\/\/kursy-udt.pl\/wp-content\/uploads\/2022\/12\/wozki-widlowe-kursy-udt.pl_-300x188.png\" alt=\"\" width=\"750\" height=\"469\" srcset=\"https:\/\/kursy-udt.pl\/wp-content\/uploads\/2022\/12\/wozki-widlowe-kursy-udt.pl_-300x188.png 300w, https:\/\/kursy-udt.pl\/wp-content\/uploads\/2022\/12\/wozki-widlowe-kursy-udt.pl_-1024x640.png 1024w, https:\/\/kursy-udt.pl\/wp-content\/uploads\/2022\/12\/wozki-widlowe-kursy-udt.pl_-768x480.png 768w, https:\/\/kursy-udt.pl\/wp-content\/uploads\/2022\/12\/wozki-widlowe-kursy-udt.pl_-18x12.png 18w, https:\/\/kursy-udt.pl\/wp-content\/uploads\/2022\/12\/wozki-widlowe-kursy-udt.pl_-624x390.png 624w, https:\/\/kursy-udt.pl\/wp-content\/uploads\/2022\/12\/wozki-widlowe-kursy-udt.pl_.png 1200w\" sizes=\"auto, (max-width: 750px) 100vw, 750px\" \/><\/a><\/p>\n<div class=\"button_styl\" style=\"float: right; padding-left: 15px; padding-bottom: 8px; margin-bottom: 5px;\"><a class=\"myButton myButton_maly\" href=\"https:\/\/platformaedukacji.pl\/sklep\/\" target=\"_blank\" rel=\"nofollow noopener noreferrer\"><span style=\"color: white;\">Inscrivez-vous \u00e0 la formation<\/span><\/a><\/div>","protected":false},"excerpt":{"rendered":"<p>Vous obtiendrez des qualifications : Qualifications UDT pour conduire des chariots \u00e9l\u00e9vateurs sp\u00e9cialis\u00e9s soulevant l&#039;op\u00e9rateur ou \u00e0 port\u00e9e variable. Les camions motoris\u00e9s sp\u00e9cialis\u00e9s sont des \u00e9quipements de manutention (UTB) utilis\u00e9s dans un certain nombre de travaux de chargement et de d\u00e9chargement. Ces chariots sont \u00e9quip\u00e9s d&#039;une cabine sur\u00e9lev\u00e9e ou d&#039;une port\u00e9e variable, ce qui les rend largement utilis\u00e9s dans diverses industries. Les cours de chariots \u00e9l\u00e9vateurs motoris\u00e9s sp\u00e9cialis\u00e9s offerts par notre Centre ERGON s&#039;adressent aux candidats aux op\u00e9rateurs de ce type d&#039;\u00e9quipement. Nous dispensons des cours sous forme th\u00e9orique et pratique \u00e0 travers des exercices sur chariots \u00e9l\u00e9vateurs. Lors des sessions de formation, les th\u00e8mes suivants sont abord\u00e9s : les sujets suivants : autorisations requises pour op\u00e9rer des camions sp\u00e9cialis\u00e9s camions sp\u00e9cialis\u00e9s \u00e0 port\u00e9e variable - informations sur la construction, les caract\u00e9ristiques de travail, les activit\u00e9s d&#039;entretien camions sp\u00e9cialis\u00e9s avec cabine de conduite sur\u00e9lev\u00e9e - informations sur la construction, les caract\u00e9ristiques de travail, la sant\u00e9 et la s\u00e9curit\u00e9 des activit\u00e9s d&#039;entretien lors de travaux avec des camions La dur\u00e9e des cours est de 10 \u00e0 35 heures d&#039;enseignement, y compris un examen devant le comit\u00e9 UDT. A la demande du client, le Centre ERGON peut adapter l&#039;offre de cours aux besoins de chacun. Nous vous invitons \u00e0 profiter de notre offre chez ODK ERGON ! Inscrivez-vous \u00e0 la formation<\/p>","protected":false},"author":1,"featured_media":3139,"parent":3226,"menu_order":0,"comment_status":"closed","ping_status":"closed","template":"","meta":{"sfsi_plus_gutenberg_text_before_share":"","sfsi_plus_gutenberg_show_text_before_share":"","sfsi_plus_gutenberg_icon_type":"","sfsi_plus_gutenberg_icon_alignemt":"","sfsi_plus_gutenburg_max_per_row":"","footnotes":""},"class_list":["post-3137","page","type-page","status-publish","has-post-thumbnail","hentry","has_thumb"],"aioseo_notices":[],"_links":{"self":[{"href":"https:\/\/kursy-udt.pl\/fr\/wp-json\/wp\/v2\/pages\/3137","targetHints":{"allow":["GET"]}}],"collection":[{"href":"https:\/\/kursy-udt.pl\/fr\/wp-json\/wp\/v2\/pages"}],"about":[{"href":"https:\/\/kursy-udt.pl\/fr\/wp-json\/wp\/v2\/types\/page"}],"author":[{"embeddable":true,"href":"https:\/\/kursy-udt.pl\/fr\/wp-json\/wp\/v2\/users\/1"}],"replies":[{"embeddable":true,"href":"https:\/\/kursy-udt.pl\/fr\/wp-json\/wp\/v2\/comments?post=3137"}],"version-history":[{"count":7,"href":"https:\/\/kursy-udt.pl\/fr\/wp-json\/wp\/v2\/pages\/3137\/revisions"}],"predecessor-version":[{"id":4656,"href":"https:\/\/kursy-udt.pl\/fr\/wp-json\/wp\/v2\/pages\/3137\/revisions\/4656"}],"up":[{"embeddable":true,"href":"https:\/\/kursy-udt.pl\/fr\/wp-json\/wp\/v2\/pages\/3226"}],"wp:featuredmedia":[{"embeddable":true,"href":"https:\/\/kursy-udt.pl\/fr\/wp-json\/wp\/v2\/media\/3139"}],"wp:attachment":[{"href":"https:\/\/kursy-udt.pl\/fr\/wp-json\/wp\/v2\/media?parent=3137"}],"curies":[{"name":"wp","href":"https:\/\/api.w.org\/{rel}","templated":true}]}}