{"id":3131,"date":"2020-07-01T21:32:51","date_gmt":"2020-07-01T21:32:51","guid":{"rendered":"https:\/\/kursy-udt.pl\/?page_id=3131"},"modified":"2023-01-05T09:59:27","modified_gmt":"2023-01-05T09:59:27","slug":"fonctionnement-et-entretien-des-chariots-telescopiques","status":"publish","type":"page","link":"https:\/\/kursy-udt.pl\/fr\/szkolenia\/zakresy-ksztalcenia\/obsluga-i-konserwacja-ladowarki-teleskopowe\/","title":{"rendered":"Exploitation et maintenance de chariots \u00e9l\u00e9vateurs sp\u00e9cialis\u00e9s \u00e0 port\u00e9e variable, les soi-disant chargeurs t\u00e9lescopiques"},"content":{"rendered":"<h2 class=\"naglowekh2\"><u><strong>Vous serez qualifi\u00e9 :<\/strong><\/u><br \/>\nQualifications UDT pour l&#039;exploitation \/ maintenance de chariots \u00e9l\u00e9vateurs sp\u00e9cialis\u00e9s \u00e0 port\u00e9e variable, les soi-disant chargeurs t\u00e9lescopiques<\/h2>\n<p><img loading=\"lazy\" decoding=\"async\" class=\"obrazekpadding wp-image-3132 size-medium alignleft\" src=\"https:\/\/kursy-udt.pl\/wp-content\/uploads\/2020\/07\/1-3-300x200.jpg\" alt=\"chargeurs t\u00e9lescopiques\" width=\"300\" height=\"200\" srcset=\"https:\/\/kursy-udt.pl\/wp-content\/uploads\/2020\/07\/1-3-300x200.jpg 300w, https:\/\/kursy-udt.pl\/wp-content\/uploads\/2020\/07\/1-3.jpg 481w\" sizes=\"auto, (max-width: 300px) 100vw, 300px\" \/><a href=\"https:\/\/kursy-udt.pl\/fr\/o-firmie\/\">Centre de formation du personnel ERGON<\/a> est sp\u00e9cialis\u00e9 dans l&#039;organisation de formations \u00e0 l&#039;exploitation et \u00e0 la maintenance des engins de manutention (UTB). Nous vous encourageons \u00e0 profiter de notre offre pour l&#039;op\u00e9ration et l&#039;entretien des chargeurs t\u00e9lescopiques !<\/p>\n<p>Les chargeurs t\u00e9lescopiques sont des appareils largement utilis\u00e9s dans les travaux de rechargement, qui sont utilis\u00e9s sur de nombreux lieux de travail. Le fonctionnement de ce type d&#039;appareil n\u00e9cessite des autorisations appropri\u00e9es. Ils sont \u00e9galement n\u00e9cessaires au poste de maintenance des chargeurs t\u00e9lescopiques.<\/p>\n<p>ODK ERGON vous invite \u00e0 profiter de l&#039;offre dans le domaine de l&#039;exploitation et de la maintenance des chargeurs t\u00e9lescopiques. Nos cours comprennent une gamme compl\u00e8te d&#039;informations th\u00e9oriques ainsi que des exercices pratiques li\u00e9s aux appareils mentionn\u00e9s ci-dessus. Nous pr\u00e9parons solidement nos \u00e9tudiants \u00e0 passer les examens !<\/p>\n<h2 class=\"naglowekh2\">Lors des sessions de formation, les th\u00e8mes suivants sont abord\u00e9s : les sujets suivants :<\/h2>\n<ul>\n<li>r\u00e8glements de contr\u00f4le technique pour les chargeurs t\u00e9lescopiques, y compris <a href=\"https:\/\/kursy-udt.pl\/fr\/uprawnienia-udt\/kategorie-uprawnien-2\/\">droits<\/a> n\u00e9cessaires \u00e0 leur fonctionnement, documentation des appareils<\/li>\n<li>caract\u00e9ristiques g\u00e9n\u00e9rales et construction de chariots \u00e9l\u00e9vateurs sp\u00e9cialis\u00e9s \u00e0 port\u00e9e variable, les soi-disant chargeurs t\u00e9lescopiques - fl\u00e8che, moteur, syst\u00e8me \u00e9lectrique, syst\u00e8me de freinage, syst\u00e8me hydraulique<\/li>\n<li>exploitation de chariots \u00e9l\u00e9vateurs sp\u00e9cialis\u00e9s \u00e0 port\u00e9e variable de chargeurs t\u00e9lescopiques - technologies pour effectuer des travaux avec l&#039;utilisation de chargeurs t\u00e9lescopiques, y compris les types d&#039;\u00e9quipements de travail<\/li>\n<li>entretien de certains chariots \u00e9l\u00e9vateurs sp\u00e9cialis\u00e9s \u00e0 port\u00e9e variable - chargeurs t\u00e9lescopiques, y compris l&#039;entretien de la fl\u00e8che, du moteur \u00e0 combustion interne, de l&#039;installation \u00e9lectrique, du syst\u00e8me de freinage, du syst\u00e8me hydraulique<\/li>\n<li>r\u00e9parations de chargeurs t\u00e9lescopiques s\u00e9lectionn\u00e9s<\/li>\n<li><a href=\"https:\/\/kursy-udt.pl\/fr\/szkolenia\/bhp-bezpieczenstwo-pracy\/prawna-ochrona-pracy\/\">Sant\u00e9 et s\u00e9curit\u00e9<\/a> et la sant\u00e9 et la s\u00e9curit\u00e9 au travail avec les chariots t\u00e9lescopiques<\/li>\n<\/ul>\n<p>La dur\u00e9e des cours pour op\u00e9rateurs et techniciens de maintenance de chargeuses t\u00e9lescopiques varie de 10 \u00e0 35 heures didactiques dans le domaine de l&#039;exploitation et de 38 \u00e0 48 heures didactiques dans le domaine de la maintenance, y compris l&#039;examen UDT.<\/p>\n<p>Notre Centre peut adapter l&#039;\u00e9tendue de la formation aux exigences individuelles du client, en fonction de ses besoins.<\/p>\n<p>Nous vous invitons \u00e0 profiter des services de formation du Centre de Formation du Personnel ERGON !<\/p>\n<p><a href=\"https:\/\/kursy-udt.pl\/wp-content\/uploads\/2022\/12\/wozki-widlowe-kursy-udt.pl_.png\"><img loading=\"lazy\" decoding=\"async\" class=\"aligncenter wp-image-4547\" src=\"https:\/\/kursy-udt.pl\/wp-content\/uploads\/2022\/12\/wozki-widlowe-kursy-udt.pl_-300x188.png\" alt=\"\" width=\"750\" height=\"469\" srcset=\"https:\/\/kursy-udt.pl\/wp-content\/uploads\/2022\/12\/wozki-widlowe-kursy-udt.pl_-300x188.png 300w, https:\/\/kursy-udt.pl\/wp-content\/uploads\/2022\/12\/wozki-widlowe-kursy-udt.pl_-1024x640.png 1024w, https:\/\/kursy-udt.pl\/wp-content\/uploads\/2022\/12\/wozki-widlowe-kursy-udt.pl_-768x480.png 768w, https:\/\/kursy-udt.pl\/wp-content\/uploads\/2022\/12\/wozki-widlowe-kursy-udt.pl_-18x12.png 18w, https:\/\/kursy-udt.pl\/wp-content\/uploads\/2022\/12\/wozki-widlowe-kursy-udt.pl_-624x390.png 624w, https:\/\/kursy-udt.pl\/wp-content\/uploads\/2022\/12\/wozki-widlowe-kursy-udt.pl_.png 1200w\" sizes=\"auto, (max-width: 750px) 100vw, 750px\" \/><\/a><\/p>\n<div class=\"button_styl\" style=\"float: right; padding-left: 15px; padding-bottom: 8px; margin-bottom: 5px;\"><a class=\"myButton myButton_maly\" href=\"https:\/\/platformaedukacji.pl\/sklep\/\" target=\"_blank\" rel=\"nofollow noopener noreferrer\"><span style=\"color: white;\">Inscrivez-vous \u00e0 la formation<\/span><\/a><\/div>","protected":false},"excerpt":{"rendered":"<p>Uzyskasz kwalifikacje: Uprawnienia UDT do obs\u0142ugi\/konserwacji w\u00f3zk\u00f3w jezdniowych podno\u015bnikowych specjalizowanych ze zmiennym wysi\u0119giem tzw. \u0142adowarki teleskopowe O\u015brodek Doskonalenia Kadr ERGON specjalizuje si\u0119 w organizacji szkole\u0144 w ramach obs\u0142ugi i konserwacji urz\u0105dze\u0144 transportu bliskiego (UTB). Zach\u0119camy do skorzystania z naszej oferty dotycz\u0105cej obs\u0142ugi i konserwacji \u0142adowarek teleskopowych! \u0141adowarki teleskopowe to urz\u0105dzenia posiadaj\u0105ce szerokie zastosowanie w pracach prze\u0142adunkowych, kt\u00f3re u\u017cywane s\u0105 na wielu stanowiskach pracy. Obs\u0142uga tego typu urz\u0105dze\u0144 wymaga w\u0142a\u015bciwych uprawnie\u0144. S\u0105 one potrzebne tak\u017ce na stanowisku konserwatora \u0142adowarek teleskopowych. ODK ERGON zaprasza do skorzystania z oferty w zakresie obs\u0142ugi i konserwacji \u0142adowarek teleskopowych. Nasze zaj\u0119cia w\u0142\u0105czaj\u0105 pe\u0142n\u0105 gam\u0119 informacji teoretycznych, a tak\u017ce \u0107wiczenia praktyczne zwi\u0105zane z wy\u017cej wymienionymi urz\u0105dzeniami. Solidnie przygotowujemy naszych kursant\u00f3w do podej\u015bcia do egzamin\u00f3w! Podczas szkole\u0144 poruszane s\u0105 m.in. nast\u0119puj\u0105ce tematy: przepisy dozoru technicznego dotycz\u0105ce \u0142adowarek teleskopowych, w tym uprawnienia potrzebne do ich obs\u0142ugi, dokumentacja urz\u0105dze\u0144 og\u00f3lna charakterystyka i budowa w\u00f3zk\u00f3w jezdniowych podno\u015bnikowych specjalizowanych ze zmiennym wysi\u0119giem tzw. \u0142adowarek teleskopowych \u2013 wysi\u0119gnik, silnik, instalacja elektryczna, uk\u0142ad hamulcowy, uk\u0142ad hydrauliczny eksploatacja w\u00f3zk\u00f3w jezdniowych podno\u015bnikowych specjalizowanych ze zmiennym wysi\u0119giem \u0142adowarek teleskopowych \u2013 technologie prowadzenia rob\u00f3t z u\u017cyciem \u0142adowarek teleskopowych, w tym rodzaje osprz\u0119tu roboczego konserwacja wybranych w\u00f3zk\u00f3w jezdniowych podno\u015bnikowych specjalizowanych ze zmiennym wysi\u0119giem \u2013 \u0142adowarek teleskopowych, w tym konserwacja wysi\u0119gnika, silnika spalinowego, instalacji elektrycznej, uk\u0142adu hamulcowego, uk\u0142adu hydraulicznego remonty wybranych \u0142adowarek teleskopowych BHP i PPO\u017b przy pracy z \u0142adowarkami teleskopowymi Czas trwania zaj\u0119\u0107 dla operator\u00f3w oraz dla konserwator\u00f3w \u0142adowarek teleskopowych wynosi od 10 do 35 godzin dydaktycznych w zakresie obs\u0142ugi i 38-48 godzin dydaktycznych w zakresie konserwacji, w tym egzamin UDT. Nasz O\u015brodek mo\u017ce [&hellip;]<\/p>\n","protected":false},"author":1,"featured_media":3132,"parent":3226,"menu_order":0,"comment_status":"closed","ping_status":"closed","template":"","meta":{"sfsi_plus_gutenberg_text_before_share":"","sfsi_plus_gutenberg_show_text_before_share":"","sfsi_plus_gutenberg_icon_type":"","sfsi_plus_gutenberg_icon_alignemt":"","sfsi_plus_gutenburg_max_per_row":"","footnotes":""},"class_list":["post-3131","page","type-page","status-publish","has-post-thumbnail","hentry","has_thumb"],"aioseo_notices":[],"_links":{"self":[{"href":"https:\/\/kursy-udt.pl\/fr\/wp-json\/wp\/v2\/pages\/3131","targetHints":{"allow":["GET"]}}],"collection":[{"href":"https:\/\/kursy-udt.pl\/fr\/wp-json\/wp\/v2\/pages"}],"about":[{"href":"https:\/\/kursy-udt.pl\/fr\/wp-json\/wp\/v2\/types\/page"}],"author":[{"embeddable":true,"href":"https:\/\/kursy-udt.pl\/fr\/wp-json\/wp\/v2\/users\/1"}],"replies":[{"embeddable":true,"href":"https:\/\/kursy-udt.pl\/fr\/wp-json\/wp\/v2\/comments?post=3131"}],"version-history":[{"count":5,"href":"https:\/\/kursy-udt.pl\/fr\/wp-json\/wp\/v2\/pages\/3131\/revisions"}],"predecessor-version":[{"id":4675,"href":"https:\/\/kursy-udt.pl\/fr\/wp-json\/wp\/v2\/pages\/3131\/revisions\/4675"}],"up":[{"embeddable":true,"href":"https:\/\/kursy-udt.pl\/fr\/wp-json\/wp\/v2\/pages\/3226"}],"wp:featuredmedia":[{"embeddable":true,"href":"https:\/\/kursy-udt.pl\/fr\/wp-json\/wp\/v2\/media\/3132"}],"wp:attachment":[{"href":"https:\/\/kursy-udt.pl\/fr\/wp-json\/wp\/v2\/media?parent=3131"}],"curies":[{"name":"wp","href":"https:\/\/api.w.org\/{rel}","templated":true}]}}