{"id":3125,"date":"2020-07-01T18:58:28","date_gmt":"2020-07-01T18:58:28","guid":{"rendered":"https:\/\/kursy-udt.pl\/?page_id=3125"},"modified":"2020-07-08T20:45:12","modified_gmt":"2020-07-08T20:45:12","slug":"lentretien-des-grues-mobiles","status":"publish","type":"page","link":"https:\/\/kursy-udt.pl\/fr\/szkolenia\/zakresy-ksztalcenia\/konserwacja-zurawi-przeladunkowych-przenosnych\/","title":{"rendered":"Maintenance des grues de chargement - portables"},"content":{"rendered":"<h2 class=\"naglowekh2\"><u><strong>Vous serez qualifi\u00e9 :<\/strong><\/u><br \/>\nQualifications UDT pour la maintenance des grues de chargement - portables<\/h2>\n<p><a href=\"https:\/\/kursy-udt.pl\/wp-content\/uploads\/2020\/07\/1-2.jpg\"><img loading=\"lazy\" decoding=\"async\" class=\"obrazekpadding wp-image-3127 size-medium alignleft\" src=\"https:\/\/kursy-udt.pl\/wp-content\/uploads\/2020\/07\/1-2-200x300.jpg\" alt=\"grues de chargement\" width=\"200\" height=\"300\" srcset=\"https:\/\/kursy-udt.pl\/wp-content\/uploads\/2020\/07\/1-2-200x300.jpg 200w, https:\/\/kursy-udt.pl\/wp-content\/uploads\/2020\/07\/1-2.jpg 375w\" sizes=\"auto, (max-width: 200px) 100vw, 200px\" \/><\/a><a href=\"https:\/\/kursy-udt.pl\/fr\/o-firmie\/\">Centre de formation du personnel ERGON<\/a> vous invite \u00e0 profiter de l&#039;offre de formation grues de chargement - installation et maintenance !<\/p>\n<p>Les grues de chargement sont des \u00e9quipements de manutention (UTB) avec une large gamme d&#039;applications, con\u00e7ues pour transporter de nombreux types de charges. Ces grues peuvent \u00e9galement \u00eatre mont\u00e9es sur des voitures, ce qui permet d&#039;effectuer des travaux de chargement et de d\u00e9chargement n&#039;importe o\u00f9.<\/p>\n<p>Les bons sont n\u00e9cessaires pour faire fonctionner les grues de chargement <a href=\"https:\/\/kursy-udt.pl\/fr\/uprawnienia-udt\/kategorie-uprawnien-2\/\">droits<\/a>. Notre Centre ERGON vous invite \u00e0 profiter du cours sur les grues de chargement, qui fournit des informations compl\u00e8tes relatives \u00e0 l&#039;installation et \u00e0 l&#039;entretien de ce type d&#039;\u00e9quipement, ainsi qu&#039;\u00e0 leur fonctionnement.<\/p>\n<p>Tous les sujets cl\u00e9s li\u00e9s au fonctionnement, \u00e0 l&#039;installation et \u00e0 la maintenance des grues de chargement sont abord\u00e9s pendant le cours. La forme th\u00e9orique et pratique des cours permet une pr\u00e9paration optimale \u00e0 l&#039;approche de l&#039;examen UDT et au travail de grutier et de technicien de maintenance.<\/p>\n<h2 class=\"naglowekh2\">Lors des sessions de formation, les th\u00e8mes suivants sont abord\u00e9s : les sujets suivants :<\/h2>\n<ul>\n<li>autorisations n\u00e9cessaires pour travailler avec des grues<\/li>\n<li>types de base de grues de rechargement - usage g\u00e9n\u00e9ral, mobile, stationnaire, bois, industriel<\/li>\n<li>construction d&#039;une grue de rechargement - m\u00e9canismes, entra\u00eenement, commande hydraulique<\/li>\n<li>dispositifs de commande et de s\u00e9curit\u00e9 pour grues de chargement<\/li>\n<li>montage de grues de chargement<\/li>\n<li>mesures apr\u00e8s le montage des grues<\/li>\n<li>entretien des grues de chargement - t\u00e2ches du conservateur de la grue<\/li>\n<li>supervision technique des grues de chargement<\/li>\n<\/ul>\n<p>La dur\u00e9e des \u00e9tudes est de 38 \u00e0 68 heures d&#039;enseignement, y compris l&#039;examen UDT.<\/p>\n<p>Le Centre ERGON peut adapter la port\u00e9e th\u00e9matique des cours aux attentes individuelles du client.<\/p>\n<p>Nous vous invitons cordialement \u00e0 profiter de nos services de formation au Centre de Formation du Personnel ERGON !<\/p>\n<div class=\"button_styl\" style=\"float: right; padding-left: 15px; padding-bottom: 8px; margin-bottom: 5px;\"><a class=\"myButton myButton_maly\" href=\"https:\/\/platformaedukacji.pl\/sklep\/\" target=\"_blank\" rel=\"nofollow noopener noreferrer\"><span style=\"color: white;\">Inscrivez-vous \u00e0 la formation<\/span><\/a><\/div>","protected":false},"excerpt":{"rendered":"<p>Vous obtiendrez des qualifications : Autorisation UDT pour la maintenance des grues de transbordement - mobiles Le Centre d'Am\u00e9lioration du Personnel ERGON vous invite \u00e0 profiter de l'offre de formation pour les grues de transbordement - installation et maintenance ! Les grues de transbordement sont des engins de manutention (UTB) aux applications tr\u00e8s vari\u00e9es, con\u00e7us pour d\u00e9placer de nombreux types de charges. Ces grues peuvent \u00e9galement \u00eatre mont\u00e9es sur des v\u00e9hicules, ce qui permet d'effectuer des travaux de chargement et de d\u00e9chargement n'importe o\u00f9. L'utilisation des grues de manutention n\u00e9cessite des autorisations ad\u00e9quates. Notre centre ERGON vous invite \u00e0 profiter de l'offre de cours sur les grues de chargement et de d\u00e9chargement, qui fournit des informations compl\u00e8tes sur l'installation et l'entretien de ce type d'\u00e9quipement, ainsi que sur son fonctionnement. Le cours couvre tous les sujets cl\u00e9s li\u00e9s au fonctionnement, \u00e0 l'assemblage et \u00e0 l'entretien des grues de manutention. Le format th\u00e9orique et pratique du cours permet une pr\u00e9paration optimale \u00e0 l'examen UDT et au travail en tant que grutier et mainteneur. Les cours de formation couvrent, entre autres, les sujets suivants les sujets suivants : autorisations n\u00e9cessaires pour travailler avec des grues types de base de grues de manutention - usage g\u00e9n\u00e9ral, mobile, stationnaire, bois, industriel - construction d'une grue de manutention - m\u00e9canismes, entra\u00eenement, commande hydraulique dispositifs de contr\u00f4le et de s\u00e9curit\u00e9 des grues de manutention montage des grues de manutention mesures apr\u00e8s le montage des grues entretien des grues de manutention - t\u00e2ches d'un agent d'entretien des grues supervision technique des grues de manutention La dur\u00e9e de la formation est de 38 \u00e0 68 heures de cours, y compris l'examen de l'UDT. Le Centre ERGON peut adapter le champ th\u00e9matique des cours aux attentes individuelles du client. Nous vous invitons chaleureusement \u00e0 profiter de nos services de formation au Centre ERGON pour le d\u00e9veloppement du personnel ! Inscrivez-vous \u00e0 une formation<\/p>","protected":false},"author":1,"featured_media":3127,"parent":3226,"menu_order":0,"comment_status":"closed","ping_status":"closed","template":"","meta":{"sfsi_plus_gutenberg_text_before_share":"","sfsi_plus_gutenberg_show_text_before_share":"","sfsi_plus_gutenberg_icon_type":"","sfsi_plus_gutenberg_icon_alignemt":"","sfsi_plus_gutenburg_max_per_row":"","footnotes":""},"class_list":["post-3125","page","type-page","status-publish","has-post-thumbnail","hentry","has_thumb"],"aioseo_notices":[],"_links":{"self":[{"href":"https:\/\/kursy-udt.pl\/fr\/wp-json\/wp\/v2\/pages\/3125","targetHints":{"allow":["GET"]}}],"collection":[{"href":"https:\/\/kursy-udt.pl\/fr\/wp-json\/wp\/v2\/pages"}],"about":[{"href":"https:\/\/kursy-udt.pl\/fr\/wp-json\/wp\/v2\/types\/page"}],"author":[{"embeddable":true,"href":"https:\/\/kursy-udt.pl\/fr\/wp-json\/wp\/v2\/users\/1"}],"replies":[{"embeddable":true,"href":"https:\/\/kursy-udt.pl\/fr\/wp-json\/wp\/v2\/comments?post=3125"}],"version-history":[{"count":3,"href":"https:\/\/kursy-udt.pl\/fr\/wp-json\/wp\/v2\/pages\/3125\/revisions"}],"predecessor-version":[{"id":3243,"href":"https:\/\/kursy-udt.pl\/fr\/wp-json\/wp\/v2\/pages\/3125\/revisions\/3243"}],"up":[{"embeddable":true,"href":"https:\/\/kursy-udt.pl\/fr\/wp-json\/wp\/v2\/pages\/3226"}],"wp:featuredmedia":[{"embeddable":true,"href":"https:\/\/kursy-udt.pl\/fr\/wp-json\/wp\/v2\/media\/3127"}],"wp:attachment":[{"href":"https:\/\/kursy-udt.pl\/fr\/wp-json\/wp\/v2\/media?parent=3125"}],"curies":[{"name":"wp","href":"https:\/\/api.w.org\/{rel}","templated":true}]}}