{"id":3119,"date":"2020-07-01T14:09:02","date_gmt":"2020-07-01T14:09:02","guid":{"rendered":"https:\/\/kursy-udt.pl\/?page_id=3119"},"modified":"2023-01-05T09:38:20","modified_gmt":"2023-01-05T09:38:20","slug":"service-delingage-de-grues","status":"publish","type":"page","link":"https:\/\/kursy-udt.pl\/fr\/szkolenia\/zakresy-ksztalcenia\/obluga-zawiesi-dzwignic\/","title":{"rendered":"Service d&#039;\u00e9lingues de levage"},"content":{"rendered":"<h2 class=\"naglowekh2\"><u><strong>Vous serez qualifi\u00e9 :<\/strong><\/u><br \/>\nQualifications UDT pour le fonctionnement des \u00e9lingues de grue<\/h2>\n<p><img loading=\"lazy\" decoding=\"async\" class=\"obrazekpadding wp-image-3121 size-medium alignleft\" src=\"https:\/\/kursy-udt.pl\/wp-content\/uploads\/2020\/07\/1-1-300x165.jpg\" alt=\"accrocher le levier\" width=\"300\" height=\"165\" srcset=\"https:\/\/kursy-udt.pl\/wp-content\/uploads\/2020\/07\/1-1-300x165.jpg 300w, https:\/\/kursy-udt.pl\/wp-content\/uploads\/2020\/07\/1-1.jpg 522w\" sizes=\"auto, (max-width: 300px) 100vw, 300px\" \/><a href=\"https:\/\/kursy-udt.pl\/fr\/o-firmie\/\">Centre de formation du personnel ERGON<\/a> vous invite \u00e0 profiter des cours sur le fonctionnement s\u00e9curitaire des \u00e9lingues de grue (ponts roulants, palans, treuils et grues)!<\/p>\n<p>Les grues sont des appareils couramment utilis\u00e9s comme mat\u00e9riel de manutention (UTB). Ils peuvent \u00eatre \u00e9quip\u00e9s de diff\u00e9rents types d&#039;\u00e9lingues permettant de porter de nombreux types de charges. La s\u00e9lection des \u00e9lingues appropri\u00e9es est responsable de la s\u00e9curit\u00e9 du transport - appareils, charges et personnes impliqu\u00e9es.<\/p>\n<p>La formation organis\u00e9e par notre Centre ERGON est ax\u00e9e sur la s\u00e9lection des meilleurs types d&#039;\u00e9lingues de grue. Il est destin\u00e9 aux personnes charg\u00e9es de l&#039;exploitation des grues, y compris les employ\u00e9s souhaitant obtenir <a href=\"https:\/\/kursy-udt.pl\/fr\/uprawnienia-udt\/kategorie-uprawnien-2\/\">droits<\/a> crochet et \/ ou lanceur d&#039;alerte. Les cours sont organis\u00e9s selon les principes de la norme internationale ISO 23853\/2018 - formation des crochets et lanceurs d&#039;alerte.<\/p>\n<p>Pendant les cours, nous discutons de sujets cl\u00e9s li\u00e9s au crochet. Nous mettons l&#039;accent sur le transfert des connaissances th\u00e9oriques, ainsi que sur la r\u00e9alisation d&#039;exercices pratiques li\u00e9s aux engins de levage.<\/p>\n<h2 class=\"naglowekh2\">Lors des sessions de formation, les th\u00e8mes suivants sont abord\u00e9s : les sujets suivants :<\/h2>\n<ul>\n<li>informations sur les autorisations n\u00e9cessaires \u00e0 l&#039;utilisation des grues et des \u00e9lingues<\/li>\n<li>informations g\u00e9n\u00e9rales sur les grues - construction, fonctionnement<\/li>\n<li>s\u00e9lection des \u00e9lingues appropri\u00e9es pour les grues en fonction du type de charge, des conditions de travail de la grue et d&#039;autres facteurs<\/li>\n<li>types d&#039;\u00e9lingues de grue - \u00e9lingues en c\u00e2ble d&#039;acier, \u00e9lingues en cha\u00eene, \u00e9lingues en fibres synth\u00e9tiques, \u00e9lingues \u00e0 usage sp\u00e9cial<\/li>\n<li>bon fonctionnement et construction des \u00e9lingues de grue - fonctions de crochet, signalisation, contr\u00f4le - inspections des \u00e9lingues<\/li>\n<li>exigences <a href=\"https:\/\/kursy-udt.pl\/fr\/szkolenia\/bhp-bezpieczenstwo-pracy\/prawna-ochrona-pracy\/\">Sant\u00e9 et s\u00e9curit\u00e9<\/a> lors de la manipulation des \u00e9lingues<\/li>\n<\/ul>\n<p>La dur\u00e9e du cours est de 7 \u00e0 15 heures d&#039;enseignement.<\/p>\n<p>Le centre ERGON peut \u00e9galement adapter l&#039;\u00e9tendue des sujets aux besoins individuels des clients.<\/p>\n<p>Nous vous invitons \u00e0 profiter de notre offre de formation sur le th\u00e8me des \u00e9lingues de grue !<\/p>\n<p><a href=\"https:\/\/kursy-udt.pl\/wp-content\/uploads\/2023\/01\/Obsluga-zawiesi-dzwignic-kursy-udt.pl_.png\"><img loading=\"lazy\" decoding=\"async\" class=\"aligncenter wp-image-4664\" src=\"https:\/\/kursy-udt.pl\/wp-content\/uploads\/2023\/01\/Obsluga-zawiesi-dzwignic-kursy-udt.pl_-300x188.png\" alt=\"\" width=\"750\" height=\"469\" srcset=\"https:\/\/kursy-udt.pl\/wp-content\/uploads\/2023\/01\/Obsluga-zawiesi-dzwignic-kursy-udt.pl_-300x188.png 300w, https:\/\/kursy-udt.pl\/wp-content\/uploads\/2023\/01\/Obsluga-zawiesi-dzwignic-kursy-udt.pl_-1024x640.png 1024w, https:\/\/kursy-udt.pl\/wp-content\/uploads\/2023\/01\/Obsluga-zawiesi-dzwignic-kursy-udt.pl_-768x480.png 768w, https:\/\/kursy-udt.pl\/wp-content\/uploads\/2023\/01\/Obsluga-zawiesi-dzwignic-kursy-udt.pl_-18x12.png 18w, https:\/\/kursy-udt.pl\/wp-content\/uploads\/2023\/01\/Obsluga-zawiesi-dzwignic-kursy-udt.pl_-624x390.png 624w, https:\/\/kursy-udt.pl\/wp-content\/uploads\/2023\/01\/Obsluga-zawiesi-dzwignic-kursy-udt.pl_.png 1200w\" sizes=\"auto, (max-width: 750px) 100vw, 750px\" \/><\/a><\/p>\n<div class=\"button_styl\" style=\"float: right; padding-left: 15px; padding-bottom: 8px; margin-bottom: 5px;\"><a class=\"myButton myButton_maly\" href=\"https:\/\/platformaedukacji.pl\/sklep\/\" target=\"_blank\" rel=\"nofollow noopener noreferrer\"><span style=\"color: white;\">Inscrivez-vous \u00e0 la formation<\/span><\/a><\/div>","protected":false},"excerpt":{"rendered":"<p>Vous obtiendrez les qualifications : Licence UDT de conduite d&#039;\u00e9lingues de grue Le Centre d&#039;Excellence ERGON vous invite \u00e0 participer \u00e0 des formations sur la conduite s\u00e9curitaire des \u00e9lingues de grue (ponts roulants, palans, treuils et grues) ! Les grues sont des appareils couramment utilis\u00e9s comme mat\u00e9riel de manutention (UTB). Ils peuvent \u00eatre \u00e9quip\u00e9s de diff\u00e9rents types d&#039;\u00e9lingues permettant de porter de nombreux types de charges. La s\u00e9lection des \u00e9lingues appropri\u00e9es est responsable de la s\u00e9curit\u00e9 du transport - appareils, charges et personnes impliqu\u00e9es. La formation organis\u00e9e par notre Centre ERGON est ax\u00e9e sur la s\u00e9lection des meilleurs types d&#039;\u00e9lingues de grue. Il s&#039;adresse aux personnes responsables de l&#039;exploitation des grues, y compris les employ\u00e9s qui souhaitent obtenir un certificat de crochet et\/ou un signaleur. Les cours sont organis\u00e9s selon les principes de la norme internationale ISO 23853\/2018 - formation des crochets et lanceurs d&#039;alerte. Pendant les cours, nous discutons de sujets cl\u00e9s li\u00e9s au crochet. Nous mettons l&#039;accent sur le transfert des connaissances th\u00e9oriques, ainsi que sur la r\u00e9alisation d&#039;exercices pratiques li\u00e9s aux engins de levage. Lors des sessions de formation, les th\u00e8mes suivants sont abord\u00e9s : les sujets suivants : informations sur les autorisations n\u00e9cessaires pour faire fonctionner les grues et les \u00e9lingues informations g\u00e9n\u00e9rales sur les grues - construction, fonctionnement s\u00e9lection des \u00e9lingues appropri\u00e9es pour les grues en fonction du type de charge, des conditions de fonctionnement de la grue et d&#039;autres facteurs types d&#039;\u00e9lingues pour grues - \u00e9lingues en c\u00e2ble d&#039;acier , \u00e9lingues cha\u00eenes, \u00e9lingues en sangles de fibres synth\u00e9tiques, \u00e9lingues \u00e0 usage sp\u00e9cifique, fonctionnement et construction corrects des \u00e9lingues de grue - fonctions de crochet, signalisation, contr\u00f4le - inspections, exigences d&#039;hygi\u00e8ne et de s\u00e9curit\u00e9 lors de la manipulation des \u00e9lingues La dur\u00e9e de l&#039;apprentissage est de 7 \u00e0 15 heures d&#039;enseignement . Le centre ERGON peut \u00e9galement adapter l&#039;\u00e9tendue des sujets aux besoins individuels des clients. Nous vous invitons \u00e0 profiter de notre offre de formation sur le th\u00e8me des \u00e9lingues de grue ! Inscrivez-vous \u00e0 la formation<\/p>","protected":false},"author":1,"featured_media":3121,"parent":3226,"menu_order":0,"comment_status":"closed","ping_status":"closed","template":"","meta":{"sfsi_plus_gutenberg_text_before_share":"","sfsi_plus_gutenberg_show_text_before_share":"","sfsi_plus_gutenberg_icon_type":"","sfsi_plus_gutenberg_icon_alignemt":"","sfsi_plus_gutenburg_max_per_row":"","footnotes":""},"class_list":["post-3119","page","type-page","status-publish","has-post-thumbnail","hentry","has_thumb"],"aioseo_notices":[],"_links":{"self":[{"href":"https:\/\/kursy-udt.pl\/fr\/wp-json\/wp\/v2\/pages\/3119","targetHints":{"allow":["GET"]}}],"collection":[{"href":"https:\/\/kursy-udt.pl\/fr\/wp-json\/wp\/v2\/pages"}],"about":[{"href":"https:\/\/kursy-udt.pl\/fr\/wp-json\/wp\/v2\/types\/page"}],"author":[{"embeddable":true,"href":"https:\/\/kursy-udt.pl\/fr\/wp-json\/wp\/v2\/users\/1"}],"replies":[{"embeddable":true,"href":"https:\/\/kursy-udt.pl\/fr\/wp-json\/wp\/v2\/comments?post=3119"}],"version-history":[{"count":5,"href":"https:\/\/kursy-udt.pl\/fr\/wp-json\/wp\/v2\/pages\/3119\/revisions"}],"predecessor-version":[{"id":4665,"href":"https:\/\/kursy-udt.pl\/fr\/wp-json\/wp\/v2\/pages\/3119\/revisions\/4665"}],"up":[{"embeddable":true,"href":"https:\/\/kursy-udt.pl\/fr\/wp-json\/wp\/v2\/pages\/3226"}],"wp:featuredmedia":[{"embeddable":true,"href":"https:\/\/kursy-udt.pl\/fr\/wp-json\/wp\/v2\/media\/3121"}],"wp:attachment":[{"href":"https:\/\/kursy-udt.pl\/fr\/wp-json\/wp\/v2\/media?parent=3119"}],"curies":[{"name":"wp","href":"https:\/\/api.w.org\/{rel}","templated":true}]}}