{"id":3114,"date":"2020-07-01T13:53:03","date_gmt":"2020-07-01T13:53:03","guid":{"rendered":"https:\/\/kursy-udt.pl\/?page_id=3114"},"modified":"2023-01-04T12:20:34","modified_gmt":"2023-01-04T12:20:34","slug":"gerbeurs-dentrepots-de-manutention","status":"publish","type":"page","link":"https:\/\/kursy-udt.pl\/fr\/szkolenia\/zakresy-ksztalcenia\/obsluga-ukladnic-magazynowych\/","title":{"rendered":"Fonctionnement des transstockeurs d&#039;entrep\u00f4t"},"content":{"rendered":"<h2 class=\"naglowekh2\"><u><strong>Vous serez qualifi\u00e9 :<\/strong><\/u><br \/>\nQualifications UDT pour l&#039;exploitation de transstockeurs d&#039;entrep\u00f4t<\/h2>\n<p><a href=\"https:\/\/kursy-udt.pl\/wp-content\/uploads\/2020\/07\/1.jpg\"><img loading=\"lazy\" decoding=\"async\" class=\"obrazekpadding alignleft wp-image-3115 size-medium\" src=\"https:\/\/kursy-udt.pl\/wp-content\/uploads\/2020\/07\/1-300x122.jpg\" alt=\"Transstockeurs de stockage\" width=\"300\" height=\"122\" srcset=\"https:\/\/kursy-udt.pl\/wp-content\/uploads\/2020\/07\/1-300x122.jpg 300w, https:\/\/kursy-udt.pl\/wp-content\/uploads\/2020\/07\/1.jpg 553w\" sizes=\"auto, (max-width: 300px) 100vw, 300px\" \/><\/a><a href=\"https:\/\/kursy-udt.pl\/fr\/o-firmie\/\">Centre de formation du personnel ERGON<\/a> offre une formation professionnelle et compl\u00e8te pour les transstockeurs d&#039;entrep\u00f4t. Nous vous encourageons \u00e0 vous familiariser avec leur port\u00e9e !<\/p>\n<p>Les transstockeurs sont des appareils modernes destin\u00e9s \u00e0 la manutention (UTB), qui sont utilis\u00e9s dans les entrep\u00f4ts, y compris les entrep\u00f4ts \u00e0 hauts rayonnages. Ils soutiennent les magasiniers en transportant des charges.<\/p>\n<p>Comme l&#039;exige la loi, les personnes impliqu\u00e9es dans le fonctionnement et l&#039;entretien des transstockeurs d&#039;entrep\u00f4t doivent avoir la pr\u00e9paration appropri\u00e9e, qui peut \u00e9galement \u00eatre obtenue lors de notre cours \u00e0 ODK ERGON.<\/p>\n<p>Les cours sur les transstockeurs propos\u00e9s par notre centre offrent un soutien complet aux employ\u00e9s qui doivent utiliser et entretenir ce type d'\u00e9quipement. Gr\u00e2ce \u00e0 des informations th\u00e9oriques approfondies et \u00e0 des sessions d'ateliers pratiques, il vous pr\u00e9pare minutieusement \u00e0 passer l'examen et \u00e0 acqu\u00e9rir <a href=\"https:\/\/kursy-udt.pl\/fr\/uprawnienia-udt\/kategorie-uprawnien-2\/\">autorisations<\/a>.<\/p>\n<h2 class=\"naglowekh2\">Lors des sessions de formation, les th\u00e8mes suivants sont abord\u00e9s : les sujets suivants :<\/h2>\n<ul>\n<li>informations de base sur l&#039;\u00e9quipement d&#039;entrep\u00f4t - transstockeurs, rayonnages, unit\u00e9s de chargement<\/li>\n<li>construction et exploitation de transstockeurs d&#039;entrep\u00f4t, y compris les m\u00e9canismes, l&#039;\u00e9quipement \u00e9lectrique et d&#039;autres composants<\/li>\n<li>Lieu de travail de l&#039;op\u00e9rateur de transstockeurs et de leur technicien de maintenance<\/li>\n<li>\u00e9tiquetage correct des transstockeurs dans les entrep\u00f4ts<\/li>\n<li>mode d&#039;emploi pour transstockeurs de stockage<\/li>\n<li>s\u00e9curit\u00e9 au travail dans les entrep\u00f4ts \u00e0 l&#039;aide de transstockeurs<\/li>\n<li>supervision technique de transstockeurs d&#039;entrep\u00f4t<\/li>\n<li>informations sur les autorisations n\u00e9cessaires pour exploiter et entretenir les transstockeurs d&#039;entrep\u00f4t<\/li>\n<\/ul>\n<p>La dur\u00e9e de l&#039;\u00e9tude est de 20 \u00e0 40 heures d&#039;enseignement.<\/p>\n<p>Le Centre de Formation du Personnel ERGON peut \u00e9galement moduler le p\u00e9rim\u00e8tre th\u00e9matique des cours de transstockeurs de magasin, en fonction des attentes des clients.<\/p>\n<p>Nous vous invitons \u00e0 choisir notre offre chez ODK ERGON !<\/p>\n<p><a href=\"https:\/\/kursy-udt.pl\/wp-content\/uploads\/2023\/01\/Reklama-Na-Kursy-7-4.png\"><img loading=\"lazy\" decoding=\"async\" class=\"aligncenter wp-image-4653\" src=\"https:\/\/kursy-udt.pl\/wp-content\/uploads\/2023\/01\/Reklama-Na-Kursy-7-4-300x188.png\" alt=\"\" width=\"750\" height=\"469\" srcset=\"https:\/\/kursy-udt.pl\/wp-content\/uploads\/2023\/01\/Reklama-Na-Kursy-7-4-300x188.png 300w, https:\/\/kursy-udt.pl\/wp-content\/uploads\/2023\/01\/Reklama-Na-Kursy-7-4-1024x640.png 1024w, https:\/\/kursy-udt.pl\/wp-content\/uploads\/2023\/01\/Reklama-Na-Kursy-7-4-768x480.png 768w, https:\/\/kursy-udt.pl\/wp-content\/uploads\/2023\/01\/Reklama-Na-Kursy-7-4-18x12.png 18w, https:\/\/kursy-udt.pl\/wp-content\/uploads\/2023\/01\/Reklama-Na-Kursy-7-4-624x390.png 624w, https:\/\/kursy-udt.pl\/wp-content\/uploads\/2023\/01\/Reklama-Na-Kursy-7-4.png 1200w\" sizes=\"auto, (max-width: 750px) 100vw, 750px\" \/><\/a><\/p>","protected":false},"excerpt":{"rendered":"<p>Vous obtiendrez les qualifications : Qualifications UDT pour la manutention des transstockeurs ERGON Kadr Training Center propose une formation professionnelle et compl\u00e8te pour les transstockeurs d&#039;entrep\u00f4t. Nous vous encourageons \u00e0 vous familiariser avec leur port\u00e9e ! Les transstockeurs sont des appareils modernes destin\u00e9s \u00e0 la manutention (UTB), qui sont utilis\u00e9s dans les entrep\u00f4ts, y compris les entrep\u00f4ts \u00e0 hauts rayonnages. Ils soutiennent les magasiniers en transportant des charges. Comme l&#039;exige la loi, les personnes impliqu\u00e9es dans le fonctionnement et l&#039;entretien des transstockeurs d&#039;entrep\u00f4t doivent avoir la pr\u00e9paration appropri\u00e9e, qui peut \u00e9galement \u00eatre obtenue lors de notre cours \u00e0 ODK ERGON. Les cours pour transstockeurs offerts par notre Centre sont un soutien complet pour les employ\u00e9s qui sont impliqu\u00e9s dans l&#039;exploitation et l&#039;entretien de ce type d&#039;\u00e9quipement. Gr\u00e2ce \u00e0 des informations th\u00e9oriques approfondies et \u00e0 une formation pratique, les ateliers vous pr\u00e9parent en profondeur \u00e0 l&#039;examen et \u00e0 l&#039;obtention des qualifications. Lors des sessions de formation, les th\u00e8mes suivants sont abord\u00e9s : les sujets suivants : informations de base sur l&#039;\u00e9quipement d&#039;entrep\u00f4t - transstockeurs, rayonnages, unit\u00e9s de chargement construction et fonctionnement des transstockeurs d&#039;entrep\u00f4t, y compris les m\u00e9canismes, l&#039;\u00e9quipement \u00e9lectrique et d&#039;autres \u00e9l\u00e9ments poste de travail des op\u00e9rateurs de transstockeurs et de leur technicien de maintenance \u00e9tiquetage correct des transstockeurs dans les entrep\u00f4ts instructions pour l&#039;utilisation de transstockeurs s\u00e9curit\u00e9 du travail dans les entrep\u00f4ts \u00e0 l&#039;aide de transstockeurs encadrement technique des transstockeurs informations sur les autorisations n\u00e9cessaires pour op\u00e9rer et entretenir les transstockeurs de magasin La dur\u00e9e de la formation est de 20 \u00e0 40 heures de cours. Le Centre de Formation du Personnel ERGON peut \u00e9galement moduler le p\u00e9rim\u00e8tre th\u00e9matique des cours de transstockeurs de magasin, en fonction des attentes des clients. Nous vous invitons \u00e0 choisir notre offre chez ODK ERGON !<\/p>","protected":false},"author":1,"featured_media":3115,"parent":3226,"menu_order":0,"comment_status":"closed","ping_status":"closed","template":"","meta":{"sfsi_plus_gutenberg_text_before_share":"","sfsi_plus_gutenberg_show_text_before_share":"","sfsi_plus_gutenberg_icon_type":"","sfsi_plus_gutenberg_icon_alignemt":"","sfsi_plus_gutenburg_max_per_row":"","footnotes":""},"class_list":["post-3114","page","type-page","status-publish","has-post-thumbnail","hentry","has_thumb"],"aioseo_notices":[],"_links":{"self":[{"href":"https:\/\/kursy-udt.pl\/fr\/wp-json\/wp\/v2\/pages\/3114","targetHints":{"allow":["GET"]}}],"collection":[{"href":"https:\/\/kursy-udt.pl\/fr\/wp-json\/wp\/v2\/pages"}],"about":[{"href":"https:\/\/kursy-udt.pl\/fr\/wp-json\/wp\/v2\/types\/page"}],"author":[{"embeddable":true,"href":"https:\/\/kursy-udt.pl\/fr\/wp-json\/wp\/v2\/users\/1"}],"replies":[{"embeddable":true,"href":"https:\/\/kursy-udt.pl\/fr\/wp-json\/wp\/v2\/comments?post=3114"}],"version-history":[{"count":4,"href":"https:\/\/kursy-udt.pl\/fr\/wp-json\/wp\/v2\/pages\/3114\/revisions"}],"predecessor-version":[{"id":4654,"href":"https:\/\/kursy-udt.pl\/fr\/wp-json\/wp\/v2\/pages\/3114\/revisions\/4654"}],"up":[{"embeddable":true,"href":"https:\/\/kursy-udt.pl\/fr\/wp-json\/wp\/v2\/pages\/3226"}],"wp:featuredmedia":[{"embeddable":true,"href":"https:\/\/kursy-udt.pl\/fr\/wp-json\/wp\/v2\/media\/3115"}],"wp:attachment":[{"href":"https:\/\/kursy-udt.pl\/fr\/wp-json\/wp\/v2\/media?parent=3114"}],"curies":[{"name":"wp","href":"https:\/\/api.w.org\/{rel}","templated":true}]}}