{"id":3109,"date":"2020-06-30T23:01:13","date_gmt":"2020-06-30T23:01:13","guid":{"rendered":"https:\/\/kursy-udt.pl\/?page_id=3109"},"modified":"2023-01-05T09:40:51","modified_gmt":"2023-01-05T09:40:51","slug":"lexploitation-de-grues-a-tour-et-de-grues-a-grande-vitesse","status":"publish","type":"page","link":"https:\/\/kursy-udt.pl\/fr\/szkolenia\/zakresy-ksztalcenia\/obsluga-zurawi-wiezowych-i-szybkomontujacych\/","title":{"rendered":"Service de grues \u00e0 tour et \u00e0 montage rapide, y compris les grues sur rail"},"content":{"rendered":"<h2 class=\"naglowekh2\"><u><strong>Vous serez qualifi\u00e9 :<\/strong><\/u><br \/>\nQualifications UDT pour l&#039;entretien des grues \u00e0 tour et \u00e0 montage rapide, y compris les grues sur rail<\/h2>\n<p><a href=\"https:\/\/kursy-udt.pl\/wp-content\/uploads\/2020\/06\/1-6.jpg\"><img loading=\"lazy\" decoding=\"async\" class=\"obrazekpadding wp-image-3110 size-medium alignleft\" src=\"https:\/\/kursy-udt.pl\/wp-content\/uploads\/2020\/06\/1-6-234x300.jpg\" alt=\"grue\" width=\"234\" height=\"300\" srcset=\"https:\/\/kursy-udt.pl\/wp-content\/uploads\/2020\/06\/1-6-234x300.jpg 234w, https:\/\/kursy-udt.pl\/wp-content\/uploads\/2020\/06\/1-6-624x800.jpg 624w, https:\/\/kursy-udt.pl\/wp-content\/uploads\/2020\/06\/1-6.jpg 722w\" sizes=\"auto, (max-width: 234px) 100vw, 234px\" \/><\/a><a href=\"https:\/\/kursy-udt.pl\/fr\/o-firmie\/\">Centre de formation du personnel ERGON<\/a> vous invite \u00e0 une formation sur <a href=\"https:\/\/kursy-udt.pl\/fr\/szkolenia\/udt-wdt-tdt\/zurawie-wiezowe\/\">grues \u00e0 tour<\/a>!<\/p>\n<p>Les grues \u00e0 tour sont des appareils destin\u00e9s \u00e0 la manutention de mat\u00e9riaux, qui ont une large gamme d&#039;applications, y compris celles utilis\u00e9es sur les chantiers de construction. Les grues \u00e0 tour n\u00e9cessitent une autorisation appropri\u00e9e pour leur fonctionnement et leur maintenance. <a href=\"https:\/\/kursy-udt.pl\/fr\/uprawnienia-udt\/kategorie-uprawnien-2\/\">Droits<\/a> ceux-ci sont d\u00e9livr\u00e9s par l&#039;UDT - le Bureau de l&#039;Inspection Technique.<\/p>\n<p>Le centre ERGON dispense des formations compl\u00e8tes sur les grues \u00e0 tour et les grues \u00e0 montage rapide, qui s&#039;adressent aux op\u00e9rateurs de ce type d&#039;\u00e9quipement, ainsi qu&#039;\u00e0 leurs monteurs, techniciens de maintenance et services de supervision op\u00e9rationnelle.<\/p>\n<p>Nos cours consistent en une partie th\u00e9orique et pratique, gr\u00e2ce \u00e0 laquelle ils pr\u00e9parent de mani\u00e8re professionnelle et compl\u00e8te les participants \u00e0 passer l&#039;examen et \u00e0 obtenir les qualifications appropri\u00e9es pour les grues \u00e0 tour.<\/p>\n<h2 class=\"naglowekh2\">Lors des sessions de formation, les th\u00e8mes suivants sont abord\u00e9s : les sujets suivants :<\/h2>\n<ul>\n<li><a href=\"https:\/\/kursy-udt.pl\/wp-content\/uploads\/2020\/06\/1-7.jpg\"><img loading=\"lazy\" decoding=\"async\" class=\"obrazekpadding alignright wp-image-3111 size-medium\" src=\"https:\/\/kursy-udt.pl\/wp-content\/uploads\/2020\/06\/1-7-300x200.jpg\" alt=\"grue\" width=\"300\" height=\"200\" srcset=\"https:\/\/kursy-udt.pl\/wp-content\/uploads\/2020\/06\/1-7-300x200.jpg 300w, https:\/\/kursy-udt.pl\/wp-content\/uploads\/2020\/06\/1-7-624x415.jpg 624w, https:\/\/kursy-udt.pl\/wp-content\/uploads\/2020\/06\/1-7.jpg 703w\" sizes=\"auto, (max-width: 300px) 100vw, 300px\" \/><\/a>informations g\u00e9n\u00e9rales sur les grues \u00e0 tour et \u00e0 montage rapide<\/li>\n<li>des informations sur les autorisations n\u00e9cessaires pour faire fonctionner ces appareils<\/li>\n<li>classification des grues \u00e0 tour et \u00e0 montage rapide et de leurs m\u00e9canismes<\/li>\n<li>transport et montage de grues \u00e0 tour et \u00e0 montage rapide<\/li>\n<li>\u00e9l\u00e9ments de construction et m\u00e9canismes des grues \u00e0 tour et \u00e0 montage rapide<\/li>\n<li>structures porteuses utilis\u00e9es pour les grues \u00e0 tour et \u00e0 montage rapide<\/li>\n<li>protections utilis\u00e9es dans les grues \u00e0 tour et \u00e0 montage rapide<\/li>\n<li>\u00e9quipement utilis\u00e9 avec les grues \u00e0 tour - \u00e9lingues et autres dispositifs<\/li>\n<li>principes de bon fonctionnement des grues - principes g\u00e9n\u00e9raux de fonctionnement, de direction, de contr\u00f4le<\/li>\n<li>les pannes les plus courantes des grues \u00e0 tour et \u00e0 montage rapide<\/li>\n<li>supervision technique des grues \u00e0 tour et \u00e0 montage rapide<\/li>\n<\/ul>\n<p>La dur\u00e9e de l&#039;\u00e9tude dans le fonctionnement des grues \u00e0 tour varie de 20 \u00e0 40 heures d&#039;enseignement.<\/p>\n<p>Notre centre ERGON peut ajuster l&#039;\u00e9tendue de la mati\u00e8re des cours en fonction des besoins individuels du client. <a href=\"https:\/\/kursy-udt.pl\/fr\/kontakt\/\">Contactez nous s&#039;il vous plait<\/a> pour plus d&#039;informations.<\/p>\n<p>Nous vous encourageons \u00e0 profiter de notre offre au Centre de Formation du Personnel ERGON !<\/p>\n<p><a href=\"https:\/\/kursy-udt.pl\/wp-content\/uploads\/2023\/01\/Reklama-Na-Kursy-7-3.png\"><img loading=\"lazy\" decoding=\"async\" class=\"aligncenter wp-image-4667\" src=\"https:\/\/kursy-udt.pl\/wp-content\/uploads\/2023\/01\/Reklama-Na-Kursy-7-3-300x188.png\" alt=\"\" width=\"750\" height=\"469\" srcset=\"https:\/\/kursy-udt.pl\/wp-content\/uploads\/2023\/01\/Reklama-Na-Kursy-7-3-300x188.png 300w, https:\/\/kursy-udt.pl\/wp-content\/uploads\/2023\/01\/Reklama-Na-Kursy-7-3-1024x640.png 1024w, https:\/\/kursy-udt.pl\/wp-content\/uploads\/2023\/01\/Reklama-Na-Kursy-7-3-768x480.png 768w, https:\/\/kursy-udt.pl\/wp-content\/uploads\/2023\/01\/Reklama-Na-Kursy-7-3-18x12.png 18w, https:\/\/kursy-udt.pl\/wp-content\/uploads\/2023\/01\/Reklama-Na-Kursy-7-3-624x390.png 624w, https:\/\/kursy-udt.pl\/wp-content\/uploads\/2023\/01\/Reklama-Na-Kursy-7-3.png 1200w\" sizes=\"auto, (max-width: 750px) 100vw, 750px\" \/><\/a><\/p>\n<div class=\"button_styl\" style=\"float: right; padding-left: 15px; padding-bottom: 8px; margin-bottom: 5px;\"><a class=\"myButton myButton_maly\" href=\"https:\/\/platformaedukacji.pl\/sklep\/\" target=\"_blank\" rel=\"nofollow noopener noreferrer\"><span style=\"color: white;\">Inscrivez-vous \u00e0 la formation<\/span><\/a><\/div>","protected":false},"excerpt":{"rendered":"<p>Uzyskasz kwalifikacje: Uprawnienia UDT do obs\u0142ugi \u017curawi wie\u017cowych i szybkomontuj\u0105cych, w tym szynowych O\u015brodek Doskonalenia Kadr ERGON zaprasza na szkolenia na \u017curawie wie\u017cowe! \u017burawie wie\u017cowe to urz\u0105dzenia przeznaczone do transportu bliskiego, kt\u00f3re posiadaj\u0105 szerokie zastosowanie, w tym mi\u0119dzy innymi u\u017cywane s\u0105 na placach bud\u00f3w. \u017burawie wie\u017cowe wymagaj\u0105 posiadania w\u0142a\u015bciwych uprawnie\u0144 do ich obs\u0142ugi i konserwacji. Uprawnienia te nadawane s\u0105 przez UDT \u2013 Urz\u0105d Dozoru Technicznego. O\u015brodek ERGON prowadzi kompleksowe kursy na \u017curawie wie\u017cowe i szybkomontuj\u0105ce, kt\u00f3re skierowane s\u0105 do operator\u00f3w urz\u0105dze\u0144 tego typu, a tak\u017ce do ich monta\u017cyst\u00f3w, konserwator\u00f3w oraz do s\u0142u\u017cb nadzoru eksploatacyjnego. Nasze zaj\u0119cia sk\u0142adaj\u0105 si\u0119 z cz\u0119\u015bci teoretycznej i praktycznej, dzi\u0119ki czemu profesjonalnie i w pe\u0142ni przygotowuj\u0105 uczestnik\u00f3w do podej\u015bcia do egzaminu oraz do uzyskania odpowiednich uprawnie\u0144 na \u017curawie wie\u017cowe. Podczas szkole\u0144 poruszane s\u0105 m.in. nast\u0119puj\u0105ce tematy: og\u00f3lne informacje dotycz\u0105ce \u017curawie wie\u017cowych i szybkomontuj\u0105cych informacje o uprawnieniach potrzebnych do obs\u0142ugi tych urz\u0105dze\u0144 klasyfikacja \u017curawi wie\u017cowych i szybkomontuj\u0105cych oraz ich mechanizm\u00f3w transport i monta\u017c \u017curawi wie\u017cowych i szybkomontuj\u0105cych elementy budowy oraz mechanizmy \u017curawi wie\u017cowych i szybkomontuj\u0105cych konstrukcje no\u015bne u\u017cywane do \u017curawi wie\u017cowych i szybkomontuj\u0105cych zabezpieczenia stosowane w \u017curawiach wie\u017cowych i szybkomontuj\u0105cych sprz\u0119t stosowany z \u017curawiami wie\u017cowymi \u2013 zawiesia i inne urz\u0105dzenia zasady prawid\u0142owej eksploatacji \u017curawi \u2013 og\u00f3lne zasady obs\u0142ugi, sterowanie, kontrola najcz\u0119\u015bciej wyst\u0119puj\u0105ce awarie \u017curawi wie\u017cowych i szybkomontuj\u0105cych doz\u00f3r techniczny \u017curawi wie\u017cowych i szybkomontuj\u0105cych Czas trwania nauki w ramach obs\u0142ugi \u017curawi wie\u017cowych wynosi od 20 do 40 godzin dydaktycznych. Nasz O\u015brodek ERGON mo\u017ce dostosowa\u0107 zakres tematyki zaj\u0119\u0107 zale\u017cnie od indywidualnych wymaga\u0144 klienta. Prosimy o kontakt w celu uzyskania dodatkowych informacji. Zach\u0119camy do skorzystania [&hellip;]<\/p>\n","protected":false},"author":1,"featured_media":3111,"parent":3226,"menu_order":0,"comment_status":"closed","ping_status":"closed","template":"","meta":{"sfsi_plus_gutenberg_text_before_share":"","sfsi_plus_gutenberg_show_text_before_share":"","sfsi_plus_gutenberg_icon_type":"","sfsi_plus_gutenberg_icon_alignemt":"","sfsi_plus_gutenburg_max_per_row":"","footnotes":""},"class_list":["post-3109","page","type-page","status-publish","has-post-thumbnail","hentry","has_thumb"],"aioseo_notices":[],"_links":{"self":[{"href":"https:\/\/kursy-udt.pl\/fr\/wp-json\/wp\/v2\/pages\/3109","targetHints":{"allow":["GET"]}}],"collection":[{"href":"https:\/\/kursy-udt.pl\/fr\/wp-json\/wp\/v2\/pages"}],"about":[{"href":"https:\/\/kursy-udt.pl\/fr\/wp-json\/wp\/v2\/types\/page"}],"author":[{"embeddable":true,"href":"https:\/\/kursy-udt.pl\/fr\/wp-json\/wp\/v2\/users\/1"}],"replies":[{"embeddable":true,"href":"https:\/\/kursy-udt.pl\/fr\/wp-json\/wp\/v2\/comments?post=3109"}],"version-history":[{"count":5,"href":"https:\/\/kursy-udt.pl\/fr\/wp-json\/wp\/v2\/pages\/3109\/revisions"}],"predecessor-version":[{"id":4668,"href":"https:\/\/kursy-udt.pl\/fr\/wp-json\/wp\/v2\/pages\/3109\/revisions\/4668"}],"up":[{"embeddable":true,"href":"https:\/\/kursy-udt.pl\/fr\/wp-json\/wp\/v2\/pages\/3226"}],"wp:featuredmedia":[{"embeddable":true,"href":"https:\/\/kursy-udt.pl\/fr\/wp-json\/wp\/v2\/media\/3111"}],"wp:attachment":[{"href":"https:\/\/kursy-udt.pl\/fr\/wp-json\/wp\/v2\/media?parent=3109"}],"curies":[{"name":"wp","href":"https:\/\/api.w.org\/{rel}","templated":true}]}}