{"id":3101,"date":"2020-06-30T21:38:53","date_gmt":"2020-06-30T21:38:53","guid":{"rendered":"https:\/\/kursy-udt.pl\/?page_id=3101"},"modified":"2023-01-04T12:02:08","modified_gmt":"2023-01-04T12:02:08","slug":"manipulation-des-manipulateurs-delingues-et-des-prehenseurs","status":"publish","type":"page","link":"https:\/\/kursy-udt.pl\/fr\/szkolenia\/zakresy-ksztalcenia\/obsluga-manipulatorow-i-chwytnikow-prozniowych\/","title":{"rendered":"Manipulation de manipulateurs et pr\u00e9henseurs - vide dans les \u00e9lingues de grue"},"content":{"rendered":"<h2 class=\"naglowekh2\"><u><strong>Vous serez qualifi\u00e9 :<\/strong><\/u><br \/>\nQualifications UDT pour faire fonctionner des manipulateurs \u00e0 vide et des pinces dans les \u00e9lingues de grue<\/h2>\n<p><a href=\"https:\/\/kursy-udt.pl\/wp-content\/uploads\/2020\/06\/1-5.jpg\"><img loading=\"lazy\" decoding=\"async\" class=\"obrazekpadding alignleft wp-image-3102 size-medium\" src=\"https:\/\/kursy-udt.pl\/wp-content\/uploads\/2020\/06\/1-5-300x225.jpg\" alt=\"Manipulateur\" width=\"300\" height=\"225\" srcset=\"https:\/\/kursy-udt.pl\/wp-content\/uploads\/2020\/06\/1-5-300x225.jpg 300w, https:\/\/kursy-udt.pl\/wp-content\/uploads\/2020\/06\/1-5.jpg 457w\" sizes=\"auto, (max-width: 300px) 100vw, 300px\" \/><\/a><a href=\"https:\/\/kursy-udt.pl\/fr\/o-firmie\/\">Centre de formation du personnel ERGON<\/a> propose des formations sur les manipulateurs et pr\u00e9henseurs \u00e0 vide dans les \u00e9lingues de grue. Nous vous encourageons \u00e0 utiliser nos services !<\/p>\n<p>Les manipulateurs \u00e0 vide et les pinces utilis\u00e9s sur les \u00e9lingues de grue sont des dispositifs de manutention de mat\u00e9riaux (UTB) populaires qui sont utilis\u00e9s dans de nombreux lieux de travail.<\/p>\n<p>Notre centre organise des cours destin\u00e9s au personnel manipulant des manipulateurs et des \u00e9lingues \u00e0 vide. Nous enseignons \u00e0 la fois la th\u00e9orie et la pratique, offrant \u00e0 nos \u00e9tudiants une pr\u00e9paration professionnelle et compl\u00e8te pour commencer \u00e0 travailler dans la profession.<\/p>\n<p>Nos cours couvrent tous les sujets li\u00e9s \u00e0 l&#039;utilisation des manipulateurs et des ventouses sur les \u00e9lingues de grue - de leur construction, en passant par leur bon fonctionnement, jusqu&#039;\u00e0 leur bon contr\u00f4le conform\u00e9ment aux normes. La port\u00e9e exacte du cours est pr\u00e9sent\u00e9e ci-dessous.<\/p>\n<h2 class=\"naglowekh2\">Lors des sessions de formation, les th\u00e8mes suivants sont abord\u00e9s : les sujets suivants :<\/h2>\n<ul>\n<li>description de l&#039;\u00e9quipement de vide pour la manutention<\/li>\n<li>construction de syst\u00e8mes de vide, dispositifs de vide pour la manutention<\/li>\n<li>exemples de conceptions de dispositifs \u00e0 vide, y compris les manipulateurs et les pinces \u00e0 vide<\/li>\n<li>mode d&#039;emploi - fonctionnement et maintenance des manipulateurs \u00e0 vide et des pr\u00e9henseurs<\/li>\n<li>marquage appropri\u00e9 de l&#039;\u00e9quipement sous vide pour la manipulation<\/li>\n<li>exigences de s\u00e9curit\u00e9 li\u00e9es \u00e0 l&#039;utilisation de manipulateurs et de pr\u00e9henseurs \u00e0 vide<\/li>\n<li>des informations sur les autorisations n\u00e9cessaires pour faire fonctionner les appareils pr\u00e9sent\u00e9s<\/li>\n<li>m\u00e9thodes d&#039;inspection des \u00e9quipements de vide pour la manutention<\/li>\n<\/ul>\n<p>La dur\u00e9e totale de l&#039;\u00e9tude est de 20 \u00e0 40 heures d&#039;enseignement.<\/p>\n<p>Notre Centre peut \u00e9galement adapter le sujet des cours en fonction des souhaits individuels du client.<\/p>\n<p>Nous vous invitons \u00e0 choisir les services de formation au Centre de Formation du Personnel ERGON !<\/p>\n<p><a href=\"https:\/\/kursy-udt.pl\/wp-content\/uploads\/2023\/01\/Reklama-Na-Kursy-7-2.png\"><img loading=\"lazy\" decoding=\"async\" class=\"aligncenter wp-image-4644\" src=\"https:\/\/kursy-udt.pl\/wp-content\/uploads\/2023\/01\/Reklama-Na-Kursy-7-2-300x188.png\" alt=\"\" width=\"750\" height=\"469\" srcset=\"https:\/\/kursy-udt.pl\/wp-content\/uploads\/2023\/01\/Reklama-Na-Kursy-7-2-300x188.png 300w, https:\/\/kursy-udt.pl\/wp-content\/uploads\/2023\/01\/Reklama-Na-Kursy-7-2-1024x640.png 1024w, https:\/\/kursy-udt.pl\/wp-content\/uploads\/2023\/01\/Reklama-Na-Kursy-7-2-768x480.png 768w, https:\/\/kursy-udt.pl\/wp-content\/uploads\/2023\/01\/Reklama-Na-Kursy-7-2-18x12.png 18w, https:\/\/kursy-udt.pl\/wp-content\/uploads\/2023\/01\/Reklama-Na-Kursy-7-2-624x390.png 624w, https:\/\/kursy-udt.pl\/wp-content\/uploads\/2023\/01\/Reklama-Na-Kursy-7-2.png 1200w\" sizes=\"auto, (max-width: 750px) 100vw, 750px\" \/><\/a><\/p>\n<div class=\"button_styl\" style=\"float: right; padding-left: 15px; padding-bottom: 8px; margin-bottom: 5px;\"><a class=\"myButton myButton_maly\" href=\"https:\/\/platformaedukacji.pl\/sklep\/\" target=\"_blank\" rel=\"nofollow noopener noreferrer\"><span style=\"color: white;\">Inscrivez-vous \u00e0 la formation<\/span><\/a><\/div>","protected":false},"excerpt":{"rendered":"<p>Vous obtiendrez des qualifications : Qualifications UDT pour la manipulation de manipulateurs et de ventouses dans les \u00e9lingues de grue Le Centre d&#039;Excellence ERGON propose des formations sur les manipulateurs et les ventouses dans les \u00e9lingues de grue. Nous vous encourageons \u00e0 utiliser nos services ! Les manipulateurs \u00e0 vide et les pinces utilis\u00e9s sur les \u00e9lingues de grue sont des dispositifs de manutention de mat\u00e9riaux (UTB) populaires qui sont utilis\u00e9s dans de nombreux lieux de travail. Notre centre organise des cours destin\u00e9s au personnel manipulant des manipulateurs et des \u00e9lingues \u00e0 vide. Nous enseignons \u00e0 la fois la th\u00e9orie et la pratique, offrant \u00e0 nos \u00e9tudiants une pr\u00e9paration professionnelle et compl\u00e8te pour commencer \u00e0 travailler dans la profession. Nos cours couvrent tous les sujets li\u00e9s \u00e0 l&#039;utilisation des manipulateurs et des ventouses sur les \u00e9lingues de grue - de leur construction, en passant par leur bon fonctionnement, jusqu&#039;\u00e0 leur bon contr\u00f4le conform\u00e9ment aux normes. Ci-dessous, nous pr\u00e9sentons la port\u00e9e exacte du cours. Lors des sessions de formation, les th\u00e8mes suivants sont abord\u00e9s : les sujets suivants\u00a0: description des appareils \u00e0 vide pour la manipulation, construction de syst\u00e8mes \u00e0 vide, appareils \u00e0 vide pour la manipulation, exemples de conceptions d&#039;appareils \u00e0 vide, y compris les manipulateurs et les pinces \u00e0 vide, instructions d&#039;utilisation - fonctionnement et maintenance des manipulateurs et des pinces \u00e0 vide, marquage correct du vide appareils de manutention, exigences de s\u00e9curit\u00e9 li\u00e9es \u00e0 l&#039;utilisation des manipulateurs et des pr\u00e9henseurs \u00e0 vide informations sur les autorisations n\u00e9cessaires pour faire fonctionner les appareils pr\u00e9sent\u00e9s m\u00e9thodes de contr\u00f4le des appareils \u00e0 vide pour la manutention La dur\u00e9e totale de l&#039;\u00e9tude est de 20 \u00e0 40 heures d&#039;enseignement. Notre centre peut \u00e9galement adapter le sujet des cours en fonction des souhaits individuels du client. Nous vous invitons \u00e0 choisir les services de formation au Centre de Formation du Personnel ERGON ! Inscrivez-vous \u00e0 la formation<\/p>","protected":false},"author":1,"featured_media":3102,"parent":3226,"menu_order":0,"comment_status":"closed","ping_status":"closed","template":"","meta":{"sfsi_plus_gutenberg_text_before_share":"","sfsi_plus_gutenberg_show_text_before_share":"","sfsi_plus_gutenberg_icon_type":"","sfsi_plus_gutenberg_icon_alignemt":"","sfsi_plus_gutenburg_max_per_row":"","footnotes":""},"class_list":["post-3101","page","type-page","status-publish","has-post-thumbnail","hentry","has_thumb"],"aioseo_notices":[],"_links":{"self":[{"href":"https:\/\/kursy-udt.pl\/fr\/wp-json\/wp\/v2\/pages\/3101","targetHints":{"allow":["GET"]}}],"collection":[{"href":"https:\/\/kursy-udt.pl\/fr\/wp-json\/wp\/v2\/pages"}],"about":[{"href":"https:\/\/kursy-udt.pl\/fr\/wp-json\/wp\/v2\/types\/page"}],"author":[{"embeddable":true,"href":"https:\/\/kursy-udt.pl\/fr\/wp-json\/wp\/v2\/users\/1"}],"replies":[{"embeddable":true,"href":"https:\/\/kursy-udt.pl\/fr\/wp-json\/wp\/v2\/comments?post=3101"}],"version-history":[{"count":5,"href":"https:\/\/kursy-udt.pl\/fr\/wp-json\/wp\/v2\/pages\/3101\/revisions"}],"predecessor-version":[{"id":4645,"href":"https:\/\/kursy-udt.pl\/fr\/wp-json\/wp\/v2\/pages\/3101\/revisions\/4645"}],"up":[{"embeddable":true,"href":"https:\/\/kursy-udt.pl\/fr\/wp-json\/wp\/v2\/pages\/3226"}],"wp:featuredmedia":[{"embeddable":true,"href":"https:\/\/kursy-udt.pl\/fr\/wp-json\/wp\/v2\/media\/3102"}],"wp:attachment":[{"href":"https:\/\/kursy-udt.pl\/fr\/wp-json\/wp\/v2\/media?parent=3101"}],"curies":[{"name":"wp","href":"https:\/\/api.w.org\/{rel}","templated":true}]}}