{"id":3097,"date":"2020-06-30T21:31:59","date_gmt":"2020-06-30T21:31:59","guid":{"rendered":"https:\/\/kursy-udt.pl\/?page_id=3097"},"modified":"2023-01-05T11:15:57","modified_gmt":"2023-01-05T11:15:57","slug":"maintenance-des-plates-formes-mobiles","status":"publish","type":"page","link":"https:\/\/kursy-udt.pl\/fr\/szkolenia\/zakresy-ksztalcenia\/konserwacja-podestow-ruchomych-przejezdnych\/","title":{"rendered":"Maintenance des plateformes mobiles mobiles"},"content":{"rendered":"<h2 class=\"naglowekh2\"><u><strong>Vous serez qualifi\u00e9 :<\/strong><\/u><br \/>\nAutorisation de l'UDT pour l'entretien des plates-formes mobiles<\/h2>\n<p><a href=\"https:\/\/kursy-udt.pl\/wp-content\/uploads\/2020\/06\/1-4.jpg\"><img loading=\"lazy\" decoding=\"async\" class=\"obrazekpadding wp-image-3099 size-medium alignleft\" src=\"https:\/\/kursy-udt.pl\/wp-content\/uploads\/2020\/06\/1-4-300x160.jpg\" alt=\"plates-formes mobiles\" width=\"300\" height=\"160\" srcset=\"https:\/\/kursy-udt.pl\/wp-content\/uploads\/2020\/06\/1-4-300x160.jpg 300w, https:\/\/kursy-udt.pl\/wp-content\/uploads\/2020\/06\/1-4-1024x545.jpg 1024w, https:\/\/kursy-udt.pl\/wp-content\/uploads\/2020\/06\/1-4-768x409.jpg 768w, https:\/\/kursy-udt.pl\/wp-content\/uploads\/2020\/06\/1-4-1536x817.jpg 1536w, https:\/\/kursy-udt.pl\/wp-content\/uploads\/2020\/06\/1-4-2048x1090.jpg 2048w, https:\/\/kursy-udt.pl\/wp-content\/uploads\/2020\/06\/1-4-624x332.jpg 624w\" sizes=\"auto, (max-width: 300px) 100vw, 300px\" \/><\/a><a href=\"https:\/\/kursy-udt.pl\/fr\/o-firmie\/\">Centre de formation du personnel ERGON<\/a> vous invite \u00e0 vous inscrire en tant que mainteneur de plateforme mobile !<\/p>\n<p>Les plates-formes \u00e9l\u00e9vatrices mobiles sont class\u00e9es parmi les \u00e9quipements de manutention (UTB), qui sont utilis\u00e9s sur de nombreux lieux de travail. Ce sont des appareils de levage utilis\u00e9s pour le transport de charges et de personnes.<\/p>\n<p>Pour les travaux d'entretien sur ce type d'\u00e9quipement, il convient d'utiliser la <a href=\"https:\/\/kursy-udt.pl\/fr\/uprawnienia-udt\/kategorie-uprawnien-2\/\">droits<\/a> attribu\u00e9 par l'UDT - l'Office d'inspection technique.<\/p>\n<p>Un cours sur la maintenance des plates-formes mobiles est disponible dans notre Centre ERGON. Nous proposons des cours combinant th\u00e9orie et pratique, pr\u00e9parant efficacement nos clients \u00e0 l'examen UDT.<\/p>\n<h2 class=\"naglowekh2\">Lors des sessions de formation, les th\u00e8mes suivants sont abord\u00e9s : les sujets suivants :<\/h2>\n<ul>\n<li>informations g\u00e9n\u00e9rales sur les plates-formes de travail a\u00e9riennes<\/li>\n<li>liste des qualifications n\u00e9cessaires \u00e0 l'entretien de l'\u00e9quipement<\/li>\n<li>la subdivision des plateformes en diff\u00e9rentes cat\u00e9gories - plateformes mobiles, plateformes suspendues, plateformes sur m\u00e2t<\/li>\n<li>l'\u00e9valuation de l'\u00e9tat technique des plates-formes mobiles \u00e0 fl\u00e8che articul\u00e9e, des plates-formes mobiles \u00e0 ciseaux et des plates-formes mobiles mont\u00e9es sur v\u00e9hicule<\/li>\n<li>missions du conservateur des plateformes mobiles mobiles<\/li>\n<li>inspection technique des plates-formes mobiles mobiles<\/li>\n<li>des informations sur <a href=\"https:\/\/kursy-udt.pl\/fr\/szkolenia\/bhp-bezpieczenstwo-pracy\/prawna-ochrona-pracy\/\">Sant\u00e9 et s\u00e9curit\u00e9<\/a> et premiers secours<\/li>\n<\/ul>\n<p>Le temps d'enseignement pour le sujet ci-dessus est de 48 \u00e0 88 heures de cours.<\/p>\n<p>Notre centre peut \u00e9galement adapter individuellement les th\u00e8mes des le\u00e7ons en fonction des besoins du client.<\/p>\n<p>Nous vous invitons \u00e0 profiter de notre offre !<\/p>\n<p><a href=\"https:\/\/kursy-udt.pl\/wp-content\/uploads\/2023\/01\/Reklama-Na-Kursy-7-2-1.png\"><img loading=\"lazy\" decoding=\"async\" class=\"aligncenter wp-image-4700\" src=\"https:\/\/kursy-udt.pl\/wp-content\/uploads\/2023\/01\/Reklama-Na-Kursy-7-2-1-300x188.png\" alt=\"\" width=\"750\" height=\"469\" srcset=\"https:\/\/kursy-udt.pl\/wp-content\/uploads\/2023\/01\/Reklama-Na-Kursy-7-2-1-300x188.png 300w, https:\/\/kursy-udt.pl\/wp-content\/uploads\/2023\/01\/Reklama-Na-Kursy-7-2-1-1024x640.png 1024w, https:\/\/kursy-udt.pl\/wp-content\/uploads\/2023\/01\/Reklama-Na-Kursy-7-2-1-768x480.png 768w, https:\/\/kursy-udt.pl\/wp-content\/uploads\/2023\/01\/Reklama-Na-Kursy-7-2-1-18x12.png 18w, https:\/\/kursy-udt.pl\/wp-content\/uploads\/2023\/01\/Reklama-Na-Kursy-7-2-1-624x390.png 624w, https:\/\/kursy-udt.pl\/wp-content\/uploads\/2023\/01\/Reklama-Na-Kursy-7-2-1.png 1200w\" sizes=\"auto, (max-width: 750px) 100vw, 750px\" \/><\/a><\/p>\n<div class=\"button_styl\" style=\"float: right; padding-left: 15px; padding-bottom: 8px; margin-bottom: 5px;\"><a class=\"myButton myButton_maly\" href=\"https:\/\/platformaedukacji.pl\/sklep\/\" target=\"_blank\" rel=\"nofollow noopener noreferrer\"><span style=\"color: white;\">Inscrivez-vous \u00e0 la formation<\/span><\/a><\/div>","protected":false},"excerpt":{"rendered":"<p>Uzyskasz kwalifikacje: Uprawnienia UDT do konserwacji podest\u00f3w ruchomych przejezdnych O\u015brodek Doskonalenia Kadr ERGON zaprasza do zapisania si\u0119 na kurs na konserwatora podest\u00f3w ruchomych przejezdnych! Podesty ruchome przejezdne zaliczane s\u0105 do urz\u0105dze\u0144 transportu bliskiego (UTB), kt\u00f3re u\u017cywane s\u0105 w wielu zak\u0142adach pracy. S\u0105 to urz\u0105dzenia d\u017awignicowe u\u017cywane przy transporcie \u0142adunk\u00f3w oraz os\u00f3b. Do prowadzenia prac konserwacyjnych urz\u0105dze\u0144 tego typu nale\u017cy uzyska\u0107 w\u0142a\u015bciwe uprawnienia nadawane przez UDT \u2013 Urz\u0105d Dozoru Technicznego. W naszym O\u015brodku ERGON dost\u0119pny jest kurs na konserwatora podest\u00f3w ruchomych przejezdnych. Prowadzimy lekcje \u0142\u0105cz\u0105ce w sobie teori\u0119 oraz praktyk\u0119, skutecznie przygotowuj\u0105c naszych klient\u00f3w do egzaminu UDT. Podczas szkole\u0144 poruszane s\u0105 m.in. nast\u0119puj\u0105ce tematy: wiadomo\u015bci og\u00f3lne o podestach ruchomych wykaz uprawnie\u0144 potrzebnych do konserwacji urz\u0105dze\u0144 podzia\u0142 podest\u00f3w na r\u00f3\u017cne kategorie \u2013 podesty przejezdne, wisz\u0105ce, masztowe dokonanie oceny stanu technicznego podest\u00f3w ruchomych przejezdnych wolnobie\u017cnych z wysi\u0119gnikiem przegubowym, wolnobie\u017cnych z mechanizmem no\u017cycowym podnoszenia oraz montowanych na poje\u017adzie obowi\u0105zki konserwatora podest\u00f3w ruchomych przejezdnych doz\u00f3r techniczny podest\u00f3w ruchomych przejezdnych informacje o BHP i pierwszej pomocy Czas trwania zaj\u0119\u0107 w powy\u017cszym temacie wynosi 48-88 godzin dydaktycznych. Nasz O\u015brodek mo\u017ce tak\u017ce indywidualnie dopasowa\u0107 tematyk\u0119 lekcji zale\u017cnie od wymaga\u0144 klienta. Zapraszamy do skorzystania z naszej oferty! Zapisz si\u0119 na szkolenie<\/p>","protected":false},"author":1,"featured_media":3099,"parent":3226,"menu_order":0,"comment_status":"closed","ping_status":"closed","template":"","meta":{"sfsi_plus_gutenberg_text_before_share":"","sfsi_plus_gutenberg_show_text_before_share":"","sfsi_plus_gutenberg_icon_type":"","sfsi_plus_gutenberg_icon_alignemt":"","sfsi_plus_gutenburg_max_per_row":"","footnotes":""},"class_list":["post-3097","page","type-page","status-publish","has-post-thumbnail","hentry","has_thumb"],"aioseo_notices":[],"_links":{"self":[{"href":"https:\/\/kursy-udt.pl\/fr\/wp-json\/wp\/v2\/pages\/3097","targetHints":{"allow":["GET"]}}],"collection":[{"href":"https:\/\/kursy-udt.pl\/fr\/wp-json\/wp\/v2\/pages"}],"about":[{"href":"https:\/\/kursy-udt.pl\/fr\/wp-json\/wp\/v2\/types\/page"}],"author":[{"embeddable":true,"href":"https:\/\/kursy-udt.pl\/fr\/wp-json\/wp\/v2\/users\/1"}],"replies":[{"embeddable":true,"href":"https:\/\/kursy-udt.pl\/fr\/wp-json\/wp\/v2\/comments?post=3097"}],"version-history":[{"count":5,"href":"https:\/\/kursy-udt.pl\/fr\/wp-json\/wp\/v2\/pages\/3097\/revisions"}],"predecessor-version":[{"id":4701,"href":"https:\/\/kursy-udt.pl\/fr\/wp-json\/wp\/v2\/pages\/3097\/revisions\/4701"}],"up":[{"embeddable":true,"href":"https:\/\/kursy-udt.pl\/fr\/wp-json\/wp\/v2\/pages\/3226"}],"wp:featuredmedia":[{"embeddable":true,"href":"https:\/\/kursy-udt.pl\/fr\/wp-json\/wp\/v2\/media\/3099"}],"wp:attachment":[{"href":"https:\/\/kursy-udt.pl\/fr\/wp-json\/wp\/v2\/media?parent=3097"}],"curies":[{"name":"wp","href":"https:\/\/api.w.org\/{rel}","templated":true}]}}