{"id":3081,"date":"2020-06-30T06:42:39","date_gmt":"2020-06-30T06:42:39","guid":{"rendered":"https:\/\/kursy-udt.pl\/?page_id=3081"},"modified":"2023-01-04T12:07:42","modified_gmt":"2023-01-04T12:07:42","slug":"fonctionnement-des-plates-formes-mobiles","status":"publish","type":"page","link":"https:\/\/kursy-udt.pl\/fr\/szkolenia\/zakresy-ksztalcenia\/obsluga-podestow-ruchomych-przejezdnych\/","title":{"rendered":"Service de plates-formes mobiles mobiles"},"content":{"rendered":"<h2 class=\"naglowekh2\"><u><strong>Vous serez qualifi\u00e9 :<\/strong><\/u><br \/>\nQualifications UDT pour l&#039;exploitation de plates-formes mobiles mobiles<\/h2>\n<p><a href=\"https:\/\/kursy-udt.pl\/wp-content\/uploads\/2020\/06\/1-3.jpg\"><img loading=\"lazy\" decoding=\"async\" class=\"obrazekpadding wp-image-3082 size-medium alignleft\" src=\"https:\/\/kursy-udt.pl\/wp-content\/uploads\/2020\/06\/1-3-300x200.jpg\" alt=\"Plate-forme automotrice\" width=\"300\" height=\"200\" srcset=\"https:\/\/kursy-udt.pl\/wp-content\/uploads\/2020\/06\/1-3-300x200.jpg 300w, https:\/\/kursy-udt.pl\/wp-content\/uploads\/2020\/06\/1-3-768x513.jpg 768w, https:\/\/kursy-udt.pl\/wp-content\/uploads\/2020\/06\/1-3-624x417.jpg 624w, https:\/\/kursy-udt.pl\/wp-content\/uploads\/2020\/06\/1-3.jpg 933w\" sizes=\"auto, (max-width: 300px) 100vw, 300px\" \/><\/a><a href=\"https:\/\/kursy-udt.pl\/fr\/o-firmie\/\">Centre de formation du personnel ERGON<\/a> vous encourage \u00e0 profiter d&#039;une formation \u00e0 l&#039;entretien des nacelles \u00e9l\u00e9vatrices mobiles !<\/p>\n<p>Les plates-formes mobiles mobiles sont des engins de manutention (UTB) largement utilis\u00e9s dans les travaux de construction, de r\u00e9novation et de montage. Ils sont inclus dans la cat\u00e9gorie des appareils de levage.<\/p>\n<p>Pour exploiter - entretenir des plates-formes mobiles mobiles, il est n\u00e9cessaire d&#039;avoir les qualifications appropri\u00e9es, qui sont accord\u00e9es apr\u00e8s avoir r\u00e9ussi l&#039;examen devant le comit\u00e9 du Bureau de l&#039;inspection technique - UDT.<\/p>\n<p>Notre Centre ERGON vous invite \u00e0 <a href=\"https:\/\/kursy-udt.pl\/fr\/szkolenia\/podesty-ruchome\/\">cours pour plateformes mobiles<\/a> passables, y compris celles ax\u00e9es sur l&#039;entretien de ce type d&#039;\u00e9quipement. Nous enseignons de mani\u00e8re exhaustive, alliant th\u00e9orie et pratique !<\/p>\n<h2 class=\"naglowekh2\">Lors des sessions de formation, les th\u00e8mes suivants sont abord\u00e9s : les sujets suivants :<\/h2>\n<ul>\n<li><a href=\"https:\/\/kursy-udt.pl\/wp-content\/uploads\/2020\/06\/1.jpeg\"><img loading=\"lazy\" decoding=\"async\" class=\"obrazekpadding alignright wp-image-3083 size-full\" src=\"https:\/\/kursy-udt.pl\/wp-content\/uploads\/2020\/06\/1.jpeg\" alt=\"Plate-forme de marche libre\" width=\"249\" height=\"184\" \/><\/a>informations de base sur les plates-formes mobiles mobiles<\/li>\n<li>inspection de l&#039;\u00e9tat technique des syst\u00e8mes et des \u00e9l\u00e9ments des plates-formes mobiles mobiles<\/li>\n<li>principes de fonctionnement - fonctionnement des plates-formes mobiles mobiles<\/li>\n<li>missions du conservateur des plateformes mobiles mobiles<\/li>\n<li><a href=\"https:\/\/kursy-udt.pl\/fr\/uprawnienia-udt\/kategorie-uprawnien-2\/\">droits<\/a> n\u00e9cessaire pour travailler avec des plates-formes mobiles mobiles<\/li>\n<li>inspection technique des plates-formes mobiles mobiles<\/li>\n<\/ul>\n<p>La dur\u00e9e des \u00e9tudes dans la mati\u00e8re ci-dessus est de 48 \u00e0 88 heures d&#039;enseignement.<\/p>\n<p>Si n\u00e9cessaire, notre Centre peut adapter la port\u00e9e th\u00e9matique des cours aux besoins individuels du client.<\/p>\n<p>Nous vous invitons \u00e0 profiter de l&#039;offre !<\/p>\n<p><a href=\"https:\/\/kursy-udt.pl\/wp-content\/uploads\/2022\/12\/PODESTY-RUCHOME-kursy-udt.pl_.png\"><img loading=\"lazy\" decoding=\"async\" class=\"aligncenter wp-image-4531\" src=\"https:\/\/kursy-udt.pl\/wp-content\/uploads\/2022\/12\/PODESTY-RUCHOME-kursy-udt.pl_-300x188.png\" alt=\"\" width=\"750\" height=\"469\" srcset=\"https:\/\/kursy-udt.pl\/wp-content\/uploads\/2022\/12\/PODESTY-RUCHOME-kursy-udt.pl_-300x188.png 300w, https:\/\/kursy-udt.pl\/wp-content\/uploads\/2022\/12\/PODESTY-RUCHOME-kursy-udt.pl_-1024x640.png 1024w, https:\/\/kursy-udt.pl\/wp-content\/uploads\/2022\/12\/PODESTY-RUCHOME-kursy-udt.pl_-768x480.png 768w, https:\/\/kursy-udt.pl\/wp-content\/uploads\/2022\/12\/PODESTY-RUCHOME-kursy-udt.pl_-18x12.png 18w, https:\/\/kursy-udt.pl\/wp-content\/uploads\/2022\/12\/PODESTY-RUCHOME-kursy-udt.pl_-624x390.png 624w, https:\/\/kursy-udt.pl\/wp-content\/uploads\/2022\/12\/PODESTY-RUCHOME-kursy-udt.pl_.png 1200w\" sizes=\"auto, (max-width: 750px) 100vw, 750px\" \/><\/a><\/p>\n<div class=\"button_styl\" style=\"float: right; padding-left: 15px; padding-bottom: 8px; margin-bottom: 5px;\"><a class=\"myButton myButton_maly\" href=\"https:\/\/platformaedukacji.pl\/sklep\/\" target=\"_blank\" rel=\"nofollow noopener noreferrer\"><span style=\"color: white;\">Inscrivez-vous \u00e0 la formation<\/span><\/a><\/div>","protected":false},"excerpt":{"rendered":"<p>Vous obtiendrez les qualifications : qualifications UDT pour l&#039;exploitation de plateformes mobiles mobiles. Les plates-formes mobiles mobiles sont des engins de manutention (UTB) largement utilis\u00e9s dans les travaux de construction, de r\u00e9novation et de montage. Ils sont inclus dans la cat\u00e9gorie des appareils de levage. Pour exploiter - entretenir des plates-formes mobiles mobiles, il est n\u00e9cessaire d&#039;avoir les qualifications appropri\u00e9es, qui sont accord\u00e9es apr\u00e8s avoir r\u00e9ussi l&#039;examen devant le comit\u00e9 du Bureau de l&#039;inspection technique - UDT. Notre Centre ERGON vous invite \u00e0 des formations sur les plateformes mobiles mobiles, notamment celles ax\u00e9es sur la maintenance de ce type d&#039;\u00e9quipements. Nous enseignons de mani\u00e8re exhaustive, alliant th\u00e9orie et pratique ! Lors des sessions de formation, les th\u00e8mes suivants sont abord\u00e9s : les sujets suivants : informations de base sur les plates-formes mobiles mobiles examen de l&#039;\u00e9tat technique des syst\u00e8mes et des \u00e9l\u00e9ments des plates-formes mobiles mobiles principes de fonctionnement - maintenance des plates-formes mobiles mobiles t\u00e2ches de maintenance du technicien de maintenance des plates-formes mobiles mobiles surveillance technique des plates-formes mobiles mobiles surveillance technique des le sujet ci-dessus est de 48 \u00e0 88 heures d&#039;enseignement. Si n\u00e9cessaire, notre Centre peut adapter la port\u00e9e th\u00e9matique des cours aux besoins individuels du client. Nous vous invitons \u00e0 profiter de l&#039;offre ! Inscrivez-vous \u00e0 la formation<\/p>","protected":false},"author":1,"featured_media":3082,"parent":3226,"menu_order":0,"comment_status":"closed","ping_status":"closed","template":"","meta":{"sfsi_plus_gutenberg_text_before_share":"","sfsi_plus_gutenberg_show_text_before_share":"","sfsi_plus_gutenberg_icon_type":"","sfsi_plus_gutenberg_icon_alignemt":"","sfsi_plus_gutenburg_max_per_row":"","footnotes":""},"class_list":["post-3081","page","type-page","status-publish","has-post-thumbnail","hentry","has_thumb"],"aioseo_notices":[],"_links":{"self":[{"href":"https:\/\/kursy-udt.pl\/fr\/wp-json\/wp\/v2\/pages\/3081","targetHints":{"allow":["GET"]}}],"collection":[{"href":"https:\/\/kursy-udt.pl\/fr\/wp-json\/wp\/v2\/pages"}],"about":[{"href":"https:\/\/kursy-udt.pl\/fr\/wp-json\/wp\/v2\/types\/page"}],"author":[{"embeddable":true,"href":"https:\/\/kursy-udt.pl\/fr\/wp-json\/wp\/v2\/users\/1"}],"replies":[{"embeddable":true,"href":"https:\/\/kursy-udt.pl\/fr\/wp-json\/wp\/v2\/comments?post=3081"}],"version-history":[{"count":6,"href":"https:\/\/kursy-udt.pl\/fr\/wp-json\/wp\/v2\/pages\/3081\/revisions"}],"predecessor-version":[{"id":4649,"href":"https:\/\/kursy-udt.pl\/fr\/wp-json\/wp\/v2\/pages\/3081\/revisions\/4649"}],"up":[{"embeddable":true,"href":"https:\/\/kursy-udt.pl\/fr\/wp-json\/wp\/v2\/pages\/3226"}],"wp:featuredmedia":[{"embeddable":true,"href":"https:\/\/kursy-udt.pl\/fr\/wp-json\/wp\/v2\/media\/3082"}],"wp:attachment":[{"href":"https:\/\/kursy-udt.pl\/fr\/wp-json\/wp\/v2\/media?parent=3081"}],"curies":[{"name":"wp","href":"https:\/\/api.w.org\/{rel}","templated":true}]}}