{"id":3076,"date":"2020-06-30T05:55:18","date_gmt":"2020-06-30T05:55:18","guid":{"rendered":"https:\/\/kursy-udt.pl\/?page_id=3076"},"modified":"2023-01-05T11:08:39","modified_gmt":"2023-01-05T11:08:39","slug":"entretien-des-telepheriques","status":"publish","type":"page","link":"https:\/\/kursy-udt.pl\/fr\/szkolenia\/zakresy-ksztalcenia\/konserwacja-kolei-linowych\/","title":{"rendered":"Entretien des t\u00e9l\u00e9ph\u00e9riques et remont\u00e9es m\u00e9caniques"},"content":{"rendered":"<h2 class=\"naglowekh2\"><u><strong>Vous serez qualifi\u00e9 :<\/strong><\/u><br \/>\nQualifications UDT pour l&#039;entretien des t\u00e9l\u00e9ph\u00e9riques et des remont\u00e9es m\u00e9caniques<\/h2>\n<p><a href=\"https:\/\/kursy-udt.pl\/wp-content\/uploads\/2020\/06\/1-2.jpg\"><img loading=\"lazy\" decoding=\"async\" class=\"obrazekpadding wp-image-3077 size-medium alignleft\" src=\"https:\/\/kursy-udt.pl\/wp-content\/uploads\/2020\/06\/1-2-300x169.jpg\" alt=\"Entretien des remont\u00e9es m\u00e9caniques\" width=\"300\" height=\"169\" srcset=\"https:\/\/kursy-udt.pl\/wp-content\/uploads\/2020\/06\/1-2-300x169.jpg 300w, https:\/\/kursy-udt.pl\/wp-content\/uploads\/2020\/06\/1-2-1024x577.jpg 1024w, https:\/\/kursy-udt.pl\/wp-content\/uploads\/2020\/06\/1-2-768x432.jpg 768w, https:\/\/kursy-udt.pl\/wp-content\/uploads\/2020\/06\/1-2-624x351.jpg 624w, https:\/\/kursy-udt.pl\/wp-content\/uploads\/2020\/06\/1-2.jpg 1174w\" sizes=\"auto, (max-width: 300px) 100vw, 300px\" \/><\/a><a href=\"https:\/\/kursy-udt.pl\/fr\/o-firmie\/\">Centre de formation du personnel ERGON<\/a> vous invite \u00e0 profiter de l&#039;offre de formation dans le cadre de l&#039;exploitation - maintenance des t\u00e9l\u00e9ph\u00e9riques et remont\u00e9es m\u00e9caniques !<\/p>\n<p>Les t\u00e9l\u00e9ph\u00e9riques et les remont\u00e9es m\u00e9caniques sont des dispositifs de transport qui permettent aux personnes de se d\u00e9placer \u00e0 l&#039;aide de gondoles, de chariots ou de chaises sur une voie de c\u00e2ble d\u00e9sign\u00e9e parcourant une zone donn\u00e9e. Les chemins de fer de ce type sont \u00e9galement utilis\u00e9s pour le transport de marchandises.<\/p>\n<p>Pour mener des activit\u00e9s avec des t\u00e9l\u00e9ph\u00e9riques et des remont\u00e9es m\u00e9caniques, vous devez avoir une pr\u00e9paration appropri\u00e9e, qui peut \u00eatre obtenue lors de la formation appropri\u00e9e dispens\u00e9e par notre Centre.<\/p>\n<p>Le cours destin\u00e9 aux conservateurs et aux personnes impliqu\u00e9es dans l&#039;exploitation des t\u00e9l\u00e9ph\u00e9riques et des remont\u00e9es m\u00e9caniques de notre Centre ERGON est un cours complet alliant th\u00e9orie et pratique.<\/p>\n<h2 class=\"naglowekh2\">Lors des sessions de formation, les th\u00e8mes suivants sont abord\u00e9s : les sujets suivants :<\/h2>\n<ul>\n<li>types d&#039;engins de manutention - t\u00e9l\u00e9ph\u00e9riques et remont\u00e9es m\u00e9caniques<\/li>\n<li>informations de base sur la surveillance technique des t\u00e9l\u00e9ph\u00e9riques et des remont\u00e9es m\u00e9caniques<\/li>\n<li>les types <a href=\"https:\/\/kursy-udt.pl\/fr\/uprawnienia-udt\/kategorie-uprawnien-2\/\">autorisations<\/a> n\u00e9cessaires \u00e0 l&#039;exploitation et \u00e0 l&#039;entretien des t\u00e9l\u00e9ph\u00e9riques et des remont\u00e9es m\u00e9caniques<\/li>\n<li>construction de t\u00e9l\u00e9ph\u00e9riques a\u00e9riens circulaires<\/li>\n<li>construction de remont\u00e9es m\u00e9caniques<\/li>\n<li>t\u00e2ches du personnel d&#039;exploitation des t\u00e9l\u00e9ph\u00e9riques et des remont\u00e9es m\u00e9caniques - gestionnaire de trafic, m\u00e9canicien conducteur, op\u00e9rateur de gare, technicien d&#039;entretien ferroviaire<\/li>\n<li>informations sur l&#039;utilisation en toute s\u00e9curit\u00e9 des t\u00e9l\u00e9ph\u00e9riques et des remont\u00e9es m\u00e9caniques, y compris l&#039;\u00e9vacuation correcte des passagers<\/li>\n<li>pr\u00e9paration des r\u00e8glements pour les passagers<\/li>\n<\/ul>\n<p>La dur\u00e9e des cours est de 30 \u00e0 60 heures d&#039;enseignement.<\/p>\n<p>Notre centre peut \u00e9galement adapter la port\u00e9e de l&#039;\u00e9ducation aux besoins individuels du client. <a href=\"https:\/\/kursy-udt.pl\/fr\/kontakt\/\">Contactez nous s&#039;il vous plait<\/a> pour plus d&#039;informations.<\/p>\n<p>Nous vous invitons \u00e0 profiter de l&#039;offre ODK ERGON !<\/p>\n<p><a href=\"https:\/\/kursy-udt.pl\/wp-content\/uploads\/2023\/01\/Konserwacja-kolei-linowych-i-wyciagow-narciarskich-kursy-udt.pl_.png\"><img loading=\"lazy\" decoding=\"async\" class=\"aligncenter wp-image-4694\" src=\"https:\/\/kursy-udt.pl\/wp-content\/uploads\/2023\/01\/Konserwacja-kolei-linowych-i-wyciagow-narciarskich-kursy-udt.pl_-300x188.png\" alt=\"\" width=\"750\" height=\"469\" srcset=\"https:\/\/kursy-udt.pl\/wp-content\/uploads\/2023\/01\/Konserwacja-kolei-linowych-i-wyciagow-narciarskich-kursy-udt.pl_-300x188.png 300w, https:\/\/kursy-udt.pl\/wp-content\/uploads\/2023\/01\/Konserwacja-kolei-linowych-i-wyciagow-narciarskich-kursy-udt.pl_-1024x640.png 1024w, https:\/\/kursy-udt.pl\/wp-content\/uploads\/2023\/01\/Konserwacja-kolei-linowych-i-wyciagow-narciarskich-kursy-udt.pl_-768x480.png 768w, https:\/\/kursy-udt.pl\/wp-content\/uploads\/2023\/01\/Konserwacja-kolei-linowych-i-wyciagow-narciarskich-kursy-udt.pl_-18x12.png 18w, https:\/\/kursy-udt.pl\/wp-content\/uploads\/2023\/01\/Konserwacja-kolei-linowych-i-wyciagow-narciarskich-kursy-udt.pl_-624x390.png 624w, https:\/\/kursy-udt.pl\/wp-content\/uploads\/2023\/01\/Konserwacja-kolei-linowych-i-wyciagow-narciarskich-kursy-udt.pl_.png 1200w\" sizes=\"auto, (max-width: 750px) 100vw, 750px\" \/><\/a><\/p>\n<div class=\"button_styl\" style=\"float: right; padding-left: 15px; padding-bottom: 8px; margin-bottom: 5px;\"><a class=\"myButton myButton_maly\" href=\"https:\/\/platformaedukacji.pl\/sklep\/\" target=\"_blank\" rel=\"nofollow noopener noreferrer\"><span style=\"color: white;\">Inscrivez-vous \u00e0 la formation<\/span><\/a><\/div>","protected":false},"excerpt":{"rendered":"<p>Vous obtiendrez des qualifications : Qualifications UDT pour l'entretien des t\u00e9l\u00e9ph\u00e9riques et des remont\u00e9es m\u00e9caniques Le Centre de perfectionnement du personnel ERGON vous invite \u00e0 profiter de l'offre de formation dans le domaine de l'exploitation - entretien des t\u00e9l\u00e9ph\u00e9riques et des remont\u00e9es m\u00e9caniques ! Les t\u00e9l\u00e9ph\u00e9riques et les t\u00e9l\u00e9skis sont des appareils de transport permettant le d\u00e9placement de personnes \u00e0 l'aide de nacelles, de voitures ou de fauteuils sur une voie de c\u00e2ble pr\u00e9vue \u00e0 cet effet et circulant au-dessus d'une zone donn\u00e9e. Ce type de chemin de fer est \u00e9galement utilis\u00e9 pour le transport de marchandises. Pour effectuer des activit\u00e9s avec des t\u00e9l\u00e9ph\u00e9riques et des remont\u00e9es m\u00e9caniques, il est n\u00e9cessaire d'avoir une pr\u00e9paration ad\u00e9quate, qui peut \u00eatre acquise lors de la formation correspondante dispens\u00e9e par notre Centre. Le cours destin\u00e9 aux responsables de l'entretien et de l'exploitation des t\u00e9l\u00e9ph\u00e9riques et des remont\u00e9es m\u00e9caniques dans notre centre ERGON est un cours complet qui combine la th\u00e9orie et la pratique. Pendant les cours de formation, les th\u00e8mes abord\u00e9s sont les suivants. les sujets suivants : types d'appareils de manutention - t\u00e9l\u00e9ph\u00e9riques et t\u00e9l\u00e9skis informations de base sur le contr\u00f4le technique des t\u00e9l\u00e9ph\u00e9riques et t\u00e9l\u00e9skis types d'autorisations n\u00e9cessaires pour exploiter et entretenir les t\u00e9l\u00e9ph\u00e9riques et t\u00e9l\u00e9skis construction de t\u00e9l\u00e9ph\u00e9riques \u00e0 mouvement circulaire construction de t\u00e9l\u00e9skis t\u00e2ches du personnel exploitant les t\u00e9l\u00e9ph\u00e9riques et t\u00e9l\u00e9skis - gestionnaire du trafic, informations sur l'utilisation s\u00fbre des t\u00e9l\u00e9ph\u00e9riques et des t\u00e9l\u00e9skis informations sur l'utilisation s\u00fbre des t\u00e9l\u00e9ph\u00e9riques et des t\u00e9l\u00e9skis, y compris l'\u00e9vacuation correcte des passagers pr\u00e9paration des r\u00e8gles et r\u00e8glements pour les passagers Dur\u00e9e du cours : entre 30 et 60 heures d'enseignement. Notre centre peut \u00e9galement adapter l'enseignement \u00e0 vos besoins individuels. N'h\u00e9sitez pas \u00e0 nous contacter pour plus d'informations. Profitez de l'offre d'ODK ERGON ! Inscrivez-vous \u00e0 la formation<\/p>","protected":false},"author":1,"featured_media":3077,"parent":3226,"menu_order":0,"comment_status":"closed","ping_status":"closed","template":"","meta":{"sfsi_plus_gutenberg_text_before_share":"","sfsi_plus_gutenberg_show_text_before_share":"","sfsi_plus_gutenberg_icon_type":"","sfsi_plus_gutenberg_icon_alignemt":"","sfsi_plus_gutenburg_max_per_row":"","footnotes":""},"class_list":["post-3076","page","type-page","status-publish","has-post-thumbnail","hentry","has_thumb"],"aioseo_notices":[],"_links":{"self":[{"href":"https:\/\/kursy-udt.pl\/fr\/wp-json\/wp\/v2\/pages\/3076","targetHints":{"allow":["GET"]}}],"collection":[{"href":"https:\/\/kursy-udt.pl\/fr\/wp-json\/wp\/v2\/pages"}],"about":[{"href":"https:\/\/kursy-udt.pl\/fr\/wp-json\/wp\/v2\/types\/page"}],"author":[{"embeddable":true,"href":"https:\/\/kursy-udt.pl\/fr\/wp-json\/wp\/v2\/users\/1"}],"replies":[{"embeddable":true,"href":"https:\/\/kursy-udt.pl\/fr\/wp-json\/wp\/v2\/comments?post=3076"}],"version-history":[{"count":5,"href":"https:\/\/kursy-udt.pl\/fr\/wp-json\/wp\/v2\/pages\/3076\/revisions"}],"predecessor-version":[{"id":4696,"href":"https:\/\/kursy-udt.pl\/fr\/wp-json\/wp\/v2\/pages\/3076\/revisions\/4696"}],"up":[{"embeddable":true,"href":"https:\/\/kursy-udt.pl\/fr\/wp-json\/wp\/v2\/pages\/3226"}],"wp:featuredmedia":[{"embeddable":true,"href":"https:\/\/kursy-udt.pl\/fr\/wp-json\/wp\/v2\/media\/3077"}],"wp:attachment":[{"href":"https:\/\/kursy-udt.pl\/fr\/wp-json\/wp\/v2\/media?parent=3076"}],"curies":[{"name":"wp","href":"https:\/\/api.w.org\/{rel}","templated":true}]}}