{"id":3062,"date":"2020-06-29T21:04:01","date_gmt":"2020-06-29T21:04:01","guid":{"rendered":"https:\/\/kursy-udt.pl\/?page_id=3062"},"modified":"2023-01-05T10:52:56","modified_gmt":"2023-01-05T10:52:56","slug":"lentretien-des-accessoires-de-manutention-de-charges","status":"publish","type":"page","link":"https:\/\/kursy-udt.pl\/fr\/szkolenia\/zakresy-ksztalcenia\/konserwacja-dzwignikow-do-podnoszenia-ladunkow\/","title":{"rendered":"Maintenance des treuils pour le levage de charges"},"content":{"rendered":"<h2 class=\"naglowekh2\"><u>Vous serez qualifi\u00e9 :<\/u><br \/>\nQualifications UDT pour la maintenance des treuils pour le levage de charges<\/h2>\n<p><a href=\"https:\/\/kursy-udt.pl\/wp-content\/uploads\/2020\/06\/2.jpg\"><img loading=\"lazy\" decoding=\"async\" class=\"obrazekpadding wp-image-3063 size-medium alignleft\" src=\"https:\/\/kursy-udt.pl\/wp-content\/uploads\/2020\/06\/2-300x244.jpg\" alt=\"Conservateur de grues de levage\" width=\"300\" height=\"244\" srcset=\"https:\/\/kursy-udt.pl\/wp-content\/uploads\/2020\/06\/2-300x244.jpg 300w, https:\/\/kursy-udt.pl\/wp-content\/uploads\/2020\/06\/2-768x623.jpg 768w, https:\/\/kursy-udt.pl\/wp-content\/uploads\/2020\/06\/2-624x506.jpg 624w, https:\/\/kursy-udt.pl\/wp-content\/uploads\/2020\/06\/2.jpg 1009w\" sizes=\"auto, (max-width: 300px) 100vw, 300px\" \/><\/a><a href=\"https:\/\/kursy-udt.pl\/fr\/o-firmie\/\">Centre de formation du personnel ERGON<\/a> vous invite \u00e0 profiter de l&#039;offre de formation aux engins de manutention (UTB) - treuils pour le levage de charges !<\/p>\n<p>Les dispositifs de transport, tels que les crics pour soulever des charges, y compris des v\u00e9hicules, se trouvent dans de nombreux lieux de travail, notamment les ateliers de r\u00e9paration automobile, les entrep\u00f4ts, les centres logistiques et les usines de production. Les personnes charg\u00e9es de l&#039;entretien des appareils mentionn\u00e9s ci-dessus, ainsi que de leur maintenance, doivent \u00eatre correctement pr\u00e9par\u00e9es \u00e0 ce type de travail.<\/p>\n<p>Dans notre centre ERGON, nous dispensons des cours complets dans ce domaine. Nos cours couvrent les sujets th\u00e9oriques et pratiques li\u00e9s au fonctionnement et \u00e0 l&#039;entretien des transpalettes, des chariots d&#039;entrep\u00f4t et des tables \u00e9l\u00e9vatrices.<\/p>\n<h2 class=\"naglowekh2\">Lors des sessions de formation, les th\u00e8mes suivants sont abord\u00e9s : les sujets suivants :<\/h2>\n<ul>\n<li>informations sur les crics pour le levage de charges, de v\u00e9hicules, y compris les caract\u00e9ristiques techniques, l&#039;application, la construction, l&#039;entretien et la r\u00e9paration, ainsi que les principes d&#039;utilisation appropri\u00e9e<\/li>\n<li>informations sur le contr\u00f4le technique des appareils susmentionn\u00e9s, y compris les r\u00e9glementations, les tests techniques, la documentation<\/li>\n<li>fonctions d&#039;un technicien de maintenance<\/li>\n<li>des informations sur les autorisations n\u00e9cessaires pour faire fonctionner les appareils<\/li>\n<li><a href=\"https:\/\/kursy-udt.pl\/fr\/szkolenia\/bhp-bezpieczenstwo-pracy\/prawna-ochrona-pracy\/\">Sant\u00e9 et s\u00e9curit\u00e9<\/a> et <a href=\"https:\/\/kursy-udt.pl\/fr\/szkolenia\/bhp-bezpieczenstwo-pracy\/pierwsza-pomoc-i-dzialania\/\">premiers secours<\/a> dans les accidents<\/li>\n<\/ul>\n<p>La dur\u00e9e des cours est de 48 \u00e0 88 heures d&#039;enseignement.<\/p>\n<p>Le centre ERGON peut adapter l&#039;\u00e9tendue de la formation sur les transpalettes, les chariots de magasinage et les tables \u00e9l\u00e9vatrices en fonction des besoins individuels du client.<\/p>\n<p>Nous vous encourageons \u00e0 choisir nos services \u00e9ducatifs au Centre de Formation du Personnel ERGON!<\/p>\n<p><a href=\"https:\/\/kursy-udt.pl\/wp-content\/uploads\/2023\/01\/urzadzenia-zaladowcze-wyladowcze-i-podajacych-kursy-udt.pl_.png\"><img loading=\"lazy\" decoding=\"async\" class=\"aligncenter wp-image-4689\" src=\"https:\/\/kursy-udt.pl\/wp-content\/uploads\/2023\/01\/urzadzenia-zaladowcze-wyladowcze-i-podajacych-kursy-udt.pl_-300x188.png\" alt=\"\" width=\"750\" height=\"469\" srcset=\"https:\/\/kursy-udt.pl\/wp-content\/uploads\/2023\/01\/urzadzenia-zaladowcze-wyladowcze-i-podajacych-kursy-udt.pl_-300x188.png 300w, https:\/\/kursy-udt.pl\/wp-content\/uploads\/2023\/01\/urzadzenia-zaladowcze-wyladowcze-i-podajacych-kursy-udt.pl_-1024x640.png 1024w, https:\/\/kursy-udt.pl\/wp-content\/uploads\/2023\/01\/urzadzenia-zaladowcze-wyladowcze-i-podajacych-kursy-udt.pl_-768x480.png 768w, https:\/\/kursy-udt.pl\/wp-content\/uploads\/2023\/01\/urzadzenia-zaladowcze-wyladowcze-i-podajacych-kursy-udt.pl_-18x12.png 18w, https:\/\/kursy-udt.pl\/wp-content\/uploads\/2023\/01\/urzadzenia-zaladowcze-wyladowcze-i-podajacych-kursy-udt.pl_-624x390.png 624w, https:\/\/kursy-udt.pl\/wp-content\/uploads\/2023\/01\/urzadzenia-zaladowcze-wyladowcze-i-podajacych-kursy-udt.pl_.png 1200w\" sizes=\"auto, (max-width: 750px) 100vw, 750px\" \/><\/a><\/p>\n<div class=\"button_styl\" style=\"float: right; padding-left: 15px; padding-bottom: 8px; margin-bottom: 5px;\"><a class=\"myButton myButton_maly\" href=\"https:\/\/platformaedukacji.pl\/sklep\/\" target=\"_blank\" rel=\"nofollow noopener noreferrer\"><span style=\"color: white;\">Inscrivez-vous \u00e0 la formation<\/span><\/a><\/div>","protected":false},"excerpt":{"rendered":"<p>Vous obtiendrez des qualifications : Le Centre d'Am\u00e9lioration du Personnel ERGON vous encourage \u00e0 profiter de l'offre de formation sur les \u00e9quipements de manutention (UTB) - crics de levage de charges ! Les \u00e9quipements de transport tels que les palans pour le levage de charges, y compris de v\u00e9hicules, sont pr\u00e9sents sur de nombreux lieux de travail, notamment dans les garages, les entrep\u00f4ts, les centres logistiques, les usines de production. Les personnes qui manipulent les \u00e9quipements susmentionn\u00e9s, ainsi que celles qui en assurent la maintenance, doivent avoir re\u00e7u une formation adapt\u00e9e \u00e0 ce type de travail. Dans notre centre ERGON, nous proposons des cours complets dans ce domaine. Nos cours couvrent la th\u00e9orie et la pratique du fonctionnement et de l'entretien des transpalettes, des chariots de magasinage et des tables \u00e9l\u00e9vatrices. Les th\u00e8mes suivants, entre autres, sont abord\u00e9s pendant les cours de formation : informations sur les appareils de levage de charges, les v\u00e9hicules, y compris les caract\u00e9ristiques techniques, l'application, la construction, l'entretien et la r\u00e9paration, ainsi que les principes d'un fonctionnement correct informations sur la supervision technique des \u00e9quipements susmentionn\u00e9s, y compris les r\u00e9glementations, les inspections techniques, la documentation, les obligations du responsable de l'entretien de l'\u00e9quipement informations sur les qualifications n\u00e9cessaires pour utiliser l'\u00e9quipement Sant\u00e9 et s\u00e9curit\u00e9 au travail et premiers secours en cas d'accident La dur\u00e9e des cours est de 48 \u00e0 88 heures d'enseignement. Le Centre ERGON peut adapter le contenu de la formation aux transpalettes, aux chariots de magasinage et aux tables \u00e9l\u00e9vatrices en fonction de vos besoins individuels. Nous vous encourageons \u00e0 choisir nos services de formation au Centre ERGON pour le d\u00e9veloppement du personnel ! Inscrivez-vous \u00e0 une formation<\/p>","protected":false},"author":1,"featured_media":3063,"parent":3226,"menu_order":0,"comment_status":"closed","ping_status":"closed","template":"","meta":{"sfsi_plus_gutenberg_text_before_share":"","sfsi_plus_gutenberg_show_text_before_share":"","sfsi_plus_gutenberg_icon_type":"","sfsi_plus_gutenberg_icon_alignemt":"","sfsi_plus_gutenburg_max_per_row":"","footnotes":""},"class_list":["post-3062","page","type-page","status-publish","has-post-thumbnail","hentry","has_thumb"],"aioseo_notices":[],"_links":{"self":[{"href":"https:\/\/kursy-udt.pl\/fr\/wp-json\/wp\/v2\/pages\/3062","targetHints":{"allow":["GET"]}}],"collection":[{"href":"https:\/\/kursy-udt.pl\/fr\/wp-json\/wp\/v2\/pages"}],"about":[{"href":"https:\/\/kursy-udt.pl\/fr\/wp-json\/wp\/v2\/types\/page"}],"author":[{"embeddable":true,"href":"https:\/\/kursy-udt.pl\/fr\/wp-json\/wp\/v2\/users\/1"}],"replies":[{"embeddable":true,"href":"https:\/\/kursy-udt.pl\/fr\/wp-json\/wp\/v2\/comments?post=3062"}],"version-history":[{"count":5,"href":"https:\/\/kursy-udt.pl\/fr\/wp-json\/wp\/v2\/pages\/3062\/revisions"}],"predecessor-version":[{"id":4690,"href":"https:\/\/kursy-udt.pl\/fr\/wp-json\/wp\/v2\/pages\/3062\/revisions\/4690"}],"up":[{"embeddable":true,"href":"https:\/\/kursy-udt.pl\/fr\/wp-json\/wp\/v2\/pages\/3226"}],"wp:featuredmedia":[{"embeddable":true,"href":"https:\/\/kursy-udt.pl\/fr\/wp-json\/wp\/v2\/media\/3063"}],"wp:attachment":[{"href":"https:\/\/kursy-udt.pl\/fr\/wp-json\/wp\/v2\/media?parent=3062"}],"curies":[{"name":"wp","href":"https:\/\/api.w.org\/{rel}","templated":true}]}}