{"id":3053,"date":"2020-06-29T20:52:11","date_gmt":"2020-06-29T20:52:11","guid":{"rendered":"https:\/\/kursy-udt.pl\/?page_id=3053"},"modified":"2020-07-08T20:56:04","modified_gmt":"2020-07-08T20:56:04","slug":"lentretien-des-escaliers-mecaniques-et-des-trottoirs-roulants","status":"publish","type":"page","link":"https:\/\/kursy-udt.pl\/fr\/szkolenia\/zakresy-ksztalcenia\/konserwacja-schodow-i-chodnikow-ruchomych\/","title":{"rendered":"Entretien des escalators et trottoirs roulants"},"content":{"rendered":"<h2 class=\"naglowekh2\"><u><strong>Vous serez qualifi\u00e9 :<\/strong><\/u><br \/>\nQualifications UDT pour la maintenance des escaliers m\u00e9caniques et trottoirs roulants<\/h2>\n<p><a href=\"https:\/\/kursy-udt.pl\/wp-content\/uploads\/2020\/06\/images-1.jpg\"><img loading=\"lazy\" decoding=\"async\" class=\"obrazekpadding wp-image-3054 size-full alignleft\" src=\"https:\/\/kursy-udt.pl\/wp-content\/uploads\/2020\/06\/images-1.jpg\" alt=\"Entretien des escalators\" width=\"299\" height=\"150\" \/><\/a><a href=\"https:\/\/kursy-udt.pl\/fr\/o-firmie\/\">Centre de formation du personnel ERGON<\/a> vous encourage \u00e0 profiter d&#039;une formation \u00e0 l&#039;entretien et \u00e0 l&#039;exploitation d&#039;escaliers m\u00e9caniques et de trottoirs roulants!<\/p>\n<p>Les escaliers m\u00e9caniques et les trottoirs roulants sont un type de convoyeurs de passagers qui peuvent fonctionner horizontalement et \u00e9galement relier diff\u00e9rents \u00e9tages les uns aux autres. Des escaliers m\u00e9caniques et des trottoirs roulants sont utilis\u00e9s \u00e0 l&#039;int\u00e9rieur et \u00e0 l&#039;ext\u00e9rieur de nombreux sites. Ces dispositifs permettent de faciliter les d\u00e9placements de la population, et facilitent \u00e9galement le transport des marchandises. Pour entretenir ce type d&#039;\u00e9quipement, il est n\u00e9cessaire d&#039;avoir une bonne pr\u00e9paration.<\/p>\n<p>La formation propos\u00e9e par notre Centre est une offre professionnelle et compl\u00e8te adress\u00e9e aux personnes qui souhaitent travailler comme conservateur d&#039;escaliers m\u00e9caniques et de trottoirs roulants. Nos cours comprennent une th\u00e9orie approfondie et des cours pratiques permettant une pr\u00e9paration professionnelle pour travailler avec ce type d&#039;appareils.<\/p>\n<h2 class=\"naglowekh2\"><strong>Lors des sessions de formation, les th\u00e8mes suivants sont abord\u00e9s : les sujets suivants :<\/strong><\/h2>\n<ul>\n<li>informations de base sur les caract\u00e9ristiques des escaliers m\u00e9caniques et trottoirs roulants<\/li>\n<li>\u00e9l\u00e9ments structurels des escaliers m\u00e9caniques et des trottoirs roulants<\/li>\n<li>transport et installation d&#039;escaliers m\u00e9caniques et trottoirs roulants<\/li>\n<li>s\u00e9curit\u00e9 utilis\u00e9e dans les escaliers m\u00e9caniques et les trottoirs roulants<\/li>\n<li>fonctionnement en toute s\u00e9curit\u00e9 des escaliers m\u00e9caniques et des trottoirs roulants<\/li>\n<li>entretien et test des escaliers m\u00e9caniques et des trottoirs roulants<\/li>\n<li>questions <a href=\"https:\/\/kursy-udt.pl\/fr\/szkolenia\/bhp-bezpieczenstwo-pracy\/prawna-ochrona-pracy\/\">Sant\u00e9 et s\u00e9curit\u00e9<\/a>la lutte contre l'incendie et les premiers secours relatifs aux escaliers et aux escaliers m\u00e9caniques<\/li>\n<li>actes juridiques relatifs aux escaliers m\u00e9caniques et trottoirs roulants<\/li>\n<li>informations sur la surveillance technique des escaliers m\u00e9caniques et trottoirs roulants<\/li>\n<\/ul>\n<p>La dur\u00e9e des cours est de 48 \u00e0 88 heures d&#039;enseignement.<\/p>\n<p>\u00c0 la demande du client, nous pouvons adapter l&#039;\u00e9tendue de la formation aux besoins individuels du client.<\/p>\n<p>Le Centre ERGON vous encourage \u00e0 profiter de l&#039;offre pour les employ\u00e9s s&#039;occupant de l&#039;entretien des escaliers m\u00e9caniques et des trottoirs roulants!<\/p>\n<div class=\"button_styl\" style=\"float: right; padding-left: 15px; padding-bottom: 8px; margin-bottom: 5px;\"><a class=\"myButton myButton_maly\" href=\"https:\/\/platformaedukacji.pl\/sklep\/\" target=\"_blank\" rel=\"nofollow noopener noreferrer\"><span style=\"color: white;\">Inscrivez-vous \u00e0 la formation<\/span><\/a><\/div>","protected":false},"excerpt":{"rendered":"<p>Vous obtiendrez des qualifications : Qualification UDT pour la maintenance des escaliers m\u00e9caniques et des trottoirs roulants Le Centre de perfectionnement du personnel ERGON vous invite \u00e0 b\u00e9n\u00e9ficier d'une formation \u00e0 la maintenance et \u00e0 l'exploitation des escaliers m\u00e9caniques et des trottoirs roulants ! Les escaliers m\u00e9caniques et les trottoirs roulants sont un type de transport de passagers qui peut fonctionner horizontalement et relier diff\u00e9rents \u00e9tages. Les escaliers m\u00e9caniques et les trottoirs roulants sont utilis\u00e9s \u00e0 l'int\u00e9rieur et \u00e0 l'ext\u00e9rieur de nombreuses installations. Ces dispositifs permettent de faciliter les d\u00e9placements de la population et le transport de charges. Il est essentiel d'avoir une formation ad\u00e9quate pour entretenir ce type d'\u00e9quipement. La formation propos\u00e9e par notre Centre est une offre professionnelle et compl\u00e8te destin\u00e9e \u00e0 ceux qui souhaitent travailler comme mainteneurs d'escaliers et d'escaliers m\u00e9caniques. Nos cours int\u00e8grent de nombreuses activit\u00e9s th\u00e9oriques et pratiques afin de vous pr\u00e9parer de mani\u00e8re experte \u00e0 travailler avec ce type d'\u00e9quipement. Au cours des sessions de formation, les th\u00e8mes abord\u00e9s sont les suivants. les sujets suivants : informations de base sur les caract\u00e9ristiques des escaliers m\u00e9caniques et des trottoirs roulants \u00e9l\u00e9ments structurels des escaliers m\u00e9caniques et des trottoirs roulants transport et installation des escaliers m\u00e9caniques et des trottoirs roulants dispositifs de s\u00e9curit\u00e9 utilis\u00e9s dans les escaliers m\u00e9caniques et les trottoirs roulants fonctionnement en toute s\u00e9curit\u00e9 des escaliers m\u00e9caniques et des trottoirs roulants entretien et test des escaliers m\u00e9caniques et des trottoirs roulants questions de sant\u00e9 et de s\u00e9curit\u00e9, lutte contre l'incendie et premiers secours en rapport avec les escaliers m\u00e9caniques et les trottoirs roulants dispositions l\u00e9gales en rapport avec les escaliers m\u00e9caniques et les trottoirs roulants informations sur la supervision technique des escaliers m\u00e9caniques et des trottoirs roulants La dur\u00e9e du cours varie de 48 \u00e0 88 heures d'enseignement. Sur demande, nous pouvons adapter le contenu de la formation aux besoins individuels du client. Le Centre ERGON vous invite \u00e0 profiter de l'offre destin\u00e9e aux employ\u00e9s charg\u00e9s de la maintenance des escaliers m\u00e9caniques et des trottoirs roulants ! Inscrivez-vous \u00e0 la formation<\/p>","protected":false},"author":1,"featured_media":3054,"parent":3226,"menu_order":0,"comment_status":"closed","ping_status":"closed","template":"","meta":{"sfsi_plus_gutenberg_text_before_share":"","sfsi_plus_gutenberg_show_text_before_share":"","sfsi_plus_gutenberg_icon_type":"","sfsi_plus_gutenberg_icon_alignemt":"","sfsi_plus_gutenburg_max_per_row":"","footnotes":""},"class_list":["post-3053","page","type-page","status-publish","has-post-thumbnail","hentry","has_thumb"],"aioseo_notices":[],"_links":{"self":[{"href":"https:\/\/kursy-udt.pl\/fr\/wp-json\/wp\/v2\/pages\/3053","targetHints":{"allow":["GET"]}}],"collection":[{"href":"https:\/\/kursy-udt.pl\/fr\/wp-json\/wp\/v2\/pages"}],"about":[{"href":"https:\/\/kursy-udt.pl\/fr\/wp-json\/wp\/v2\/types\/page"}],"author":[{"embeddable":true,"href":"https:\/\/kursy-udt.pl\/fr\/wp-json\/wp\/v2\/users\/1"}],"replies":[{"embeddable":true,"href":"https:\/\/kursy-udt.pl\/fr\/wp-json\/wp\/v2\/comments?post=3053"}],"version-history":[{"count":3,"href":"https:\/\/kursy-udt.pl\/fr\/wp-json\/wp\/v2\/pages\/3053\/revisions"}],"predecessor-version":[{"id":3253,"href":"https:\/\/kursy-udt.pl\/fr\/wp-json\/wp\/v2\/pages\/3053\/revisions\/3253"}],"up":[{"embeddable":true,"href":"https:\/\/kursy-udt.pl\/fr\/wp-json\/wp\/v2\/pages\/3226"}],"wp:featuredmedia":[{"embeddable":true,"href":"https:\/\/kursy-udt.pl\/fr\/wp-json\/wp\/v2\/media\/3054"}],"wp:attachment":[{"href":"https:\/\/kursy-udt.pl\/fr\/wp-json\/wp\/v2\/media?parent=3053"}],"curies":[{"name":"wp","href":"https:\/\/api.w.org\/{rel}","templated":true}]}}