{"id":3042,"date":"2020-06-29T20:33:56","date_gmt":"2020-06-29T20:33:56","guid":{"rendered":"https:\/\/kursy-udt.pl\/?page_id=3042"},"modified":"2023-01-05T11:13:03","modified_gmt":"2023-01-05T11:13:03","slug":"lentretien-des-plates-formes-de-chargement","status":"publish","type":"page","link":"https:\/\/kursy-udt.pl\/fr\/szkolenia\/zakresy-ksztalcenia\/konserwacja-podestow-zaladowczych\/","title":{"rendered":"Entretien des plates-formes de chargement, y compris le transport de passagers"},"content":{"rendered":"<h2 class=\"naglowekh2\"><u><strong>Vous serez qualifi\u00e9 :<\/strong><\/u><br \/>\nQualifications UDT pour la maintenance des plates-formes de chargement, y compris le transport de personnes<\/h2>\n<p><a href=\"https:\/\/kursy-udt.pl\/wp-content\/uploads\/2020\/06\/1s.jpg\"><img loading=\"lazy\" decoding=\"async\" class=\"obrazekpadding wp-image-3051 size-medium alignleft\" src=\"https:\/\/kursy-udt.pl\/wp-content\/uploads\/2020\/06\/1s-300x225.jpg\" alt=\"Entretien des plateformes de chargement\" width=\"300\" height=\"225\" srcset=\"https:\/\/kursy-udt.pl\/wp-content\/uploads\/2020\/06\/1s-300x225.jpg 300w, https:\/\/kursy-udt.pl\/wp-content\/uploads\/2020\/06\/1s-640x480.jpg 640w, https:\/\/kursy-udt.pl\/wp-content\/uploads\/2020\/06\/1s-624x468.jpg 624w, https:\/\/kursy-udt.pl\/wp-content\/uploads\/2020\/06\/1s.jpg 660w\" sizes=\"auto, (max-width: 300px) 100vw, 300px\" \/><\/a><a href=\"https:\/\/kursy-udt.pl\/fr\/o-firmie\/\">Centre de formation du personnel ERGON<\/a> vous invite \u00e0 profiter de l&#039;offre de formation \u00e0 <a href=\"https:\/\/kursy-udt.pl\/fr\/szkolenia\/udt-wdt-tdt\/podesty-zaladowcze\/\">plates-formes de chargement<\/a>, y compris pour le transport de personnes !<\/p>\n<p>Les plates-formes de chargement (plates-formes de chargement, y compris celles destin\u00e9es au transport de personnes) sont des dispositifs couramment utilis\u00e9s pour la manutention, qui sont soumis \u00e0 des r\u00e8glements de contr\u00f4le technique. Ils sont utilis\u00e9s pour le transport de divers types de charges, y compris les charges de palettes. L&#039;exploitation de ce type de plates-formes est effectu\u00e9e, entre autres, par des camionneurs de livraison, ainsi que l&#039;entretien des plates-formes de chargement.<\/p>\n<p>Nos formations sur la maintenance des plates-formes de chargement, y compris le transport de passagers, pr\u00e9sentent des informations compl\u00e8tes en th\u00e9orie et en pratique. Ces classes concernent les plates-formes de chargement utilis\u00e9es pour le montage sur des voitures, des semi-remorques ou des remorques. Ils abordent en d\u00e9tail les r\u00e9glementations li\u00e9es \u00e0 ces appareils, ainsi que celles li\u00e9es \u00e0 leur fonctionnement quotidien, leur supervision technique et leurs travaux de maintenance.<\/p>\n<h2 class=\"naglowekh2\"><strong>Lors des sessions de formation, les th\u00e8mes suivants sont abord\u00e9s : les sujets suivants :<\/strong><\/h2>\n<ul>\n<li>fondements juridiques li\u00e9s \u00e0 la supervision technique<\/li>\n<li>les types <a href=\"https:\/\/kursy-udt.pl\/fr\/uprawnienia-udt\/kategorie-uprawnien-2\/\">autorisations<\/a> n\u00e9cessaires pour travailler avec des plates-formes de chargement, y compris le transport de personnes<\/li>\n<li>\u00e9l\u00e9ments de construction de plates-formes de chargement, y compris, entre autres, les pi\u00e8ces \u00e9lectriques et m\u00e9caniques<\/li>\n<li>principes corrects d&#039;exploitation des plates-formes de chargement<\/li>\n<li>missions du conservateur de la plate-forme de maintenance<\/li>\n<li>d\u00e9fauts apparaissant lors du fonctionnement des plates-formes de chargement ainsi que les m\u00e9thodes de leur \u00e9limination<\/li>\n<li>R\u00e8glements d&#039;hygi\u00e8ne et de s\u00e9curit\u00e9 et de secourisme d&#039;urgence li\u00e9s \u00e0 l&#039;entretien des plates-formes de chargement<\/li>\n<\/ul>\n<p>La dur\u00e9e du cours varie de 48 \u00e0 88 heures d&#039;enseignement.<\/p>\n<p>Notre Centre ERGON peut \u00e9galement adapter le sujet des cours en fonction des attentes individuelles du client - <a href=\"https:\/\/kursy-udt.pl\/fr\/kontakt\/\">N&#039;h\u00e9sitez pas \u00e0 nous contacter<\/a> pour plus d&#039;informations.<\/p>\n<p>Nous vous invitons \u00e0 profiter de notre offre chez ODK ERGON !<\/p>\n<p><a href=\"https:\/\/kursy-udt.pl\/wp-content\/uploads\/2023\/01\/podesty-zaladowcze-kursy-udt.pl_.png\"><img loading=\"lazy\" decoding=\"async\" class=\"aligncenter wp-image-4588\" src=\"https:\/\/kursy-udt.pl\/wp-content\/uploads\/2023\/01\/podesty-zaladowcze-kursy-udt.pl_-300x188.png\" alt=\"\" width=\"750\" height=\"469\" srcset=\"https:\/\/kursy-udt.pl\/wp-content\/uploads\/2023\/01\/podesty-zaladowcze-kursy-udt.pl_-300x188.png 300w, https:\/\/kursy-udt.pl\/wp-content\/uploads\/2023\/01\/podesty-zaladowcze-kursy-udt.pl_-1024x640.png 1024w, https:\/\/kursy-udt.pl\/wp-content\/uploads\/2023\/01\/podesty-zaladowcze-kursy-udt.pl_-768x480.png 768w, https:\/\/kursy-udt.pl\/wp-content\/uploads\/2023\/01\/podesty-zaladowcze-kursy-udt.pl_-18x12.png 18w, https:\/\/kursy-udt.pl\/wp-content\/uploads\/2023\/01\/podesty-zaladowcze-kursy-udt.pl_-624x390.png 624w, https:\/\/kursy-udt.pl\/wp-content\/uploads\/2023\/01\/podesty-zaladowcze-kursy-udt.pl_.png 1200w\" sizes=\"auto, (max-width: 750px) 100vw, 750px\" \/><\/a><\/p>\n<div class=\"button_styl\" style=\"float: right; padding-left: 15px; padding-bottom: 8px; margin-bottom: 5px;\"><a class=\"myButton myButton_maly\" href=\"https:\/\/platformaedukacji.pl\/sklep\/\" target=\"_blank\" rel=\"nofollow noopener noreferrer\"><span style=\"color: white;\">Inscrivez-vous \u00e0 la formation<\/span><\/a><\/div>","protected":false},"excerpt":{"rendered":"<p>Vous obtiendrez des qualifications : Autorisations UDT pour la maintenance des plates-formes de chargement, y compris pour le transport de personnes Le Centre de perfectionnement du personnel ERGON vous invite \u00e0 profiter de l'offre de formation pour les plates-formes de chargement, y compris pour le transport de personnes ! Les plates-formes de chargement (plates-formes de chargement, y compris pour le transport de personnes) sont des \u00e9quipements de manutention d'usage courant qui sont soumis \u00e0 des r\u00e8gles de surveillance technique. Elles sont utilis\u00e9es pour transporter diff\u00e9rents types de charges, y compris des charges palettis\u00e9es. L'exploitation de ces types de plates-formes est assur\u00e9e, entre autres, par les conducteurs de v\u00e9hicules de livraison, ainsi que par les op\u00e9rateurs de maintenance des plates-formes de chargement. Nos cours de formation sur l'entretien des plates-formes de chargement, y compris celles destin\u00e9es au transport de passagers, pr\u00e9sentent des informations compl\u00e8tes, tant sur le plan th\u00e9orique que pratique. Ces cours traitent des plates-formes de chargement utilis\u00e9es pour \u00eatre mont\u00e9es sur des v\u00e9hicules, des semi-remorques ou des remorques. Ils abordent en d\u00e9tail les r\u00e9glementations relatives \u00e0 ces dispositifs, ainsi que celles li\u00e9es \u00e0 leur fonctionnement quotidien, \u00e0 la supervision technique et aux travaux d'entretien. Les th\u00e8mes suivants, entre autres, sont abord\u00e9s pendant les cours de formation : la base juridique du contr\u00f4le technique les types d'autorisations n\u00e9cessaires pour travailler avec des plates-formes de chargement, y compris pour le transport de passagers les \u00e9l\u00e9ments de construction des plates-formes de chargement, y compris, mais sans s'y limiter, les parties \u00e9lectriques et m\u00e9caniques les principes corrects de fonctionnement des plates-formes de chargement les t\u00e2ches d'un mainteneur de plates-formes de chargement les d\u00e9fauts survenant pendant le fonctionnement des plates-formes de chargement ainsi que les m\u00e9thodes pour les \u00e9liminer les r\u00e8gles de sant\u00e9 et de s\u00e9curit\u00e9 et les premiers secours en cas d'urgence li\u00e9e \u00e0 l'entretien des plates-formes de chargement La dur\u00e9e du cours varie de 48 \u00e0 88 heures d'enseignement. Notre Centre ERGON peut \u00e9galement adapter les th\u00e8mes des cours aux attentes individuelles des clients - n'h\u00e9sitez pas \u00e0 nous contacter pour plus d'informations. Nous vous invitons \u00e0 profiter de notre offre chez ODK ERGON ! Inscrivez-vous \u00e0 une formation<\/p>","protected":false},"author":1,"featured_media":3051,"parent":3226,"menu_order":0,"comment_status":"closed","ping_status":"closed","template":"","meta":{"sfsi_plus_gutenberg_text_before_share":"","sfsi_plus_gutenberg_show_text_before_share":"","sfsi_plus_gutenberg_icon_type":"","sfsi_plus_gutenberg_icon_alignemt":"","sfsi_plus_gutenburg_max_per_row":"","footnotes":""},"class_list":["post-3042","page","type-page","status-publish","has-post-thumbnail","hentry","has_thumb"],"aioseo_notices":[],"_links":{"self":[{"href":"https:\/\/kursy-udt.pl\/fr\/wp-json\/wp\/v2\/pages\/3042","targetHints":{"allow":["GET"]}}],"collection":[{"href":"https:\/\/kursy-udt.pl\/fr\/wp-json\/wp\/v2\/pages"}],"about":[{"href":"https:\/\/kursy-udt.pl\/fr\/wp-json\/wp\/v2\/types\/page"}],"author":[{"embeddable":true,"href":"https:\/\/kursy-udt.pl\/fr\/wp-json\/wp\/v2\/users\/1"}],"replies":[{"embeddable":true,"href":"https:\/\/kursy-udt.pl\/fr\/wp-json\/wp\/v2\/comments?post=3042"}],"version-history":[{"count":8,"href":"https:\/\/kursy-udt.pl\/fr\/wp-json\/wp\/v2\/pages\/3042\/revisions"}],"predecessor-version":[{"id":4698,"href":"https:\/\/kursy-udt.pl\/fr\/wp-json\/wp\/v2\/pages\/3042\/revisions\/4698"}],"up":[{"embeddable":true,"href":"https:\/\/kursy-udt.pl\/fr\/wp-json\/wp\/v2\/pages\/3226"}],"wp:featuredmedia":[{"embeddable":true,"href":"https:\/\/kursy-udt.pl\/fr\/wp-json\/wp\/v2\/media\/3051"}],"wp:attachment":[{"href":"https:\/\/kursy-udt.pl\/fr\/wp-json\/wp\/v2\/media?parent=3042"}],"curies":[{"name":"wp","href":"https:\/\/api.w.org\/{rel}","templated":true}]}}