{"id":3038,"date":"2020-06-29T20:23:27","date_gmt":"2020-06-29T20:23:27","guid":{"rendered":"https:\/\/kursy-udt.pl\/?page_id=3038"},"modified":"2023-01-05T10:38:12","modified_gmt":"2023-01-05T10:38:12","slug":"lentretien-des-grues-electriques","status":"publish","type":"page","link":"https:\/\/kursy-udt.pl\/fr\/szkolenia\/zakresy-ksztalcenia\/konserwacja-dzwigow-elektrycznych\/","title":{"rendered":"Entretien des ascenseurs \u00e9lectriques"},"content":{"rendered":"<h2 class=\"naglowekh2\"><u><strong>Vous serez qualifi\u00e9 :<\/strong><\/u><br \/>\nQualifications UDT pour la maintenance des ascenseurs \u00e9lectriques<\/h2>\n<p><a href=\"https:\/\/kursy-udt.pl\/wp-content\/uploads\/2020\/06\/1.jpg\"><img loading=\"lazy\" decoding=\"async\" class=\"obrazekpadding alignleft wp-image-3036 size-medium\" src=\"https:\/\/kursy-udt.pl\/wp-content\/uploads\/2020\/06\/1-300x230.jpg\" alt=\"entretien des ascenseurs \u00e9lectriques\" width=\"300\" height=\"230\" srcset=\"https:\/\/kursy-udt.pl\/wp-content\/uploads\/2020\/06\/1-300x230.jpg 300w, https:\/\/kursy-udt.pl\/wp-content\/uploads\/2020\/06\/1.jpg 460w\" sizes=\"auto, (max-width: 300px) 100vw, 300px\" \/><\/a>Nous vous encourageons \u00e0 profiter de l&#039;offre de formation dans le cadre de la maintenance des ascenseurs \u00e9lectriques chez ODK ERGON !<\/p>\n<p>Les ascenseurs \u00e9lectriques sont des appareils couramment utilis\u00e9s dans le transport rapproch\u00e9 de personnes et de marchandises. Ces ascenseurs sont divis\u00e9s en ascenseurs de passagers, de marchandises, de passagers de marchandises et d&#039;h\u00f4pitaux et ils sont largement utilis\u00e9s dans diverses installations. Les personnes impliqu\u00e9es dans l&#039;entretien et l&#039;exploitation de ce type d&#039;\u00e9quipement doivent avoir des <a href=\"https:\/\/kursy-udt.pl\/fr\/uprawnienia-udt\/kategorie-uprawnien-2\/\">droits<\/a>.<\/p>\n<p>La formation \u00e0 la maintenance des ascenseurs \u00e9lectriques au Centre ERGON se compose de parties th\u00e9oriques et pratiques, qui sont consacr\u00e9es \u00e0 la pr\u00e9paration compl\u00e8te des candidats \u00e0 la maintenance des ascenseurs \u00e9lectriques. Ces cours peuvent \u00e9galement \u00eatre utilis\u00e9s par les personnes charg\u00e9es du fonctionnement et de la supervision technique de ces appareils.<\/p>\n<p>Les cours portent \u00e0 la fois sur les questions juridiques li\u00e9es \u00e0 l&#039;exploitation des \u00e9quipements et aux autorisations, ainsi que sur leur construction et leur maintenance. Les participants en apprennent \u00e9galement davantage sur les aspects pratiques du travail de conservateur.<\/p>\n<h2 class=\"naglowekh2\"><strong>Lors des sessions de formation, les th\u00e8mes suivants sont abord\u00e9s : les sujets suivants :<\/strong><\/h2>\n<ul>\n<li>autorisations n\u00e9cessaires pour travailler avec des ascenseurs \u00e9lectriques<\/li>\n<li>actes juridiques de base relatifs \u00e0 la supervision technique des ascenseurs \u00e9lectriques<\/li>\n<li>types d&#039;ascenseurs \u00e9lectriques - division en termes d&#039;objectif, de contr\u00f4le, de type d&#039;entra\u00eenement<\/li>\n<li>informations de base sur la construction d&#039;ascenseurs \u00e9lectriques<\/li>\n<li>des informations d\u00e9taill\u00e9es sur les composants et les assemblages des ascenseurs \u00e9lectriques - \u00e9lectriques, \u00e9lectroniques, \u00e9lectrom\u00e9caniques<\/li>\n<li>les travaux d&#039;entretien des ascenseurs \u00e9lectriques passagers, marchandises, marchandises-passagers et hospitaliers, ainsi que des ascenseurs de chantier<\/li>\n<li>les pannes et accidents les plus courants li\u00e9s au fonctionnement des ascenseurs \u00e9lectriques<\/li>\n<li>Sant\u00e9, s\u00e9curit\u00e9 et <a href=\"https:\/\/kursy-udt.pl\/fr\/szkolenia\/bhp-bezpieczenstwo-pracy\/pierwsza-pomoc-i-dzialania\/\">premiers secours<\/a> lorsque vous travaillez avec des grues \u00e9lectriques<\/li>\n<\/ul>\n<p>La dur\u00e9e du cours varie de 48 \u00e0 88 heures d&#039;enseignement.<\/p>\n<p>Si n\u00e9cessaire, il est possible d&#039;adapter le sujet des cours aux besoins individuels du client.<\/p>\n<p><a href=\"https:\/\/kursy-udt.pl\/fr\/kontakt\/\">Nous vous invitons cordialement \u00e0 profiter de notre offre<\/a> formation en <a href=\"https:\/\/kursy-udt.pl\/fr\/o-firmie\/\">Centre de formation du personnel ERGON<\/a>!<\/p>\n<p><a href=\"https:\/\/kursy-udt.pl\/wp-content\/uploads\/2023\/01\/Konserwacja-dzwigow-elektrycznych-kursy-udt.pl_.png\"><img loading=\"lazy\" decoding=\"async\" class=\"aligncenter wp-image-4683\" src=\"https:\/\/kursy-udt.pl\/wp-content\/uploads\/2023\/01\/Konserwacja-dzwigow-elektrycznych-kursy-udt.pl_-300x188.png\" alt=\"\" width=\"750\" height=\"469\" srcset=\"https:\/\/kursy-udt.pl\/wp-content\/uploads\/2023\/01\/Konserwacja-dzwigow-elektrycznych-kursy-udt.pl_-300x188.png 300w, https:\/\/kursy-udt.pl\/wp-content\/uploads\/2023\/01\/Konserwacja-dzwigow-elektrycznych-kursy-udt.pl_-1024x640.png 1024w, https:\/\/kursy-udt.pl\/wp-content\/uploads\/2023\/01\/Konserwacja-dzwigow-elektrycznych-kursy-udt.pl_-768x480.png 768w, https:\/\/kursy-udt.pl\/wp-content\/uploads\/2023\/01\/Konserwacja-dzwigow-elektrycznych-kursy-udt.pl_-18x12.png 18w, https:\/\/kursy-udt.pl\/wp-content\/uploads\/2023\/01\/Konserwacja-dzwigow-elektrycznych-kursy-udt.pl_-624x390.png 624w, https:\/\/kursy-udt.pl\/wp-content\/uploads\/2023\/01\/Konserwacja-dzwigow-elektrycznych-kursy-udt.pl_.png 1200w\" sizes=\"auto, (max-width: 750px) 100vw, 750px\" \/><\/a><\/p>\n<div class=\"button_styl\" style=\"float: right; padding-left: 15px; padding-bottom: 8px; margin-bottom: 5px;\"><a class=\"myButton myButton_maly\" href=\"https:\/\/platformaedukacji.pl\/sklep\/\" target=\"_blank\" rel=\"nofollow noopener noreferrer\"><span style=\"color: white;\">Inscrivez-vous \u00e0 la formation<\/span><\/a><\/div>","protected":false},"excerpt":{"rendered":"<p>Uzyskasz kwalifikacje: Uprawnienia UDT do konserwacji d\u017awig\u00f3w elektrycznych Zach\u0119camy do skorzystania z oferty szkoleniowej w ramach konserwacji d\u017awig\u00f3w elektrycznych w ODK ERGON! D\u017awigi elektryczne to urz\u0105dzenia u\u017cywane powszechnie w transporcie bliskim os\u00f3b oraz towar\u00f3w. D\u017awigi te dzielone s\u0105 na osobowe, towarowe oraz towarowo-osobowe i szpitalne i posiadaj\u0105 one szerokie zastosowanie w r\u00f3\u017cnych obiektach. Osoby zajmuj\u0105ce si\u0119 konserwacj\u0105 i eksploatacj\u0105 tego rodzaju urz\u0105dze\u0144 musz\u0105 posiada\u0107 okre\u015blone uprawnienia. Szkolenie w ramach konserwacji d\u017awig\u00f3w elektrycznych w O\u015brodku ERGON sk\u0142ada si\u0119 z cz\u0119\u015bci teoretycznej oraz praktycznej, kt\u00f3re po\u015bwi\u0119cone s\u0105 kompleksowemu przygotowaniu kandydat\u00f3w na konserwator\u00f3w d\u017awig\u00f3w elektrycznych. R\u00f3wnie\u017c z kurs\u00f3w tych mog\u0105 skorzysta\u0107 osoby zajmuj\u0105ce si\u0119 obs\u0142ug\u0105 i nadzorem technicznym tych urz\u0105dze\u0144. Zaj\u0119cia dotycz\u0105 zar\u00f3wno kwestii prawnych dotycz\u0105cych obs\u0142ugi sprz\u0119tu i uprawnie\u0144, jak r\u00f3wnie\u017c ich budowy oraz konserwacji. Uczestnicy dowiaduj\u0105 si\u0119 tak\u017ce wi\u0119cej o praktycznych aspektach pracy na stanowisku konserwatora. Podczas szkole\u0144 poruszane s\u0105 m.in. nast\u0119puj\u0105ce tematy: uprawnienia potrzebne do pracy z d\u017awigami elektrycznymi podstawowe akty prawne zwi\u0105zane z dozorem technicznym d\u017awig\u00f3w elektrycznych rodzaje d\u017awig\u00f3w elektrycznych \u2013 podzia\u0142 pod wzgl\u0119dem przeznaczenia, sterowania, typu nap\u0119du podstawowe informacje o budowie d\u017awig\u00f3w elektrycznych szczeg\u00f3\u0142owe informacje o elementach i zespo\u0142ach d\u017awig\u00f3w elektrycznych \u2013 elektrycznych, elektronicznych, elektromechanicznych prace konserwacyjne dla d\u017awig\u00f3w elektrycznych osobowych, towarowych, towarowo-osobowych i szpitalnych, a tak\u017ce d\u017awig\u00f3w budowlanych najcz\u0119stsze awarie i wypadki zwi\u0105zane z eksploatacj\u0105 d\u017awig\u00f3w elektrycznych BHP i pierwsza pomoc przy pracy z d\u017awigami elektrycznymi Czas kursu wynosi od 48 do 88 godzin dydaktycznych. W razie potrzeby istnieje mo\u017cliwo\u015b\u0107 dopasowania tematyki zaj\u0119\u0107 do indywidualnych potrzeb klienta. Zapraszamy serdecznie do skorzystania z naszej oferty szkoleniowej w O\u015brodku Doskonalenia Kadr ERGON! Zapisz si\u0119 [&hellip;]<\/p>\n","protected":false},"author":1,"featured_media":3036,"parent":3226,"menu_order":0,"comment_status":"closed","ping_status":"closed","template":"","meta":{"sfsi_plus_gutenberg_text_before_share":"","sfsi_plus_gutenberg_show_text_before_share":"","sfsi_plus_gutenberg_icon_type":"","sfsi_plus_gutenberg_icon_alignemt":"","sfsi_plus_gutenburg_max_per_row":"","footnotes":""},"class_list":["post-3038","page","type-page","status-publish","has-post-thumbnail","hentry","has_thumb"],"aioseo_notices":[],"_links":{"self":[{"href":"https:\/\/kursy-udt.pl\/fr\/wp-json\/wp\/v2\/pages\/3038","targetHints":{"allow":["GET"]}}],"collection":[{"href":"https:\/\/kursy-udt.pl\/fr\/wp-json\/wp\/v2\/pages"}],"about":[{"href":"https:\/\/kursy-udt.pl\/fr\/wp-json\/wp\/v2\/types\/page"}],"author":[{"embeddable":true,"href":"https:\/\/kursy-udt.pl\/fr\/wp-json\/wp\/v2\/users\/1"}],"replies":[{"embeddable":true,"href":"https:\/\/kursy-udt.pl\/fr\/wp-json\/wp\/v2\/comments?post=3038"}],"version-history":[{"count":5,"href":"https:\/\/kursy-udt.pl\/fr\/wp-json\/wp\/v2\/pages\/3038\/revisions"}],"predecessor-version":[{"id":4684,"href":"https:\/\/kursy-udt.pl\/fr\/wp-json\/wp\/v2\/pages\/3038\/revisions\/4684"}],"up":[{"embeddable":true,"href":"https:\/\/kursy-udt.pl\/fr\/wp-json\/wp\/v2\/pages\/3226"}],"wp:featuredmedia":[{"embeddable":true,"href":"https:\/\/kursy-udt.pl\/fr\/wp-json\/wp\/v2\/media\/3036"}],"wp:attachment":[{"href":"https:\/\/kursy-udt.pl\/fr\/wp-json\/wp\/v2\/media?parent=3038"}],"curies":[{"name":"wp","href":"https:\/\/api.w.org\/{rel}","templated":true}]}}