{"id":3023,"date":"2020-06-29T19:24:51","date_gmt":"2020-06-29T19:24:51","guid":{"rendered":"https:\/\/kursy-udt.pl\/?page_id=3023"},"modified":"2023-01-04T11:51:43","modified_gmt":"2023-01-04T11:51:43","slug":"fonctionnement-des-grues-et-des-palans","status":"publish","type":"page","link":"https:\/\/kursy-udt.pl\/fr\/szkolenia\/zakresy-ksztalcenia\/obsluga-suwnic-wciagnikow-i-wciagarek\/","title":{"rendered":"Fonctionnement de grues, de palans et de treuils \u00e0 usage g\u00e9n\u00e9ral et\/ou sp\u00e9cial"},"content":{"rendered":"<h2 class=\"naglowekh2\"><u><strong>Vous serez qualifi\u00e9 :<\/strong><\/u><br \/>\nQualifications UDT pour op\u00e9rer des grues, des palans et des treuils \u00e0 usage g\u00e9n\u00e9ral et \/ ou sp\u00e9cial<\/h2>\n<p><a href=\"https:\/\/kursy-udt.pl\/wp-content\/uploads\/2020\/06\/200986-13575855.jpg\"><img loading=\"lazy\" decoding=\"async\" class=\"obrazekpadding alignleft wp-image-3024 size-medium\" src=\"https:\/\/kursy-udt.pl\/wp-content\/uploads\/2020\/06\/200986-13575855-300x200.jpg\" alt=\"Service de grue\" width=\"300\" height=\"200\" srcset=\"https:\/\/kursy-udt.pl\/wp-content\/uploads\/2020\/06\/200986-13575855-300x200.jpg 300w, https:\/\/kursy-udt.pl\/wp-content\/uploads\/2020\/06\/200986-13575855-1024x682.jpg 1024w, https:\/\/kursy-udt.pl\/wp-content\/uploads\/2020\/06\/200986-13575855-768x512.jpg 768w, https:\/\/kursy-udt.pl\/wp-content\/uploads\/2020\/06\/200986-13575855-624x416.jpg 624w, https:\/\/kursy-udt.pl\/wp-content\/uploads\/2020\/06\/200986-13575855.jpg 1201w\" sizes=\"auto, (max-width: 300px) 100vw, 300px\" \/><\/a><a href=\"https:\/\/kursy-udt.pl\/fr\/o-firmie\/\">Centre de formation du personnel ERGON<\/a> vous invite \u00e0 profiter de ses services de formation dans le cadre du fonctionnement des grues, palans et treuils !<\/p>\n<p>Les grues, les palans et les treuils sont des \u00e9quipements de manutention (UTB) qui ont une large gamme d&#039;applications pour la manutention \u00e0 l&#039;int\u00e9rieur et \u00e0 l&#039;ext\u00e9rieur des installations. Ils permettent le mouvement de divers types de marchandises avec l&#039;utilisation de dispositifs de rechargement adapt\u00e9s de mani\u00e8re appropri\u00e9e.<\/p>\n<p>Le Centre ERGON vous encourage \u00e0 vous inscrire aux cours de service de grues et de treuils - nous organisons des cours th\u00e9oriques et pratiques complets pour vous pr\u00e9parer \u00e0 travailler en tant qu&#039;op\u00e9rateur de ces \u00e9quipements, ainsi qu&#039;aux autres personnes impliqu\u00e9es dans le fonctionnement des grues et des tracteurs.<\/p>\n<h2 class=\"naglowekh2\"><strong>Lors des sessions de formation, les th\u00e8mes suivants sont abord\u00e9s : les sujets suivants :<\/strong><\/h2>\n<ul>\n<li>bases juridiques li\u00e9es \u00e0 la supervision des grues techniques, des palans et des treuils<\/li>\n<li>les types <a href=\"https:\/\/kursy-udt.pl\/fr\/uprawnienia-udt\/kategorie-uprawnien-2\/\">autorisations<\/a> pour le fonctionnement des \u00e9quipements pr\u00e9cit\u00e9s<\/li>\n<li>types de grues, palans et treuils leurs donn\u00e9es techniques de base<\/li>\n<li>\u00e9l\u00e9ments de construction de grues, palans et treuils - \u00e9l\u00e9ments m\u00e9caniques et \u00e9lectriques, dispositifs de s\u00e9curit\u00e9 utilis\u00e9s pendant le travail<\/li>\n<li>types d&#039;\u00e9quipements de rechargement utilis\u00e9s pour la manutention de mat\u00e9riaux \u00e0 l&#039;aide de ponts roulants, de palans et de treuils<\/li>\n<li>liste des d\u00e9fauts courants li\u00e9s au fonctionnement des grues, des palans et des treuils<\/li>\n<li>t\u00e2ches d&#039;une personne utilisant des ponts roulants, des palans et des treuils \u00e0 partir du niveau de travail, de la cabine et \u00e0 distance<\/li>\n<li>questions <a href=\"https:\/\/kursy-udt.pl\/fr\/szkolenia\/bhp-bezpieczenstwo-pracy\/prawna-ochrona-pracy\/\">Sant\u00e9 et s\u00e9curit\u00e9<\/a> et les premiers secours dans l'utilisation de l'\u00e9quipement susmentionn\u00e9<\/li>\n<\/ul>\n<p>Le temps d&#039;apprentissage est de 20 \u00e0 40 heures d&#039;enseignement.<\/p>\n<p>Le sujet peut \u00eatre adapt\u00e9 individuellement aux besoins du client - nous vous encourageons \u00e0 nous contacter pour plus d&#039;informations.<\/p>\n<p>Nous vous invitons \u00e0 choisir la formation au maniement des grues, palans et treuils au Centre ERGON !<\/p>\n<p><a href=\"https:\/\/kursy-udt.pl\/wp-content\/uploads\/2022\/12\/Kopia-kursy-udt-obsluga-suwnicy-\u2014-kopia.png\"><img loading=\"lazy\" decoding=\"async\" class=\"aligncenter wp-image-4537\" src=\"https:\/\/kursy-udt.pl\/wp-content\/uploads\/2022\/12\/Kopia-kursy-udt-obsluga-suwnicy-\u2014-kopia-300x188.png\" alt=\"\" width=\"750\" height=\"469\" srcset=\"https:\/\/kursy-udt.pl\/wp-content\/uploads\/2022\/12\/Kopia-kursy-udt-obsluga-suwnicy-\u2014-kopia-300x188.png 300w, https:\/\/kursy-udt.pl\/wp-content\/uploads\/2022\/12\/Kopia-kursy-udt-obsluga-suwnicy-\u2014-kopia-1024x640.png 1024w, https:\/\/kursy-udt.pl\/wp-content\/uploads\/2022\/12\/Kopia-kursy-udt-obsluga-suwnicy-\u2014-kopia-768x480.png 768w, https:\/\/kursy-udt.pl\/wp-content\/uploads\/2022\/12\/Kopia-kursy-udt-obsluga-suwnicy-\u2014-kopia-18x12.png 18w, https:\/\/kursy-udt.pl\/wp-content\/uploads\/2022\/12\/Kopia-kursy-udt-obsluga-suwnicy-\u2014-kopia-624x390.png 624w, https:\/\/kursy-udt.pl\/wp-content\/uploads\/2022\/12\/Kopia-kursy-udt-obsluga-suwnicy-\u2014-kopia.png 1200w\" sizes=\"auto, (max-width: 750px) 100vw, 750px\" \/><\/a><\/p>\n<div class=\"button_styl\" style=\"float: right; padding-left: 15px; padding-bottom: 8px; margin-bottom: 5px;\"><a class=\"myButton myButton_maly\" href=\"https:\/\/platformaedukacji.pl\/sklep\/\" target=\"_blank\" rel=\"nofollow noopener noreferrer\"><span style=\"color: white;\">Inscrivez-vous \u00e0 la formation<\/span><\/a><\/div>","protected":false},"excerpt":{"rendered":"<p>Vous obtiendrez des qualifications : Qualifications UDT pour la conduite de ponts roulants, palans et treuils \u00e0 usage g\u00e9n\u00e9ral et\/ou sp\u00e9cial.Le Centre de Formation du Personnel ERGON vous invite \u00e0 profiter de ses prestations de formation dans le cadre de l&#039;entretien des ponts roulants, palans et treuils ! Les grues, palans et treuils sont des \u00e9quipements de manutention (UTB) avec une large gamme d&#039;applications pour la manutention \u00e0 l&#039;int\u00e9rieur et \u00e0 l&#039;ext\u00e9rieur des installations. Ils vous permettent de d\u00e9placer diff\u00e9rents types de marchandises \u00e0 l&#039;aide de dispositifs de rechargement adapt\u00e9s. Le centre ERGON vous encourage \u00e0 vous inscrire aux cours de service de grue et de treuil - nous organisons des cours th\u00e9oriques et pratiques complets pour vous pr\u00e9parer \u00e0 travailler en tant qu&#039;op\u00e9rateur de ces appareils, ainsi que pour d&#039;autres personnes impliqu\u00e9es dans le fonctionnement des ponts roulants et des tracteurs . Lors des sessions de formation, les th\u00e8mes suivants sont abord\u00e9s : les sujets suivants : base juridique relative \u00e0 la supervision des grues, palans et treuils techniques types d&#039;autorisations d&#039;exploitation des \u00e9quipements susmentionn\u00e9s types de grues, palans et treuils leurs donn\u00e9es techniques de base \u00e9l\u00e9ments de construction des grues, palans et treuils - m\u00e9caniques et composants \u00e9lectriques, dispositifs de s\u00e9curit\u00e9 utilis\u00e9s pendant le travail types d&#039;\u00e9quipements de manutention utilis\u00e9s pour la manutention avec des grues, des palans et des treuils une liste des d\u00e9fauts courants li\u00e9s au fonctionnement des ponts roulants, des palans et des treuils devoirs d&#039;une personne utilisant des ponts roulants, des palans et des treuils depuis le lieu de travail les questions de sant\u00e9 et de s\u00e9curit\u00e9 au niveau, en cabine et \u00e0 distance et les premiers secours lors de la manipulation des appareils ci-dessus. Le temps d&#039;apprentissage varie de 20 \u00e0 40 heures d&#039;enseignement. Le sujet peut \u00eatre adapt\u00e9 individuellement aux besoins du client - nous vous encourageons \u00e0 nous contacter pour plus d&#039;informations. Nous vous invitons \u00e0 choisir la formation au service des ponts roulants, palans et treuils au Centre ERGON ! Inscrivez-vous \u00e0 la formation<\/p>","protected":false},"author":1,"featured_media":3024,"parent":3226,"menu_order":0,"comment_status":"closed","ping_status":"closed","template":"","meta":{"sfsi_plus_gutenberg_text_before_share":"","sfsi_plus_gutenberg_show_text_before_share":"","sfsi_plus_gutenberg_icon_type":"","sfsi_plus_gutenberg_icon_alignemt":"","sfsi_plus_gutenburg_max_per_row":"","footnotes":""},"class_list":["post-3023","page","type-page","status-publish","has-post-thumbnail","hentry","has_thumb"],"aioseo_notices":[],"_links":{"self":[{"href":"https:\/\/kursy-udt.pl\/fr\/wp-json\/wp\/v2\/pages\/3023","targetHints":{"allow":["GET"]}}],"collection":[{"href":"https:\/\/kursy-udt.pl\/fr\/wp-json\/wp\/v2\/pages"}],"about":[{"href":"https:\/\/kursy-udt.pl\/fr\/wp-json\/wp\/v2\/types\/page"}],"author":[{"embeddable":true,"href":"https:\/\/kursy-udt.pl\/fr\/wp-json\/wp\/v2\/users\/1"}],"replies":[{"embeddable":true,"href":"https:\/\/kursy-udt.pl\/fr\/wp-json\/wp\/v2\/comments?post=3023"}],"version-history":[{"count":9,"href":"https:\/\/kursy-udt.pl\/fr\/wp-json\/wp\/v2\/pages\/3023\/revisions"}],"predecessor-version":[{"id":4642,"href":"https:\/\/kursy-udt.pl\/fr\/wp-json\/wp\/v2\/pages\/3023\/revisions\/4642"}],"up":[{"embeddable":true,"href":"https:\/\/kursy-udt.pl\/fr\/wp-json\/wp\/v2\/pages\/3226"}],"wp:featuredmedia":[{"embeddable":true,"href":"https:\/\/kursy-udt.pl\/fr\/wp-json\/wp\/v2\/media\/3024"}],"wp:attachment":[{"href":"https:\/\/kursy-udt.pl\/fr\/wp-json\/wp\/v2\/media?parent=3023"}],"curies":[{"name":"wp","href":"https:\/\/api.w.org\/{rel}","templated":true}]}}