{"id":3017,"date":"2020-06-29T19:09:40","date_gmt":"2020-06-29T19:09:40","guid":{"rendered":"https:\/\/kursy-udt.pl\/?page_id=3017"},"modified":"2020-07-08T20:57:14","modified_gmt":"2020-07-08T20:57:14","slug":"lentretien-des-equipements-pour-les-personnes-handicapees","status":"publish","type":"page","link":"https:\/\/kursy-udt.pl\/fr\/szkolenia\/zakresy-ksztalcenia\/konserwacja-urzadzen-dla-osob-niepelnosprawnych\/","title":{"rendered":"Entretien des installations pour handicap\u00e9s"},"content":{"rendered":"<h2 class=\"naglowekh2\"><u><strong>Vous serez qualifi\u00e9 :<\/strong><\/u><br \/>\nQualifications UDT pour la maintenance des appareils pour personnes handicap\u00e9es<\/h2>\n<p><a href=\"https:\/\/kursy-udt.pl\/wp-content\/uploads\/2020\/06\/sl-hb-01.jpg\"><img loading=\"lazy\" decoding=\"async\" class=\"obrazekpadding wp-image-3018 size-medium alignleft\" src=\"https:\/\/kursy-udt.pl\/wp-content\/uploads\/2020\/06\/sl-hb-01-300x191.jpg\" alt=\"Entretien des installations pour handicap\u00e9s\" width=\"300\" height=\"191\" srcset=\"https:\/\/kursy-udt.pl\/wp-content\/uploads\/2020\/06\/sl-hb-01-300x191.jpg 300w, https:\/\/kursy-udt.pl\/wp-content\/uploads\/2020\/06\/sl-hb-01-624x397.jpg 624w, https:\/\/kursy-udt.pl\/wp-content\/uploads\/2020\/06\/sl-hb-01.jpg 629w\" sizes=\"auto, (max-width: 300px) 100vw, 300px\" \/><\/a>Nous vous invitons \u00e0 participer \u00e0 la formation \u00e0 la maintenance des \u00e9quipements pour personnes handicap\u00e9es en <a href=\"https:\/\/kursy-udt.pl\/fr\/o-firmie\/\">Centre de formation du personnel ERGON<\/a>!<\/p>\n<p>Des dispositifs pour personnes handicap\u00e9es leur permettent de se d\u00e9placer facilement en fauteuil roulant. Ces appareils se composent d&#039;une plate-forme et d&#039;un m\u00e9canisme de levage qui peut \u00eatre \u00e9quip\u00e9 d&#039;un entra\u00eenement hydraulique ou \u00e9lectrique. Gr\u00e2ce \u00e0 l&#039;utilisation de ce type d&#039;appareils, il est possible de supprimer les barri\u00e8res architecturales qui rendent difficile le d\u00e9placement des personnes handicap\u00e9es.<\/p>\n<p>Dans notre centre ERGON, nous organisons des cours professionnels pour les personnes impliqu\u00e9es dans la maintenance des appareils destin\u00e9s au d\u00e9placement des personnes handicap\u00e9es. Les cours consistent en une partie th\u00e9orique et pratique et pr\u00e9parent les participants \u00e0 passer l&#039;examen.<\/p>\n<p>Les participants au cours apprendront les bases juridiques de la supervision technique des appareils pour personnes handicap\u00e9es, types <a href=\"https:\/\/kursy-udt.pl\/fr\/uprawnienia-udt\/kategorie-uprawnien-2\/\">autorisations<\/a> pour faire fonctionner ces appareils, ainsi que pour apprendre des informations pratiques li\u00e9es \u00e0 leur entretien et \u00e0 leur fonctionnement.<\/p>\n<h2 class=\"naglowekh2\"><strong>Lors des sessions de formation, les th\u00e8mes suivants sont abord\u00e9s : les sujets suivants :<\/strong><\/h2>\n<ul>\n<li>division des installations pour les personnes handicap\u00e9es<\/li>\n<li>\u00e9l\u00e9ments de construction d&#039;appareils pour handicap\u00e9s - \u00e9l\u00e9ments m\u00e9caniques, \u00e9lectriques et hydrauliques<\/li>\n<li>entretien de divers types d&#039;\u00e9quipements pour personnes handicap\u00e9es<\/li>\n<li>une liste des d\u00e9fauts typiques qui se produisent pendant le fonctionnement des appareils<\/li>\n<li>r\u00e8glements <a href=\"https:\/\/kursy-udt.pl\/fr\/szkolenia\/bhp-bezpieczenstwo-pracy\/prawna-ochrona-pracy\/\">Sant\u00e9 et s\u00e9curit\u00e9<\/a> et les principes de premiers secours applicables lors de l'utilisation d'\u00e9quipements de mobilit\u00e9 pour les personnes handicap\u00e9es<\/li>\n<\/ul>\n<p>La dur\u00e9e des cours varie de 48 \u00e0 88 heures d&#039;enseignement.<\/p>\n<p>Notre centre vous permet d&#039;ajuster la port\u00e9e de la formation aux besoins du client - nous vous encourageons \u00e0 nous contacter pour discuter des d\u00e9tails du service.<\/p>\n<p>Nous vous invitons \u00e0 choisir les formations UTB disponibles au Centre de Formation du Personnel ERGON !<\/p>\n<div class=\"button_styl\" style=\"float: right; padding-left: 15px; padding-bottom: 8px; margin-bottom: 5px;\"><a class=\"myButton myButton_maly\" href=\"https:\/\/platformaedukacji.pl\/sklep\/\" target=\"_blank\" rel=\"nofollow noopener noreferrer\"><span style=\"color: white;\">Inscrivez-vous \u00e0 la formation<\/span><\/a><\/div>","protected":false},"excerpt":{"rendered":"<p>Vous obtiendrez la qualification : Qualification UDT pour la maintenance des \u00e9quipements pour handicap\u00e9s Nous vous invitons \u00e0 profiter de la formation \u00e0 la maintenance des \u00e9quipements pour handicap\u00e9s au Centre de Perfectionnement du Personnel d'ERGON ! Les \u00e9quipements pour handicap\u00e9s permettent aux personnes handicap\u00e9es de se d\u00e9placer facilement dans leur fauteuil roulant. Ces appareils se composent d'une plate-forme et d'un m\u00e9canisme de levage, qui peut \u00eatre \u00e9quip\u00e9 d'une commande hydraulique ou \u00e9lectrique. Gr\u00e2ce \u00e0 l'utilisation de ce type d'\u00e9quipement, les barri\u00e8res architecturales \u00e0 la mobilit\u00e9 des personnes handicap\u00e9es peuvent \u00eatre supprim\u00e9es. Dans notre centre ERGON, nous dispensons des cours professionnels aux personnes charg\u00e9es de la maintenance des \u00e9quipements destin\u00e9s au d\u00e9placement des personnes handicap\u00e9es. Les cours comprennent une partie th\u00e9orique et une partie pratique et pr\u00e9parent les participants \u00e0 passer un examen. Les participants apprennent la base juridique de la supervision technique des \u00e9quipements pour personnes handicap\u00e9es, les types d'autorisations pour exploiter ces \u00e9quipements, ainsi que les informations pratiques li\u00e9es \u00e0 leur maintenance et \u00e0 leur exploitation. Les th\u00e8mes suivants, entre autres, sont abord\u00e9s pendant les cours de formation : division des \u00e9quipements pour handicap\u00e9s \u00e9l\u00e9ments de construction des \u00e9quipements pour handicap\u00e9s - \u00e9l\u00e9ments m\u00e9caniques, \u00e9lectriques et hydrauliques entretien des diff\u00e9rents types d'\u00e9quipements pour handicap\u00e9s liste des d\u00e9fauts typiques survenant pendant le fonctionnement des \u00e9quipements r\u00e8gles de sant\u00e9 et de s\u00e9curit\u00e9 et r\u00e8gles de premiers secours applicables lors de l'utilisation d'\u00e9quipements pour handicap\u00e9s La dur\u00e9e des cours varie de 48 \u00e0 88 heures d'enseignement. Notre Centre vous permet d'adapter l'\u00e9tendue de la formation \u00e0 vos besoins - n'h\u00e9sitez pas \u00e0 nous contacter pour discuter des d\u00e9tails du service. Nous vous invitons \u00e0 choisir les formations UTB disponibles au Centre ERGON pour le d\u00e9veloppement du personnel ! Inscrivez-vous \u00e0 une formation<\/p>","protected":false},"author":1,"featured_media":3018,"parent":3226,"menu_order":0,"comment_status":"closed","ping_status":"closed","template":"","meta":{"sfsi_plus_gutenberg_text_before_share":"","sfsi_plus_gutenberg_show_text_before_share":"","sfsi_plus_gutenberg_icon_type":"","sfsi_plus_gutenberg_icon_alignemt":"","sfsi_plus_gutenburg_max_per_row":"","footnotes":""},"class_list":["post-3017","page","type-page","status-publish","has-post-thumbnail","hentry","has_thumb"],"aioseo_notices":[],"_links":{"self":[{"href":"https:\/\/kursy-udt.pl\/fr\/wp-json\/wp\/v2\/pages\/3017","targetHints":{"allow":["GET"]}}],"collection":[{"href":"https:\/\/kursy-udt.pl\/fr\/wp-json\/wp\/v2\/pages"}],"about":[{"href":"https:\/\/kursy-udt.pl\/fr\/wp-json\/wp\/v2\/types\/page"}],"author":[{"embeddable":true,"href":"https:\/\/kursy-udt.pl\/fr\/wp-json\/wp\/v2\/users\/1"}],"replies":[{"embeddable":true,"href":"https:\/\/kursy-udt.pl\/fr\/wp-json\/wp\/v2\/comments?post=3017"}],"version-history":[{"count":4,"href":"https:\/\/kursy-udt.pl\/fr\/wp-json\/wp\/v2\/pages\/3017\/revisions"}],"predecessor-version":[{"id":3257,"href":"https:\/\/kursy-udt.pl\/fr\/wp-json\/wp\/v2\/pages\/3017\/revisions\/3257"}],"up":[{"embeddable":true,"href":"https:\/\/kursy-udt.pl\/fr\/wp-json\/wp\/v2\/pages\/3226"}],"wp:featuredmedia":[{"embeddable":true,"href":"https:\/\/kursy-udt.pl\/fr\/wp-json\/wp\/v2\/media\/3018"}],"wp:attachment":[{"href":"https:\/\/kursy-udt.pl\/fr\/wp-json\/wp\/v2\/media?parent=3017"}],"curies":[{"name":"wp","href":"https:\/\/api.w.org\/{rel}","templated":true}]}}