{"id":3004,"date":"2020-06-29T14:09:17","date_gmt":"2020-06-29T14:09:17","guid":{"rendered":"https:\/\/kursy-udt.pl\/?page_id=3004"},"modified":"2023-01-05T10:49:18","modified_gmt":"2023-01-05T10:49:18","slug":"lentretien-des-grues-a-levage-hydraulique","status":"publish","type":"page","link":"https:\/\/kursy-udt.pl\/fr\/szkolenia\/zakresy-ksztalcenia\/konserwacja-dzwigow-hydraulicznych-wind\/","title":{"rendered":"Maintenance des ascenseurs hydrauliques (ascenseurs)"},"content":{"rendered":"<h2 class=\"naglowekh2\"><u><strong>Vous serez qualifi\u00e9 :<\/strong><\/u><br \/>\nQualifications UDT pour la maintenance des ascenseurs hydrauliques<\/h2>\n<p><a href=\"https:\/\/kursy-udt.pl\/wp-content\/uploads\/2020\/06\/4.jpg\"><img loading=\"lazy\" decoding=\"async\" class=\"obrazekpadding alignleft wp-image-3005 size-medium\" src=\"https:\/\/kursy-udt.pl\/wp-content\/uploads\/2020\/06\/4-225x300.jpg\" alt=\"Ascenseur\" width=\"225\" height=\"300\" srcset=\"https:\/\/kursy-udt.pl\/wp-content\/uploads\/2020\/06\/4-225x300.jpg 225w, https:\/\/kursy-udt.pl\/wp-content\/uploads\/2020\/06\/4-624x832.jpg 624w, https:\/\/kursy-udt.pl\/wp-content\/uploads\/2020\/06\/4.jpg 720w\" sizes=\"auto, (max-width: 225px) 100vw, 225px\" \/><\/a>Nous vous encourageons \u00e0 profiter de notre offre de formation pour la maintenance des ascenseurs hydrauliques en <a href=\"https:\/\/kursy-udt.pl\/fr\/o-firmie\/\">Centre de formation du personnel ERGON<\/a>!<\/p>\n<p>Les ascenseurs hydrauliques, \u00e9galement appel\u00e9s ascenseurs hydrauliques, sont des \u00e9quipements de manutention (UTB) avec une tr\u00e8s large gamme d&#039;applications. Pour la construction et l&#039;entretien de ce type d&#039;\u00e9quipement, il est n\u00e9cessaire d&#039;avoir ceux qui conviennent <a href=\"https:\/\/kursy-udt.pl\/fr\/uprawnienia-udt\/kategorie-uprawnien-2\/\">autorisations<\/a> acquis lors de l&#039;examen UDT.<\/p>\n<p>Nous organisons des cours compos\u00e9s de parties th\u00e9oriques et pratiques, qui pr\u00e9parent de mani\u00e8re exhaustive \u00e0 l&#039;examen et travaillent en tant que technicien de maintenance pour les ascenseurs hydrauliques, et s&#039;adressent \u00e0 d&#039;autres personnes li\u00e9es au fonctionnement de ces ascenseurs.<\/p>\n<p>Au cours de la formation, divers sujets li\u00e9s aux dispositifs ci-dessus sont abord\u00e9s, notamment la base juridique de la supervision technique des ascenseurs hydrauliques, les types d&#039;autorisations, ainsi que les probl\u00e8mes techniques li\u00e9s \u00e0 leur construction et \u00e0 leur maintenance.<\/p>\n<h2><strong><a href=\"https:\/\/kursy-udt.pl\/wp-content\/uploads\/2020\/06\/5.jpg\"><img loading=\"lazy\" decoding=\"async\" class=\"wp-image-3006 size-medium alignright\" src=\"https:\/\/kursy-udt.pl\/wp-content\/uploads\/2020\/06\/5-169x300.jpg\" alt=\"Lever\" width=\"169\" height=\"300\" srcset=\"https:\/\/kursy-udt.pl\/wp-content\/uploads\/2020\/06\/5-169x300.jpg 169w, https:\/\/kursy-udt.pl\/wp-content\/uploads\/2020\/06\/5.jpg 450w\" sizes=\"auto, (max-width: 169px) 100vw, 169px\" \/><\/a>Lors des sessions de formation, les th\u00e8mes suivants sont abord\u00e9s : les sujets suivants :<\/strong><\/h2>\n<ul>\n<li>aper\u00e7u des types d&#039;autorisations d&#039;exploitation des grues \u00e0 entra\u00eenement hydraulique<\/li>\n<li>types et donn\u00e9es techniques des ascenseurs hydrauliques<\/li>\n<li>construction d&#039;ascenseurs \u00e0 entra\u00eenement hydraulique, y compris description des composants et assemblages de grues ainsi que des \u00e9l\u00e9ments d&#039;appareils, des installations \u00e9lectriques et de commande<\/li>\n<li>r\u00e8glements <a href=\"https:\/\/kursy-udt.pl\/fr\/szkolenia\/bhp-bezpieczenstwo-pracy\/prawna-ochrona-pracy\/\">Sant\u00e9 et s\u00e9curit\u00e9<\/a> et <a href=\"https:\/\/kursy-udt.pl\/fr\/szkolenia\/bhp-bezpieczenstwo-pracy\/pierwsza-pomoc-i-dzialania\/\">premiers secours<\/a> lors du travail avec des grues hydrauliques<\/li>\n<li>fonctions et t\u00e2ches du technicien de maintenance des ascenseurs hydrauliques<\/li>\n<\/ul>\n<p>La dur\u00e9e des cours varie de 48 \u00e0 88 heures d&#039;enseignement.<\/p>\n<p>Les cours que nous proposons peuvent \u00e9galement \u00eatre adapt\u00e9s individuellement aux besoins du client - veuillez contacter notre centre.<\/p>\n<p>Nous vous encourageons \u00e0 participer au cours sur l&#039;entretien des ascenseurs hydrauliques!<\/p>\n<p><a href=\"https:\/\/kursy-udt.pl\/wp-content\/uploads\/2023\/01\/Reklama-Na-Kursy-7-6.png\"><img loading=\"lazy\" decoding=\"async\" class=\"aligncenter wp-image-4686\" src=\"https:\/\/kursy-udt.pl\/wp-content\/uploads\/2023\/01\/Reklama-Na-Kursy-7-6-300x188.png\" alt=\"\" width=\"750\" height=\"469\" srcset=\"https:\/\/kursy-udt.pl\/wp-content\/uploads\/2023\/01\/Reklama-Na-Kursy-7-6-300x188.png 300w, https:\/\/kursy-udt.pl\/wp-content\/uploads\/2023\/01\/Reklama-Na-Kursy-7-6-1024x640.png 1024w, https:\/\/kursy-udt.pl\/wp-content\/uploads\/2023\/01\/Reklama-Na-Kursy-7-6-768x480.png 768w, https:\/\/kursy-udt.pl\/wp-content\/uploads\/2023\/01\/Reklama-Na-Kursy-7-6-18x12.png 18w, https:\/\/kursy-udt.pl\/wp-content\/uploads\/2023\/01\/Reklama-Na-Kursy-7-6-624x390.png 624w, https:\/\/kursy-udt.pl\/wp-content\/uploads\/2023\/01\/Reklama-Na-Kursy-7-6.png 1200w\" sizes=\"auto, (max-width: 750px) 100vw, 750px\" \/><\/a><\/p>\n<div class=\"button_styl\" style=\"float: right; padding-left: 15px; padding-bottom: 8px; margin-bottom: 5px;\"><a class=\"myButton myButton_maly\" href=\"https:\/\/platformaedukacji.pl\/sklep\/\" target=\"_blank\" rel=\"nofollow noopener noreferrer\"><span style=\"color: white;\">Inscrivez-vous \u00e0 la formation<\/span><\/a><\/div>","protected":false},"excerpt":{"rendered":"<p>Vous obtiendrez des qualifications : Les habilitations UDT pour la maintenance des grues hydrauliques Nous vous encourageons \u00e0 profiter de notre offre de formation en maintenance des grues hydrauliques au Centre de Perfectionnement du Personnel ERGON ! Les grues hydrauliques, \u00e9galement appel\u00e9es ascenseurs hydrauliques, sont des engins de manutention (UTB) dont le champ d'application est tr\u00e8s large. Pour construire et entretenir ce type d'\u00e9quipement, il est n\u00e9cessaire de disposer des qualifications correspondantes, acquises lors de l'examen UDT. Nous organisons des cours compos\u00e9s d'une partie th\u00e9orique et d'une partie pratique, qui pr\u00e9parent de mani\u00e8re compl\u00e8te \u00e0 l'examen et au travail de technicien de maintenance d'ascenseurs hydrauliques, et s'adressent \u00e9galement \u00e0 d'autres personnes li\u00e9es \u00e0 l'exploitation de ces ascenseurs. Les cours de formation couvrent une vari\u00e9t\u00e9 de sujets li\u00e9s \u00e0 l'\u00e9quipement susmentionn\u00e9, y compris la base juridique de la supervision technique des grues hydrauliques, les types d'autorisations, ainsi que les questions techniques relatives \u00e0 leur construction et \u00e0 leur entretien. Les sujets suivants, entre autres, sont abord\u00e9s au cours de la formation : discussion des types d'autorisations d'exploitation des grues hydrauliques types et donn\u00e9es techniques des grues hydrauliques construction des grues hydrauliques, y compris discussion des \u00e9l\u00e9ments et des assemblages des grues, ainsi que des \u00e9l\u00e9ments de l'appareil, de l'installation \u00e9lectrique et de l'installation de contr\u00f4le r\u00e8gles de sant\u00e9 et de s\u00e9curit\u00e9 et premiers secours pendant le travail avec des grues hydrauliques fonctions et t\u00e2ches d'un technicien de maintenance de grues hydrauliques La dur\u00e9e des cours varie de 48 \u00e0 88 heures d'enseignement. Les cours que nous proposons peuvent \u00e9galement \u00eatre adapt\u00e9s individuellement aux besoins du client - n'h\u00e9sitez pas \u00e0 contacter notre Centre. Profitez d'un cours sur la maintenance des grues hydrauliques ! Inscrivez-vous \u00e0 une formation<\/p>","protected":false},"author":1,"featured_media":3005,"parent":3226,"menu_order":0,"comment_status":"closed","ping_status":"closed","template":"","meta":{"sfsi_plus_gutenberg_text_before_share":"","sfsi_plus_gutenberg_show_text_before_share":"","sfsi_plus_gutenberg_icon_type":"","sfsi_plus_gutenberg_icon_alignemt":"","sfsi_plus_gutenburg_max_per_row":"","footnotes":""},"class_list":["post-3004","page","type-page","status-publish","has-post-thumbnail","hentry","has_thumb"],"aioseo_notices":[],"_links":{"self":[{"href":"https:\/\/kursy-udt.pl\/fr\/wp-json\/wp\/v2\/pages\/3004","targetHints":{"allow":["GET"]}}],"collection":[{"href":"https:\/\/kursy-udt.pl\/fr\/wp-json\/wp\/v2\/pages"}],"about":[{"href":"https:\/\/kursy-udt.pl\/fr\/wp-json\/wp\/v2\/types\/page"}],"author":[{"embeddable":true,"href":"https:\/\/kursy-udt.pl\/fr\/wp-json\/wp\/v2\/users\/1"}],"replies":[{"embeddable":true,"href":"https:\/\/kursy-udt.pl\/fr\/wp-json\/wp\/v2\/comments?post=3004"}],"version-history":[{"count":11,"href":"https:\/\/kursy-udt.pl\/fr\/wp-json\/wp\/v2\/pages\/3004\/revisions"}],"predecessor-version":[{"id":4687,"href":"https:\/\/kursy-udt.pl\/fr\/wp-json\/wp\/v2\/pages\/3004\/revisions\/4687"}],"up":[{"embeddable":true,"href":"https:\/\/kursy-udt.pl\/fr\/wp-json\/wp\/v2\/pages\/3226"}],"wp:featuredmedia":[{"embeddable":true,"href":"https:\/\/kursy-udt.pl\/fr\/wp-json\/wp\/v2\/media\/3005"}],"wp:attachment":[{"href":"https:\/\/kursy-udt.pl\/fr\/wp-json\/wp\/v2\/media?parent=3004"}],"curies":[{"name":"wp","href":"https:\/\/api.w.org\/{rel}","templated":true}]}}