{"id":2951,"date":"2019-12-17T16:31:40","date_gmt":"2019-12-17T16:31:40","guid":{"rendered":"http:\/\/kursy-udt.pl\/?page_id=2951"},"modified":"2019-12-18T08:58:45","modified_gmt":"2019-12-18T08:58:45","slug":"categories-de-droits-2","status":"publish","type":"page","link":"https:\/\/kursy-udt.pl\/fr\/uprawnienia-udt\/kategorie-uprawnien-2\/","title":{"rendered":"Cat\u00e9gories d&#039;autorisation"},"content":{"rendered":"<table>\n<tr>\n<th colspan=\"3\" style=\"text-align:center;\">SERVICE<\/th>\n<\/tr>\n<tr>\n<td colspan=\"2\">Types d&#039;appareils techniques dont le fonctionnement n\u00e9cessite la possession de qualifications confirm\u00e9es par un certificat de qualification<\/td>\n<td>Dur\u00e9es de validit\u00e9 des certificats de qualification (en ann\u00e9es)<\/td>\n<\/tr>\n<tr>\n<td>et<\/td>\n<td>b<\/td>\n<td>c<\/td>\n<\/tr>\n<tr>\n<td rowspan=\"2\">Treuils et palans<\/td>\n<td>Palans et treuils \u00e0 usage g\u00e9n\u00e9ral<\/td>\n<td>10<\/td>\n<\/tr>\n<tr>\n<td>Treuils et palans \u00e0 usage g\u00e9n\u00e9ral et sp\u00e9cial<\/td>\n<td>5<\/td>\n<\/tr>\n<tr>\n<td rowspan=\"2\">Grues<\/td>\n<td>Grues, palans et treuils \u00e0 usage g\u00e9n\u00e9ral<\/td>\n<td>10<\/td>\n<\/tr>\n<tr>\n<td>Grues, palans et treuils \u00e0 usage g\u00e9n\u00e9ral et sp\u00e9cial<\/td>\n<td>5<\/td>\n<\/tr>\n<tr>\n<td rowspan=\"8\">Grues<\/td>\n<td>Grues fixes<\/td>\n<td>10<\/td>\n<\/tr>\n<tr>\n<td>Grues mobiles et portatives<br \/>\n(vous autorise \u00e0 utiliser des grues mobiles, portatives et fixes)<\/td>\n<td>10<\/td>\n<\/tr>\n<tr>\n<td>Grues mobiles<br \/>\n(vous autorise \u00e0 utiliser des grues mobiles, mobiles, portables et fixes)<\/td>\n<td>5<\/td>\n<\/tr>\n<tr>\n<td>Grues ferroviaires<\/td>\n<td>5<\/td>\n<\/tr>\n<tr>\n<td>Grues \u00e0 tour et \u00e0 montage rapide<br \/>\n(permet d&#039;utiliser des grues \u00e0 tour, \u00e0 montage rapide et sur rail)<\/td>\n<td>5<\/td>\n<\/tr>\n<tr>\n<td>Grues ferroviaires et sur v\u00e9hicules ferroviaires<\/td>\n<td>5<\/td>\n<\/tr>\n<tr>\n<td>Grues de pont<\/td>\n<td>5<\/td>\n<\/tr>\n<tr>\n<td>Grues flottantes<br \/>\n(autorise l&#039;exploitation des grues flottantes et de pont)<\/td>\n<td>5<\/td>\n<\/tr>\n<tr>\n<td>4<\/td>\n<td>Transstockeurs<\/td>\n<td>Transstockeurs<\/td>\n<td>10<\/td>\n<\/tr>\n<tr>\n<td>Monte-charges<\/td>\n<td>Monte-charges<\/td>\n<td>10<\/td>\n<\/tr>\n<tr>\n<td>Ascenseurs \u00e0 bateaux<\/td>\n<td>Ascenseurs \u00e0 bateaux<\/td>\n<td>10<\/td>\n<\/tr>\n<tr>\n<td rowspan=\"5\">Plateformes mobiles<\/td>\n<td>Plates-formes mobiles fixes<\/td>\n<td>10<\/td>\n<\/tr>\n<tr>\n<td><a href=\"https:\/\/kursy-udt.pl\/fr\/szkolenia\/udt-wdt-tdt\/podesty-ruchome-wiszace\/\">Plates-formes mobiles suspendues<\/a><br \/>\n(permet d&#039;exploiter des plates-formes mobiles suspendues et fixes)<\/td>\n<td>10<\/td>\n<\/tr>\n<tr>\n<td><a href=\"https:\/\/kursy-udt.pl\/fr\/szkolenia\/udt-wdt-tdt\/podesty-ruchome-masztowe\/\">Plates-formes \u00e9l\u00e9vatrices sur m\u00e2t<\/a><br \/>\n(vous permet d&#039;exploiter des m\u00e2ts et des plates-formes mobiles fixes)<\/td>\n<td>10<\/td>\n<\/tr>\n<tr>\n<td>Plateformes mobiles mobiles<\/td>\n<td>5<\/td>\n<\/tr>\n<tr>\n<td>Plates-formes sur v\u00e9hicules ferroviaires<\/td>\n<td>10<\/td>\n<\/tr>\n<tr>\n<td rowspan=\"2\"><a href=\"https:\/\/kursy-udt.pl\/fr\/szkolenia\/wozkiwidlowe\/\">Chariots \u00e9l\u00e9vateurs<\/a><\/td>\n<td>Chariots \u00e9l\u00e9vateurs m\u00e9caniques \u00e0 entra\u00eenement de levage avec fl\u00e8che et chariots \u00e9l\u00e9vateurs \u00e9lectriques \u00e0 entra\u00eenement m\u00e9canique de levage avec op\u00e9rateur soulev\u00e9 en m\u00eame temps que la charge<br \/>\n(autorise \u00e9galement \u00e0 faire fonctionner tous les autres chariots \u00e9l\u00e9vateurs \u00e0 entra\u00eenement m\u00e9canique de levage)<\/td>\n<td>5<\/td>\n<\/tr>\n<tr>\n<td>Chariots \u00e9l\u00e9vateurs m\u00e9caniques \u00e0 entra\u00eenement de levage, \u00e0 l&#039;exclusion des chariots \u00e9l\u00e9vateurs \u00e0 fl\u00e8che et des chariots \u00e9l\u00e9vateurs \u00e0 fourche avec op\u00e9rateur soulev\u00e9 avec la charge<\/td>\n<td>10<\/td>\n<\/tr>\n<tr>\n<td rowspan=\"2\">Grues<\/td>\n<td>Grues de chantier<br \/>\n(autorise l&#039;exploitation d&#039;ascenseurs de construction de marchandises et de personnes ainsi que de monte-charges)<\/td>\n<td>10<\/td>\n<\/tr>\n<tr>\n<td>Ascenseurs de marchandises avec contr\u00f4le interne et h\u00f4pital<br \/>\n(autorise l&#039;exploitation d&#039;ascenseurs de marchandises avec contr\u00f4le interne et d&#039;ascenseurs hospitaliers sans contr\u00f4le de la charge de la cabine)<\/td>\n<td>10<\/td>\n<\/tr>\n<tr>\n<td>Grues \u00e0 c\u00e2ble<\/td>\n<td>Grues \u00e0 c\u00e2ble<\/td>\n<td>10<\/td>\n<\/tr>\n<tr>\n<td>Mat\u00e9riel de manutention de conteneurs<\/td>\n<td>Dispositifs techniques de d\u00e9placement des conteneurs lors des travaux de rechargement<\/td>\n<td>10<\/td>\n<\/tr>\n<tr>\n<td>Gerbeurs<\/td>\n<td>Pav\u00e9s sur chenilles<\/td>\n<td>10<\/td>\n<\/tr>\n<tr>\n<td rowspan=\"6\">T\u00e9l\u00e9ph\u00e9riques<\/td>\n<td>T\u00e9l\u00e9ph\u00e9riques de fret<\/td>\n<td>10<\/td>\n<\/tr>\n<tr>\n<td>Chemins de fer a\u00e9riens \u00e0 un seul c\u00e2ble pour passagers \u00e0 mouvement circulaire avec si\u00e8ges non amovibles<\/td>\n<td>5<\/td>\n<\/tr>\n<tr>\n<td>T\u00e9l\u00e9ph\u00e9riques circulaires pour passagers \u00e0 un c\u00e2ble, t\u00e9l\u00e9si\u00e8ges ou t\u00e9l\u00e9cabines avec v\u00e9hicules d\u00e9brayables<\/td>\n<td>5<\/td>\n<\/tr>\n<tr>\n<td>T\u00e9l\u00e9cabines a\u00e9riennes multifilaires passagers avec v\u00e9hicules d\u00e9brayables<\/td>\n<td>5<\/td>\n<\/tr>\n<tr>\n<td>T\u00e9l\u00e9ph\u00e9riques a\u00e9riens passagers \u00e0 un ou deux c\u00e2bles<\/td>\n<td>5<\/td>\n<\/tr>\n<tr>\n<td>Funiculaires passagers<\/td>\n<td>5<\/td>\n<\/tr>\n<tr>\n<td rowspan=\"4\">Ascenseurs pour la circulation des personnes \u00e0 des fins touristiques et sportives<\/td>\n<td>Pour les skieurs se d\u00e9pla\u00e7ant sur neige ou sol solide avec guidage par c\u00e2ble haut ou bas, support ou pas de support, pilot\u00e9 depuis la plate-forme ou la salle des machines<\/td>\n<td>5<\/td>\n<\/tr>\n<tr>\n<td>Multi-support pour les skieurs se d\u00e9pla\u00e7ant dans l&#039;eau avec passage de c\u00e2ble circulaire haut<\/td>\n<td>5<\/td>\n<\/tr>\n<tr>\n<td>Double support pour les skieurs se d\u00e9pla\u00e7ant dans l&#039;eau avec passage de c\u00e2ble haut ou bas, avec mouvement invers\u00e9 ou circulaire<\/td>\n<td>5<\/td>\n<\/tr>\n<tr>\n<td>Ascenseurs de v\u00e9hicules pour toboggans gravitaires, remont\u00e9es m\u00e9caniques avec l&#039;infrastructure de la piste de descente<\/td>\n<td>5<\/td>\n<\/tr>\n<tr>\n<td rowspan=\"2\">Plates-formes mobiles et plates-formes avec unit\u00e9s d&#039;entra\u00eenement dans les ports de ferry<\/td>\n<td>Plates-formes mobiles avec unit\u00e9s motrices dans les ports de ferry maritimes<\/td>\n<td>10<\/td>\n<\/tr>\n<tr>\n<td>Plates-formes mobiles avec unit\u00e9s motrices dans les ports de ferry int\u00e9rieurs<\/td>\n<td>10<\/td>\n<\/tr>\n<tr>\n<td>Citernes mobiles<\/td>\n<td>R\u00e9servoirs de remplissage de r\u00e9cipients \u00e0 pression portables d&#039;une capacit\u00e9 sup\u00e9rieure \u00e0 350 cm3<\/td>\n<td>10<\/td>\n<\/tr>\n<tr>\n<td rowspan=\"3\">Equipement pour le remplissage et la vidange des citernes de transport de mati\u00e8res dangereuses<\/td>\n<td>Equipement pour le remplissage et la vidange des citernes de transport de mati\u00e8res dangereuses de la classe \u2026\u2026. selon ADR \/ RID \/ ADN<\/td>\n<td>5<\/td>\n<\/tr>\n<tr>\n<td>Equipement pour le remplissage et la vidange des citernes de transport de mati\u00e8res dangereuses de la classe \u2026\u2026 .. selon ADR \/ RID \/ ADN<\/td>\n<td><\/td>\n<\/tr>\n<tr>\n<td>Bras de rechargement portuaire pour marchandises dangereuses selon IMDG<\/td>\n<td>5<\/td>\n<\/tr>\n<tr>\n<td rowspan=\"2\">Equipement pour le remplissage et la vidange des citernes de transport de mati\u00e8res non dangereuses<\/td>\n<td>Equipement pour remplir et vider les citernes de transport de mati\u00e8res non dangereuses qui sont remplies, vid\u00e9es ou transport\u00e9es sous pression<\/td>\n<td>10<\/td>\n<\/tr>\n<tr>\n<td>Bras de manutention portuaire pour marchandises non dangereuses<\/td>\n<td>10<\/td>\n<\/tr>\n<tr>\n<td rowspan=\"4\">R\u00e9servoirs de gaz liqu\u00e9fi\u00e9 ou comprim\u00e9 utilis\u00e9s pour alimenter les moteurs \u00e0 combustion interne des v\u00e9hicules<\/td>\n<td>Remplissage des r\u00e9servoirs de GPL install\u00e9s dans les syst\u00e8mes d&#039;alimentation des v\u00e9hicules et des bateaux de navigation int\u00e9rieure<\/td>\n<td>10<\/td>\n<\/tr>\n<tr>\n<td>Remplissage des r\u00e9servoirs de GNC install\u00e9s dans les syst\u00e8mes d&#039;alimentation des v\u00e9hicules et des bateaux de navigation int\u00e9rieure<\/td>\n<td>10<\/td>\n<\/tr>\n<tr>\n<td>Remplissage des r\u00e9servoirs de GNL install\u00e9s dans les syst\u00e8mes d&#039;alimentation \u00e9lectrique des v\u00e9hicules et bateaux de navigation int\u00e9rieure<\/td>\n<td>10<\/td>\n<\/tr>\n<tr>\n<td>Remplissage des r\u00e9servoirs d&#039;hydrog\u00e8ne install\u00e9s dans les syst\u00e8mes d&#039;alimentation des v\u00e9hicules et des bateaux de navigation int\u00e9rieure<\/td>\n<td>10<\/td>\n<\/tr>\n<tr>\n<td>Chaudi\u00e8res \u00e0 vapeur d&#039;une capacit\u00e9 sup\u00e9rieure \u00e0 2 dm3, destin\u00e9es \u00e0 la production de vapeur \u00e0 partir d&#039;un liquide en utilisant la chaleur obtenue du combustible par une r\u00e9action exothermique<\/td>\n<td>Chaudi\u00e8res \u00e0 vapeur<\/td>\n<td>5<\/td>\n<\/tr>\n<tr>\n<td>Machines \u00e0 brocher pour d\u00e9placer les wagons sur les voies<\/td>\n<td>Machines \u00e0 brocher pour d\u00e9placer les wagons sur les voies<\/td>\n<td>10<\/td>\n<\/tr>\n<tr>\n<td rowspan=\"12\"><a href=\"https:\/\/kursy-udt.pl\/fr\/szkolenia\/udt-wdt-tdt\/urzadzenia-zaladowcze\/\">\u00c9quipement de chargement<\/a>le d\u00e9chargement ou le transfert de marchandises dans les lignes de manutention<\/td>\n<td>D\u00e9chargeurs de wagons<\/td>\n<td>10<\/td>\n<\/tr>\n<tr>\n<td>D\u00e9chargeurs de navires<\/td>\n<td>10<\/td>\n<\/tr>\n<tr>\n<td>Basculeurs de wagons<\/td>\n<td>10<\/td>\n<\/tr>\n<tr>\n<td>Chargeurs, y compris marins<\/td>\n<td>10<\/td>\n<\/tr>\n<tr>\n<td>Gerbeurs<\/td>\n<td>10<\/td>\n<\/tr>\n<tr>\n<td>Gerbeurs-chargeurs<\/td>\n<td>10<\/td>\n<\/tr>\n<tr>\n<td>Convoyeurs \u00e0 bande suspendus<\/td>\n<td>10<\/td>\n<\/tr>\n<tr>\n<td>Mangeoires<\/td>\n<td>10<\/td>\n<\/tr>\n<tr>\n<td>Convoyeurs<\/td>\n<td>10<\/td>\n<\/tr>\n<tr>\n<td>Remont\u00e9es m\u00e9caniques<\/td>\n<td>10<\/td>\n<\/tr>\n<tr>\n<td>Dispositifs de transport pneumatiques pour produits en vrac<\/td>\n<td>10<\/td>\n<\/tr>\n<tr>\n<td>Empileurs-chargeurs et chargeurs<\/td>\n<td>10<\/td>\n<\/tr>\n<tr>\n<td rowspan=\"8\">Appareils sp\u00e9cialis\u00e9s soumis \u00e0 un contr\u00f4le technique militaire<\/td>\n<td>R\u00e9servoirs sous pression portables d&#039;a\u00e9ronefs, de navires et de v\u00e9hicules de combat appartenant aux forces arm\u00e9es de la R\u00e9publique de Pologne *** en termes de remplissage<\/td>\n<td>10<\/td>\n<\/tr>\n<tr>\n<td>\u00c9quipement pour le remplissage d&#039;armes et d&#039;\u00e9quipements militaires<\/td>\n<td>10<\/td>\n<\/tr>\n<tr>\n<td>Canalisations de terrain pour le transport de combustibles liquides<\/td>\n<td>10<\/td>\n<\/tr>\n<tr>\n<td>Dispositifs de chargement et de d\u00e9chargement pour ponts militaires<\/td>\n<td>10<\/td>\n<\/tr>\n<tr>\n<td>Dispositifs m\u00e9caniques de chargement et de lancement de fus\u00e9es<\/td>\n<td>10<\/td>\n<\/tr>\n<tr>\n<td>Dispositifs m\u00e9caniques de chargement de torpilles<\/td>\n<td>10<\/td>\n<\/tr>\n<tr>\n<td>Dispositifs d&#039;entra\u00eenement au parachutisme<\/td>\n<td>10<\/td>\n<\/tr>\n<tr>\n<td>Treuils utilis\u00e9s pour d\u00e9placer des personnes ou des marchandises dangereuses utilis\u00e9s sur des a\u00e9ronefs, des navires, des v\u00e9hicules de combat et des v\u00e9hicules appartenant aux forces arm\u00e9es de la R\u00e9publique de Pologne<\/td>\n<td>10<\/td>\n<\/tr>\n<\/table>","protected":false},"excerpt":{"rendered":"<p>OBS\u0141UGA Rodzaje urz\u0105dze\u0144 technicznych, przy obs\u0142udze kt\u00f3rych wymagane jest posiadanie kwalifikacji potwierdzonych za\u015bwiadczeniem kwalifikacyjnym Okresy wa\u017cno\u015bci za\u015bwiadcze\u0144 kwalifikacyjnych (w latach) a b c Wci\u0105garki i wci\u0105gniki Wci\u0105gniki i wci\u0105garki og\u00f3lnego przeznaczenia 10 Wci\u0105gniki i wci\u0105garki og\u00f3lnego i specjalnego przeznaczenia 5 Suwnice Suwnice, wci\u0105gniki i wci\u0105garki og\u00f3lnego przeznaczenia 10 Suwnice, wci\u0105gniki i wci\u0105garki og\u00f3lnego oraz specjalnego przeznaczenia 5 \u017burawie \u017burawie stacjonarne 10 \u017burawie przewo\u017ane i przeno\u015bne (uprawnia do obs\u0142ugi \u017curawi przewo\u017anych i przeno\u015bnych oraz stacjonarnych) 10 \u017burawie samojezdne (uprawnia do obs\u0142ugi \u017curawi samojezdnych, przewo\u017anych i przeno\u015bnych oraz stacjonarnych) 5 \u017burawie szynowe 5 \u017burawie wie\u017cowe i szybkomontuj\u0105ce (uprawnia do obs\u0142ugi \u017curawi wie\u017cowych i szybkomontuj\u0105cych oraz szynowych) 5 \u017burawie kolejowe i na pojazdach kolejowych 5 \u017burawie pok\u0142adowe 5 \u017burawie p\u0142ywaj\u0105ce (uprawnia do obs\u0142ugi \u017curawi p\u0142ywaj\u0105cych oraz pok\u0142adowych) 5 4 Uk\u0142adnice Uk\u0142adnice 10 Wyci\u0105gi towarowe Wyci\u0105gi towarowe 10 Wyci\u0105gi statk\u00f3w Wyci\u0105gi statk\u00f3w 10 Podesty ruchome Podesty ruchome stacjonarne 10 Podesty ruchome wisz\u0105ce (uprawnia do obs\u0142ugi podest\u00f3w ruchomych wisz\u0105cych oraz stacjonarnych) 10 Podesty ruchome masztowe (uprawnia do obs\u0142ugi podest\u00f3w ruchomych masztowych oraz stacjonarnych) 10 Podesty ruchome przejezdne 5 Podesty na pojazdach kolejowych 10 W\u00f3zki jezdniowe podno\u015bnikowe W\u00f3zki jezdniowe podno\u015bnikowe z mechanicznym nap\u0119dem podnoszenia z wysi\u0119gnikiem oraz w\u00f3zki jezdniowe podno\u015bnikowe z mechanicznym nap\u0119dem podnoszenia z osob\u0105 obs\u0142uguj\u0105c\u0105 podnoszon\u0105 wraz z \u0142adunkiem (uprawnia r\u00f3wnie\u017c do obs\u0142ugi wszystkich pozosta\u0142ych w\u00f3zk\u00f3w jezdniowych podno\u015bnikowych z mechanicznym nap\u0119dem podnoszenia) 5 W\u00f3zki jezdniowe podno\u015bnikowe z mechanicznym nap\u0119dem podnoszenia z wy\u0142\u0105czeniem w\u00f3zk\u00f3w z wysi\u0119gnikiem oraz w\u00f3zk\u00f3w z osob\u0105 obs\u0142uguj\u0105c\u0105 podnoszon\u0105 wraz z \u0142adunkiem 10 D\u017awigi D\u017awigi budowlane (uprawnia do obs\u0142ugi d\u017awig\u00f3w budowlanych towarowych i towarowo-osobowych oraz wyci\u0105g\u00f3w towarowych) [&hellip;]<\/p>\n","protected":false},"author":1,"featured_media":0,"parent":2,"menu_order":0,"comment_status":"closed","ping_status":"closed","template":"","meta":{"sfsi_plus_gutenberg_text_before_share":"","sfsi_plus_gutenberg_show_text_before_share":"","sfsi_plus_gutenberg_icon_type":"","sfsi_plus_gutenberg_icon_alignemt":"","sfsi_plus_gutenburg_max_per_row":"","footnotes":""},"class_list":["post-2951","page","type-page","status-publish","hentry","has_no_thumb"],"aioseo_notices":[],"_links":{"self":[{"href":"https:\/\/kursy-udt.pl\/fr\/wp-json\/wp\/v2\/pages\/2951","targetHints":{"allow":["GET"]}}],"collection":[{"href":"https:\/\/kursy-udt.pl\/fr\/wp-json\/wp\/v2\/pages"}],"about":[{"href":"https:\/\/kursy-udt.pl\/fr\/wp-json\/wp\/v2\/types\/page"}],"author":[{"embeddable":true,"href":"https:\/\/kursy-udt.pl\/fr\/wp-json\/wp\/v2\/users\/1"}],"replies":[{"embeddable":true,"href":"https:\/\/kursy-udt.pl\/fr\/wp-json\/wp\/v2\/comments?post=2951"}],"version-history":[{"count":7,"href":"https:\/\/kursy-udt.pl\/fr\/wp-json\/wp\/v2\/pages\/2951\/revisions"}],"predecessor-version":[{"id":2965,"href":"https:\/\/kursy-udt.pl\/fr\/wp-json\/wp\/v2\/pages\/2951\/revisions\/2965"}],"up":[{"embeddable":true,"href":"https:\/\/kursy-udt.pl\/fr\/wp-json\/wp\/v2\/pages\/2"}],"wp:attachment":[{"href":"https:\/\/kursy-udt.pl\/fr\/wp-json\/wp\/v2\/media?parent=2951"}],"curies":[{"name":"wp","href":"https:\/\/api.w.org\/{rel}","templated":true}]}}