{"id":2655,"date":"2018-08-21T09:32:38","date_gmt":"2018-08-21T09:32:38","guid":{"rendered":"http:\/\/kursy-udt.pl\/?page_id=2655"},"modified":"2023-01-04T10:51:24","modified_gmt":"2023-01-04T10:51:24","slug":"formation-iso-45001","status":"publish","type":"page","link":"https:\/\/kursy-udt.pl\/fr\/szkolenie-iso-45001\/","title":{"rendered":"Formation ISO 45001"},"content":{"rendered":"<p><strong>Formation ISO 45001<\/strong><\/p>\n<p><a href=\"https:\/\/kursy-udt.pl\/fr\/o-firmie\/\">Centre de formation du personnel ERGON<\/a> vous invite \u00e0 participer \u00e0 la nouvelle formation ISO 45001 - Syst\u00e8me de management de la sant\u00e9 et de la s\u00e9curit\u00e9 au travail. Nous offrons une formation compl\u00e8te et professionnelle \u00e0 Varsovie et ailleurs !<\/p>\n<p><a href=\"https:\/\/kursy-udt.pl\/wp-content\/uploads\/2022\/10\/12345.jpeg\"><img loading=\"lazy\" decoding=\"async\" class=\"aligncenter wp-image-4438\" src=\"https:\/\/kursy-udt.pl\/wp-content\/uploads\/2022\/10\/12345-300x100.jpeg\" alt=\"\" width=\"750\" height=\"250\" srcset=\"https:\/\/kursy-udt.pl\/wp-content\/uploads\/2022\/10\/12345-300x100.jpeg 300w, https:\/\/kursy-udt.pl\/wp-content\/uploads\/2022\/10\/12345-1024x341.jpeg 1024w, https:\/\/kursy-udt.pl\/wp-content\/uploads\/2022\/10\/12345-768x256.jpeg 768w, https:\/\/kursy-udt.pl\/wp-content\/uploads\/2022\/10\/12345-1536x512.jpeg 1536w, https:\/\/kursy-udt.pl\/wp-content\/uploads\/2022\/10\/12345-18x6.jpeg 18w, https:\/\/kursy-udt.pl\/wp-content\/uploads\/2022\/10\/12345-624x208.jpeg 624w, https:\/\/kursy-udt.pl\/wp-content\/uploads\/2022\/10\/12345.jpeg 1600w\" sizes=\"auto, (max-width: 750px) 100vw, 750px\" \/><\/a><\/p>\n<p><strong>Qu&#039;est-ce que la norme ISO 45001 - Syst\u00e8me de management de la sant\u00e9 et de la s\u00e9curit\u00e9 au travail ?<\/strong><\/p>\n<p>La norme ISO 45001:2018 traite des exigences minimales pour une gestion efficace des \u00e9l\u00e9ments suivants <a href=\"https:\/\/kursy-udt.pl\/fr\/szkolenia\/bhp-bezpieczenstwo-pracy\/prawna-ochrona-pracy\/\">Sant\u00e9 et s\u00e9curit\u00e9<\/a> Elle a pour principal objectif d'am\u00e9liorer le niveau de sant\u00e9 et de s\u00e9curit\u00e9 au travail. Elle remplace les normes actuelles, notamment la norme OHSAS 18001:2007.<\/p>\n<p><strong>Gr\u00e2ce \u00e0 la nouvelle norme, vous pouvez :<\/strong><\/p>\n<ul>\n<li>ajuster la gestion de la SST \u00e0 l&#039;orientation strat\u00e9gique de l&#039;entreprise<\/li>\n<li>am\u00e9liorer l&#039;int\u00e9gration avec d&#039;autres \u00e9l\u00e9ments de gestion de l&#039;entreprise<\/li>\n<li>accro\u00eetre l&#039;engagement de la direction<\/li>\n<li>augmenter les r\u00e9sultats SST dans l&#039;entreprise<\/li>\n<\/ul>\n<p>La nouvelle norme ISO 45001 a \u00e9t\u00e9 publi\u00e9e le 12 mars 2018, et depuis lors, les entreprises titulaires des certificats OHSAS 18001 et\/ou PN-N 18001 (commun\u00e9ment appel\u00e9 ISO 18001) ont 3 ans pour s&#039;adapter aux changements.<\/p>\n<p>Organis\u00e9 par notre Centre de Formation du Personnel ERGON<strong> Formation ISO 45001 <\/strong>s&#039;adresse en priorit\u00e9 aux cadres et managers, ainsi qu&#039;aux personnes associ\u00e9es au syst\u00e8me de management de la sant\u00e9 et de la s\u00e9curit\u00e9 au travail OHSAS 18001 et\/ou PN-N 18001.<\/p>\n<p>Le sujet de la formation comprend des informations compl\u00e8tes li\u00e9es aux nouveaut\u00e9s introduites par la norme ISO 45001 en vigueur depuis 2018.<\/p>\n<p><strong>Le programme de formation couvre des sujets tels que :<\/strong><\/p>\n<ul>\n<li>nouvelle structure dans la norme ISO 45001<\/li>\n<li>terminologie utilis\u00e9e dans la norme<\/li>\n<li>les modifications apport\u00e9es \u00e0 des points sp\u00e9cifiques de la norme, y compris le contexte de l&#039;organisation, le leadership, la planification, le soutien, le fonctionnement, les r\u00e9sultats de l&#039;\u00e9valuation et l&#039;am\u00e9lioration<\/li>\n<\/ul>\n<p>Des informations d\u00e9taill\u00e9es sur les prix et les dates de formation peuvent \u00eatre trouv\u00e9es sur notre site Web ou en appelant le +48 22 290 29 09 ou par e-mail : biuro@bhp-ergon.pl.<\/p>\n<p><a href=\"https:\/\/kursy-udt.pl\/wp-content\/uploads\/2023\/01\/ISO-45001-BHP-kursy-udt.pl_.png\"><img loading=\"lazy\" decoding=\"async\" class=\"aligncenter wp-image-4626\" src=\"https:\/\/kursy-udt.pl\/wp-content\/uploads\/2023\/01\/ISO-45001-BHP-kursy-udt.pl_-300x188.png\" alt=\"\" width=\"750\" height=\"469\" srcset=\"https:\/\/kursy-udt.pl\/wp-content\/uploads\/2023\/01\/ISO-45001-BHP-kursy-udt.pl_-300x188.png 300w, https:\/\/kursy-udt.pl\/wp-content\/uploads\/2023\/01\/ISO-45001-BHP-kursy-udt.pl_-1024x640.png 1024w, https:\/\/kursy-udt.pl\/wp-content\/uploads\/2023\/01\/ISO-45001-BHP-kursy-udt.pl_-768x480.png 768w, https:\/\/kursy-udt.pl\/wp-content\/uploads\/2023\/01\/ISO-45001-BHP-kursy-udt.pl_-18x12.png 18w, https:\/\/kursy-udt.pl\/wp-content\/uploads\/2023\/01\/ISO-45001-BHP-kursy-udt.pl_-624x390.png 624w, https:\/\/kursy-udt.pl\/wp-content\/uploads\/2023\/01\/ISO-45001-BHP-kursy-udt.pl_.png 1200w\" sizes=\"auto, (max-width: 750px) 100vw, 750px\" \/><\/a><\/p>","protected":false},"excerpt":{"rendered":"<p>Formation ISO 45001 Le Centre de Formation du Personnel ERGON vous invite \u00e0 participer \u00e0 la nouvelle formation ISO 45001 - Syst\u00e8me de Management de la Sant\u00e9 et de la S\u00e9curit\u00e9 au Travail. Nous offrons une formation compl\u00e8te et professionnelle \u00e0 Varsovie et ailleurs ! Qu&#039;est-ce que la norme ISO 45001 - Syst\u00e8me de management de la sant\u00e9 et de la s\u00e9curit\u00e9 au travail ? La norme ISO 45001: 2018 fait r\u00e9f\u00e9rence aux exigences minimales pour une gestion efficace de la sant\u00e9 et de la s\u00e9curit\u00e9 sur les lieux de travail et son objectif principal est d&#039;augmenter le niveau de sant\u00e9 et de s\u00e9curit\u00e9 au travail. Elle remplace les normes actuelles, notamment OHSAS 18001\u00a0: 2007. Gr\u00e2ce \u00e0 la nouvelle norme, il est possible de : ajuster la gestion SST \u00e0 l&#039;orientation strat\u00e9gique de l&#039;entreprise am\u00e9liorer l&#039;int\u00e9gration avec les autres \u00e9l\u00e9ments de gestion de l&#039;entreprise augmenter l&#039;engagement de la direction augmenter les r\u00e9sultats SST dans l&#039;entreprise La nouvelle norme ISO 45001 a \u00e9t\u00e9 publi\u00e9e en mars 12, 2018 et depuis lors, les entreprises certifi\u00e9es OHSAS 18001 et \/ ou PN-N 18001 (commun\u00e9ment appel\u00e9e ISO 18001) ont 3 ans pour s&#039;adapter aux changements. La formation ISO 45001, organis\u00e9e par notre Centre de D\u00e9veloppement des Ressources Humaines ERGON, s&#039;adresse en priorit\u00e9 aux cadres et managers, ainsi qu&#039;aux personnes associ\u00e9es au syst\u00e8me de management OHSAS 18001 et\/ou PN-N 18001. Le sujet de la formation comprend une information compl\u00e8te li\u00e9es aux nouveaut\u00e9s introduites par la norme ISO 45001 en vigueur depuis 2018. Le programme de formation couvre des sujets tels que : la nouvelle structure dans la norme ISO 45001 la terminologie utilis\u00e9e dans la norme modifie des points sp\u00e9cifiques de la norme, notamment le contexte de l&#039;organisation, le leadership, la planification, l&#039;accompagnement, le fonctionnement, les r\u00e9sultats d&#039;\u00e9valuation et l&#039;am\u00e9lioration. notre site Web ou en appelant le +48 22 290 29 09 ou par e-mail : biuro@bhp-ergon.pl.<\/p>","protected":false},"author":1,"featured_media":4438,"parent":0,"menu_order":0,"comment_status":"closed","ping_status":"closed","template":"","meta":{"sfsi_plus_gutenberg_text_before_share":"","sfsi_plus_gutenberg_show_text_before_share":"","sfsi_plus_gutenberg_icon_type":"","sfsi_plus_gutenberg_icon_alignemt":"","sfsi_plus_gutenburg_max_per_row":"","footnotes":""},"class_list":["post-2655","page","type-page","status-publish","has-post-thumbnail","hentry","has_thumb"],"aioseo_notices":[],"_links":{"self":[{"href":"https:\/\/kursy-udt.pl\/fr\/wp-json\/wp\/v2\/pages\/2655","targetHints":{"allow":["GET"]}}],"collection":[{"href":"https:\/\/kursy-udt.pl\/fr\/wp-json\/wp\/v2\/pages"}],"about":[{"href":"https:\/\/kursy-udt.pl\/fr\/wp-json\/wp\/v2\/types\/page"}],"author":[{"embeddable":true,"href":"https:\/\/kursy-udt.pl\/fr\/wp-json\/wp\/v2\/users\/1"}],"replies":[{"embeddable":true,"href":"https:\/\/kursy-udt.pl\/fr\/wp-json\/wp\/v2\/comments?post=2655"}],"version-history":[{"count":4,"href":"https:\/\/kursy-udt.pl\/fr\/wp-json\/wp\/v2\/pages\/2655\/revisions"}],"predecessor-version":[{"id":4627,"href":"https:\/\/kursy-udt.pl\/fr\/wp-json\/wp\/v2\/pages\/2655\/revisions\/4627"}],"wp:featuredmedia":[{"embeddable":true,"href":"https:\/\/kursy-udt.pl\/fr\/wp-json\/wp\/v2\/media\/4438"}],"wp:attachment":[{"href":"https:\/\/kursy-udt.pl\/fr\/wp-json\/wp\/v2\/media?parent=2655"}],"curies":[{"name":"wp","href":"https:\/\/api.w.org\/{rel}","templated":true}]}}