{"id":2653,"date":"2018-08-21T09:28:57","date_gmt":"2018-08-21T09:28:57","guid":{"rendered":"http:\/\/kursy-udt.pl\/?page_id=2653"},"modified":"2022-10-14T11:22:46","modified_gmt":"2022-10-14T11:22:46","slug":"controles-sur-les-suspensions","status":"publish","type":"page","link":"https:\/\/kursy-udt.pl\/fr\/szkolenia\/kontrole-zawiesi\/","title":{"rendered":"Inspection des harnais et contr\u00f4le continu des harnais - que faut-il savoir ?"},"content":{"rendered":"<h2 class=\"naglowekh2\"><strong>Contr\u00f4les courants et inspections p\u00e9riodiques des \u00e9lingues<\/strong><\/h2>\n<p>Une \u00e9lingue est un accessoire sur une grue, un palan ou un pont roulant qui est con\u00e7u pour suspendre, \u00e9linguer ou soutenir une charge. Le plus souvent, l'\u00e9lingue ne fait pas partie de la grue, mais est plac\u00e9e sur le crochet du palan \u00e0 moufle.<\/p>\n<h2 class=\"naglowekh2\"><strong>Nous distinguons diff\u00e9rents types d'\u00e9lingues, notamment :<\/strong><\/h2>\n<ul>\n<li><a href=\"https:\/\/kursy-udt.pl\/wp-content\/uploads\/2022\/10\/1-2.jpeg\"><img loading=\"lazy\" decoding=\"async\" class=\"alignright wp-image-4454\" src=\"https:\/\/kursy-udt.pl\/wp-content\/uploads\/2022\/10\/1-2-225x300.jpeg\" alt=\"\" width=\"300\" height=\"400\" srcset=\"https:\/\/kursy-udt.pl\/wp-content\/uploads\/2022\/10\/1-2-225x300.jpeg 225w, https:\/\/kursy-udt.pl\/wp-content\/uploads\/2022\/10\/1-2-768x1024.jpeg 768w, https:\/\/kursy-udt.pl\/wp-content\/uploads\/2022\/10\/1-2-1152x1536.jpeg 1152w, https:\/\/kursy-udt.pl\/wp-content\/uploads\/2022\/10\/1-2-9x12.jpeg 9w, https:\/\/kursy-udt.pl\/wp-content\/uploads\/2022\/10\/1-2-624x832.jpeg 624w, https:\/\/kursy-udt.pl\/wp-content\/uploads\/2022\/10\/1-2.jpeg 1200w\" sizes=\"auto, (max-width: 300px) 100vw, 300px\" \/><\/a>cha\u00eene<\/li>\n<li>de c\u00e2ble m\u00e9tallique<\/li>\n<li>de courroies textiles et synth\u00e9tiques<\/li>\n<li>de cordages textiles et synth\u00e9tiques<\/li>\n<li>\u00e9lingues \u00e0 usage sp\u00e9cial - saisie et pr\u00e9hension<\/li>\n<\/ul>\n<p>Afin d'utiliser les \u00e9quipements de grue avec \u00e9lingues en toute s\u00e9curit\u00e9, il faut r\u00e9guli\u00e8rement <strong>inspections des \u00e9lingues<\/strong>. Tout type de dommage tel que coupures, d\u00e9chirures, corrosion, r\u00e9tr\u00e9cissement ou allongement des composants de l'\u00e9lingue d\u00e9termine son retrait de l'utilisation. A quelle fr\u00e9quence doit-on <strong>contr\u00f4les sur les suspensions<\/strong> et qui peut les ex\u00e9cuter ?<\/p>\n<h2 class=\"naglowekh2\"><strong>Les contr\u00f4les suivants des \u00e9lingues doivent \u00eatre effectu\u00e9s :<\/strong><\/h2>\n<ul>\n<li><strong>l'inspection initiale avant la premi\u00e8re utilisation d'un nouvel \u00e9quipement<\/strong> - vise \u00e0 d\u00e9terminer si la personne est pr\u00eate \u00e0 travailler<\/li>\n<li><strong>v\u00e9rifier avant chaque utilisation<\/strong> - de v\u00e9rifier l'\u00e9tat technique de l'\u00e9quipement avant et pendant son fonctionnement<\/li>\n<li><strong>inspections sp\u00e9cifiques p\u00e9riodiques <\/strong>- doit \u00eatre effectu\u00e9e au moins une fois par an et comprend une inspection visuelle d\u00e9taill\u00e9e de l'\u00e9lingue avec des mesures appropri\u00e9es, ainsi que des tests de charge<\/li>\n<\/ul>\n<p><strong>Contr\u00f4les de l'\u00e9lingue<\/strong> doit \u00eatre effectu\u00e9e conform\u00e9ment aux normes : PN-EN 1492-1+A1:2008, PN-EN 13414-1+A2:2009, PN-91\/M-84701.<\/p>\n<h2 class=\"naglowekh2\"><strong>Qui peut effectuer les inspections et r\u00e9visions des \u00e9lingues ?<\/strong><\/h2>\n<p>Effectuer <strong>commandes d'\u00e9lingues<\/strong> il est n\u00e9cessaire de disposer des autorisations pertinentes et des connaissances et comp\u00e9tences techniques pour le faire. La r\u00e9glementation indique que l'activit\u00e9 doit \u00eatre exerc\u00e9e par une \"personne comp\u00e9tente\", qui peut \u00eatre d\u00e9sign\u00e9e par l'employeur.<\/p>\n<p>Principalement pour <strong>inspections des \u00e9lingues<\/strong> Un crocheteur avec l'\u00e9quipement appropri\u00e9 <a href=\"https:\/\/kursy-udt.pl\/fr\/uprawnienia-udt\/kategorie-uprawnien-2\/\">droits<\/a> - peuvent \u00eatre obtenus lors des cours organis\u00e9s par <a href=\"https:\/\/kursy-udt.pl\/fr\/o-firmie\/\">Centre de formation du personnel ERGON<\/a>.<\/p>\n<p>R\u00e9alis\u00e9 <strong>contr\u00f4les sur les suspensions<\/strong> exigent une documentation appropri\u00e9e - un document est alors \u00e9mis confirmant que l'\u00e9quipement n'est pas endommag\u00e9. Si l'\u00e9lingue est endommag\u00e9e, elle est soit remplac\u00e9e par une nouvelle, soit confectionn\u00e9e <strong>r\u00e9g\u00e9n\u00e9ration des \u00e9lingues<\/strong>afin qu'il puisse \u00e0 nouveau fonctionner correctement.<\/p>","protected":false},"excerpt":{"rendered":"<p>Bie\u017c\u0105ce kontrole i przegl\u0105dy okresowe zawiesi Zawiesiem nazywamy wyposa\u017cenie urz\u0105dzenia d\u017awigowego \u017curawia, ci\u0119gnika lub suwnicy, kt\u00f3rego celem jest zawieszanie, obwi\u0105zywanie albo podtrzymywanie \u0142adunku. Najcz\u0119\u015bciej zawiesie nie jest elementem d\u017awignicy, ale umieszczane jest na haku zblocza. Wyr\u00f3\u017cniamy r\u00f3\u017cnego rodzaju zawiesia, mi\u0119dzy innymi: \u0142a\u0144cuchowe z lin stalowych z pas\u00f3w w\u0142\u00f3kiennych i syntetycznych z lin w\u0142\u00f3kiennych i syntetycznych zawiesia specjalnego przeznaczenia \u2013 chwytowe i zaczepowe Aby korzystanie z urz\u0105dze\u0144 d\u017awignicowych z zawiesiami by\u0142o bezpieczne, konieczne s\u0105 regularne przegl\u0105dy zawiesi. Wszelkiego rodzaju uszkodzenia takie jak przeci\u0119cia, naderwania, korozja, przew\u0119\u017cenia czy wyd\u0142u\u017cenia element\u00f3w zawiesia decyduj\u0105 o jego wycofaniu z u\u017cycia. Jak cz\u0119sto nale\u017cy przeprowadza\u0107 kontrole zawiesi i kto mo\u017ce je wykonywa\u0107? Przeprowadza si\u0119 nast\u0119puj\u0105ce kontrole zawiesi: wst\u0119pna kontrola przed pierwszym u\u017cyciem nowego sprz\u0119tu \u2013 ma na celu okre\u015blenie, czy jest on przygotowany do pracy sprawdzenie przed ka\u017cdym u\u017cyciem \u2013 maj\u0105 na celu sprawdzenie stanu technicznego wyposa\u017cenia przed rozpocz\u0119ciem pracy oraz w trakcie pracy okresowe kontrole szczeg\u00f3\u0142owe \u2013 powinny by\u0107 wykonywane przynajmniej raz na rok, obejmuj\u0105 szczeg\u00f3\u0142owe ogl\u0119dziny zawiesia z wykonaniem odpowiednich pomiar\u00f3w, a tak\u017ce pr\u00f3by obci\u0105\u017ceniowe Kontrole zawiesi przeprowadza si\u0119 zgodnie z normami: PN-EN 1492-1+A1:2008, PN-EN 13414-1+A2:2009, PN-91\/M-84701. Kto mo\u017ce przeprowadza\u0107 kontrole i przegl\u0105dy zawiesi? Do przeprowadzenia kontroli zawiesia konieczne jest posiadanie odpowiednich uprawnie\u0144 oraz wiedza techniczna i umiej\u0119tno\u015bci w tym zakresie. Przepisy wskazuj\u0105, \u017ce czynno\u015b\u0107 powinna by\u0107 wykonana przez \u201ekompetentn\u0105 osob\u0119\u201d, kt\u00f3ra mo\u017ce by\u0107 wskazana przez pracodawc\u0119. Najcz\u0119\u015bciej za przegl\u0105dy zawiesi odpowiedzialny jest hakowy posiadaj\u0105cy w\u0142a\u015bciwe uprawnienia \u2013 mo\u017cna zdoby\u0107 je podczas kurs\u00f3w organizowanych przez O\u015brodek Doskonalenia Kadr ERGON. Przeprowadzone kontrole zawiesi wymagaj\u0105 odpowiedniej dokumentacji \u2013 wystawiany jest wtedy [&hellip;]<\/p>\n","protected":false},"author":1,"featured_media":4454,"parent":65,"menu_order":0,"comment_status":"closed","ping_status":"closed","template":"","meta":{"sfsi_plus_gutenberg_text_before_share":"","sfsi_plus_gutenberg_show_text_before_share":"","sfsi_plus_gutenberg_icon_type":"","sfsi_plus_gutenberg_icon_alignemt":"","sfsi_plus_gutenburg_max_per_row":"","footnotes":""},"class_list":["post-2653","page","type-page","status-publish","has-post-thumbnail","hentry","has_thumb"],"aioseo_notices":[],"_links":{"self":[{"href":"https:\/\/kursy-udt.pl\/fr\/wp-json\/wp\/v2\/pages\/2653","targetHints":{"allow":["GET"]}}],"collection":[{"href":"https:\/\/kursy-udt.pl\/fr\/wp-json\/wp\/v2\/pages"}],"about":[{"href":"https:\/\/kursy-udt.pl\/fr\/wp-json\/wp\/v2\/types\/page"}],"author":[{"embeddable":true,"href":"https:\/\/kursy-udt.pl\/fr\/wp-json\/wp\/v2\/users\/1"}],"replies":[{"embeddable":true,"href":"https:\/\/kursy-udt.pl\/fr\/wp-json\/wp\/v2\/comments?post=2653"}],"version-history":[{"count":5,"href":"https:\/\/kursy-udt.pl\/fr\/wp-json\/wp\/v2\/pages\/2653\/revisions"}],"predecessor-version":[{"id":4456,"href":"https:\/\/kursy-udt.pl\/fr\/wp-json\/wp\/v2\/pages\/2653\/revisions\/4456"}],"up":[{"embeddable":true,"href":"https:\/\/kursy-udt.pl\/fr\/wp-json\/wp\/v2\/pages\/65"}],"wp:featuredmedia":[{"embeddable":true,"href":"https:\/\/kursy-udt.pl\/fr\/wp-json\/wp\/v2\/media\/4454"}],"wp:attachment":[{"href":"https:\/\/kursy-udt.pl\/fr\/wp-json\/wp\/v2\/media?parent=2653"}],"curies":[{"name":"wp","href":"https:\/\/api.w.org\/{rel}","templated":true}]}}