{"id":2650,"date":"2018-08-21T09:18:23","date_gmt":"2018-08-21T09:18:23","guid":{"rendered":"http:\/\/kursy-udt.pl\/?page_id=2650"},"modified":"2021-07-05T23:51:02","modified_gmt":"2021-07-05T23:51:02","slug":"suppression-des-permis-de-chariot-elevateur-necessitant-une-certification-udt","status":"publish","type":"page","link":"https:\/\/kursy-udt.pl\/fr\/uprawnienia-udt\/zniesienie-zezwolen-imiennych-na-wozki-widlowe-konieczne-uprawnienia-udt\/","title":{"rendered":"Retrait des permis personnels pour les chariots \u00e9l\u00e9vateurs - Qualifications UDT requises"},"content":{"rendered":"<p>Le r\u00e8glement, en vigueur depuis le 9 janvier 2018, a aboli les permis personnels pour les chariots \u00e9l\u00e9vateurs - les employ\u00e9s qui n&#039;ont pas encore obtenu le permis appropri\u00e9 <a href=\"https:\/\/kursy-udt.pl\/fr\/uprawnienia-udt\/kategorie-uprawnien-2\/\">Dipl\u00f4mes UDT<\/a> pour les chariots \u00e9l\u00e9vateurs, ils devront compl\u00e9ter leurs qualifications.<\/p>\n<h2 class=\"naglowekh2\"><strong>L&#039;examen UDT pour les chariots \u00e9l\u00e9vateurs est n\u00e9cessaire<\/strong><\/h2>\n<p>La nouvelle ordonnance du ministre du d\u00e9veloppement et des finances sur la s\u00e9curit\u00e9 et la sant\u00e9 au travail lors de l'utilisation de chariots \u00e9l\u00e9vateurs \u00e0 moteur modifie les exigences de la loi sur la s\u00e9curit\u00e9 et la sant\u00e9 au travail. <a href=\"https:\/\/kursy-udt.pl\/fr\/szkolenia\/bhp-bezpieczenstwo-pracy\/prawna-ochrona-pracy\/\">Sant\u00e9 et s\u00e9curit\u00e9<\/a> lors de l'utilisation de chariots \u00e9l\u00e9vateurs \u00e0 moteur \u00e0 combustion interne, \u00e9lectriques et diesel-\u00e9lectriques utilis\u00e9s pour le transport interne.<\/p>\n<p>Depuis l&#039;entr\u00e9e en vigueur de la nouvelle r\u00e9glementation, ceux qui l&#039;ont fait <a href=\"https:\/\/kursy-udt.pl\/fr\/szkolenia\/wozkiwidlowe\/\">cours de chariot \u00e9l\u00e9vateur<\/a> et apr\u00e8s son ach\u00e8vement, ils ont obtenu une attestation sur formulaire du minist\u00e8re de l&#039;\u00e9ducation nationale ou autre, ainsi qu&#039;une pi\u00e8ce d&#039;identit\u00e9 d&#039;entreprise de formation en plastique, qui n&#039;est pas une pi\u00e8ce d&#039;identit\u00e9 d\u00e9livr\u00e9e par l&#039;UDT, sont n\u00e9cessaires pour compl\u00e9ter leurs qualifications. Ils n&#039;ont pas \u00e0 le faire tout de suite - ils ont plus de temps pour le faire.<\/p>\n<h3 class=\"naglowekh3\"><strong>Quand faut-il obtenir les qualifications UDT ?<\/strong><\/h3>\n<p>La date \u00e0 laquelle il faut \u00e9changer les permis de chariot \u00e9l\u00e9vateur enregistr\u00e9s contre des qualifications UDT d\u00e9pend de la date \u00e0 laquelle le certificat a \u00e9t\u00e9 obtenu. Ceux qui ont suivi une formation sur les chariots \u00e9l\u00e9vateurs \u00e0 fourche :<\/p>\n<ul>\n<li>jusqu&#039;au 31 d\u00e9cembre 2004, les indemnit\u00e9s resteront valables jusqu&#039;au 31 d\u00e9cembre 2019<\/li>\n<li>jusqu&#039;au 31 d\u00e9cembre 2014, les indemnit\u00e9s resteront valables jusqu&#039;au 31 d\u00e9cembre 2020<\/li>\n<li>\u00e0 partir du 1er janvier 2015, les indemnit\u00e9s resteront valables jusqu&#039;au 31 d\u00e9cembre 2021<\/li>\n<\/ul>\n<p>Les entreprises impliqu\u00e9es dans la formation pour les chariots \u00e9l\u00e9vateurs peuvent toujours d\u00e9livrer des permis personnels pour 7 mois \u00e0 partir du 9 janvier 2018, donc apr\u00e8s les avoir obtenus, ils seront valables 3 ans.<\/p>\n<p>N\u00e9anmoins, il est pr\u00e9f\u00e9rable de se d\u00e9cider maintenant pour la formation UDT pour chariots \u00e9l\u00e9vateurs. Ils vous permettent d&#039;obtenir des autorisations illimit\u00e9es accord\u00e9es par le Bureau de l&#039;Inspection Technique et ne n\u00e9cessiteront pas de mise \u00e0 jour suppl\u00e9mentaire.<\/p>\n<h3 class=\"naglowekh3\"><strong>Certificats europ\u00e9ens - Qu&#039;en est-il des licences de chariots \u00e9l\u00e9vateurs dans l&#039;Union europ\u00e9enne ?<\/strong><\/h3>\n<p>Conform\u00e9ment \u00e0 la directive 2005\/36\/CE du Parlement europ\u00e9en et du Conseil du 7 septembre 2005 relative \u00e0 la reconnaissance des qualifications professionnelles (Journal officiel UE L 255 du 30 septembre 2005, p. 22, tel que modifi\u00e9), les pays qui appartiennent \u00e0 l&#039;Union, ont le droit de reconna\u00eetre les certificats et qualifications obtenus par des personnes dans d&#039;autres pays.<\/p>\n<p>Actuellement, c&#039;est l&#039;ID UDT qui sera le document permettant de confirmer les autorisations concern\u00e9es. En plus de cela, il vaut \u00e9galement la peine d&#039;obtenir un certificat avec le programme de formation en anglais. Il est \u00e9galement possible d&#039;obtenir un certificat en anglais d\u00e9livr\u00e9 par le Bureau de l&#039;Inspection Technique.<\/p>\n<p>Cependant, il vaut toujours la peine de se renseigner avant de partir travailler \u00e0 l&#039;\u00e9tranger pour savoir si vos qualifications seront suffisantes. Vous pouvez les obtenir aupr\u00e8s d&#039;un agent d&#039;emploi ou d&#039;un employeur.<\/p>\n<p>Si nos qualifications ne sont pas reconnues, il peut \u00eatre n\u00e9cessaire de suivre un cours suppl\u00e9mentaire dans l&#039;organisme de certification d&#039;un pays donn\u00e9, ou de participer \u00e0 un cours de formation suppl\u00e9mentaire, si la formation polonaise n&#039;a pas couvert toutes les questions soulev\u00e9es lors des cours dans un pays donn\u00e9.<\/p>","protected":false},"excerpt":{"rendered":"<p>Obowi\u0105zuj\u0105ce od 9 stycznia 2018 roku Rozporz\u0105dzenie znios\u0142o imienne zezwolenia na w\u00f3zki wid\u0142owe \u2013 ci pracownicy, kt\u00f3rzy dotychczas nie uzyskali odpowiednich uprawnie\u0144 UDT na w\u00f3zki wid\u0142owe, b\u0119d\u0105 musieli uzupe\u0142ni\u0107 swoje kwalifikacje. Konieczny egzamin UDT na w\u00f3zki wid\u0142owe Nowe Rozporz\u0105dzenie Ministra Rozwoju i Finans\u00f3w w sprawie bezpiecze\u0144stwa i higieny pracy przy u\u017cytkowaniu w\u00f3zk\u00f3w jezdniowych z nap\u0119dem silnikowym zmienia wymagania BHP przy korzystaniu z w\u00f3zk\u00f3w jezdniowych z nap\u0119dem silnikowym spalinowym, elektrycznym i spalinowo-elektrycznym u\u017cywanych w transporcie wewn\u0119trznym. Od momentu wej\u015bcia w \u017cycie nowych przepis\u00f3w, te osoby kt\u00f3re zrobi\u0142y kurs na w\u00f3zki wid\u0142owe i po jego odbyciu uzyska\u0142y za\u015bwiadczenie na druku MEN lub innym, a tak\u017ce plastikow\u0105 legitymacj\u0119 firmy szkoleniowej, kt\u00f3ra nie jest legitymacj\u0105 wydan\u0105 przez UDT, maj\u0105 w obowi\u0105zku uzupe\u0142ni\u0107 swoje kwalifikacje. Nie musz\u0105 robi\u0107 tego jedna od razu \u2013 maj\u0105 na to wi\u0119cej czasu. Do kiedy nale\u017cy uzyska\u0107 uprawnienia UDT? Termin wymagaj\u0105cy wymiany imiennych zezwole\u0144 na w\u00f3zki wid\u0142owe na kwalifikacje UDT jest zale\u017cny od terminu, w kt\u00f3rym uzyskano za\u015bwiadczenie. Osoby, kt\u00f3re zako\u0144czy\u0142y szkolenie na w\u00f3zki wid\u0142owe: do dnia 31 grudnia 2004 roku zachowuj\u0105 wa\u017cno\u015b\u0107 uprawnie\u0144 do dnia 31 grudnia 2019 roku do dnia 31 grudnia 2014 roku zachowuj\u0105 wa\u017cno\u015b\u0107 uprawnie\u0144 do dnia 31 grudnia 2020 roku od dnia 1 stycznia 2015 roku zachowuj\u0105 wa\u017cno\u015b\u0107 uprawnie\u0144 do dnia 31 grudnia 2021 roku Firmy zajmuj\u0105ce si\u0119 szkoleniami na w\u00f3zki wid\u0142owe mog\u0105 wystawia\u0107 jeszcze zezwolenia imienne przez 7 miesi\u0119cy od dnia 9 stycznia 2018 roku, dlatego po ich uzyskaniu b\u0119d\u0105 one jeszcze obowi\u0105zywa\u0142y przez 3 lata. Niemniej jednak najlepiej zdecydowa\u0107 si\u0119 ju\u017c teraz na szkolenia UDT na w\u00f3zki wid\u0142owe. [&hellip;]<\/p>\n","protected":false},"author":1,"featured_media":0,"parent":2,"menu_order":0,"comment_status":"closed","ping_status":"closed","template":"","meta":{"sfsi_plus_gutenberg_text_before_share":"","sfsi_plus_gutenberg_show_text_before_share":"","sfsi_plus_gutenberg_icon_type":"","sfsi_plus_gutenberg_icon_alignemt":"","sfsi_plus_gutenburg_max_per_row":"","footnotes":""},"class_list":["post-2650","page","type-page","status-publish","hentry","has_no_thumb"],"aioseo_notices":[],"_links":{"self":[{"href":"https:\/\/kursy-udt.pl\/fr\/wp-json\/wp\/v2\/pages\/2650","targetHints":{"allow":["GET"]}}],"collection":[{"href":"https:\/\/kursy-udt.pl\/fr\/wp-json\/wp\/v2\/pages"}],"about":[{"href":"https:\/\/kursy-udt.pl\/fr\/wp-json\/wp\/v2\/types\/page"}],"author":[{"embeddable":true,"href":"https:\/\/kursy-udt.pl\/fr\/wp-json\/wp\/v2\/users\/1"}],"replies":[{"embeddable":true,"href":"https:\/\/kursy-udt.pl\/fr\/wp-json\/wp\/v2\/comments?post=2650"}],"version-history":[{"count":3,"href":"https:\/\/kursy-udt.pl\/fr\/wp-json\/wp\/v2\/pages\/2650\/revisions"}],"predecessor-version":[{"id":3409,"href":"https:\/\/kursy-udt.pl\/fr\/wp-json\/wp\/v2\/pages\/2650\/revisions\/3409"}],"up":[{"embeddable":true,"href":"https:\/\/kursy-udt.pl\/fr\/wp-json\/wp\/v2\/pages\/2"}],"wp:attachment":[{"href":"https:\/\/kursy-udt.pl\/fr\/wp-json\/wp\/v2\/media?parent=2650"}],"curies":[{"name":"wp","href":"https:\/\/api.w.org\/{rel}","templated":true}]}}