{"id":252,"date":"2014-02-19T15:43:43","date_gmt":"2014-02-19T15:43:43","guid":{"rendered":"http:\/\/kursy-udt.kwiaty0.pl\/?page_id=252"},"modified":"2016-01-21T19:32:20","modified_gmt":"2016-01-21T19:32:20","slug":"demande-de-renseignements","status":"publish","type":"page","link":"https:\/\/kursy-udt.pl\/fr\/zapytanie-ofertowe\/","title":{"rendered":"Demande"},"content":{"rendered":"<div class=\"form7\">\n\n<div class=\"wpcf7 no-js\" id=\"wpcf7-f248-o1\" lang=\"pl-PL\" dir=\"ltr\" data-wpcf7-id=\"248\">\n<div class=\"screen-reader-response\"><p role=\"status\" aria-live=\"polite\" aria-atomic=\"true\"><\/p> <ul><\/ul><\/div>\n<form action=\"\/fr\/wp-json\/wp\/v2\/pages\/252#wpcf7-f248-o1\" method=\"post\" class=\"wpcf7-form init\" aria-label=\"Formulaire de contact\" novalidate=\"novalidate\" data-status=\"init\" data-trp-original-action=\"\/fr\/wp-json\/wp\/v2\/pages\/252#wpcf7-f248-o1\">\n<fieldset class=\"hidden-fields-container\"><input type=\"hidden\" name=\"_wpcf7\" value=\"248\" \/><input type=\"hidden\" name=\"_wpcf7_version\" value=\"6.1.5\" \/><input type=\"hidden\" name=\"_wpcf7_locale\" value=\"pl_PL\" \/><input type=\"hidden\" name=\"_wpcf7_unit_tag\" value=\"wpcf7-f248-o1\" \/><input type=\"hidden\" name=\"_wpcf7_container_post\" value=\"0\" \/><input type=\"hidden\" name=\"_wpcf7_posted_data_hash\" value=\"\" \/>\n<\/fieldset>\n<p>Nom (obligatoire)\n<\/p>\n<p><span class=\"wpcf7-form-control-wrap\" data-name=\"your-name\"><input size=\"40\" maxlength=\"400\" class=\"wpcf7-form-control wpcf7-text wpcf7-validates-as-required\" aria-required=\"true\" aria-invalid=\"false\" value=\"\" type=\"text\" name=\"your-name\" \/><\/span>\n<\/p>\n<p>Num\u00e9ro de t\u00e9l\u00e9phone (obligatoire)\n<\/p>\n<p><span class=\"wpcf7-form-control-wrap\" data-name=\"tel-264\"><input size=\"40\" maxlength=\"400\" class=\"wpcf7-form-control wpcf7-tel wpcf7-validates-as-required wpcf7-text wpcf7-validates-as-tel\" aria-required=\"true\" aria-invalid=\"false\" value=\"\" type=\"tel\" name=\"tel-264\" \/><\/span>\n<\/p>\n<p>Adresse e-mail\n<\/p>\n<p><span class=\"wpcf7-form-control-wrap\" data-name=\"your-email\"><input size=\"40\" maxlength=\"400\" class=\"wpcf7-form-control wpcf7-email wpcf7-text wpcf7-validates-as-email\" aria-invalid=\"false\" value=\"\" type=\"email\" name=\"your-email\" \/><\/span>\n<\/p>\n<p>Type de formation (obligatoire)\n<\/p>\n<p><span class=\"wpcf7-form-control-wrap\" data-name=\"menu-249\"><select class=\"wpcf7-form-control wpcf7-select wpcf7-validates-as-required\" aria-required=\"true\" aria-invalid=\"false\" name=\"menu-249\"><option value=\"W\u00f3zki jezdniowe podno\u015bnikowe\">Chariots \u00e9l\u00e9vateurs<\/option><option value=\"Podesty ruchome\">Plateformes mobiles<\/option><option value=\"\u017burawie\">Grues<\/option><option value=\"Suwnice\">Grues<\/option><option value=\"Uk\u0142adnice\">Transstockeurs<\/option><option value=\"Wci\u0105garki i wci\u0105gniki\">Treuils et palans<\/option><option value=\"Monta\u017c po\u0142\u0105cze\u0144 ko\u0142nierzowych\">Installation des raccords \u00e0 bride<\/option><option value=\"Hakowy-sygnalista\">Crochet de signature<\/option><option value=\"Spawanie i zgrzewanie\">Le soudage et la soudure<\/option><option value=\"Wysoko\u015bciowy (alpinistyczny)\">Haute altitude (alpinisme)<\/option><option value=\"IRATA\">IRATA<\/option><option value=\"SEP (G1,G2,G3)\">SEP (G1,G2,G3)<\/option><option value=\"BHP\"><a href=\"https:\/\/kursy-udt.pl\/fr\/szkolenia\/bhp-bezpieczenstwo-pracy\/prawna-ochrona-pracy\/\">Sant\u00e9 et s\u00e9curit\u00e9<\/a><\/option><option value=\"Inne szkolenia\">Autre formation<\/option><\/select><\/span>\n<\/p>\n<p>Contenu du message\n<\/p>\n<p><span class=\"wpcf7-form-control-wrap\" data-name=\"your-message\"><textarea cols=\"40\" rows=\"10\" maxlength=\"2000\" class=\"wpcf7-form-control wpcf7-textarea\" aria-invalid=\"false\" name=\"your-message\"><\/textarea><\/span>\n<\/p>\n<p><input class=\"wpcf7-form-control wpcf7-submit has-spinner\" type=\"submit\" value=\"Envoyer\" \/>\n<\/p><p style=\"display: none !important;\" class=\"akismet-fields-container\" data-prefix=\"_wpcf7_ak_\"><label>\u0394<textarea name=\"_wpcf7_ak_hp_textarea\" cols=\"45\" rows=\"8\" maxlength=\"100\"><\/textarea><\/label><input type=\"hidden\" id=\"ak_js_1\" name=\"_wpcf7_ak_js\" value=\"232\"\/><script>document.getElementById( \"ak_js_1\" ).setAttribute( \"value\", ( new Date() ).getTime() );<\/script><\/p><div class=\"wpcf7-response-output\" aria-hidden=\"true\"><\/div>\n<input type=\"hidden\" name=\"trp-form-language\" value=\"fr\"\/><\/form>\n<\/div>\n\n<\/div>","protected":false},"excerpt":{"rendered":"","protected":false},"author":1,"featured_media":0,"parent":0,"menu_order":0,"comment_status":"closed","ping_status":"closed","template":"","meta":{"sfsi_plus_gutenberg_text_before_share":"","sfsi_plus_gutenberg_show_text_before_share":"","sfsi_plus_gutenberg_icon_type":"","sfsi_plus_gutenberg_icon_alignemt":"","sfsi_plus_gutenburg_max_per_row":"","footnotes":""},"class_list":["post-252","page","type-page","status-publish","hentry","has_no_thumb"],"aioseo_notices":[],"_links":{"self":[{"href":"https:\/\/kursy-udt.pl\/fr\/wp-json\/wp\/v2\/pages\/252","targetHints":{"allow":["GET"]}}],"collection":[{"href":"https:\/\/kursy-udt.pl\/fr\/wp-json\/wp\/v2\/pages"}],"about":[{"href":"https:\/\/kursy-udt.pl\/fr\/wp-json\/wp\/v2\/types\/page"}],"author":[{"embeddable":true,"href":"https:\/\/kursy-udt.pl\/fr\/wp-json\/wp\/v2\/users\/1"}],"replies":[{"embeddable":true,"href":"https:\/\/kursy-udt.pl\/fr\/wp-json\/wp\/v2\/comments?post=252"}],"version-history":[{"count":3,"href":"https:\/\/kursy-udt.pl\/fr\/wp-json\/wp\/v2\/pages\/252\/revisions"}],"predecessor-version":[{"id":1006,"href":"https:\/\/kursy-udt.pl\/fr\/wp-json\/wp\/v2\/pages\/252\/revisions\/1006"}],"wp:attachment":[{"href":"https:\/\/kursy-udt.pl\/fr\/wp-json\/wp\/v2\/media?parent=252"}],"curies":[{"name":"wp","href":"https:\/\/api.w.org\/{rel}","templated":true}]}}