{"id":2491,"date":"2017-12-19T17:45:44","date_gmt":"2017-12-19T17:45:44","guid":{"rendered":"http:\/\/kursy-udt.pl\/?page_id=2491"},"modified":"2017-12-27T16:23:45","modified_gmt":"2017-12-27T16:23:45","slug":"norme-iso","status":"publish","type":"page","link":"https:\/\/kursy-udt.pl\/fr\/norma-iso\/","title":{"rendered":"Norme ISO"},"content":{"rendered":"<p><img decoding=\"async\" class=\"aligncenter wp-image-2296 size-large\" style=\"margin-bottom: 0;\" src=\"http:\/\/kursy-udt.pl\/wp-content\/uploads\/2017\/12\/iso-154533_1280-by-OpenClipart-Vectors_BY_CC0-e1509702562838.png\" alt=\"ergon1\" width=\"200\" height=\"2100&quot;\"><br \/>\nFormation qualifiante professionnelle pour adultes r\u00e9alis\u00e9e conform\u00e9ment \u00e0 la norme ISO 29990 (qualit\u00e9 de l'enseignement)<br \/>\n- sur l'exploitation s\u00fbre (fonctionnement\/entretien) des UTB avec enregistrement UDT\/TDT<br \/>\nEntre autres : plates-formes mobiles de cat. IP et IIP ; chariots \u00e9l\u00e9vateurs \u00e0 fourche, y compris ceux sp\u00e9cialis\u00e9s de cat. IIWJO, IWJO ; ponts roulants, palans et treuils command\u00e9s depuis le niveau de travail ou depuis la cabine et grues d'atelier stationnaires de cat. IIS-IS ; grues de cat. II\u017b et I\u017b ; plates-formes de chargement de cat. KP ; grues de cat. KD et autres \u00e9quipements n\u00e9cessaires au transport de personnes ou de charges dans un rayon limit\u00e9.<br \/>\n- sur l'utilisation en toute s\u00e9curit\u00e9 des \u00e9lingues pour les signaleurs de crochets<br \/>\n- dans le domaine de la s\u00e9curit\u00e9 de fonctionnement - remplissage\/vidange d'\u00e9quipements sous pression (bouteilles) avec des gaz comprim\u00e9s avec examens UDT<br \/>\n- dans le domaine de l'exploitation\/la supervision en toute s\u00e9curit\u00e9 des \u00e9quipements \u00e9nerg\u00e9tiques <a href=\"https:\/\/kursy-udt.pl\/fr\/szkolenia\/sep-uprawnienia-do-1kv\/g1\/\">G1<\/a>; G2 ; <a href=\"https:\/\/kursy-udt.pl\/fr\/szkolenia\/sep-uprawnienia-do-1kv\/g3\/\">G3<\/a><br \/>\n- sur le d\u00e9veloppement d'une culture de la s\u00e9curit\u00e9 au travail<br \/>\n- pour les soudeurs selon la norme EN 9606, y compris le d\u00e9coupage au chalumeau ;<br \/>\n- pour les soudeurs selon la norme ISO EN 13067<br \/>\n- pour les op\u00e9rateurs UNO avec une classe d'exemption TDT 1-9 selon l'ADR<\/p>","protected":false},"excerpt":{"rendered":"<p>Formation professionnelle qualifiante pour adultes conform\u00e9ment \u00e0 la norme ISO 29990 (qualit\u00e9 de l'enseignement) - dans le domaine de l'exploitation s\u00fbre (exploitation\/maintenance) des UTB avec examens UDT\/TDT, par exemple : plates-formes mobiles IP et IIP ; chariots \u00e9l\u00e9vateurs, y compris les chariots sp\u00e9cialis\u00e9s de cat. IIWJO, IWJO ; ponts roulants, palans et treuils command\u00e9s \u00e0 partir du niveau de travail ou de la cabine et grues d'atelier fixes de cat. IIS-IS ; grues de cat. II\u017b et I\u017b ; plates-formes de chargement de cat. KP ; grues KD et autres \u00e9quipements n\u00e9cessaires pour le transport de personnes ou de charges dans un rayon d'action limit\u00e9. - dans le domaine de l'utilisation s\u00fbre des \u00e9lingues pour les signaleurs \u00e0 crochet - dans le domaine de l'utilisation s\u00fbre - remplissage\/vidange des \u00e9quipements sous pression (bouteilles) avec des gaz comprim\u00e9s avec certificat UDT - dans le domaine de l'utilisation s\u00fbre\/la supervision des \u00e9quipements \u00e9lectriques G1 ; G2 ; G3 - dans le domaine du d\u00e9veloppement de la culture de la s\u00e9curit\u00e9 au travail - pour les soudeurs selon PN-EN 9606 y compris le d\u00e9coupage au chalumeau ; - pour les soudeurs selon ISO PN-EN 13067 - pour les op\u00e9rateurs UNO avec certificat TDT classe 1-9 selon l'ADR.<\/p>","protected":false},"author":1,"featured_media":0,"parent":0,"menu_order":0,"comment_status":"closed","ping_status":"closed","template":"","meta":{"sfsi_plus_gutenberg_text_before_share":"","sfsi_plus_gutenberg_show_text_before_share":"","sfsi_plus_gutenberg_icon_type":"","sfsi_plus_gutenberg_icon_alignemt":"","sfsi_plus_gutenburg_max_per_row":"","footnotes":""},"class_list":["post-2491","page","type-page","status-publish","hentry","has_thumb"],"aioseo_notices":[],"_links":{"self":[{"href":"https:\/\/kursy-udt.pl\/fr\/wp-json\/wp\/v2\/pages\/2491","targetHints":{"allow":["GET"]}}],"collection":[{"href":"https:\/\/kursy-udt.pl\/fr\/wp-json\/wp\/v2\/pages"}],"about":[{"href":"https:\/\/kursy-udt.pl\/fr\/wp-json\/wp\/v2\/types\/page"}],"author":[{"embeddable":true,"href":"https:\/\/kursy-udt.pl\/fr\/wp-json\/wp\/v2\/users\/1"}],"replies":[{"embeddable":true,"href":"https:\/\/kursy-udt.pl\/fr\/wp-json\/wp\/v2\/comments?post=2491"}],"version-history":[{"count":3,"href":"https:\/\/kursy-udt.pl\/fr\/wp-json\/wp\/v2\/pages\/2491\/revisions"}],"predecessor-version":[{"id":2548,"href":"https:\/\/kursy-udt.pl\/fr\/wp-json\/wp\/v2\/pages\/2491\/revisions\/2548"}],"wp:attachment":[{"href":"https:\/\/kursy-udt.pl\/fr\/wp-json\/wp\/v2\/media?parent=2491"}],"curies":[{"name":"wp","href":"https:\/\/api.w.org\/{rel}","templated":true}]}}