{"id":2421,"date":"2017-12-06T15:33:46","date_gmt":"2017-12-06T15:33:46","guid":{"rendered":"http:\/\/kursy-udt.pl\/?page_id=2421"},"modified":"2022-10-14T11:32:00","modified_gmt":"2022-10-14T11:32:00","slug":"duree-de-validite-des-autorisations-sep","status":"publish","type":"page","link":"https:\/\/kursy-udt.pl\/fr\/szkolenia\/sep-uprawnienia-do-1kv\/uprawnienia-sep-jak-dlugo-sa-wazne\/","title":{"rendered":"Les droits G1, G2, G3 - combien de temps sont-ils valables ?"},"content":{"rendered":"<h2 class=\"naglowekh2\"><img loading=\"lazy\" decoding=\"async\" class=\"paddingleft10 alignleft wp-image-3393\" src=\"https:\/\/kursy-udt.pl\/wp-content\/uploads\/2021\/06\/g3-4-300x214.jpg\" alt=\"\" width=\"200\" height=\"143\" srcset=\"https:\/\/kursy-udt.pl\/wp-content\/uploads\/2021\/06\/g3-4-300x214.jpg 300w, https:\/\/kursy-udt.pl\/wp-content\/uploads\/2021\/06\/g3-4.jpg 336w\" sizes=\"auto, (max-width: 200px) 100vw, 200px\" \/>Droits - validit\u00e9<\/h2>\n<p>Pour effectuer des travaux li\u00e9s \u00e0 l'exploitation des r\u00e9seaux et \u00e9quipements d'\u00e9lectricit\u00e9, d'\u00e9nergie thermique et de combustibles gazeux, il est n\u00e9cessaire de poss\u00e9der les qualifications requises.<\/p>\n<h2 class=\"naglowekh2\">Validit\u00e9 des droits - 5 ans<\/h2>\n<p>Pr\u00e9c\u00e9demment <a href=\"https:\/\/kursy-udt.pl\/fr\/uprawnienia-udt\/kategorie-uprawnien-2\/\">droits<\/a> <a href=\"https:\/\/kursy-udt.pl\/fr\/szkolenia\/sep-uprawnienia-do-1kv\/g1\/\">G1<\/a>, G2, <a href=\"https:\/\/kursy-udt.pl\/fr\/szkolenia\/sep-uprawnienia-do-1kv\/g3\/\">G3<\/a> ont \u00e9t\u00e9 accord\u00e9es pour une p\u00e9riode illimit\u00e9e. Par la suite, les r\u00e8glements ont \u00e9t\u00e9 modifi\u00e9s \u00e0 plusieurs reprises et les droits ne peuvent \u00eatre obtenus que pour une p\u00e9riode limit\u00e9e, de sorte qu'actuellement, dans la plupart des cas, il est n\u00e9cessaire de renouveler les droits.<\/p>\n<p>Selon la nouvelle r\u00e9glementation, les notations G1, G2, G3 restent valables pendant une p\u00e9riode de cinq ans. Apr\u00e8s cette p\u00e9riode, ils doivent \u00eatre renouvel\u00e9s. Ceci s'applique dans certains cas.<\/p>\n<h2 class=\"naglowekh2\">L'obligation de v\u00e9rifier \u00e0 nouveau les qualifications s'applique alors :<\/h2>\n<ul>\n<li><a href=\"https:\/\/kursy-udt.pl\/wp-content\/uploads\/2022\/10\/1-3.jpeg\"><img loading=\"lazy\" decoding=\"async\" class=\"size-medium wp-image-4457 alignright\" src=\"https:\/\/kursy-udt.pl\/wp-content\/uploads\/2022\/10\/1-3-300x200.jpeg\" alt=\"\" width=\"300\" height=\"200\" srcset=\"https:\/\/kursy-udt.pl\/wp-content\/uploads\/2022\/10\/1-3-300x200.jpeg 300w, https:\/\/kursy-udt.pl\/wp-content\/uploads\/2022\/10\/1-3-1024x683.jpeg 1024w, https:\/\/kursy-udt.pl\/wp-content\/uploads\/2022\/10\/1-3-768x512.jpeg 768w, https:\/\/kursy-udt.pl\/wp-content\/uploads\/2022\/10\/1-3-1536x1024.jpeg 1536w, https:\/\/kursy-udt.pl\/wp-content\/uploads\/2022\/10\/1-3-18x12.jpeg 18w, https:\/\/kursy-udt.pl\/wp-content\/uploads\/2022\/10\/1-3-624x416.jpeg 624w, https:\/\/kursy-udt.pl\/wp-content\/uploads\/2022\/10\/1-3.jpeg 1600w\" sizes=\"auto, (max-width: 300px) 100vw, 300px\" \/><\/a>des personnes qualifi\u00e9es mais n'ayant pas travaill\u00e9 sur les \u00e9quipements, installations ou r\u00e9seaux concern\u00e9s au cours des 5 derni\u00e8res ann\u00e9es<\/li>\n<li>les personnes exploitant des \u00e9quipements, des installations ou des r\u00e9seaux, fournissant des services aux consommateurs et aux entrepreneurs : micro, petites et moyennes entreprises<\/li>\n<\/ul>\n<p>Un contr\u00f4le de qualification peut \u00e9galement \u00eatre effectu\u00e9 \u00e0 la demande de l'employeur.<\/p>\n<h2 class=\"naglowekh2\">Quand pouvez-vous obtenir votre permis apr\u00e8s l'examen ?<\/h2>\n<p>Un participant qui a suivi la formation et pass\u00e9 l'examen peut \u00eatre certifi\u00e9 environ 10 jours ouvrables apr\u00e8s avoir pass\u00e9 l'examen.<\/p>\n<div class=\"button_styl\" style=\"float: right; padding-left: 15px; padding-bottom: 8px; margin-bottom: 5px;\"><a class=\"myButton myButton_maly\" href=\"https:\/\/platformaedukacji.pl\/login\/signup.php\" target=\"_blank\" rel=\"nofollow noopener\"><span style=\"color: white;\">Inscrivez-vous \u00e0 la formation<\/span><\/a><\/div>\n<div style=\"padding-top: 70px;\">\n<h2 class=\"naglowekh2\">Plus d&#039;information:<\/h2>\n<div style=\"text-align: center; font-size: 85%; line-height: 120%;\">\n<div style=\"float: left; margin-right: 40px; height: 290px;\">\n<p><a href=\"\/fr\/entrainement\/autorisations-sep-jusqua-1kv\/g1\/\"><img decoding=\"async\" style=\"width: 300px; height: 225px;\" src=\"\/wp-content\/uploads\/2017\/12\/SEP_2016-1030x687.jpg\" alt=\"\" \/><\/a><\/p>\n<div style=\"width: 300px; font-size: 130%;\"><strong>G1 (\u00e9lectrique)<\/strong><\/div>\n<\/div>\n<div style=\"float: left; margin-right: 40px; height: 290px;\">\n<p><a href=\"\/fr\/entrainement\/autorisations-sep-jusqua-1kv\/g2\/\"><img decoding=\"async\" style=\"width: 300px; height: 225px;\" src=\"\/wp-content\/uploads\/2017\/12\/31.jpg\" alt=\"\" \/><\/a><\/p>\n<div style=\"width: 300px; font-size: 130%;\"><strong>G2 (thermique)<\/strong><\/div>\n<\/div>\n<\/div>\n<div style=\"clear: both;\"><\/div>\n<div style=\"text-align: center; font-size: 85%; line-height: 120%;\">\n<div style=\"float: left; margin-right: 40px; height: 290px;\">\n<p><a href=\"\/fr\/entrainement\/autorisations-sep-jusqua-1kv\/g3\/\"><img decoding=\"async\" style=\"width: 300px; height: 225px;\" src=\"\/wp-content\/uploads\/2017\/12\/SEP_G3_2-495x400-1.jpg\" alt=\"\" \/><\/a><\/p>\n<div style=\"width: 300px; font-size: 130%;\"><strong>G3 (gaz)<\/strong><\/div>\n<\/div>\n<div style=\"float: left; margin-right: 40px; height: 290px;\">\n<p><a href=\"\/fr\/entrainement\/autorisations-sep-jusqua-1kv\/examen-sep\/\"><img decoding=\"async\" style=\"width: 300px; height: 225px;\" src=\"\/wp-content\/uploads\/2017\/12\/4-warsztaty.jpg\" alt=\"\" \/><\/a><\/p>\n<div style=\"width: 300px; font-size: 130%;\"><strong>Examens G1, G2, G3, PSE, SIMP, SITPS<\/strong><\/div>\n<\/div>\n<\/div>\n<div style=\"text-align: center; font-size: 85%; line-height: 120%;\">\n<div style=\"float: left; margin-right: 40px; height: 290px;\">\n<p><a href=\"\/fr\/entrainement\/autorisations-sep-jusqua-1kv\/duree-de-validite-des-autorisations-sep\/\"><img decoding=\"async\" style=\"width: 300px; height: 225px;\" src=\"\/wp-content\/uploads\/2017\/12\/g3-4.jpg\" alt=\"\" \/><\/a><\/p>\n<div style=\"width: 300px; font-size: 130%;\"><strong>Autorisations G1, G2, G3<\/strong><\/div>\n<\/div>\n<\/div>\n<div style=\"text-align: center; font-size: 85%; line-height: 120%;\">\n<div style=\"float: left; margin-right: 40px; height: 290px;\">\n<p>&nbsp;<\/p>\n<div style=\"width: 300px; font-size: 130%;\"><strong><a href=\"https:\/\/kursy-udt.pl\/wp-content\/uploads\/2022\/06\/lark-elektryk.png\"><img loading=\"lazy\" decoding=\"async\" class=\"size-medium wp-image-3853 alignnone\" src=\"https:\/\/kursy-udt.pl\/wp-content\/uploads\/2022\/06\/lark-elektryk-300x225.png\" alt=\"\" width=\"300\" height=\"225\" srcset=\"https:\/\/kursy-udt.pl\/wp-content\/uploads\/2022\/06\/lark-elektryk-300x225.png 300w, https:\/\/kursy-udt.pl\/wp-content\/uploads\/2022\/06\/lark-elektryk.png 400w\" sizes=\"auto, (max-width: 300px) 100vw, 300px\" \/><\/a>Cours G1, G2, G3<\/strong><\/div>\n<\/div>\n<\/div>\n<\/div>","protected":false},"excerpt":{"rendered":"<p>Uprawnienia \u2013 wa\u017cno\u015b\u0107 Do prowadzenia prac zwi\u0105zanych z eksploatacj\u0105 sieci oraz urz\u0105dze\u0144 i instalacji elektroenergetycznych, wykorzystuj\u0105cych energi\u0119 ciepln\u0105 oraz paliwa gazowe konieczne jest posiadanie w\u0142a\u015bciwych uprawnie\u0144. Wa\u017cno\u015b\u0107 uprawnie\u0144 \u2013 5 lat Uprzednio uprawnienia G1, G2, G3 nadawane by\u0142y bezterminowo. Nast\u0119pnie kilkukrotnie przepisy uleg\u0142y zmianom i uprawnienia mo\u017cna uzyska\u0107 tylko na wyznaczony czas, wobec tego aktualnie w wi\u0119kszo\u015bci przypadk\u00f3w konieczne jest odnawianie uprawnie\u0144. Zgodnie z nowymi przepisami, uprawnienia G1, G2, G3 zachowuj\u0105 swoja wa\u017cno\u015b\u0107 na okres 5 lat. Po tym czasie powinny by\u0107 one odnowione. Dotyczy to okre\u015blonych przypadk\u00f3w. Obowi\u0105zek ponownego sprawdzenia kwalifikacji dotyczy w\u00f3wczas: os\u00f3b, kt\u00f3re maj\u0105 kwalifikacje, ale w ci\u0105gu ostatnich 5 lat nie pracowa\u0142y przy danych urz\u0105dzeniach, instalacjach lub sieciach os\u00f3b zajmuj\u0105cych si\u0119 eksploatacj\u0105 urz\u0105dze\u0144, instalacji lub sieci, \u015bwiadcz\u0105cych us\u0142ugi na rzecz konsument\u00f3w i przedsi\u0119biorc\u00f3w: mikro, ma\u0142ych i \u015brednich Sprawdzenie kwalifikacji mo\u017ce by\u0107 r\u00f3wnie\u017c wykonane na wniosek pracodawcy. Kiedy po egzaminie mo\u017cna otrzyma\u0107 uprawnienia? Uczestnik, kt\u00f3ry odby\u0142 szkolenie oraz zda\u0142 egzamin z wynikiem pozytywnym, mo\u017ce uzyska\u0107 certyfikat po oko\u0142o 10 dniach roboczych od momentu zaliczenia egzaminu. Zapisz si\u0119 na szkolenie Wi\u0119cej informacji: G1 (elektryczne) G2 (cieplne) G3 (gazowe) Egzamin G1, G2, G3, PSE, SIMP, SITPS Uprawnienia G1, G2, G3 &nbsp; Kurs G1, G2, G3<\/p>","protected":false},"author":1,"featured_media":4457,"parent":2411,"menu_order":0,"comment_status":"closed","ping_status":"closed","template":"","meta":{"sfsi_plus_gutenberg_text_before_share":"","sfsi_plus_gutenberg_show_text_before_share":"","sfsi_plus_gutenberg_icon_type":"","sfsi_plus_gutenberg_icon_alignemt":"","sfsi_plus_gutenburg_max_per_row":"","footnotes":""},"class_list":["post-2421","page","type-page","status-publish","has-post-thumbnail","hentry","has_thumb"],"aioseo_notices":[],"_links":{"self":[{"href":"https:\/\/kursy-udt.pl\/fr\/wp-json\/wp\/v2\/pages\/2421","targetHints":{"allow":["GET"]}}],"collection":[{"href":"https:\/\/kursy-udt.pl\/fr\/wp-json\/wp\/v2\/pages"}],"about":[{"href":"https:\/\/kursy-udt.pl\/fr\/wp-json\/wp\/v2\/types\/page"}],"author":[{"embeddable":true,"href":"https:\/\/kursy-udt.pl\/fr\/wp-json\/wp\/v2\/users\/1"}],"replies":[{"embeddable":true,"href":"https:\/\/kursy-udt.pl\/fr\/wp-json\/wp\/v2\/comments?post=2421"}],"version-history":[{"count":17,"href":"https:\/\/kursy-udt.pl\/fr\/wp-json\/wp\/v2\/pages\/2421\/revisions"}],"predecessor-version":[{"id":4460,"href":"https:\/\/kursy-udt.pl\/fr\/wp-json\/wp\/v2\/pages\/2421\/revisions\/4460"}],"up":[{"embeddable":true,"href":"https:\/\/kursy-udt.pl\/fr\/wp-json\/wp\/v2\/pages\/2411"}],"wp:featuredmedia":[{"embeddable":true,"href":"https:\/\/kursy-udt.pl\/fr\/wp-json\/wp\/v2\/media\/4457"}],"wp:attachment":[{"href":"https:\/\/kursy-udt.pl\/fr\/wp-json\/wp\/v2\/media?parent=2421"}],"curies":[{"name":"wp","href":"https:\/\/api.w.org\/{rel}","templated":true}]}}