{"id":2419,"date":"2017-12-06T15:32:31","date_gmt":"2017-12-06T15:32:31","guid":{"rendered":"http:\/\/kursy-udt.pl\/?page_id=2419"},"modified":"2022-10-14T11:34:14","modified_gmt":"2022-10-14T11:34:14","slug":"examen-sep","status":"publish","type":"page","link":"https:\/\/kursy-udt.pl\/fr\/szkolenia\/sep-uprawnienia-do-1kv\/egzamin-sep\/","title":{"rendered":"Examen SEP, PSE, SIMP, SITPS - comment le r\u00e9ussir ?"},"content":{"rendered":"<h2 class=\"naglowekh2\"><img loading=\"lazy\" decoding=\"async\" class=\"paddingleft10 alignleft wp-image-2485\" src=\"https:\/\/kursy-udt.pl\/wp-content\/uploads\/2017\/12\/4-warsztaty.jpg\" alt=\"\" width=\"200\" height=\"150\" \/>Examen SEP, PSE, SIMP, SITPS<\/h2>\n<p>Pour obtenir <a href=\"https:\/\/kursy-udt.pl\/fr\/uprawnienia-udt\/kategorie-uprawnien-2\/\">droits<\/a> pour travailler sur les r\u00e9seaux, les installations et les \u00e9quipements d'\u00e9lectricit\u00e9, de chaleur et de gaz, vous devez suivre une formation et passer un examen devant l'un des organismes de certification.<\/p>\n<h2 class=\"naglowekh2\">Comit\u00e9s de certification :<\/h2>\n<ul>\n<li>SEP - Association des ing\u00e9nieurs \u00e9lectriciens polonais<\/li>\n<li>PSE - Association polonaise des installations \u00e9lectriques<\/li>\n<li>SIMP - Soci\u00e9t\u00e9 des ing\u00e9nieurs m\u00e9caniciens polonais<\/li>\n<li>SITPS ou SITSpo\u017c - Soci\u00e9t\u00e9 des ing\u00e9nieurs et techniciens de l'industrie alimentaire<\/li>\n<\/ul>\n<p>Le champ th\u00e9matique de l'examen de certification est d\u00e9fini par le r\u00e8glement du ministre de l'\u00e9conomie, du travail et de la politique sociale du 28 avril 2003, en fonction des installations, \u00e9quipements et r\u00e9seaux d'\u00e9lectricit\u00e9, d'\u00e9nergie ou de gaz.<\/p>\n<p>L'examen est oral et, au cours de l'examen, le participant doit d\u00e9montrer ses connaissances dans le domaine concern\u00e9. Le jury devant lequel se d\u00e9roule l'examen est compos\u00e9 d'un pr\u00e9sident, d'un vice-pr\u00e9sident, de membres et d'un secr\u00e9taire. Le r\u00e8glement indique que le sujet d\u00e9taill\u00e9 de l'examen est d\u00e9termin\u00e9 par le jury et notifi\u00e9 par \u00e9crit aux candidats \u00e0 la confirmation de qualification au moins 14 jours avant la date de l'examen.<\/p>\n<p><a href=\"https:\/\/kursy-udt.pl\/wp-content\/uploads\/2022\/10\/2-1.jpeg\"><img loading=\"lazy\" decoding=\"async\" class=\"size-medium wp-image-4462 alignright\" src=\"https:\/\/kursy-udt.pl\/wp-content\/uploads\/2022\/10\/2-1-300x200.jpeg\" alt=\"\" width=\"300\" height=\"200\" srcset=\"https:\/\/kursy-udt.pl\/wp-content\/uploads\/2022\/10\/2-1-300x200.jpeg 300w, https:\/\/kursy-udt.pl\/wp-content\/uploads\/2022\/10\/2-1-1024x682.jpeg 1024w, https:\/\/kursy-udt.pl\/wp-content\/uploads\/2022\/10\/2-1-768x511.jpeg 768w, https:\/\/kursy-udt.pl\/wp-content\/uploads\/2022\/10\/2-1-1536x1022.jpeg 1536w, https:\/\/kursy-udt.pl\/wp-content\/uploads\/2022\/10\/2-1-18x12.jpeg 18w, https:\/\/kursy-udt.pl\/wp-content\/uploads\/2022\/10\/2-1-624x415.jpeg 624w, https:\/\/kursy-udt.pl\/wp-content\/uploads\/2022\/10\/2-1.jpeg 1600w\" sizes=\"auto, (max-width: 300px) 100vw, 300px\" \/><\/a><\/p>\n<h2 class=\"naglowekh2\">Exemples de sujets d'examen :<\/h2>\n<ul>\n<li>dispositions des actes juridiques<\/li>\n<li>normes<\/li>\n<li>construction d'\u00e9quipements<\/li>\n<li>fonctionnement de l'\u00e9quipement<\/li>\n<li>instructions relatives \u00e0 l'emploi et \u00e0 l'entreprise<\/li>\n<li>code du travail<\/li>\n<li>les principes des premiers secours<\/li>\n<\/ul>\n<p>Lorsque vous souhaitez obtenir <a href=\"https:\/\/kursy-udt.pl\/fr\/szkolenia\/sep-uprawnienia-do-1kv\/\">Autorisations SEP<\/a>Dans notre centre ERGON, nous proposons une formation compl\u00e8te et professionnelle pour vous pr\u00e9parer aux examens. Nous vous invitons \u00e0 consulter notre offre compl\u00e8te !<\/p>\n<div class=\"button_styl\" style=\"float: right; padding-left: 15px; padding-bottom: 8px; margin-bottom: 5px;\"><a class=\"myButton myButton_maly\" href=\"https:\/\/platformaedukacji.pl\/login\/signup.php\" target=\"_blank\" rel=\"nofollow noopener\"><span style=\"color: white;\">Inscrivez-vous \u00e0 la formation<\/span><\/a><\/div>\n<div style=\"padding-top: 70px;\">\n<h2>Plus d&#039;information:<\/h2>\n<div style=\"text-align: center; font-size: 85%; line-height: 120%;\">\n<div style=\"float: left; margin-right: 40px; height: 290px; width: 45%;\">\n<p><a href=\"\/fr\/entrainement\/autorisations-sep-jusqua-1kv\/g1\/\"><img decoding=\"async\" src=\"\/wp-content\/uploads\/2017\/12\/SEP_2016-1030x687.jpg\" alt=\"\" \/><\/a><\/p>\n<div style=\"width: 300px; font-size: 130%;\"><strong><a href=\"https:\/\/kursy-udt.pl\/fr\/szkolenia\/sep-uprawnienia-do-1kv\/g1\/\">G1<\/a> (\u00e9lectrique)<\/strong><\/div>\n<p>&nbsp;<\/p>\n<\/div>\n<div style=\"float: left; margin-right: 40px; height: 290px; width: 45%;\">\n<p><a href=\"\/fr\/entrainement\/autorisations-sep-jusqua-1kv\/g2\/\"><img decoding=\"async\" src=\"\/wp-content\/uploads\/2017\/12\/31.jpg\" alt=\"\" \/><\/a><\/p>\n<div style=\"width: 300px; font-size: 130%;\"><strong>G2 (thermique)<\/strong><\/div>\n<p>&nbsp;<\/p>\n<\/div>\n<\/div>\n<div style=\"clear: both;\"><\/div>\n<div style=\"text-align: center; font-size: 85%; line-height: 120%;\">\n<div style=\"float: left; margin-right: 40px; height: 290px; width: 45%;\">\n<p><a href=\"\/fr\/entrainement\/autorisations-sep-jusqua-1kv\/g3\/\"><img decoding=\"async\" src=\"\/wp-content\/uploads\/2017\/12\/SEP_G3_2-495x400-1.jpg\" alt=\"\" \/><\/a><\/p>\n<div style=\"width: 300px; font-size: 130%;\"><strong><a href=\"https:\/\/kursy-udt.pl\/fr\/szkolenia\/sep-uprawnienia-do-1kv\/g3\/\">G3<\/a> (gaz)<\/strong><\/div>\n<p>&nbsp;<\/p>\n<\/div>\n<div style=\"float: left; margin-right: 40px; height: 290px; width: 45%;\">\n<p><a href=\"\/fr\/entrainement\/autorisations-sep-jusqua-1kv\/examen-sep\/\"><img decoding=\"async\" src=\"\/wp-content\/uploads\/2017\/12\/4-warsztaty.jpg\" alt=\"\" \/><\/a><\/p>\n<div style=\"width: 300px; font-size: 130%;\"><strong>Examen SEP, PSE, SIMP, SITPS<\/strong><\/div>\n<p>&nbsp;<\/p>\n<\/div>\n<\/div>\n<div style=\"text-align: center; font-size: 85%; line-height: 120%;\">\n<div style=\"float: left; margin-right: 40px; height: 290px; width: 45%;\">\n<p><a href=\"\/fr\/entrainement\/autorisations-sep-jusqua-1kv\/duree-de-validite-des-autorisations-sep\/\"><img decoding=\"async\" style=\"width: 300px; height: 225px;\" src=\"\/wp-content\/uploads\/2017\/12\/g3-4.jpg\" alt=\"\" \/><\/a><\/p>\n<div style=\"width: 300px; font-size: 130%;\"><strong>Autorisations SEP<\/strong><\/div>\n<p>&nbsp;<\/p>\n<\/div>\n<\/div>\n<div style=\"text-align: center; font-size: 85%; line-height: 120%;\">\n<div style=\"float: left; margin-right: 40px; height: 290px; width: 45%;\">\n<p><a href=\"\/fr\/entrainement\/autorisations-sep-jusqua-1kv\/\"><img decoding=\"async\" style=\"width: 300px; height: 225px;\" src=\"\/wp-content\/uploads\/2017\/12\/logoSEP.gif\" alt=\"\" \/><\/a><\/p>\n<div style=\"width: 300px; font-size: 130%;\"><strong>Cours SEP<\/strong><\/div>\n<p>&nbsp;<\/p>\n<\/div>\n<\/div>\n<\/div>","protected":false},"excerpt":{"rendered":"<p>Examen SEP, PSE, SIMP, SITPS Pour \u00eatre habilit\u00e9 \u00e0 intervenir sur les r\u00e9seaux, les installations et les \u00e9quipements d'\u00e9lectricit\u00e9, de chaleur et de gaz, il faut suivre une formation et passer un examen devant l'un des comit\u00e9s de certification. Comit\u00e9s de certification SEP - Association des ing\u00e9nieurs \u00e9lectriciens polonais PSE - Association polonaise des installations \u00e9lectriques SIMP - Association des ing\u00e9nieurs m\u00e9caniciens polonais SITPS ou SITSpo\u017c - Association des ing\u00e9nieurs et techniciens de l'industrie alimentaire L'objet de l'examen de certification est d\u00e9fini dans le r\u00e8glement du ministre de l'\u00e9conomie, du travail et de la politique sociale du 28 avril 2003, en fonction des installations, des \u00e9quipements et des r\u00e9seaux d'\u00e9lectricit\u00e9, de chaleur ou de gaz. L'examen est oral et, au cours de celui-ci, le participant doit d\u00e9montrer ses connaissances dans le domaine concern\u00e9. Le comit\u00e9 devant lequel se d\u00e9roule l'examen est compos\u00e9 d'un pr\u00e9sident, d'un vice-pr\u00e9sident, de membres et d'un secr\u00e9taire. Le r\u00e8glement indique que les sujets d\u00e9taill\u00e9s de l'examen sont d\u00e9termin\u00e9s par la commission et notifi\u00e9s par \u00e9crit aux candidats \u00e0 la confirmation de qualification au moins 14 jours avant la date de l'examen. Exemples de sujets d'examen : r\u00e9glementation l\u00e9gale normes construction d'appareils exploitation d'appareils instructions de travail et d'entreprise code du travail principes de premiers secours Si vous souhaitez obtenir les qualifications SEP, notre Centre ERGON vous propose une formation compl\u00e8te et professionnelle pour vous pr\u00e9parer aux examens. Nous vous invitons \u00e0 prendre connaissance de notre offre compl\u00e8te ! Inscrivez-vous \u00e0 une formation Plus d'informations : G1 (\u00e9lectrique) G2 (thermique) G3 (gaz) Examen SEP, PSE, SIMP, SITPS Autorisations SEP Cours SEP &nbsp;<\/p>","protected":false},"author":1,"featured_media":4462,"parent":2411,"menu_order":0,"comment_status":"closed","ping_status":"closed","template":"","meta":{"sfsi_plus_gutenberg_text_before_share":"","sfsi_plus_gutenberg_show_text_before_share":"","sfsi_plus_gutenberg_icon_type":"","sfsi_plus_gutenberg_icon_alignemt":"","sfsi_plus_gutenburg_max_per_row":"","footnotes":""},"class_list":["post-2419","page","type-page","status-publish","has-post-thumbnail","hentry","has_thumb"],"aioseo_notices":[],"_links":{"self":[{"href":"https:\/\/kursy-udt.pl\/fr\/wp-json\/wp\/v2\/pages\/2419","targetHints":{"allow":["GET"]}}],"collection":[{"href":"https:\/\/kursy-udt.pl\/fr\/wp-json\/wp\/v2\/pages"}],"about":[{"href":"https:\/\/kursy-udt.pl\/fr\/wp-json\/wp\/v2\/types\/page"}],"author":[{"embeddable":true,"href":"https:\/\/kursy-udt.pl\/fr\/wp-json\/wp\/v2\/users\/1"}],"replies":[{"embeddable":true,"href":"https:\/\/kursy-udt.pl\/fr\/wp-json\/wp\/v2\/comments?post=2419"}],"version-history":[{"count":12,"href":"https:\/\/kursy-udt.pl\/fr\/wp-json\/wp\/v2\/pages\/2419\/revisions"}],"predecessor-version":[{"id":4464,"href":"https:\/\/kursy-udt.pl\/fr\/wp-json\/wp\/v2\/pages\/2419\/revisions\/4464"}],"up":[{"embeddable":true,"href":"https:\/\/kursy-udt.pl\/fr\/wp-json\/wp\/v2\/pages\/2411"}],"wp:featuredmedia":[{"embeddable":true,"href":"https:\/\/kursy-udt.pl\/fr\/wp-json\/wp\/v2\/media\/4462"}],"wp:attachment":[{"href":"https:\/\/kursy-udt.pl\/fr\/wp-json\/wp\/v2\/media?parent=2419"}],"curies":[{"name":"wp","href":"https:\/\/api.w.org\/{rel}","templated":true}]}}