{"id":2417,"date":"2017-12-06T15:30:53","date_gmt":"2017-12-06T15:30:53","guid":{"rendered":"http:\/\/kursy-udt.pl\/?page_id=2417"},"modified":"2023-01-04T09:51:10","modified_gmt":"2023-01-04T09:51:10","slug":"g3","status":"publish","type":"page","link":"https:\/\/kursy-udt.pl\/fr\/szkolenia\/sep-uprawnienia-do-1kv\/g3\/","title":{"rendered":"Cours G3 (gaz). Obtenez vos qualifications avec ERGON!"},"content":{"rendered":"<h2><strong><img loading=\"lazy\" decoding=\"async\" class=\"paddingleft10 alignleft wp-image-2471\" src=\"https:\/\/kursy-udt.pl\/wp-content\/uploads\/2017\/12\/SEP_G3_2-495x400-300x242.jpg\" alt=\"\" width=\"200\" height=\"162\" srcset=\"https:\/\/kursy-udt.pl\/wp-content\/uploads\/2017\/12\/SEP_G3_2-495x400-300x242.jpg 300w, https:\/\/kursy-udt.pl\/wp-content\/uploads\/2017\/12\/SEP_G3_2-495x400.jpg 495w\" sizes=\"auto, (max-width: 200px) 100vw, 200px\" \/>G3 <\/strong><\/h2>\n<p>La formation G3 gaz - appareils, installations et r\u00e9seaux de gaz s&#039;adresse aux personnes qui souhaitent obtenir des qualifications pour travailler dans la surveillance et l&#039;exploitation des r\u00e9seaux, installations et appareils produisant, traitant, acheminant et consommant du gaz compris dans la cat\u00e9gorie G3.<\/p>\n<p>Dans <a href=\"https:\/\/kursy-udt.pl\/fr\/o-firmie\/\">Centre ERGON<\/a> nous fournissons un service de formation complet et professionnel. Nous proposons des formations utilisant des m\u00e9thodes modernes et mettant l'accent sur la pratique. Nous travaillons avec des instructeurs qualifi\u00e9s et exp\u00e9riment\u00e9s.<\/p>\n<p><strong>Le cours pr\u00e9pare les participants \u00e0 passer l&#039;examen devant les commissions SEP, PSE, SIMP et SITPS Il s&#039;adresse aux personnes impliqu\u00e9es dans l&#039;exploitation d&#039;\u00e9quipements, d&#039;installations et de r\u00e9seaux de gaz produisant, traitant, transmettant et consommant des combustibles gazeux, y compris les appareils suivants , installations et r\u00e9seaux : <\/strong><\/p>\n<ul>\n<li>\u00e9quipements pour la production de combustibles gazeux, g\u00e9n\u00e9rateurs de gaz<\/li>\n<li>\u00e9quipements de transformation et de traitement de combustibles gazeux, de d\u00e9composition de combustibles gazeux, \u00e9quipements de traitement de gaz naturel, installations de traitement de gaz, installations d&#039;expansion et installations d&#039;embouteillage de gaz liqu\u00e9fi\u00e9, installations de d\u00e9nitrification, installations de m\u00e9lange<\/li>\n<li>dispositifs de stockage de gaz combustible<\/li>\n<li>r\u00e9seaux de distribution de gaz avec une pression ne d\u00e9passant pas 0,5 MPa (gazoducs et points de r\u00e9duction, stations-service)<\/li>\n<li>r\u00e9seaux de transport de gaz avec une pression sup\u00e9rieure \u00e0 0,5 MPa (gazoducs, stations-service, stations de compression de gaz)<\/li>\n<li>\u00e9quipements et installations \u00e0 gaz dont la pression ne d\u00e9passe pas 5 kPa<\/li>\n<li>\u00e9quipements et installations \u00e0 gaz avec une pression sup\u00e9rieure \u00e0 5kPa<\/li>\n<li>r\u00e9cepteurs industriels de combustibles gazeux d&#039;une puissance sup\u00e9rieure \u00e0 50 kW<\/li>\n<li>turbines \u00e0 gaz<\/li>\n<li>appareils de contr\u00f4le et de mesure ainsi que dispositifs et installations de r\u00e9gulation, de contr\u00f4le et de protection automatiques des dispositifs et installations mentionn\u00e9s ci-dessus<\/li>\n<\/ul>\n<p>Apr\u00e8s avoir termin\u00e9 la formation G3, les participants peuvent passer des examens devant les comit\u00e9s de certification suivants\u00a0: SEP (Association des ing\u00e9nieurs \u00e9lectriciens polonais), Association polonaise de l&#039;installation \u00e9lectrique (PSE), Association des ing\u00e9nieurs et techniciens de l&#039;industrie alimentaire (SITPS ou SITSpo\u017c), Association des ing\u00e9nieurs polonais en m\u00e9canique Ing\u00e9nieurs (SIMP).<\/p>\n<h3><strong>But de la formation<\/strong><\/h3>\n<p>Le but de la formation est de r\u00e9ussir l&#039;examen et d&#039;obtenir un certificat de qualification, qui donne droit \u00e0 l&#039;entretien, la maintenance, la r\u00e9paration, l&#039;installation au poste d&#039;exploitation, conform\u00e9ment \u00e0 l&#039;ordonnance du ministre de l&#039;\u00e9conomie, du travail et de la politique sociale d&#039;avril 28, 2003 sur les r\u00e8gles d\u00e9taill\u00e9es pour confirmer les qualifications des personnes occupant l&#039;exploitation des appareils, des installations et des r\u00e9seaux (Journal des lois n\u00b0 89 point 828 ; Journal des lois n\u00b0 192 point 1184).<\/p>\n<p><a href=\"https:\/\/kursy-udt.pl\/fr\/kontakt\/\">Nous vous invitons cordialement \u00e0 profiter de notre offre<\/a>!<\/p>\n<div class=\"button_styl\" style=\"float: right; padding-left: 15px; padding-bottom: 8px; margin-bottom: 5px;\"><a class=\"myButton myButton_maly\" href=\"https:\/\/platformaedukacji.pl\/login\/signup.php\" target=\"_blank\" rel=\"nofollow noopener noreferrer\"><span style=\"color: white;\">Inscrivez-vous \u00e0 la formation<\/span><\/a><\/div>\n<div style=\"padding-top: 70px;\">\n<h2>Plus d&#039;information:<\/h2>\n<div style=\"text-align: center; font-size: 85%; line-height: 120%;\">\n<div style=\"float: left; margin-right: 40px; height: 290px;\">\n<p><a href=\"\/fr\/entrainement\/autorisations-sep-jusqua-1kv\/g1\/\"><img decoding=\"async\" style=\"width: 300px; height: 225px;\" src=\"\/wp-content\/uploads\/2017\/12\/SEP_2016-1030x687.jpg\" alt=\"\" \/><\/a><\/p>\n<div style=\"width: 300px; font-size: 130%;\"><strong><a href=\"https:\/\/kursy-udt.pl\/fr\/szkolenia\/sep-uprawnienia-do-1kv\/g1\/\">G1<\/a> (\u00e9lectrique)<\/strong><\/div>\n<\/div>\n<div style=\"float: left; margin-right: 40px; height: 290px;\">\n<p><a href=\"\/fr\/entrainement\/autorisations-sep-jusqua-1kv\/g2\/\"><img decoding=\"async\" style=\"width: 300px; height: 225px;\" src=\"\/wp-content\/uploads\/2017\/12\/31.jpg\" alt=\"\" \/><\/a><\/p>\n<div style=\"width: 300px; font-size: 130%;\"><strong>G2 (thermique)<\/strong><\/div>\n<\/div>\n<\/div>\n<div style=\"clear: both;\"><\/div>\n<div style=\"text-align: center; font-size: 85%; line-height: 120%;\">\n<div style=\"float: left; margin-right: 40px; height: 290px;\">\n<p><a href=\"\/fr\/entrainement\/autorisations-sep-jusqua-1kv\/g3\/\"><img decoding=\"async\" style=\"width: 300px; height: 225px;\" src=\"\/wp-content\/uploads\/2017\/12\/SEP_G3_2-495x400-1.jpg\" alt=\"\" \/><\/a><\/p>\n<div style=\"width: 300px; font-size: 130%;\"><strong>G3 (gaz)<\/strong><\/div>\n<\/div>\n<div style=\"float: left; margin-right: 40px; height: 290px;\">\n<p><a href=\"\/fr\/entrainement\/autorisations-sep-jusqua-1kv\/examen-sep\/\"><img decoding=\"async\" style=\"width: 300px; height: 225px;\" src=\"\/wp-content\/uploads\/2017\/12\/4-warsztaty.jpg\" alt=\"\" \/><\/a><\/p>\n<div style=\"width: 300px; font-size: 130%;\"><strong>Examens G1, G2, G3, PSE, SIMP, SITPS<\/strong><\/div>\n<\/div>\n<\/div>\n<div style=\"text-align: center; font-size: 85%; line-height: 120%;\">\n<div style=\"float: left; margin-right: 40px; height: 290px;\">\n<p><a href=\"\/fr\/entrainement\/autorisations-sep-jusqua-1kv\/duree-de-validite-des-autorisations-sep\/\"><img decoding=\"async\" style=\"width: 300px; height: 225px;\" src=\"\/wp-content\/uploads\/2017\/12\/g3-4.jpg\" alt=\"\" \/><\/a><\/p>\n<div style=\"width: 300px; font-size: 130%;\"><strong><a href=\"https:\/\/kursy-udt.pl\/fr\/uprawnienia-udt\/kategorie-uprawnien-2\/\">Droits<\/a> G1, G2, G3<\/strong><\/div>\n<div><\/div>\n<\/div>\n<\/div>\n<\/div>\n<p>&nbsp;<\/p>\n<p>&nbsp;<\/p>\n<p>&nbsp;<\/p>\n<p>&nbsp;<\/p>\n<p>&nbsp;<\/p>\n<p>&nbsp;<\/p>\n<p>&nbsp;<\/p>\n<p>&nbsp;<\/p>\n<p>&nbsp;<\/p>\n<p>&nbsp;<\/p>\n<p>&nbsp;<\/p>\n<p>&nbsp;<\/p>\n<p>&nbsp;<\/p>\n<p>&nbsp;<\/p>\n<p><a href=\"https:\/\/kursy-udt.pl\/wp-content\/uploads\/2023\/01\/7-kurs-G3-gazy-kursy-udt.pl_.png\"><img loading=\"lazy\" decoding=\"async\" class=\"aligncenter wp-image-4605\" src=\"https:\/\/kursy-udt.pl\/wp-content\/uploads\/2023\/01\/7-kurs-G3-gazy-kursy-udt.pl_-300x188.png\" alt=\"\" width=\"750\" height=\"469\" srcset=\"https:\/\/kursy-udt.pl\/wp-content\/uploads\/2023\/01\/7-kurs-G3-gazy-kursy-udt.pl_-300x188.png 300w, https:\/\/kursy-udt.pl\/wp-content\/uploads\/2023\/01\/7-kurs-G3-gazy-kursy-udt.pl_-1024x640.png 1024w, https:\/\/kursy-udt.pl\/wp-content\/uploads\/2023\/01\/7-kurs-G3-gazy-kursy-udt.pl_-768x480.png 768w, https:\/\/kursy-udt.pl\/wp-content\/uploads\/2023\/01\/7-kurs-G3-gazy-kursy-udt.pl_-18x12.png 18w, https:\/\/kursy-udt.pl\/wp-content\/uploads\/2023\/01\/7-kurs-G3-gazy-kursy-udt.pl_-624x390.png 624w, https:\/\/kursy-udt.pl\/wp-content\/uploads\/2023\/01\/7-kurs-G3-gazy-kursy-udt.pl_.png 1200w\" sizes=\"auto, (max-width: 750px) 100vw, 750px\" \/><\/a><\/p>","protected":false},"excerpt":{"rendered":"<p>Kurs G3 Szkolenie gazowe G3 \u2013 urz\u0105dzenia, instalacje i sieci gazowe adresowane jest do os\u00f3b, kt\u00f3re chc\u0105 uzyska\u0107 kwalifikacje do pracy przy dozorze i eksploatacji sieci, instalacji i urz\u0105dze\u0144 wytwarzaj\u0105cych, przetwarzaj\u0105cych, przesy\u0142aj\u0105cych i zu\u017cywaj\u0105cych gaz zaliczanych do kategorii G3. W o\u015brodku ERGON zapewniamy kompleksow\u0105 i profesjonaln\u0105 obs\u0142ug\u0119 szkoleniow\u0105. Prowadzimy szkolenia z wykorzystaniem nowoczesnych metod, k\u0142ad\u0105c nacisk na praktyk\u0119. Wsp\u00f3\u0142pracujemy z wykwalifikowanymi i do\u015bwiadczonymi instruktorami. Kurs przygotowuje uczestnik\u00f3w do zdania egzaminu przed komisjami SEP, PSE, SIMP, SITPS skierowany jest do os\u00f3b zajmuj\u0105cych si\u0119 eksploatacj\u0105 urz\u0105dze\u0144, instalacji i sieci gazowych wytwarzaj\u0105cych, przetwarzaj\u0105cych, przesy\u0142aj\u0105cych i zu\u017cywaj\u0105cych paliwa gazowe obejmuj\u0105cy nast\u0119puj\u0105ce urz\u0105dzenia, instalacje i sieci: urz\u0105dzenia do produkcji paliw gazowych, generatory gazu urz\u0105dzenia do przetwarzania i uzdatniania paliw gazowych, rozk\u0142adnie paliw gazowych, urz\u0105dzenia przer\u00f3bki gazu ziemnego, oczyszczalnie gazu, rozpr\u0119\u017calnie i rozlewnie gazu p\u0142ynnego, odazotowanie, mieszalnie urz\u0105dzenia do magazynowania paliw gazowych sieci gazowe rozdzielcze o ci\u015bnieniu nie wy\u017cszym ni\u017c 0,5 MPa (gazoci\u0105gi i punkty redukcyjne, stacje gazowe) sieci gazowe przesy\u0142owe o ci\u015bnieniu powy\u017cej 0,5 MPa (gazoci\u0105gi, stacje gazowe, t\u0142ocznie gazu) urz\u0105dzenia i instalacje gazowe o ci\u015bnieniu nie wy\u017cszym ni\u017c 5 kPa urz\u0105dzenia i instalacje gazowe o ci\u015bnieniu powy\u017cej 5kPa przemys\u0142owe odbiorniki paliw gazowych o mocy powy\u017cej 50 kW turbiny gazowe aparatur\u0119 kontrolno-pomiarow\u0105 oraz urz\u0105dzenia i instalacje automatycznej regulacji, sterowania i zabezpiecze\u0144 urz\u0105dze\u0144 i instalacji wymienionych powy\u017cej Po zako\u0144czeniu szkolenia G3 uczestnicy mog\u0105 podej\u015b\u0107 do egzamin\u00f3w przed nast\u0119puj\u0105cymi komisjami certyfikuj\u0105cymi: SEP (Stowarzyszenie Elektryk\u00f3w Polskich), Polskie Stowarzyszenie Elektroinstalacyjne (PSE), Stowarzyszenie In\u017cynier\u00f3w i Technik\u00f3w Przemys\u0142u Spo\u017cywczego (SITPS lub SITSpo\u017c), Stowarzyszenie In\u017cynier\u00f3w Mechanik\u00f3w Polskich (SIMP). Cel szkolenia Celem szkolenia jest zaliczenie egzaminu i uzyskanie [&hellip;]<\/p>\n","protected":false},"author":1,"featured_media":2479,"parent":2411,"menu_order":0,"comment_status":"closed","ping_status":"closed","template":"","meta":{"sfsi_plus_gutenberg_text_before_share":"","sfsi_plus_gutenberg_show_text_before_share":"","sfsi_plus_gutenberg_icon_type":"","sfsi_plus_gutenberg_icon_alignemt":"","sfsi_plus_gutenburg_max_per_row":"","footnotes":""},"class_list":["post-2417","page","type-page","status-publish","has-post-thumbnail","hentry","has_thumb"],"aioseo_notices":[],"_links":{"self":[{"href":"https:\/\/kursy-udt.pl\/fr\/wp-json\/wp\/v2\/pages\/2417","targetHints":{"allow":["GET"]}}],"collection":[{"href":"https:\/\/kursy-udt.pl\/fr\/wp-json\/wp\/v2\/pages"}],"about":[{"href":"https:\/\/kursy-udt.pl\/fr\/wp-json\/wp\/v2\/types\/page"}],"author":[{"embeddable":true,"href":"https:\/\/kursy-udt.pl\/fr\/wp-json\/wp\/v2\/users\/1"}],"replies":[{"embeddable":true,"href":"https:\/\/kursy-udt.pl\/fr\/wp-json\/wp\/v2\/comments?post=2417"}],"version-history":[{"count":15,"href":"https:\/\/kursy-udt.pl\/fr\/wp-json\/wp\/v2\/pages\/2417\/revisions"}],"predecessor-version":[{"id":4606,"href":"https:\/\/kursy-udt.pl\/fr\/wp-json\/wp\/v2\/pages\/2417\/revisions\/4606"}],"up":[{"embeddable":true,"href":"https:\/\/kursy-udt.pl\/fr\/wp-json\/wp\/v2\/pages\/2411"}],"wp:featuredmedia":[{"embeddable":true,"href":"https:\/\/kursy-udt.pl\/fr\/wp-json\/wp\/v2\/media\/2479"}],"wp:attachment":[{"href":"https:\/\/kursy-udt.pl\/fr\/wp-json\/wp\/v2\/media?parent=2417"}],"curies":[{"name":"wp","href":"https:\/\/api.w.org\/{rel}","templated":true}]}}