{"id":2415,"date":"2017-12-06T15:29:15","date_gmt":"2017-12-06T15:29:15","guid":{"rendered":"http:\/\/kursy-udt.pl\/?page_id=2415"},"modified":"2023-01-04T09:55:06","modified_gmt":"2023-01-04T09:55:06","slug":"g2","status":"publish","type":"page","link":"https:\/\/kursy-udt.pl\/fr\/szkolenia\/sep-uprawnienia-do-1kv\/g2\/","title":{"rendered":"Cours G2 (thermique). Obtenez des qualifications avec ERGON!"},"content":{"rendered":"<div style=\"float: left; padding-right: 10px; width: 187px;\"><img decoding=\"async\" src=\"\/wp-content\/uploads\/2017\/12\/31.jpg\" alt=\"cours g2\" \/><\/div>\n<h2 class=\"naglowekh2\"><strong>G2 <\/strong><\/h2>\n<p>La formation thermique G2 - appareils, installations et r\u00e9seaux de chaleur s&#039;adresse aux personnes qui souhaitent obtenir des qualifications pour travailler dans la surveillance et l&#039;exploitation des r\u00e9seaux, installations et appareils qui g\u00e9n\u00e8rent, traitent, transmettent et consomment de la chaleur class\u00e9e G2.<\/p>\n<p>Dans <a href=\"https:\/\/kursy-udt.pl\/fr\/o-firmie\/\">Centre ERGON<\/a> Nous garantissons \u00e0 nos \u00e9tudiants une pr\u00e9paration compl\u00e8te et professionnelle. Nous utilisons des m\u00e9thodes de formation \u00e9prouv\u00e9es, nous disposons d&#039;installations modernes, nous employons des instructeurs qualifi\u00e9s et nous fournissons un service au plus haut niveau.<\/p>\n<p><strong>Le cours G2 pr\u00e9pare les participants \u00e0 r\u00e9ussir l&#039;examen devant les comit\u00e9s SEP, PSE, SIMP et SITPS. <\/strong><\/p>\n<ul>\n<li>chaudi\u00e8res \u00e0 vapeur et \u00e0 eau pour combustibles solides, liquides et gazeux, d&#039;une puissance sup\u00e9rieure \u00e0 50 kW, avec \u00e9quipement auxiliaire<\/li>\n<li>r\u00e9seaux de chaleur et installations avec dispositifs auxiliaires, avec transfert de chaleur sup\u00e9rieur \u00e0 50 kW<\/li>\n<li>turbines \u00e0 vapeur et \u00e0 eau d&#039;une puissance sup\u00e9rieure \u00e0 50 kW, ainsi que des dispositifs auxiliaires<\/li>\n<li>dispositifs industriels de r\u00e9ception de vapeur et d&#039;eau chaude, d&#039;une puissance sup\u00e9rieure \u00e0 50 kW<\/li>\n<li>\u00e9quipements de ventilation, de climatisation et de r\u00e9frig\u00e9ration d&#039;une puissance sup\u00e9rieure \u00e0 50 kW<\/li>\n<li>pompes, ventouses, ventilateurs et soufflantes d&#039;une puissance sup\u00e9rieure \u00e0 50 kW<\/li>\n<li>compresseurs d&#039;une puissance sup\u00e9rieure \u00e0 20 kW et installations d&#039;air comprim\u00e9 et de gaz techniques<\/li>\n<li>dispositifs de stockage, de stockage et de d\u00e9chargement de combustibles, d&#039;une capacit\u00e9 de stockage sup\u00e9rieure \u00e0 100 Mg<\/li>\n<li>fours industriels d&#039;une puissance sup\u00e9rieure \u00e0 50 kW<\/li>\n<li>appareils de contr\u00f4le et de mesure ainsi que dispositifs et installations de r\u00e9gulation, de contr\u00f4le et de protection automatiques des dispositifs et installations mentionn\u00e9s ci-dessus<\/li>\n<\/ul>\n<p>La formation G2 pr\u00e9pare les participants \u00e0 passer les examens devant les comit\u00e9s de certification suivants : SEP (Association des ing\u00e9nieurs \u00e9lectriciens polonais), Association polonaise de l&#039;installation \u00e9lectrique (PSE), Association des ing\u00e9nieurs et techniciens de l&#039;industrie alimentaire (SITPS ou SITSpo\u017c), Association des ing\u00e9nieurs m\u00e9caniciens polonais (IDOL\u00c2TRER).<\/p>\n<h2 class=\"naglowekh2\">But de la formation<\/h2>\n<p>Apr\u00e8s avoir suivi le cours G2 et r\u00e9ussi l&#039;examen, le participant re\u00e7oit un certificat de qualification qui lui donne droit \u00e0 l&#039;entretien, la maintenance, la r\u00e9paration, l&#039;installation au poste d&#039;exploitation, conform\u00e9ment \u00e0 l&#039;ordonnance du ministre de l&#039;\u00e9conomie, du travail et de la politique sociale du 28 avril , 2003 sur les r\u00e8gles d\u00e9taill\u00e9es de confirmation des qualifications des personnes impliqu\u00e9es dans l&#039;exploitation d&#039;appareils, d&#039;installations et de r\u00e9seaux (Journal des lois n\u00b0 89 point 828 ; Journal des lois n\u00b0 192 point 1184).<\/p>\n<p>Nous vous encourageons \u00e0 vous inscrire \u00e0 une formation avec nous!<\/p>\n<div class=\"button_styl\" style=\"float: right; padding-left: 15px; padding-bottom: 8px; margin-bottom: 5px;\"><a class=\"myButton myButton_maly\" href=\"https:\/\/platformaedukacji.pl\/login\/signup.php\" target=\"_blank\" rel=\"nofollow noopener noreferrer\"><span style=\"color: white;\">Inscrivez-vous \u00e0 la formation<\/span><\/a><\/div>\n<div style=\"padding-top: 70px;\">\n<h2>Plus d&#039;information:<\/h2>\n<div style=\"text-align: center; font-size: 85%; line-height: 120%;\">\n<div style=\"float: left; margin-right: 40px; height: 290px;\">\n<p><a href=\"\/fr\/entrainement\/autorisations-sep-jusqua-1kv\/g1\/\"><img decoding=\"async\" style=\"width: 300px; height: 225px;\" src=\"\/wp-content\/uploads\/2017\/12\/SEP_2016-1030x687.jpg\" alt=\"\" \/><\/a><\/p>\n<div style=\"width: 300px; font-size: 130%;\"><strong><a href=\"https:\/\/kursy-udt.pl\/fr\/szkolenia\/sep-uprawnienia-do-1kv\/g1\/\">G1<\/a> (\u00e9lectrique)<\/strong><\/div>\n<p>&nbsp;<\/p>\n<\/div>\n<div style=\"float: left; margin-right: 40px; height: 290px;\">\n<p><a href=\"\/fr\/entrainement\/autorisations-sep-jusqua-1kv\/g2\/\"><img decoding=\"async\" style=\"width: 300px; height: 225px;\" src=\"\/wp-content\/uploads\/2017\/12\/31.jpg\" alt=\"\" \/><\/a><\/p>\n<div style=\"width: 300px; font-size: 130%;\"><strong>G2 (thermique)<\/strong><\/div>\n<p>&nbsp;<\/p>\n<\/div>\n<\/div>\n<div style=\"clear: both;\"><\/div>\n<div style=\"text-align: center; font-size: 85%; line-height: 120%;\">\n<div style=\"float: left; margin-right: 40px; height: 290px;\">\n<p><a href=\"\/fr\/entrainement\/autorisations-sep-jusqua-1kv\/g3\/\"><img decoding=\"async\" style=\"width: 300px; height: 225px;\" src=\"\/wp-content\/uploads\/2017\/12\/SEP_G3_2-495x400-1.jpg\" alt=\"\" \/><\/a><\/p>\n<div style=\"width: 300px; font-size: 130%;\"><strong><a href=\"https:\/\/kursy-udt.pl\/fr\/szkolenia\/sep-uprawnienia-do-1kv\/g3\/\">G3<\/a> (gaz)<\/strong><\/div>\n<p>&nbsp;<\/p>\n<\/div>\n<div style=\"float: left; margin-right: 40px; height: 290px;\">\n<p><a href=\"\/fr\/entrainement\/autorisations-sep-jusqua-1kv\/examen-sep\/\"><img decoding=\"async\" style=\"width: 300px; height: 225px;\" src=\"\/wp-content\/uploads\/2017\/12\/4-warsztaty.jpg\" alt=\"\" \/><\/a><\/p>\n<div style=\"width: 300px; font-size: 130%;\"><strong>Examen SEP, PSE, SIMP, SITPS<\/strong><\/div>\n<p>&nbsp;<\/p>\n<\/div>\n<\/div>\n<div style=\"text-align: center; font-size: 85%; line-height: 120%;\">\n<div style=\"float: left; margin-right: 40px; height: 290px;\">\n<p><a href=\"\/fr\/entrainement\/autorisations-sep-jusqua-1kv\/duree-de-validite-des-autorisations-sep\/\"><img decoding=\"async\" style=\"width: 300px; height: 225px;\" src=\"\/wp-content\/uploads\/2017\/12\/g3-4.jpg\" alt=\"\" \/><\/a><\/p>\n<div style=\"width: 300px; font-size: 130%;\"><strong><a href=\"https:\/\/kursy-udt.pl\/fr\/uprawnienia-udt\/kategorie-uprawnien-2\/\">Droits<\/a> VAUTOUR<\/strong><\/div>\n<\/div>\n<\/div>\n<div><\/div>\n<div style=\"text-align: center; font-size: 85%; line-height: 120%;\">\n<div style=\"float: left; margin-right: 40px; height: 290px;\">\n<p>&nbsp;<\/p>\n<\/div>\n<\/div>\n<div style=\"text-align: center; font-size: 85%; line-height: 120%;\">\n<div style=\"float: left; margin-right: 40px; height: 290px;\">\n<p>&nbsp;<\/p>\n<\/div>\n<\/div>\n<\/div>\n<p>&nbsp;<\/p>\n<p>&nbsp;<\/p>\n<p>&nbsp;<\/p>\n<p>&nbsp;<\/p>\n<p>&nbsp;<\/p>\n<p>&nbsp;<\/p>\n<p>&nbsp;<\/p>\n<p>&nbsp;<\/p>\n<p>&nbsp;<\/p>\n<p>&nbsp;<\/p>\n<p>&nbsp;<\/p>\n<p>&nbsp;<\/p>\n<p>&nbsp;<\/p>\n<p>&nbsp;<\/p>\n<p><a href=\"https:\/\/kursy-udt.pl\/wp-content\/uploads\/2023\/01\/5-kurs-G2-cieplo-kursy-udt.pl_.png\"><img loading=\"lazy\" decoding=\"async\" class=\"aligncenter wp-image-4608\" src=\"https:\/\/kursy-udt.pl\/wp-content\/uploads\/2023\/01\/5-kurs-G2-cieplo-kursy-udt.pl_-300x188.png\" alt=\"\" width=\"750\" height=\"469\" srcset=\"https:\/\/kursy-udt.pl\/wp-content\/uploads\/2023\/01\/5-kurs-G2-cieplo-kursy-udt.pl_-300x188.png 300w, https:\/\/kursy-udt.pl\/wp-content\/uploads\/2023\/01\/5-kurs-G2-cieplo-kursy-udt.pl_-1024x640.png 1024w, https:\/\/kursy-udt.pl\/wp-content\/uploads\/2023\/01\/5-kurs-G2-cieplo-kursy-udt.pl_-768x480.png 768w, https:\/\/kursy-udt.pl\/wp-content\/uploads\/2023\/01\/5-kurs-G2-cieplo-kursy-udt.pl_-18x12.png 18w, https:\/\/kursy-udt.pl\/wp-content\/uploads\/2023\/01\/5-kurs-G2-cieplo-kursy-udt.pl_-624x390.png 624w, https:\/\/kursy-udt.pl\/wp-content\/uploads\/2023\/01\/5-kurs-G2-cieplo-kursy-udt.pl_.png 1200w\" sizes=\"auto, (max-width: 750px) 100vw, 750px\" \/><\/a><\/p>","protected":false},"excerpt":{"rendered":"<p>Kurs G2 Szkolenie cieplne G2 \u2013 urz\u0105dzenia, instalacje i sieci cieplne skierowane jest do os\u00f3b chc\u0105cych zdoby\u0107 kwalifikacje do pracy przy dozorze i eksploatacji sieci, instalacji i urz\u0105dze\u0144 wytwarzaj\u0105cych, przetwarzaj\u0105cych, przesy\u0142aj\u0105cych i zu\u017cywaj\u0105cych ciep\u0142o zaliczanych do kategorii G2. W O\u015brodku ERGON naszym kursantom gwarantujemy pe\u0142ne i profesjonalne przygotowanie. Stosujemy sprawdzone metody szkoleniowe, posiadamy nowoczesne zaplecze, zatrudniamy wykwalifikowanych instruktor\u00f3w i zapewniamy obs\u0142ug\u0119 na najwy\u017cszym poziomie. Kurs G2 przygotowuj\u0105 uczestnik\u00f3w do zdania egzaminu przed komisjami SEP, PSE, SIMP, SITPS skierowany jest do os\u00f3b zajmuj\u0105cych si\u0119 eksploatacj\u0105 urz\u0105dze\u0144, instalacji i sieci cieplnych wytwarzaj\u0105cych, przetwarzaj\u0105cych, przesy\u0142aj\u0105cych i zu\u017cywaj\u0105cych energi\u0119 ciepln\u0105 obejmuj\u0105cy nast\u0119puj\u0105ce urz\u0105dzenia, instalacje i sieci: kot\u0142y parowe oraz wodne na paliwa sta\u0142e, p\u0142ynne i gazowe, o mocy powy\u017cej 50 kW, wraz z urz\u0105dzeniami pomocniczymi sieci i instalacje cieplne wraz z urz\u0105dzeniami pomocniczymi, o przesyle ciep\u0142a powy\u017cej 50 kW turbiny parowe oraz wodne o mocy powy\u017cej 50 kW, wraz z urz\u0105dzeniami pomocniczymi przemys\u0142owe urz\u0105dzenia odbiorcze pary i gor\u0105cej wody, o mocy powy\u017cej 50 kW urz\u0105dzenia wentylacji, klimatyzacji i ch\u0142odnicze o mocy powy\u017cej 50 kW pompy, ssawy, wentylatory i dmuchawy o mocy powy\u017cej 50 kW spr\u0119\u017carki o mocy powy\u017cej 20 kW oraz instalacje spr\u0119\u017conego powietrza i gaz\u00f3w technicznych urz\u0105dzenia do sk\u0142adowania, magazynowania i roz\u0142adunku paliw, o pojemno\u015bci sk\u0142adowania odpowiadaj\u0105cej masie ponad 100 Mg piece przemys\u0142owe o mocy powy\u017cej 50 kW aparatur\u0119 kontrolno-pomiarow\u0105 oraz urz\u0105dzenia i instalacje automatycznej regulacji, sterowania i zabezpiecze\u0144 urz\u0105dze\u0144 i instalacji wymienionych powy\u017cej Szkolenie G2 przygotowuje uczestnik\u00f3w do podej\u015bcia do egzamin\u00f3w przed nast\u0119puj\u0105cymi komisjami certyfikuj\u0105cymi: SEP (Stowarzyszenie Elektryk\u00f3w Polskich), Polskie Stowarzyszenie Elektroinstalacyjne (PSE), Stowarzyszenie In\u017cynier\u00f3w i Technik\u00f3w [&hellip;]<\/p>\n","protected":false},"author":1,"featured_media":2480,"parent":2411,"menu_order":0,"comment_status":"closed","ping_status":"closed","template":"","meta":{"sfsi_plus_gutenberg_text_before_share":"","sfsi_plus_gutenberg_show_text_before_share":"","sfsi_plus_gutenberg_icon_type":"","sfsi_plus_gutenberg_icon_alignemt":"","sfsi_plus_gutenburg_max_per_row":"","footnotes":""},"class_list":["post-2415","page","type-page","status-publish","has-post-thumbnail","hentry","has_thumb"],"aioseo_notices":[],"_links":{"self":[{"href":"https:\/\/kursy-udt.pl\/fr\/wp-json\/wp\/v2\/pages\/2415","targetHints":{"allow":["GET"]}}],"collection":[{"href":"https:\/\/kursy-udt.pl\/fr\/wp-json\/wp\/v2\/pages"}],"about":[{"href":"https:\/\/kursy-udt.pl\/fr\/wp-json\/wp\/v2\/types\/page"}],"author":[{"embeddable":true,"href":"https:\/\/kursy-udt.pl\/fr\/wp-json\/wp\/v2\/users\/1"}],"replies":[{"embeddable":true,"href":"https:\/\/kursy-udt.pl\/fr\/wp-json\/wp\/v2\/comments?post=2415"}],"version-history":[{"count":14,"href":"https:\/\/kursy-udt.pl\/fr\/wp-json\/wp\/v2\/pages\/2415\/revisions"}],"predecessor-version":[{"id":4609,"href":"https:\/\/kursy-udt.pl\/fr\/wp-json\/wp\/v2\/pages\/2415\/revisions\/4609"}],"up":[{"embeddable":true,"href":"https:\/\/kursy-udt.pl\/fr\/wp-json\/wp\/v2\/pages\/2411"}],"wp:featuredmedia":[{"embeddable":true,"href":"https:\/\/kursy-udt.pl\/fr\/wp-json\/wp\/v2\/media\/2480"}],"wp:attachment":[{"href":"https:\/\/kursy-udt.pl\/fr\/wp-json\/wp\/v2\/media?parent=2415"}],"curies":[{"name":"wp","href":"https:\/\/api.w.org\/{rel}","templated":true}]}}