{"id":2413,"date":"2017-12-06T15:27:36","date_gmt":"2017-12-06T15:27:36","guid":{"rendered":"http:\/\/kursy-udt.pl\/?page_id=2413"},"modified":"2023-01-04T09:57:25","modified_gmt":"2023-01-04T09:57:25","slug":"g1","status":"publish","type":"page","link":"https:\/\/kursy-udt.pl\/fr\/szkolenia\/sep-uprawnienia-do-1kv\/g1\/","title":{"rendered":"Cours G1 (\u00e9lectricit\u00e9). Obtenez vos qualifications avec ERGON!"},"content":{"rendered":"<h2 class=\"naglowekh2\"><img loading=\"lazy\" decoding=\"async\" class=\"paddingleft10 wp-image-2475 alignleft\" src=\"https:\/\/kursy-udt.pl\/wp-content\/uploads\/2017\/12\/SEP_2016-1030x687-300x200.jpg\" alt=\"\" width=\"200\" height=\"133\" srcset=\"https:\/\/kursy-udt.pl\/wp-content\/uploads\/2017\/12\/SEP_2016-1030x687-300x200.jpg 300w, https:\/\/kursy-udt.pl\/wp-content\/uploads\/2017\/12\/SEP_2016-1030x687-768x512.jpg 768w, https:\/\/kursy-udt.pl\/wp-content\/uploads\/2017\/12\/SEP_2016-1030x687-1024x683.jpg 1024w, https:\/\/kursy-udt.pl\/wp-content\/uploads\/2017\/12\/SEP_2016-1030x687-624x416.jpg 624w, https:\/\/kursy-udt.pl\/wp-content\/uploads\/2017\/12\/SEP_2016-1030x687.jpg 1030w\" sizes=\"auto, (max-width: 200px) 100vw, 200px\" \/>Cours G1<\/h2>\n<p>La formation \u00e9lectrique G1 - appareils, installations et r\u00e9seaux \u00e9lectriques s&#039;adresse aux personnes qui souhaitent obtenir des qualifications pour travailler dans la surveillance et l&#039;exploitation des r\u00e9seaux, installations et appareils \u00e9lectriques d&#039;alimentation \u00e9lectrique inclus dans la cat\u00e9gorie G1.<\/p>\n<p>Dans notre <a href=\"https:\/\/kursy-udt.pl\/fr\/o-firmie\/\">Centre ERGON<\/a> Nous offrons une pr\u00e9paration compl\u00e8te et professionnelle \u00e0 nos \u00e9tudiants. Nous disposons d'installations de formation modernes, employons des instructeurs qualifi\u00e9s et garantissons un service de la plus haute qualit\u00e9.<\/p>\n<p><strong>Le cours G1 pr\u00e9pare les participants \u00e0 r\u00e9ussir l&#039;examen devant les commissions SEP, PSE, SIMP, SITPS. <\/strong><\/p>\n<ul>\n<li>appareils de production connect\u00e9s au r\u00e9seau \u00e9lectrique national, quel que soit le niveau de la tension nominale<\/li>\n<li>appareils, installations et r\u00e9seaux \u00e9lectriques avec une tension ne d\u00e9passant pas 1 kV<\/li>\n<li>appareils, installations et r\u00e9seaux avec une tension assign\u00e9e sup\u00e9rieure \u00e0 1 kV<\/li>\n<li>groupes \u00e9lectrog\u00e8nes d&#039;une puissance sup\u00e9rieure \u00e0 50 kW<\/li>\n<li>appareils \u00e9lectrothermiques<\/li>\n<li>\u00e9quipement d&#039;\u00e9lectrolyse<\/li>\n<li>r\u00e9seaux d&#039;\u00e9clairage public \u00e9lectrique<\/li>\n<li>r\u00e9seau de traction \u00e9lectrique<\/li>\n<li>mat\u00e9riel \u00e9lectrique antid\u00e9flagrant<\/li>\n<li>appareils de contr\u00f4le et de mesure ainsi que dispositifs et installations de r\u00e9gulation, de contr\u00f4le et de protection automatiques des dispositifs et installations mentionn\u00e9s ci-dessus<\/li>\n<\/ul>\n<p>Le cours de formation G1 contient les informations compl\u00e8tes n\u00e9cessaires pour passer les examens devant les comit\u00e9s de certification suivants\u00a0: SEP (Association des ing\u00e9nieurs \u00e9lectriciens polonais), Association polonaise de l&#039;installation \u00e9lectrique (PSE), Association des ing\u00e9nieurs et techniciens de l&#039;industrie alimentaire (SITPS ou SITSpo\u017c), Association des ing\u00e9nieurs polonais Ing\u00e9nieurs M\u00e9caniciens (SIMP).<\/p>\n<h2 class=\"naglowekh2\">But de la formation<\/h2>\n<p>Apr\u00e8s avoir suivi la formation G1 et r\u00e9ussi l&#039;examen, le participant re\u00e7oit un certificat de qualification lui donnant droit \u00e0 l&#039;entretien, la maintenance, la r\u00e9paration, l&#039;installation au poste d&#039;exploitation, conform\u00e9ment \u00e0 l&#039;ordonnance du ministre de l&#039;\u00e9conomie, du travail et de la politique sociale du 28 avril 2003 sur les r\u00e8gles d\u00e9taill\u00e9es de confirmation des qualifications des personnes charg\u00e9es de l&#039;exploitation d&#039;appareils, d&#039;installations et de r\u00e9seaux (Journal officiel n\u00b0 89 point 828\u00a0; Journal officiel n\u00b0 192 point 1184).<\/p>\n<p><a href=\"https:\/\/kursy-udt.pl\/fr\/kontakt\/\">Nous vous invitons cordialement \u00e0 profiter de notre offre<\/a>!<\/p>\n<div class=\"button_styl\" style=\"float: right; padding-left: 15px; padding-bottom: 8px; margin-bottom: 5px;\"><a class=\"myButton myButton_maly\" href=\"https:\/\/platformaedukacji.pl\/login\/signup.php\" target=\"_blank\" rel=\"nofollow noopener noreferrer\"><span style=\"color: white;\">Inscrivez-vous \u00e0 la formation<\/span><\/a><\/div>\n<div style=\"padding-top: 70px;\">\n<h2>Plus d&#039;information:<\/h2>\n<div style=\"text-align: center; font-size: 85%; line-height: 120%;\">\n<div style=\"float: left; margin-right: 40px; height: 290px;\">\n<p><a href=\"\/fr\/entrainement\/autorisations-sep-jusqua-1kv\/g1\/\"><img decoding=\"async\" style=\"width: 300px; height: 225px;\" src=\"\/wp-content\/uploads\/2017\/12\/SEP_2016-1030x687.jpg\" alt=\"\" \/><\/a><\/p>\n<div style=\"width: 300px; font-size: 130%;\"><strong>G1 (\u00e9lectrique)<\/strong><\/div>\n<p>&nbsp;<\/p>\n<\/div>\n<div style=\"float: left; margin-right: 40px; height: 290px;\">\n<p><a href=\"\/fr\/entrainement\/autorisations-sep-jusqua-1kv\/g2\/\"><img decoding=\"async\" style=\"width: 300px; height: 225px;\" src=\"\/wp-content\/uploads\/2017\/12\/31.jpg\" alt=\"\" \/><\/a><\/p>\n<div style=\"width: 300px; font-size: 130%;\"><strong>G2 (thermique)<\/strong><\/div>\n<p>&nbsp;<\/p>\n<\/div>\n<\/div>\n<div style=\"clear: both;\"><\/div>\n<div style=\"text-align: center; font-size: 85%; line-height: 120%;\">\n<div style=\"float: left; margin-right: 40px; height: 290px;\">\n<p><a href=\"\/fr\/entrainement\/autorisations-sep-jusqua-1kv\/g3\/\"><img decoding=\"async\" style=\"width: 300px; height: 225px;\" src=\"\/wp-content\/uploads\/2017\/12\/SEP_G3_2-495x400-1.jpg\" alt=\"\" \/><\/a><\/p>\n<div style=\"width: 300px; font-size: 130%;\"><strong><a href=\"https:\/\/kursy-udt.pl\/fr\/szkolenia\/sep-uprawnienia-do-1kv\/g3\/\">G3<\/a> (gaz)<\/strong><\/div>\n<p>&nbsp;<\/p>\n<\/div>\n<div style=\"float: left; margin-right: 40px; height: 290px;\">\n<p><a href=\"\/fr\/entrainement\/autorisations-sep-jusqua-1kv\/examen-sep\/\"><img decoding=\"async\" style=\"width: 300px; height: 225px;\" src=\"\/wp-content\/uploads\/2017\/12\/4-warsztaty.jpg\" alt=\"\" \/><\/a><\/p>\n<div style=\"width: 300px; font-size: 130%;\"><strong>Examens G1, G2, G3, PSE, SIMP, SITPS<\/strong><\/div>\n<p>&nbsp;<\/p>\n<\/div>\n<\/div>\n<div style=\"text-align: center; font-size: 85%; line-height: 120%;\">\n<div style=\"float: left; margin-right: 40px; height: 290px;\">\n<p><a href=\"\/fr\/entrainement\/autorisations-sep-jusqua-1kv\/duree-de-validite-des-autorisations-sep\/\"><img decoding=\"async\" style=\"width: 300px; height: 225px;\" src=\"\/wp-content\/uploads\/2017\/12\/g3-4.jpg\" alt=\"\" \/><\/a><\/p>\n<div style=\"width: 300px; font-size: 130%;\"><strong><a href=\"https:\/\/kursy-udt.pl\/fr\/uprawnienia-udt\/kategorie-uprawnien-2\/\">Droits<\/a> G1, G2, G3<\/strong><\/div>\n<div><\/div>\n<p>&nbsp;<\/p>\n<\/div>\n<\/div>\n<div style=\"text-align: center; font-size: 85%; line-height: 120%;\">\n<div style=\"float: left; margin-right: 40px; height: 290px;\">\n<p>&nbsp;<\/p>\n<\/div>\n<\/div>\n<\/div>\n<p>&nbsp;<\/p>\n<p>&nbsp;<\/p>\n<p>&nbsp;<\/p>\n<p>&nbsp;<\/p>\n<p>&nbsp;<\/p>\n<p>&nbsp;<\/p>\n<p>&nbsp;<\/p>\n<p>&nbsp;<\/p>\n<p>&nbsp;<\/p>\n<p>&nbsp;<\/p>\n<p>&nbsp;<\/p>\n<p>&nbsp;<\/p>\n<p>&nbsp;<\/p>\n<p>&nbsp;<\/p>\n<p>&nbsp;<\/p>\n<p><a href=\"https:\/\/kursy-udt.pl\/wp-content\/uploads\/2023\/01\/4-kurs-G1-elektroenergetyka-kursy-udt.pl_.png\"><img loading=\"lazy\" decoding=\"async\" class=\"aligncenter wp-image-4611\" src=\"https:\/\/kursy-udt.pl\/wp-content\/uploads\/2023\/01\/4-kurs-G1-elektroenergetyka-kursy-udt.pl_-300x188.png\" alt=\"\" width=\"750\" height=\"469\" srcset=\"https:\/\/kursy-udt.pl\/wp-content\/uploads\/2023\/01\/4-kurs-G1-elektroenergetyka-kursy-udt.pl_-300x188.png 300w, https:\/\/kursy-udt.pl\/wp-content\/uploads\/2023\/01\/4-kurs-G1-elektroenergetyka-kursy-udt.pl_-1024x640.png 1024w, https:\/\/kursy-udt.pl\/wp-content\/uploads\/2023\/01\/4-kurs-G1-elektroenergetyka-kursy-udt.pl_-768x480.png 768w, https:\/\/kursy-udt.pl\/wp-content\/uploads\/2023\/01\/4-kurs-G1-elektroenergetyka-kursy-udt.pl_-18x12.png 18w, https:\/\/kursy-udt.pl\/wp-content\/uploads\/2023\/01\/4-kurs-G1-elektroenergetyka-kursy-udt.pl_-624x390.png 624w, https:\/\/kursy-udt.pl\/wp-content\/uploads\/2023\/01\/4-kurs-G1-elektroenergetyka-kursy-udt.pl_.png 1200w\" sizes=\"auto, (max-width: 750px) 100vw, 750px\" \/><\/a><\/p>","protected":false},"excerpt":{"rendered":"<p>Kurs G1 Szkolenie elektryczne G1 \u2013 urz\u0105dzenia, instalacje i sieci energetyczne przeznaczone jest dla os\u00f3b chc\u0105cych uzyska\u0107 kwalifikacje do pracy przy dozorze i eksploatacji sieci, instalacji i urz\u0105dze\u0144 elektroenergetycznych zaliczanych do kategorii G1. W naszym O\u015brodku ERGON zapewniamy kompleksowe i profesjonalne przygotowanie dla naszych kursant\u00f3w. Dysponujemy nowoczesnym zapleczem szkoleniowym, zatrudniamy wykwalifikowanych instruktor\u00f3w i gwarantujemy obs\u0142ug\u0119 na najwy\u017cszym poziomie. Kurs G1 przygotowuj\u0105 uczestnik\u00f3w do zdania egzaminu przed komisjami SEP, PSE, SIMP, SITPS skierowany jest do os\u00f3b zajmuj\u0105cych si\u0119 eksploatacj\u0105 urz\u0105dze\u0144, instalacji i sieci energetycznych wytwarzaj\u0105cych, przetwarzaj\u0105cych, przesy\u0142aj\u0105cych i zu\u017cywaj\u0105cych energi\u0119 elektryczn\u0105 obejmuj\u0105cy nast\u0119puj\u0105ce urz\u0105dzenia, instalacje i sieci: urz\u0105dzenia pr\u0105dotw\u00f3rcze przy\u0142\u0105czone do krajowej sieci elektroenergetycznej bez wzgl\u0119du na wysoko\u015b\u0107 napi\u0119cia znamionowego urz\u0105dzenia, instalacje i sieci elektroenergetyczne o napi\u0119ciu nie wy\u017cszym ni\u017c 1 kV urz\u0105dzenia, instalacje i sieci o napi\u0119ciu znamionowym powy\u017cej 1 kV zespo\u0142y pr\u0105dotw\u00f3rcze o mocy powy\u017cej 50 kW urz\u0105dzenia elektrotermiczne urz\u0105dzenia do elektrolizy sieci elektrycznego o\u015bwietlenia ulicznego elektryczna sie\u0107 trakcyjna elektryczne urz\u0105dzenia w wykonaniu przeciwwybuchowym aparatur\u0119 kontrolno-pomiarow\u0105 oraz urz\u0105dzenia i instalacje automatycznej regulacji, sterowania i zabezpiecze\u0144 urz\u0105dze\u0144 i instalacji wymienionych powy\u017cej Szkolenie G1 zawiera kompleksowe informacje niezb\u0119dne do podej\u015bcia do egzamin\u00f3w przed nast\u0119puj\u0105cymi komisjami certyfikuj\u0105cymi: SEP (Stowarzyszenie Elektryk\u00f3w Polskich), Polskie Stowarzyszenie Elektroinstalacyjne (PSE), Stowarzyszenie In\u017cynier\u00f3w i Technik\u00f3w Przemys\u0142u Spo\u017cywczego (SITPS lub SITSpo\u017c), Stowarzyszenie In\u017cynier\u00f3w Mechanik\u00f3w Polskich (SIMP). Cel szkolenia Po zako\u0144czeniu szkolenia G1 i pozytywnym zaliczeniu egzaminu uczestnik otrzymuje \u015bwiadectwo kwalifikacyjne uprawniaj\u0105ce do obs\u0142ugi, konserwacji, remontu, monta\u017cu na stanowisku eksploatacji, zgodnie z rozporz\u0105dzeniem Ministra Gospodarki, Pracy i Polityki Spo\u0142ecznej z 28 kwietnia 2003 roku w sprawie szczeg\u00f3\u0142owych zasad stwierdzenia posiadania kwalifikacji przez osoby zajmuj\u0105ce si\u0119 [&hellip;]<\/p>\n","protected":false},"author":1,"featured_media":3437,"parent":2411,"menu_order":0,"comment_status":"closed","ping_status":"closed","template":"","meta":{"sfsi_plus_gutenberg_text_before_share":"","sfsi_plus_gutenberg_show_text_before_share":"","sfsi_plus_gutenberg_icon_type":"","sfsi_plus_gutenberg_icon_alignemt":"","sfsi_plus_gutenburg_max_per_row":"","footnotes":""},"class_list":["post-2413","page","type-page","status-publish","has-post-thumbnail","hentry","has_thumb"],"aioseo_notices":[],"_links":{"self":[{"href":"https:\/\/kursy-udt.pl\/fr\/wp-json\/wp\/v2\/pages\/2413","targetHints":{"allow":["GET"]}}],"collection":[{"href":"https:\/\/kursy-udt.pl\/fr\/wp-json\/wp\/v2\/pages"}],"about":[{"href":"https:\/\/kursy-udt.pl\/fr\/wp-json\/wp\/v2\/types\/page"}],"author":[{"embeddable":true,"href":"https:\/\/kursy-udt.pl\/fr\/wp-json\/wp\/v2\/users\/1"}],"replies":[{"embeddable":true,"href":"https:\/\/kursy-udt.pl\/fr\/wp-json\/wp\/v2\/comments?post=2413"}],"version-history":[{"count":15,"href":"https:\/\/kursy-udt.pl\/fr\/wp-json\/wp\/v2\/pages\/2413\/revisions"}],"predecessor-version":[{"id":4612,"href":"https:\/\/kursy-udt.pl\/fr\/wp-json\/wp\/v2\/pages\/2413\/revisions\/4612"}],"up":[{"embeddable":true,"href":"https:\/\/kursy-udt.pl\/fr\/wp-json\/wp\/v2\/pages\/2411"}],"wp:featuredmedia":[{"embeddable":true,"href":"https:\/\/kursy-udt.pl\/fr\/wp-json\/wp\/v2\/media\/3437"}],"wp:attachment":[{"href":"https:\/\/kursy-udt.pl\/fr\/wp-json\/wp\/v2\/media?parent=2413"}],"curies":[{"name":"wp","href":"https:\/\/api.w.org\/{rel}","templated":true}]}}