{"id":2411,"date":"2017-12-06T15:25:48","date_gmt":"2017-12-06T15:25:48","guid":{"rendered":"http:\/\/kursy-udt.pl\/?page_id=2411"},"modified":"2022-06-15T10:19:25","modified_gmt":"2022-06-15T10:19:25","slug":"autorisations-sep-jusqua-1kv","status":"publish","type":"page","link":"https:\/\/kursy-udt.pl\/fr\/szkolenia\/sep-uprawnienia-do-1kv\/","title":{"rendered":"Formations 1kV, G1, G2, G3"},"content":{"rendered":"<h2 class=\"naglowekh2\"><a href=\"https:\/\/kursy-udt.pl\/wp-content\/uploads\/2022\/06\/1584347646_32535235.jpg\"><img loading=\"lazy\" decoding=\"async\" class=\"aligncenter wp-image-3848 size-full\" src=\"https:\/\/kursy-udt.pl\/wp-content\/uploads\/2022\/06\/1584347646_32535235.jpg\" alt=\"\" width=\"726\" height=\"305\" srcset=\"https:\/\/kursy-udt.pl\/wp-content\/uploads\/2022\/06\/1584347646_32535235.jpg 726w, https:\/\/kursy-udt.pl\/wp-content\/uploads\/2022\/06\/1584347646_32535235-300x126.jpg 300w, https:\/\/kursy-udt.pl\/wp-content\/uploads\/2022\/06\/1584347646_32535235-624x262.jpg 624w\" sizes=\"auto, (max-width: 726px) 100vw, 726px\" \/><\/a>Cours pour les allocations jusqu&#039;\u00e0 1 kV - G1, G2, G3<\/h2>\n<p>Le Centre de formation ERGON Card vous invite \u00e0 un cours qui s&#039;adresse aux personnes qui souhaitent se pr\u00e9parer \u00e0 passer l&#039;examen devant les commissions SEP, PSE, SIMP et SITPS. Nous fournissons un service professionnel et complet. Nous avons de nombreuses ann\u00e9es d&#039;exp\u00e9rience dans la mise en place de cours qui vous permettent de passer l&#039;examen \u00e0 <a href=\"https:\/\/kursy-udt.pl\/fr\/uprawnienia-udt\/kategorie-uprawnien-2\/\">droits<\/a> dans les cat\u00e9gories <a href=\"https:\/\/kursy-udt.pl\/fr\/szkolenia\/sep-uprawnienia-do-1kv\/g1\/\">G1<\/a>, G2 et <a href=\"https:\/\/kursy-udt.pl\/fr\/szkolenia\/sep-uprawnienia-do-1kv\/g3\/\">G3<\/a> pour travailler avec divers r\u00e9seaux, installations et appareils, ainsi qu&#039;organis\u00e9 par PSE, SIMP, SITPS.<\/p>\n<p>Nos cours de formation pr\u00e9parent les participants \u00e0 passer les examens devant les comit\u00e9s SEP, PSE, SIMP, SITPS et sont con\u00e7us pour combiner les connaissances th\u00e9oriques et la pratique sous forme d'exercices actifs. Chaque cours comprend des informations d\u00e9taill\u00e9es sur les fonctions de l'employ\u00e9, la r\u00e9glementation, les exigences, etc. <a href=\"https:\/\/kursy-udt.pl\/fr\/szkolenia\/bhp-bezpieczenstwo-pracy\/prawna-ochrona-pracy\/\">Sant\u00e9 et s\u00e9curit\u00e9<\/a>. A la fin du cours, les participants sont professionnellement pr\u00e9par\u00e9s \u00e0 passer l'examen devant les commissions de certification.<\/p>\n<h2 class=\"naglowekh2\">Types d&#039;autorisations\u00a0:<\/h2>\n<ul>\n<li>G1 - r\u00e9seaux \u00e9lectriques, installations et dispositifs qui g\u00e9n\u00e8rent, traitent et consomment de l&#039;\u00e9lectricit\u00e9<\/li>\n<li>G2 - r\u00e9seaux, installations et appareils g\u00e9n\u00e9rant, traitant, transmettant et consommant de la chaleur<\/li>\n<li>G3 - r\u00e9seaux, installations et dispositifs gaziers produisant, traitant, acheminant, stockant et consommant des combustibles gazeux<\/li>\n<\/ul>\n<p>Le cours que nous organisons vous pr\u00e9pare \u00e0 passer des examens devant les comit\u00e9s de certification suivants\u00a0: SEP (Association des ing\u00e9nieurs \u00e9lectriciens polonais), Association polonaise de l&#039;installation \u00e9lectrique (PSE), Association des ing\u00e9nieurs et techniciens de l&#039;industrie alimentaire (SITPS ou SITSpo\u017c), Association des ing\u00e9nieurs polonais en m\u00e9canique (IDOL\u00c2TRER).<\/p>\n<h2 class=\"naglowekh2\">But de la formation<\/h2>\n<p>Les personnes poss\u00e9dant les qualifications appropri\u00e9es en construction \u00e9lectrique et celles qui travaillent avec d&#039;autres r\u00e9seaux, installations et appareils peuvent occuper un emploi dans une profession qui requiert de telles qualifications.<\/p>\n<p>Nous vous invitons \u00e0 prendre connaissance de notre offre pr\u00e9sent\u00e9e sur le site. Nous organisons des formations ouvertes et ferm\u00e9es au lieu et \u00e0 l&#039;heure indiqu\u00e9s par le client. Nous offrons la possibilit\u00e9 de n\u00e9gocier les prix. Si vous avez des questions suppl\u00e9mentaires, n&#039;h\u00e9sitez pas \u00e0 nous contacter.<\/p>\n<p>Nous vous invitons cordialement \u00e0 profiter de notre offre !<\/p>\n<div class=\"button_styl\" style=\"float: right; padding-left: 15px; padding-bottom: 8px; margin-bottom: 5px;\"><a class=\"myButton myButton_maly\" href=\"https:\/\/platformaedukacji.pl\/login\/signup.php\" target=\"_blank\" rel=\"nofollow noopener noreferrer\"><span style=\"color: white;\">Inscrivez-vous \u00e0 la formation<\/span><\/a><\/div>\n<div style=\"padding-top: 70px;\">\n<h2>Plus d&#039;information:<\/h2>\n<div style=\"text-align: center; font-size: 85%; line-height: 120%;\">\n<div style=\"float: left; margin-right: 40px; height: 290px;\">\n<p><a href=\"\/fr\/entrainement\/autorisations-sep-jusqua-1kv\/g1\/\"><img decoding=\"async\" style=\"width: 300px; height: 225px;\" src=\"\/wp-content\/uploads\/2017\/12\/SEP_2016-1030x687.jpg\" alt=\"\" \/><\/a><\/p>\n<div style=\"width: 300px; font-size: 130%;\"><strong>G1 (\u00e9lectrique)<\/strong><\/div>\n<p>&nbsp;<\/p>\n<\/div>\n<div style=\"float: left; margin-right: 40px; height: 290px;\">\n<p><a href=\"\/fr\/entrainement\/autorisations-sep-jusqua-1kv\/g2\/\"><img decoding=\"async\" style=\"width: 300px; height: 225px;\" src=\"\/wp-content\/uploads\/2017\/12\/31.jpg\" alt=\"\" \/><\/a><\/p>\n<div style=\"width: 300px; font-size: 130%;\"><strong>G2 (thermique)<\/strong><\/div>\n<p>&nbsp;<\/p>\n<\/div>\n<\/div>\n<div style=\"clear: both;\"><\/div>\n<div style=\"text-align: center; font-size: 85%; line-height: 120%;\">\n<div style=\"float: left; margin-right: 40px; height: 290px;\">\n<p><a href=\"\/fr\/entrainement\/autorisations-sep-jusqua-1kv\/g3\/\"><img decoding=\"async\" style=\"width: 300px; height: 225px;\" src=\"\/wp-content\/uploads\/2017\/12\/SEP_G3_2-495x400-1.jpg\" alt=\"\" \/><\/a><\/p>\n<div style=\"width: 300px; font-size: 130%;\"><strong>G3 (gaz)<\/strong><\/div>\n<p>&nbsp;<\/p>\n<\/div>\n<div style=\"float: left; margin-right: 40px; height: 290px;\">\n<p><a href=\"\/fr\/entrainement\/autorisations-sep-jusqua-1kv\/examen-sep\/\"><img decoding=\"async\" src=\"\/wp-content\/uploads\/2017\/12\/4-warsztaty.jpg\" alt=\"\" \/><\/a><\/p>\n<div style=\"width: 300px; font-size: 130%;\"><strong>Examens G1, G2, G3, PSE, SIMP, SITPS<\/strong><\/div>\n<p>&nbsp;<\/p>\n<\/div>\n<\/div>\n<div style=\"text-align: center; font-size: 85%; line-height: 120%;\">\n<div style=\"float: left; margin-right: 40px; height: 290px;\">\n<p><a href=\"\/fr\/entrainement\/autorisations-sep-jusqua-1kv\/duree-de-validite-des-autorisations-sep\/\"><img decoding=\"async\" style=\"width: 300px; height: 225px;\" src=\"\/wp-content\/uploads\/2017\/12\/g3-4.jpg\" alt=\"\" \/><\/a><\/p>\n<div style=\"width: 300px; font-size: 130%;\"><strong>Autorisations G1, G2, G3<\/strong><\/div>\n<p>&nbsp;<\/p>\n<\/div>\n<\/div>\n<div style=\"text-align: center; font-size: 85%; line-height: 120%;\">\n<div style=\"float: left; margin-right: 40px; height: 290px;\">\n<div style=\"width: 300px; font-size: 130%;\"><\/div>\n<p>&nbsp;<\/p>\n<\/div>\n<\/div>\n<\/div>","protected":false},"excerpt":{"rendered":"<p>Kursy na uprawnienia do 1 kV \u2013 G1, G2, G3 O\u015brodek Doskonalenia Kard ERGON zaprasza na kurs, kt\u00f3ry skierowany jest do os\u00f3b chc\u0105cych przygotowa\u0107 si\u0119 do zdania egzaminu przed komisjami SEP, PSE, SIMP, SITPS. Zapewniamy profesjonaln\u0105 i kompleksow\u0105 obs\u0142ug\u0119. Posiadamy wieloletnie do\u015bwiadczenie w ramach realizacji zaj\u0119\u0107 pozwalaj\u0105cych na podej\u015bcie do egzaminu na uprawnienia w kategoriach G1, G2 oraz G3 do pracy z r\u00f3\u017cnymi sieciami, instalacjami i urz\u0105dzeniami, a tak\u017ce organizowanego przez PSE, SIMP, SITPS. Prowadzone przez nas szkolenia przygotowuj\u0105 uczestnik\u00f3w do zdania egzaminu przed komisjami SEP, PSE, SIMP, SITPS s\u0105 stworzone z naciskiem na po\u0142\u0105czenie wiedzy teoretycznej oraz praktyki w formie aktywizuj\u0105cych \u0107wicze\u0144. Ka\u017cdy kurs w\u0142\u0105cza dok\u0142adne informacje dotycz\u0105ce obowi\u0105zk\u00f3w pracownika, przepis\u00f3w, wymaga\u0144 BHP. Po zako\u0144czeniu zaj\u0119\u0107 uczestnicy s\u0105 profesjonalnie przygotowani do wzi\u0119cia udzia\u0142u w egzaminie przed komisjami certyfikuj\u0105cymi. Rodzaje uprawnie\u0144: G1 \u2013 sieci, instalacje i urz\u0105dzenia elektroenergetyczne wytwarzaj\u0105ce, przetwarzaj\u0105ce i zu\u017cywaj\u0105ce energi\u0119 elektryczn\u0105 G2 \u2013 sieci, instalacje i urz\u0105dzenia wytwarzaj\u0105ce, przetwarzaj\u0105ce, przesy\u0142aj\u0105ce i zu\u017cywaj\u0105ce ciep\u0142o G3 \u2013 sieci, instalacje i urz\u0105dzenia gazowe wytwarzaj\u0105ce, przetwarzaj\u0105ce, przesy\u0142aj\u0105ce, magazynuj\u0105ce i zu\u017cywaj\u0105ce paliwa gazowe Organizowany przez nas kurs przygotowuje do podej\u015bcia do egzamin\u00f3w przed nast\u0119puj\u0105cymi komisjami certyfikuj\u0105cymi: SEP (Stowarzyszenie Elektryk\u00f3w Polskich), Polskie Stowarzyszenie Elektroinstalacyjne (PSE), Stowarzyszenie In\u017cynier\u00f3w i Technik\u00f3w Przemys\u0142u Spo\u017cywczego (SITPS lub SITSpo\u017c), Stowarzyszenie In\u017cynier\u00f3w Mechanik\u00f3w Polskich (SIMP). Cel szkolenia Osoby posiadaj\u0105ce stosowne uprawnienia budowlane elektryczne oraz do pracy z innymi sieciami, instalacjami i urz\u0105dzeniami mog\u0105 podj\u0105\u0107 zatrudnienie w zawodzie wymagaj\u0105cym posiadania takich w\u0142a\u015bnie uprawnie\u0144. Zach\u0119camy do bli\u017cszego zapoznania si\u0119 z nasz\u0105 ofert\u0105 zaprezentowan\u0105 na stronie internetowej. Zajmujemy si\u0119 organizacj\u0105 szkole\u0144 otwartych i zamkni\u0119tych prowadzonych we wskazanym [&hellip;]<\/p>\n","protected":false},"author":1,"featured_media":0,"parent":65,"menu_order":0,"comment_status":"closed","ping_status":"closed","template":"","meta":{"sfsi_plus_gutenberg_text_before_share":"","sfsi_plus_gutenberg_show_text_before_share":"","sfsi_plus_gutenberg_icon_type":"","sfsi_plus_gutenberg_icon_alignemt":"","sfsi_plus_gutenburg_max_per_row":"","footnotes":""},"class_list":["post-2411","page","type-page","status-publish","hentry","has_thumb"],"aioseo_notices":[],"_links":{"self":[{"href":"https:\/\/kursy-udt.pl\/fr\/wp-json\/wp\/v2\/pages\/2411","targetHints":{"allow":["GET"]}}],"collection":[{"href":"https:\/\/kursy-udt.pl\/fr\/wp-json\/wp\/v2\/pages"}],"about":[{"href":"https:\/\/kursy-udt.pl\/fr\/wp-json\/wp\/v2\/types\/page"}],"author":[{"embeddable":true,"href":"https:\/\/kursy-udt.pl\/fr\/wp-json\/wp\/v2\/users\/1"}],"replies":[{"embeddable":true,"href":"https:\/\/kursy-udt.pl\/fr\/wp-json\/wp\/v2\/comments?post=2411"}],"version-history":[{"count":16,"href":"https:\/\/kursy-udt.pl\/fr\/wp-json\/wp\/v2\/pages\/2411\/revisions"}],"predecessor-version":[{"id":3849,"href":"https:\/\/kursy-udt.pl\/fr\/wp-json\/wp\/v2\/pages\/2411\/revisions\/3849"}],"up":[{"embeddable":true,"href":"https:\/\/kursy-udt.pl\/fr\/wp-json\/wp\/v2\/pages\/65"}],"wp:attachment":[{"href":"https:\/\/kursy-udt.pl\/fr\/wp-json\/wp\/v2\/media?parent=2411"}],"curies":[{"name":"wp","href":"https:\/\/api.w.org\/{rel}","templated":true}]}}