{"id":2370,"date":"2017-09-12T17:33:03","date_gmt":"2017-09-12T17:33:03","guid":{"rendered":"http:\/\/kursy-udt.pl\/?page_id=2370"},"modified":"2022-09-16T07:54:43","modified_gmt":"2022-09-16T07:54:43","slug":"le-travail-sur-les-mats","status":"publish","type":"page","link":"https:\/\/kursy-udt.pl\/fr\/szkolenia\/wysokosciowe-na-uprawnienia-alpinistyczne\/praca-na-slupach-masztach\/","title":{"rendered":"Travaux sur poteaux, m\u00e2ts, structures de tours, chemin\u00e9es, structures de b\u00e2timents sans plafonds"},"content":{"rendered":"<p><img loading=\"lazy\" decoding=\"async\" class=\"paddingleft10 alignleft wp-image-2400\" src=\"https:\/\/kursy-udt.pl\/wp-content\/uploads\/2017\/11\/praca-na-kominach-zdjecie_m.jpeg\" alt=\"\" width=\"200\" height=\"150\" \/>Le travail en hauteur le plus dangereux comprend le travail sur des poteaux, des m\u00e2ts, des structures de tour, des chemin\u00e9es, des structures de b\u00e2timent sans plafond et, en outre, sur des galeries, des plates-formes, des paliers et d'autres \u00e9l\u00e9vations lorsque la nature du travail exige que le travailleur se penche au-del\u00e0 de la balustrade ou du contour de l'\u00e9quipement sur lequel il se tient, ou qu'il adopte tout autre type de position forc\u00e9e du corps qui pr\u00e9sente un risque de chute.<\/p>\n<div class=\"wyjustuj\">\n<p>Le travail en hauteur n\u00e9cessite une pr\u00e9paration ad\u00e9quate. Le travailleur doit avoir subi <a href=\"https:\/\/kursy-udt.pl\/fr\/szkolenia\/wysokosciowe-na-uprawnienia-alpinistyczne\/\">cours d&#039;altitude<\/a>ce qui lui donnera le <a href=\"https:\/\/kursy-udt.pl\/fr\/uprawnienia-udt\/kategorie-uprawnien-2\/\">droits<\/a> pour le travail en hauteur. Il existe deux types de cours en hauteur : l'acc\u00e8s par corde et l'acc\u00e8s par construction. Il est \u00e9galement important de se rappeler que les qualifications en hauteur doivent \u00eatre renouvel\u00e9es.<\/p>\n<h2><strong>\u00c9quipement de protection individuelle n\u00e9cessaire<\/strong><\/h2>\n<p>Lorsque vous travaillez sur les structures susmentionn\u00e9es, vous devez utiliser un \u00e9quipement personnel de protection contre les chutes. Les plus courants sont les harnais avec une ligne de s\u00e9curit\u00e9 attach\u00e9e aux parties fixes de la structure, ainsi que les harnais avec une ceinture abdominale, qui sont utilis\u00e9s pour le travail en appui, comme sur des m\u00e2ts ou des perches.<\/p>\n<p>Les travailleurs sont \u00e9galement tenus de porter des casques de s\u00e9curit\u00e9 adapt\u00e9s \u00e0 une utilisation en hauteur.<\/p>\n<div class=\"filmw\">\n<div class=\"responsive-youtube\" style=\"text-align: center;\"><iframe loading=\"lazy\" title=\"Lecteur vid\u00e9o YouTube\" src=\"https:\/\/www.youtube.com\/embed\/Lf4dfMhJft0\" width=\"560\" height=\"315\" frameborder=\"0\" allowfullscreen=\"allowfullscreen\"><\/iframe><\/div>\n<\/div>\n<h2><strong>R\u00e8gles avant le travail<\/strong><\/h2>\n<p>Les personnes travaillant sur des poteaux, des m\u00e2ts, des structures de tour, des chemin\u00e9es, des structures de b\u00e2timent sans plafond et o\u00f9 le travailleur doit se pencher ou prendre une position qui pr\u00e9sente un risque de chute doivent se souvenir de certains devoirs avant de commencer le travail.<\/p>\n<h3><strong>Avant de commencer le travail :<\/strong><\/h3>\n<ul>\n<li>v\u00e9rifier soigneusement l'\u00e9tat technique des structures et des \u00e9quipements qui seront utilis\u00e9s pour les travaux - une attention particuli\u00e8re doit \u00eatre accord\u00e9e \u00e0 leur r\u00e9sistance, leur stabilit\u00e9 et les charges pr\u00e9vues<\/li>\n<li>prendre soin de prot\u00e9ger les structures ou les \u00e9quipements contre les changements de position impr\u00e9vus<\/li>\n<li>v\u00e9rifier que les parties fixes de la structure ou les dispositifs d'accrochage des lignes de s\u00e9curit\u00e9 sont en bon \u00e9tat de fonctionnement<\/li>\n<\/ul>\n<p>Tous les travaux en hauteur doivent \u00e9galement \u00eatre correctement planifi\u00e9s. Dans l'exercice de ses fonctions, le travailleur ne doit pas oublier de respecter les r\u00e8gles suivantes <a href=\"https:\/\/kursy-udt.pl\/fr\/szkolenia\/bhp-bezpieczenstwo-pracy\/prawna-ochrona-pracy\/\">Sant\u00e9 et s\u00e9curit\u00e9<\/a>pour que le travail en hauteur soit totalement s\u00fbr.<\/p>\n<\/div>\n<h2>Plus d&#039;information:<\/h2>\n<div style=\"text-align: center; font-size: 85%; line-height: 120%;\">\n<div style=\"float: left; margin-right: 40px; height: 290px;\">\n<p><a href=\"\/fr\/entrainement\/qualifications-pour-lescalade-en-haute-montagne\/travail-en-hauteur-informations-de-base\/\"><img decoding=\"async\" src=\"\/wp-content\/uploads\/2017\/09\/szkolenie11.png\" alt=\"\" \/><\/a><\/p>\n<div style=\"width: 300px; font-size: 130%;\"><strong>Travail en hauteur - informations de base<\/strong><\/div>\n<p>&nbsp;<\/p>\n<\/div>\n<div style=\"float: left; margin-right: 40px; height: 290px;\">\n<p><a href=\"\/fr\/entrainement\/qualifications-pour-lescalade-en-haute-montagne\/causes-les-plus-courantes-des-chutes-de-hauteur\/\"><img decoding=\"async\" src=\"\/wp-content\/uploads\/2014\/08\/wypadek.jpg\" alt=\"\" \/><\/a><\/p>\n<div style=\"width: 300px; font-size: 130%;\"><strong>Les causes les plus fr\u00e9quentes de chutes de hauteur<\/strong><\/div>\n<p>&nbsp;<\/p>\n<\/div>\n<\/div>\n<div style=\"clear: both;\"><\/div>\n<div style=\"text-align: center; font-size: 85%; line-height: 120%;\">\n<div style=\"float: left; margin-right: 40px; height: 290px;\">\n<p><a href=\"\/fr\/entrainement\/qualifications-pour-lescalade-en-haute-montagne\/equipement-de-protection-individuelle-pour-le-travail-en-hauteur\/\"><img decoding=\"async\" src=\"\/wp-content\/uploads\/2017\/11\/bezpieczenstwo-pracy-na-wysokosci-srodki-ochronne.jpeg\" alt=\"travaux en hauteur \u00e0 Varsovie\" \/><\/a><\/p>\n<div style=\"width: 300px; font-size: 130%;\"><strong>\u00c9quipement de protection individuelle lors de travaux en hauteur<\/strong><\/div>\n<p>&nbsp;<\/p>\n<\/div>\n<div style=\"float: left; margin-right: 40px; height: 290px; padding-bottom: 50px;\">\n<p><a href=\"\/fr\/entrainement\/qualifications-pour-lescalade-en-haute-montagne\/praca-na-slupach-masztach-konstrukcjach-wiezowych-kominach-konstrukcjach-budowlanych-bez-stropow\/\"><img decoding=\"async\" src=\"\/wp-content\/uploads\/2017\/11\/praca-na-kominach-zdjecie.jpeg\" alt=\"un stage d&#039;alpinisme pr\u00e9parant au travail en hauteur\" \/><\/a><\/p>\n<div style=\"width: 300px; font-size: 130%;\"><strong>Travaux sur poteaux, m\u00e2ts, structures de tours, chemin\u00e9es, structures de b\u00e2timents sans plafonds<\/strong><\/div>\n<p>&nbsp;<\/p>\n<\/div>\n<\/div>\n<div style=\"float: left; margin-right: 40px; height: 290px;\">\n<div style=\"text-align: center; font-size: 85%; line-height: 120%;\">\n<p><a href=\"\/fr\/entrainement\/qualifications-pour-lescalade-en-haute-montagne\/\"><img decoding=\"async\" src=\"\/wp-content\/uploads\/2017\/09\/szkolenie11.png\" alt=\"un stage d&#039;alpinisme pr\u00e9parant au travail en hauteur\" \/><\/a><\/p>\n<div style=\"width: 300px; font-size: 130%;\"><strong>Parcours en altitude<\/strong><\/div>\n<p>&nbsp;<\/p>\n<\/div>\n<\/div>","protected":false},"excerpt":{"rendered":"<p>Do najniebezpieczniejszych prac na wysoko\u015bci zaliczaj\u0105 si\u0119 prace na s\u0142upach, masztach, konstrukcjach wie\u017cowych, kominach, konstrukcjach budowlanych bez strop\u00f3w, a ponadto na galeriach, pomostach, podestach i innych podwy\u017cszeniach, gdy rodzaj pracy wymaga od pracownika wychylenia si\u0119 poza balustrad\u0119 lub obrys urz\u0105dzenia, na kt\u00f3rym stoi, albo przyjmowania innego rodzaju wymuszonej pozycji cia\u0142a gro\u017c\u0105cej upadkiem z wysoko\u015bci. Praca na wysoko\u015bci wymaga odpowiedniego przygotowania. Pracownik powinien odby\u0107 kurs wysoko\u015bciowy, kt\u00f3ry nada mu odpowiednie uprawnienia do pracy na wysoko\u015bci. Istniej\u0105 dwa rodzaje kurs\u00f3w wysoko\u015bciowych \u2013 dost\u0119p linowy oraz dost\u0119p budowlany. Nale\u017cy te\u017c pami\u0119ta\u0107 o tym, \u017ce uprawnienia wysoko\u015bciowe powinny by\u0107 odnawiane. Niezb\u0119dne \u015brodki ochrony indywidualnej Podczas pracy na wy\u017cej wymienionych konstrukcjach nale\u017cy stosowa\u0107 \u015brodki ochrony indywidualnej zabezpieczaj\u0105ce przed upadkiem z wysoko\u015bci. Najcz\u0119\u015bciej s\u0105 to szelki bezpiecze\u0144stwa z link\u0105 bezpiecze\u0144stwa mocowan\u0105 do sta\u0142ych element\u00f3w konstrukcji, a tak\u017ce szelki z pasem biodrowym, kt\u00f3re u\u017cywane s\u0105 do pracy w podparciu, na przyk\u0142ad na masztach czy s\u0142upach. Pracownicy zobowi\u0105zani s\u0105 te\u017c do noszenia he\u0142m\u00f3w ochronnych przystosowanych do u\u017cywania na wysoko\u015bci. Zasady przed rozpocz\u0119ciem pracy Osoby wykonuj\u0105ce prac\u0119 na s\u0142upach, masztach, konstrukcjach wie\u017cowych, kominach, konstrukcjach budowlanych bez strop\u00f3w oraz tam, gdzie pracownik musi wychyla\u0107 si\u0119 czy przyjmowa\u0107 pozycj\u0119 gro\u017c\u0105c\u0105 upadkiem z wysoko\u015bci powinny pami\u0119ta\u0107 o okre\u015blonych obowi\u0105zkach przed rozpocz\u0119ciem pracy. Przed rozpocz\u0119ciem pracy nale\u017cy: dok\u0142adnie sprawdzi\u0107 stan techniczny konstrukcji oraz urz\u0105dze\u0144, kt\u00f3re maj\u0105 s\u0142u\u017cy\u0107 do wykonywania pracy \u2013 nale\u017cy zwr\u00f3ci\u0107 szczeg\u00f3ln\u0105 uwag\u0119 na ich wytrzyma\u0142o\u015b\u0107, stabilno\u015b\u0107 i przewidywane obci\u0105\u017cenie zwr\u00f3ci\u0107 uwag\u0119 na to, aby zabezpieczy\u0107 konstrukcje lub urz\u0105dzenia przed nieprzewidzian\u0105 zmian\u0105 po\u0142o\u017cenia zobaczy\u0107, czy stan techniczny element\u00f3w sta\u0142ych konstrukcji lub urz\u0105dze\u0144 do mocowania linek bezpiecze\u0144stwa [&hellip;]<\/p>\n","protected":false},"author":1,"featured_media":2399,"parent":2263,"menu_order":0,"comment_status":"closed","ping_status":"closed","template":"","meta":{"sfsi_plus_gutenberg_text_before_share":"","sfsi_plus_gutenberg_show_text_before_share":"","sfsi_plus_gutenberg_icon_type":"","sfsi_plus_gutenberg_icon_alignemt":"","sfsi_plus_gutenburg_max_per_row":"","footnotes":""},"class_list":["post-2370","page","type-page","status-publish","has-post-thumbnail","hentry","has_thumb"],"aioseo_notices":[],"_links":{"self":[{"href":"https:\/\/kursy-udt.pl\/fr\/wp-json\/wp\/v2\/pages\/2370","targetHints":{"allow":["GET"]}}],"collection":[{"href":"https:\/\/kursy-udt.pl\/fr\/wp-json\/wp\/v2\/pages"}],"about":[{"href":"https:\/\/kursy-udt.pl\/fr\/wp-json\/wp\/v2\/types\/page"}],"author":[{"embeddable":true,"href":"https:\/\/kursy-udt.pl\/fr\/wp-json\/wp\/v2\/users\/1"}],"replies":[{"embeddable":true,"href":"https:\/\/kursy-udt.pl\/fr\/wp-json\/wp\/v2\/comments?post=2370"}],"version-history":[{"count":11,"href":"https:\/\/kursy-udt.pl\/fr\/wp-json\/wp\/v2\/pages\/2370\/revisions"}],"predecessor-version":[{"id":4311,"href":"https:\/\/kursy-udt.pl\/fr\/wp-json\/wp\/v2\/pages\/2370\/revisions\/4311"}],"up":[{"embeddable":true,"href":"https:\/\/kursy-udt.pl\/fr\/wp-json\/wp\/v2\/pages\/2263"}],"wp:featuredmedia":[{"embeddable":true,"href":"https:\/\/kursy-udt.pl\/fr\/wp-json\/wp\/v2\/media\/2399"}],"wp:attachment":[{"href":"https:\/\/kursy-udt.pl\/fr\/wp-json\/wp\/v2\/media?parent=2370"}],"curies":[{"name":"wp","href":"https:\/\/api.w.org\/{rel}","templated":true}]}}