{"id":2365,"date":"2017-09-12T17:27:31","date_gmt":"2017-09-12T17:27:31","guid":{"rendered":"http:\/\/kursy-udt.pl\/?page_id=2365"},"modified":"2022-09-16T07:54:06","modified_gmt":"2022-09-16T07:54:06","slug":"equipement-de-protection-individuelle-pour-le-travail-en-hauteur","status":"publish","type":"page","link":"https:\/\/kursy-udt.pl\/fr\/szkolenia\/wysokosciowe-na-uprawnienia-alpinistyczne\/srodki-ochrony-indywidualnej-podczas-prac-na-wysokosci\/","title":{"rendered":"\u00c9quipement de protection individuelle lors de travaux en hauteur"},"content":{"rendered":"<div style=\"float: left; padding-right: 10px;\"><img decoding=\"async\" src=\"\/wp-content\/uploads\/2017\/11\/bezpieczenstwo-pracy-na-wysokosci-srodki-ochronne_m.jpeg\" alt=\"\" \/><\/div>\n<div class=\"wyjustuj\">Lors de travaux en hauteur, il est n\u00e9cessaire d&#039;utiliser un \u00e9quipement de protection individuelle appropri\u00e9 qui prot\u00e8ge l&#039;employ\u00e9 contre les chutes. Ils sont s\u00e9lectionn\u00e9s individuellement en fonction du type et des conditions de travail en hauteur.<br \/>\nToute personne qui quitte <a href=\"https:\/\/kursy-udt.pl\/fr\/szkolenia\/wysokosciowe-na-uprawnienia-alpinistyczne\/\">cours d&#039;altitude<\/a>contient des informations sur les \u00e9quipements de protection individuelle qui doivent \u00eatre utilis\u00e9s. L'employeur est tenu de fournir gratuitement \u00e0 ses employ\u00e9s l'EPI correct. Il doit \u00e9galement les informer sur la mani\u00e8re de les utiliser.Le travail en hauteur en toute s\u00e9curit\u00e9 n\u00e9cessite l'utilisation d'un \u00e9quipement sp\u00e9cialement s\u00e9lectionn\u00e9, en bon \u00e9tat et r\u00e9guli\u00e8rement contr\u00f4l\u00e9. Diff\u00e9rentes seront utilis\u00e9es par un grimpeur industriel, tandis que d'autres seront utilis\u00e9es par un ouvrier posant des toitures.<\/p>\n<div class=\"filmw\">\n<div class=\"responsive-youtube\" style=\"text-align: center;\"><iframe loading=\"lazy\" title=\"Lecteur vid\u00e9o YouTube\" src=\"https:\/\/www.youtube.com\/embed\/Lf4dfMhJft0\" width=\"560\" height=\"315\" frameborder=\"0\" allowfullscreen=\"allowfullscreen\"><\/iframe><\/div>\n<\/div>\n<p><strong>Les composants les plus courants des syst\u00e8mes de protection sont les cordes et les rubans textiles utilis\u00e9s dans :<\/strong><\/p>\n<ul>\n<li>harnais, y compris les harnais de s\u00e9curit\u00e9 et les ceintures sous-abdominales<\/li>\n<li>lignes de s\u00e9curit\u00e9<\/li>\n<li>amortisseurs<\/li>\n<li>dispositifs antichute<\/li>\n<li>dispositifs autobloquants<\/li>\n<li>crochets de sangle<\/li>\n<li>et autres moyens de protection contre les chutes de hauteur<\/li>\n<\/ul>\n<p>Cependant, il convient de garder \u00e0 l&#039;esprit que les \u00e9l\u00e9ments textiles sont sensibles aux dommages m\u00e9caniques dus aux mat\u00e9riaux utilis\u00e9s et \u00e0 leur structure. Par cons\u00e9quent, les personnes effectuant de l&#039;alpinisme et d&#039;autres travaux en hauteur doivent porter une attention particuli\u00e8re \u00e0 leur utilisation correcte et \u00e0 la v\u00e9rification de leur \u00e9tat technique.<\/p>\n<p>Tout employ\u00e9 qui poss\u00e8de <a href=\"https:\/\/kursy-udt.pl\/fr\/uprawnienia-udt\/kategorie-uprawnien-2\/\">droits<\/a> Lors de travaux en hauteur, pensez \u00e0 lire attentivement les notices d&#039;utilisation du mat\u00e9riel, renseignez-vous sur les risques li\u00e9s \u00e0 la d\u00e9t\u00e9rioration des \u00e9l\u00e9ments utilis\u00e9s lors de travaux en hauteur, pensez \u00e0 les v\u00e9rifier r\u00e9guli\u00e8rement avant chaque utilisation. Les \u00e9quipements de protection individuelle doivent \u00e9galement \u00eatre certifi\u00e9s.<\/p>\n<\/div>\n<h2>Plus d&#039;information:<\/h2>\n<div style=\"text-align: center; font-size: 85%; line-height: 120%;\">\n<div style=\"float: left; margin-right: 40px; height: 290px;\">\n<p><a href=\"\/fr\/entrainement\/qualifications-pour-lescalade-en-haute-montagne\/travail-en-hauteur-informations-de-base\/\"><img decoding=\"async\" src=\"\/wp-content\/uploads\/2017\/09\/szkolenie11.png\" alt=\"\" \/><\/a><\/p>\n<div style=\"width: 300px; font-size: 130%;\"><strong>Travail en hauteur - informations de base<\/strong><\/div>\n<p>&nbsp;<\/p>\n<\/div>\n<div style=\"float: left; margin-right: 40px; height: 290px;\">\n<p><a href=\"\/fr\/entrainement\/qualifications-pour-lescalade-en-haute-montagne\/causes-les-plus-courantes-des-chutes-de-hauteur\/\"><img decoding=\"async\" src=\"\/wp-content\/uploads\/2014\/08\/wypadek.jpg\" alt=\"\" \/><\/a><\/p>\n<div style=\"width: 300px; font-size: 130%;\"><strong>Les causes les plus fr\u00e9quentes de chutes de hauteur<\/strong><\/div>\n<p>&nbsp;<\/p>\n<\/div>\n<\/div>\n<div style=\"clear: both;\"><\/div>\n<div style=\"text-align: center; font-size: 85%; line-height: 120%;\">\n<div style=\"float: left; margin-right: 40px; height: 290px;\">\n<p><a href=\"\/fr\/entrainement\/qualifications-pour-lescalade-en-haute-montagne\/equipement-de-protection-individuelle-pour-le-travail-en-hauteur\/\"><img decoding=\"async\" src=\"\/wp-content\/uploads\/2017\/11\/bezpieczenstwo-pracy-na-wysokosci-srodki-ochronne.jpeg\" alt=\"travaux en hauteur \u00e0 Varsovie\" \/><\/a><\/p>\n<div style=\"width: 300px; font-size: 130%;\"><strong>\u00c9quipement de protection individuelle lors de travaux en hauteur<\/strong><\/div>\n<p>&nbsp;<\/p>\n<\/div>\n<div style=\"float: left; margin-right: 40px; height: 290px; padding-bottom: 50px;\">\n<p><a href=\"\/fr\/entrainement\/qualifications-pour-lescalade-en-haute-montagne\/le-travail-sur-les-mats\/\"><img decoding=\"async\" src=\"\/wp-content\/uploads\/2017\/11\/praca-na-kominach-zdjecie.jpeg\" alt=\"un stage d&#039;alpinisme pr\u00e9parant au travail en hauteur\" \/><\/a><\/p>\n<div style=\"width: 300px; font-size: 130%;\"><strong>Travaux sur poteaux, m\u00e2ts, structures de tours, chemin\u00e9es, structures de b\u00e2timents sans plafonds<\/strong><\/div>\n<p>&nbsp;<\/p>\n<\/div>\n<\/div>\n<div style=\"float: left; margin-right: 40px; height: 290px;\">\n<div style=\"text-align: center; font-size: 85%; line-height: 120%;\">\n<p><a href=\"\/fr\/entrainement\/qualifications-pour-lescalade-en-haute-montagne\/\"><img decoding=\"async\" src=\"\/wp-content\/uploads\/2017\/09\/szkolenie11.png\" alt=\"un stage d&#039;alpinisme pr\u00e9parant au travail en hauteur\" \/><\/a><\/p>\n<div style=\"width: 300px; font-size: 130%;\"><strong>Parcours en altitude<\/strong><\/div>\n<p>&nbsp;<\/p>\n<\/div>\n<\/div>","protected":false},"excerpt":{"rendered":"<p>Podczas prac na wysoko\u015bci konieczne jest stosowanie odpowiednich \u015brodk\u00f3w ochrony indywidualnej, kt\u00f3re zabezpieczaj\u0105 pracownika przed upadkami. S\u0105 one dobierane indywidualnie w zale\u017cno\u015bci od rodzaju oraz warunk\u00f3w wykonywanej pracy na wysoko\u015bci. Ka\u017cda osoba, kt\u00f3ra zako\u0144czy kurs wysoko\u015bciowy, posiada informacje o tym, jakie \u015brodki ochrony indywidualne musz\u0105 by\u0107 stosowane. Pracodawca ma obowi\u0105zek dostarczy\u0107 swoim pracownikom nieodp\u0142atnie w\u0142a\u015bciwe \u015brodki ochrony indywidualnej. Powinien r\u00f3wnie\u017c poinformowa\u0107 ich o sposobach ich u\u017cywania.Bezpieczna praca na wysoko\u015bci wymaga stosowania \u015brodk\u00f3w specjalnie dobranych, w odpowiednim stanie, regularnie sprawdzanych. Inne z nich b\u0119dzie stosowa\u0142 alpinista przemys\u0142owy, inne z kolei pracownik k\u0142ad\u0105cy zadaszenie. Do najcz\u0119\u015bciej spotykanych sk\u0142adnik\u00f3w system\u00f3w ochronnych nale\u017c\u0105 liny i ta\u015bmy w\u0142\u00f3kiennicze wykorzystywane w: uprz\u0119\u017cach, w tym szelkach bezpiecze\u0144stwa i pasach biodrowych linkach bezpiecze\u0144stwa amortyzatorach urz\u0105dzeniach samozaciskowych urz\u0105dzeniach samohamownych zaczepach ta\u015bmowych i innych \u015brodkach chroni\u0105cych przed upadkiem z wysoko\u015bci Nale\u017cy jednak zdawa\u0107 sobie spraw\u0119 z tego, \u017ce elementy w\u0142\u00f3kiennicze s\u0105 wra\u017cliwe na uszkodzenia mechaniczne ze wzgl\u0119du na zastosowane materia\u0142y oraz ich struktur\u0119. W zwi\u0105zku z tym osoby wykonuj\u0105ce prace alpinistyczne i inne prace na wysoko\u015bci powinny zwraca\u0107 szczeg\u00f3ln\u0105 uwag\u0119 na ich poprawne u\u017cywanie i sprawdzanie stanu technicznego. Ka\u017cdy pracownik, kt\u00f3ry posiada uprawnienia do pracy na wysoko\u015bci powinien pami\u0119ta\u0107 o tym, aby dok\u0142adnie zapozna\u0107 si\u0119 z instrukcjami obs\u0142ugi sprz\u0119tu, pozna\u0107 zagro\u017cenia zwi\u0105zane z uszkodzeniami element\u00f3w stosowanych przy pracy na wysoko\u015bci, pami\u0119ta\u0107 o ich regularnym sprawdzaniu przed ka\u017cdym zastosowaniem. \u015arodki ochrony indywidualne powinny by\u0107 r\u00f3wnie\u017c atestowane. Wi\u0119cej informacji: Prace na wysoko\u015bci &#8211; podstawowe informacje &nbsp; Najcz\u0119stsze przyczyny upadk\u00f3w z wysoko\u015bci &nbsp; \u015arodki ochrony indywidualnej podczas prac na wysoko\u015bci &nbsp; Praca na s\u0142upach, masztach, konstrukcjach wie\u017cowych, kominach, [&hellip;]<\/p>\n","protected":false},"author":1,"featured_media":2394,"parent":2263,"menu_order":0,"comment_status":"closed","ping_status":"closed","template":"","meta":{"sfsi_plus_gutenberg_text_before_share":"","sfsi_plus_gutenberg_show_text_before_share":"","sfsi_plus_gutenberg_icon_type":"","sfsi_plus_gutenberg_icon_alignemt":"","sfsi_plus_gutenburg_max_per_row":"","footnotes":""},"class_list":["post-2365","page","type-page","status-publish","has-post-thumbnail","hentry","has_thumb"],"aioseo_notices":[],"_links":{"self":[{"href":"https:\/\/kursy-udt.pl\/fr\/wp-json\/wp\/v2\/pages\/2365","targetHints":{"allow":["GET"]}}],"collection":[{"href":"https:\/\/kursy-udt.pl\/fr\/wp-json\/wp\/v2\/pages"}],"about":[{"href":"https:\/\/kursy-udt.pl\/fr\/wp-json\/wp\/v2\/types\/page"}],"author":[{"embeddable":true,"href":"https:\/\/kursy-udt.pl\/fr\/wp-json\/wp\/v2\/users\/1"}],"replies":[{"embeddable":true,"href":"https:\/\/kursy-udt.pl\/fr\/wp-json\/wp\/v2\/comments?post=2365"}],"version-history":[{"count":12,"href":"https:\/\/kursy-udt.pl\/fr\/wp-json\/wp\/v2\/pages\/2365\/revisions"}],"predecessor-version":[{"id":4309,"href":"https:\/\/kursy-udt.pl\/fr\/wp-json\/wp\/v2\/pages\/2365\/revisions\/4309"}],"up":[{"embeddable":true,"href":"https:\/\/kursy-udt.pl\/fr\/wp-json\/wp\/v2\/pages\/2263"}],"wp:featuredmedia":[{"embeddable":true,"href":"https:\/\/kursy-udt.pl\/fr\/wp-json\/wp\/v2\/media\/2394"}],"wp:attachment":[{"href":"https:\/\/kursy-udt.pl\/fr\/wp-json\/wp\/v2\/media?parent=2365"}],"curies":[{"name":"wp","href":"https:\/\/api.w.org\/{rel}","templated":true}]}}