{"id":2359,"date":"2017-09-12T16:32:20","date_gmt":"2017-09-12T16:32:20","guid":{"rendered":"http:\/\/kursy-udt.pl\/?page_id=2359"},"modified":"2022-09-16T07:53:51","modified_gmt":"2022-09-16T07:53:51","slug":"causes-les-plus-courantes-des-chutes-de-hauteur","status":"publish","type":"page","link":"https:\/\/kursy-udt.pl\/fr\/szkolenia\/wysokosciowe-na-uprawnienia-alpinistyczne\/najczestsze-przyczyny-upadkow-z-wysokosci\/","title":{"rendered":"Les causes les plus fr\u00e9quentes de chutes de hauteur"},"content":{"rendered":"<div style=\"float: left; padding-right: 10px;\"><img decoding=\"async\" src=\"\/wp-content\/uploads\/2014\/08\/wypadek_m.jpg\" alt=\"\" \/><\/div>\n<div class=\"wyjustuj\">Les travailleurs exer\u00e7ant leurs fonctions en hauteur doivent \u00eatre particuli\u00e8rement prudents. Selon l'Office central des statistiques, les chutes de hauteur repr\u00e9sentent jusqu'\u00e0 30% de tous les accidents du travail en Pologne. Il incombe \u00e0 l'employeur et \u00e0 l'employ\u00e9 de prendre des pr\u00e9cautions particuli\u00e8res lors de travaux en hauteur.<br \/>\nPour qu'un travailleur soit en mesure d'effectuer des travaux en hauteur, il doit suivre la formation appropri\u00e9e. <a href=\"https:\/\/kursy-udt.pl\/fr\/szkolenia\/wysokosciowe-na-uprawnienia-alpinistyczne\/\">cours d&#039;altitude<\/a> enseigner les bases de l'ex\u00e9cution de t\u00e2ches en hauteur. Pour ce faire, il existe deux types de cours : l'acc\u00e8s par corde et l'acc\u00e8s par construction.Un travailleur correctement form\u00e9 avec un <a href=\"https:\/\/kursy-udt.pl\/fr\/uprawnienia-udt\/kategorie-uprawnien-2\/\">droits<\/a> pour travailler en hauteur doivent savoir comment se comporter lors de l'ex\u00e9cution de t\u00e2ches en hauteur. Un travail d'alpinisme inad\u00e9quat, une formation insuffisante ou incompl\u00e8te font partie des probl\u00e8mes graves \u00e0 l'origine des accidents en hauteur.<\/p>\n<div class=\"filmw\">\n<div class=\"responsive-youtube\" style=\"text-align: center;\"><iframe loading=\"lazy\" title=\"Lecteur vid\u00e9o YouTube\" src=\"https:\/\/www.youtube.com\/embed\/Lf4dfMhJft0\" width=\"560\" height=\"315\" frameborder=\"0\" allowfullscreen=\"allowfullscreen\"><\/iframe><\/div>\n<\/div>\n<p><strong>Les principales causes de chutes de hauteur sont les suivantes :<\/strong><\/p>\n<ul>\n<li>faible conscience des risques<\/li>\n<li>commencer un travail en hauteur sans planification ad\u00e9quate<\/li>\n<li>une communication inad\u00e9quate des risques aux travailleurs, ce qui inclut le fait de ne pas leur fournir des instructions et une formation appropri\u00e9es<\/li>\n<li>une surveillance insuffisante de l'ex\u00e9cution des travaux en hauteur<\/li>\n<li>travailler en hauteur sans \u00e9quipement de protection contre les chutes<\/li>\n<li>le d\u00e9faut d'utilisation ou l'utilisation incorrecte des \u00e9quipements de protection par les travailleurs<\/li>\n<\/ul>\n<p><strong>Les causes les plus courantes des accidents du travail li\u00e9s \u00e0 des chutes sont les suivantes :<\/strong><\/p>\n<ul>\n<li>comportement inappropri\u00e9 des employ\u00e9s au travail en raison de leur irresponsabilit\u00e9 ou d'un manque de formation sur les questions suivantes <a href=\"https:\/\/kursy-udt.pl\/fr\/szkolenia\/bhp-bezpieczenstwo-pracy\/prawna-ochrona-pracy\/\">Sant\u00e9 et s\u00e9curit\u00e9<\/a><\/li>\n<li>l'absence ou le mauvais \u00e9tat des dispositifs de protection<\/li>\n<li>organisation et coordination inad\u00e9quates des travaux<\/li>\n<li>la tol\u00e9rance des \u00e9carts par rapport aux r\u00e8gles de base par la supervision directe de la SST<\/li>\n<\/ul>\n<p>La base de l'absence d'accidents est donc un travail en hauteur bien planifi\u00e9 et s\u00fbr - les qualifications en hauteur sont tr\u00e8s importantes ici, mais la culture de travail ad\u00e9quate pour les employ\u00e9s est tout aussi importante.<\/p>\n<p>Il est \u00e9galement important de rappeler que les personnes travaillant en tant que grimpeur industriel ou ouvrier de la construction travaillant en hauteur doivent suivre des cours de recyclage qui les mettent \u00e0 jour sur les r\u00e9glementations et les techniques utilis\u00e9es lors des travaux en hauteur.<\/p>\n<\/div>\n<h2>Plus d&#039;information:<\/h2>\n<div style=\"text-align: center; font-size: 85%; line-height: 120%;\">\n<div style=\"float: left; margin-right: 40px; height: 290px;\">\n<p><a href=\"\/fr\/entrainement\/qualifications-pour-lescalade-en-haute-montagne\/travail-en-hauteur-informations-de-base\/\"><img decoding=\"async\" src=\"\/wp-content\/uploads\/2017\/09\/szkolenie11.png\" alt=\"\" \/><\/a><\/p>\n<div style=\"width: 300px; font-size: 130%;\"><strong>Travail en hauteur - informations de base<\/strong><\/div>\n<p>&nbsp;<\/p>\n<\/div>\n<div style=\"float: left; margin-right: 40px; height: 290px;\">\n<p><a href=\"\/fr\/entrainement\/qualifications-pour-lescalade-en-haute-montagne\/causes-les-plus-courantes-des-chutes-de-hauteur\/\"><img decoding=\"async\" src=\"\/wp-content\/uploads\/2014\/08\/wypadek.jpg\" alt=\"\" \/><\/a><\/p>\n<div style=\"width: 300px; font-size: 130%;\"><strong>Les causes les plus fr\u00e9quentes de chutes de hauteur<\/strong><\/div>\n<p>&nbsp;<\/p>\n<\/div>\n<\/div>\n<div style=\"clear: both;\"><\/div>\n<div style=\"text-align: center; font-size: 85%; line-height: 120%;\">\n<div style=\"float: left; margin-right: 40px; height: 290px;\">\n<p><a href=\"\/fr\/entrainement\/qualifications-pour-lescalade-en-haute-montagne\/equipement-de-protection-individuelle-pour-le-travail-en-hauteur\/\"><img decoding=\"async\" src=\"\/wp-content\/uploads\/2017\/11\/bezpieczenstwo-pracy-na-wysokosci-srodki-ochronne.jpeg\" alt=\"travaux en hauteur \u00e0 Varsovie\" \/><\/a><\/p>\n<div style=\"width: 300px; font-size: 130%;\"><strong>\u00c9quipement de protection individuelle lors de travaux en hauteur<\/strong><\/div>\n<p>&nbsp;<\/p>\n<\/div>\n<div style=\"float: left; margin-right: 40px; height: 290px; padding-bottom: 50px;\">\n<p><a href=\"\/fr\/entrainement\/qualifications-pour-lescalade-en-haute-montagne\/le-travail-sur-les-mats\/\"><img loading=\"lazy\" decoding=\"async\" class=\"alignnone\" src=\"\/wp-content\/uploads\/2017\/11\/praca-na-kominach-zdjecie.jpeg\" alt=\"un stage d&#039;alpinisme pr\u00e9parant au travail en hauteur\" width=\"300\" height=\"225\" \/><\/a><\/p>\n<div style=\"width: 300px; font-size: 130%;\"><strong>Travaux sur poteaux, m\u00e2ts, structures de tours, chemin\u00e9es, structures de b\u00e2timents sans plafonds<\/strong><\/div>\n<p>&nbsp;<\/p>\n<\/div>\n<\/div>\n<div style=\"float: left; margin-right: 40px; height: 290px;\">\n<div style=\"text-align: center; font-size: 85%; line-height: 120%;\">\n<p><a href=\"\/fr\/entrainement\/qualifications-pour-lescalade-en-haute-montagne\/\"><img decoding=\"async\" src=\"\/wp-content\/uploads\/2017\/09\/szkolenie11.png\" alt=\"un stage d&#039;alpinisme pr\u00e9parant au travail en hauteur\" \/><\/a><\/p>\n<div style=\"width: 300px; font-size: 130%;\"><strong>Parcours en altitude<\/strong><\/div>\n<p>&nbsp;<\/p>\n<\/div>\n<\/div>","protected":false},"excerpt":{"rendered":"<p>Pracownicy wykonuj\u0105cy swoje obowi\u0105zki na wysoko\u015bci powinni zachowa\u0107 szczeg\u00f3ln\u0105 ostro\u017cno\u015b\u0107. Wed\u0142ug danych GUS upadek z wysoko\u015bci to nawet do 30% wszystkich wypadk\u00f3w przy pracy w Polsce. Zadaniem pracodawcy oraz pracownika jest szczeg\u00f3lna dba\u0142o\u015b\u0107 o bezpiecze\u0144stwo w trakcie wykonywania prac na wysoko\u015bci. Aby pracownik m\u00f3g\u0142 wykonywa\u0107 prace na wysoko\u015bci, musi przej\u015b\u0107 odpowiedni kurs wysoko\u015bciowy ucz\u0105cy podstawowych informacji o wykonywaniu obowi\u0105zk\u00f3w na wysoko\u015bci. Wyr\u00f3\u017cniamy przy tym dwa rodzaje kurs\u00f3w: dost\u0119p linowy oraz dost\u0119p budowlany.Odpowiednio przeszkolony pracownik posiadaj\u0105cy uprawnienia do pracy na wysoko\u015bci powinien wiedzie\u0107, jak nale\u017cy zachowywa\u0107 si\u0119 podczas wykonywania obowi\u0105zk\u00f3w na wysoko\u015bci. Nieodpowiednio prowadzone prace alpinistyczne, brak czy niepe\u0142ne przeszkolenie s\u0105 jednymi z powa\u017cnych problem\u00f3w stoj\u0105cych u podstaw wypadk\u00f3w na wysoko\u015bci. G\u0142\u00f3wne przyczyny upadk\u00f3w z wysoko\u015bci dotycz\u0105: niskiej \u015bwiadomo\u015bci zagro\u017cenia rozpoczynanie pracy na wysoko\u015bci bez jej odpowiedniego zaplanowania niedostateczne informowanie pracownik\u00f3w o zagro\u017ceniach, do czego zalicza si\u0119 niedostarczanie im w\u0142a\u015bciwych instrukcji i brak szkole\u0144 niedostateczny nadz\u00f3r nad prowadzeniem prac na wysoko\u015bci prace na wysoko\u015bci wykonywane bez sprz\u0119tu chroni\u0105cego przed upadkiem nieu\u017cywanie lub nieprawid\u0142owe stosowanie przez pracownik\u00f3w sprz\u0119tu ochronnego Najcz\u0119stsze przyczyny wypadk\u00f3w przy pracy zwi\u0105zanych z upadkiem z wysoko\u015bci s\u0105: niew\u0142a\u015bciwe zachowanie si\u0119 pracownik\u00f3w podczas pracy wywo\u0142ane nieodpowiedzialno\u015bci\u0105 lub brakiem szkole\u0144 z zakresu BHP brak urz\u0105dze\u0144 ochronnych lub ich z\u0142y stan techniczny niew\u0142a\u015bciwa organizacja i koordynacja rob\u00f3t tolerowanie odst\u0119pstw od podstawowych zasad przez bezpo\u015bredni nadz\u00f3r BHP Wobec tego podstaw\u0105 braku wypadk\u00f3w jest odpowiednio zaplanowana, bezpieczna praca na wysoko\u015bci \u2013 uprawnienia wysoko\u015bciowe s\u0105 tutaj bardzo wa\u017cne, ale r\u00f3wnie istotna jest w\u0142a\u015bciwa kultura pracy pracownik\u00f3w. Nale\u017cy te\u017c pami\u0119ta\u0107, \u017ce osoby pracuj\u0105cej jako alpinista przemys\u0142owy lub pracownik budowlany pracuj\u0105cy na [&hellip;]<\/p>\n","protected":false},"author":1,"featured_media":1306,"parent":2263,"menu_order":0,"comment_status":"closed","ping_status":"closed","template":"","meta":{"sfsi_plus_gutenberg_text_before_share":"","sfsi_plus_gutenberg_show_text_before_share":"","sfsi_plus_gutenberg_icon_type":"","sfsi_plus_gutenberg_icon_alignemt":"","sfsi_plus_gutenburg_max_per_row":"","footnotes":""},"class_list":["post-2359","page","type-page","status-publish","has-post-thumbnail","hentry","has_thumb"],"aioseo_notices":[],"_links":{"self":[{"href":"https:\/\/kursy-udt.pl\/fr\/wp-json\/wp\/v2\/pages\/2359","targetHints":{"allow":["GET"]}}],"collection":[{"href":"https:\/\/kursy-udt.pl\/fr\/wp-json\/wp\/v2\/pages"}],"about":[{"href":"https:\/\/kursy-udt.pl\/fr\/wp-json\/wp\/v2\/types\/page"}],"author":[{"embeddable":true,"href":"https:\/\/kursy-udt.pl\/fr\/wp-json\/wp\/v2\/users\/1"}],"replies":[{"embeddable":true,"href":"https:\/\/kursy-udt.pl\/fr\/wp-json\/wp\/v2\/comments?post=2359"}],"version-history":[{"count":10,"href":"https:\/\/kursy-udt.pl\/fr\/wp-json\/wp\/v2\/pages\/2359\/revisions"}],"predecessor-version":[{"id":4308,"href":"https:\/\/kursy-udt.pl\/fr\/wp-json\/wp\/v2\/pages\/2359\/revisions\/4308"}],"up":[{"embeddable":true,"href":"https:\/\/kursy-udt.pl\/fr\/wp-json\/wp\/v2\/pages\/2263"}],"wp:featuredmedia":[{"embeddable":true,"href":"https:\/\/kursy-udt.pl\/fr\/wp-json\/wp\/v2\/media\/1306"}],"wp:attachment":[{"href":"https:\/\/kursy-udt.pl\/fr\/wp-json\/wp\/v2\/media?parent=2359"}],"curies":[{"name":"wp","href":"https:\/\/api.w.org\/{rel}","templated":true}]}}