{"id":2354,"date":"2017-09-12T16:00:59","date_gmt":"2017-09-12T16:00:59","guid":{"rendered":"http:\/\/kursy-udt.pl\/?page_id=2354"},"modified":"2025-12-20T20:02:54","modified_gmt":"2025-12-20T19:02:54","slug":"travail-en-hauteur-informations-de-base","status":"publish","type":"page","link":"https:\/\/kursy-udt.pl\/fr\/szkolenia\/wysokosciowe-na-uprawnienia-alpinistyczne\/prace-na-wysokosci-podstawowe-informacje\/","title":{"rendered":"Travail en hauteur - informations de base"},"content":{"rendered":"<div style=\"float: left; padding-right: 10px;\"><img decoding=\"async\" src=\"\/wp-content\/uploads\/2014\/04\/05-foto-szkolenia2.jpeg\" alt=\"\" \/><\/div>\n<div class=\"wyjustuj\">\n<div>Les travaux effectu\u00e9s en hauteur sont particuli\u00e8rement dangereux. Cela est principalement d\u00fb au fait que les chutes de hauteur sont l&#039;une des causes les plus fr\u00e9quentes d&#039;accidents du travail graves et mortels. Par cons\u00e9quent, des pr\u00e9cautions particuli\u00e8res doivent \u00eatre prises lors de travaux en hauteur.<\/div>\n<p>Au sens du r\u00e8glement du ministre du travail et de la politique sociale du 26 septembre 1997 portant r\u00e9glementation g\u00e9n\u00e9rale de la sant\u00e9 et de la s\u00e9curit\u00e9 au travail, r\u00e9. (texte consolid\u00e9: Journal des lois de 2003, n \u00b0 169, point 1650) les travaux en hauteur sont effectu\u00e9s en surface \u00e0 une hauteur minimale de 1 m\u00e8tre au-dessus du sol ou du sol.<\/p>\n<h2 class=\"naglowekh2\"><strong>Les travaux en hauteur ne comprennent pas :<\/strong><\/h2>\n<ul>\n<li>travailler, quelle que soit la hauteur, sur une surface recouverte de toutes parts de murs pleins ou de baies vitr\u00e9es d&#039;une hauteur minimale de 1,5 m\u00e8tre<\/li>\n<li>travailler, quelle que soit la hauteur, sur une surface \u00e9quip\u00e9e d&#039;autres dispositifs ou structures fixes pour pr\u00e9venir les chutes de hauteur<\/li>\n<\/ul>\n<p>Tout employ\u00e9 travaillant en hauteur doit suivre une formation ad\u00e9quate. Ces formations sont organis\u00e9es en fonction du type de travail effectu\u00e9, par exemple les travaux d'alpinisme. Dans ce cas, les autorisations de travail en hauteur sont accord\u00e9es apr\u00e8s la r\u00e9ussite de l'examen.<\/p>\n<div class=\"filmw\">\n<div class=\"responsive-youtube\" style=\"text-align: center;\"><iframe loading=\"lazy\" title=\"Lecteur vid\u00e9o YouTube\" src=\"https:\/\/www.youtube.com\/embed\/Lf4dfMhJft0\" width=\"560\" height=\"315\" frameborder=\"0\" allowfullscreen=\"allowfullscreen\"><\/iframe><\/div>\n<\/div>\n<h2 class=\"naglowekh2\"><strong>Travailler \u00e0 des hauteurs jusqu&#039;\u00e0 2 m\u00e8tres<\/strong><\/h2>\n<p>Sur les surfaces \u00e0 une hauteur d&#039;au moins 1 m\u00e8tre au-dessus du sol ou du niveau du sol, les garde-corps doivent \u00eatre install\u00e9s avec des mains courantes de s\u00e9curit\u00e9 d&#039;au moins 1,1 m\u00e8tre de haut et avec une bordure d&#039;au moins 15 centim\u00e8tres de haut. Il devrait y avoir une barre transversale ou un autre espace entre la main courante et le trottoir pour emp\u00eacher les personnes de tomber.<\/p>\n<p>Lorsqu&#039;il n&#039;est pas possible d&#039;installer un garde-corps, des mesures sp\u00e9ciales sont prises pour prot\u00e9ger les travailleurs contre les chutes. Ces mesures sont adapt\u00e9es aux conditions et au type de travail.<\/p>\n<p>L&#039;ex\u00e9cution de travaux sur des \u00e9chelles, des pinces, des \u00e9chafaudages et d&#039;autres \u00e9l\u00e9vations \u00e0 une hauteur allant jusqu&#039;\u00e0 2 m\u00e8tres doit garantir leur stabilit\u00e9, leur durabilit\u00e9 et leur protection contre les changements de position inattendus. Les plates-formes de travail doivent avoir une surface suffisante, un sol plat et fixe en permanence, et les informations sur la charge admissible doivent \u00eatre marqu\u00e9es.<\/p>\n<h2 class=\"naglowekh2\"><strong>Travail \u00e0 des hauteurs sup\u00e9rieures \u00e0 2 m\u00e8tres<\/strong><\/h2>\n<p>Lors de travaux sur des \u00e9chafaudages \u00e0 une hauteur de plus de 2 m\u00e8tres du sol ou du sol et sur des plates-formes mobiles suspendues, une communication verticale s\u00fbre et un acc\u00e8s au lieu de travail, la stabilit\u00e9 et la r\u00e9sistance de l&#039;\u00e9chafaudage doivent \u00eatre garantis.<\/p>\n<p>Travaux sur m\u00e2ts, poteaux, structures de tours, chemin\u00e9es et autres structures sans plafond, lors du d\u00e9montage d&#039;\u00e9chafaudages o\u00f9 l&#039;acc\u00e8s par corde est utilis\u00e9, et lors de travaux sur des \u00e9chelles et des pinces \u00e0 une hauteur sup\u00e9rieure \u00e0 2 m\u00e8tres\u00a0:<\/p>\n<ul>\n<li>v\u00e9rifier l&#039;\u00e9tat technique des structures ou des dispositifs avant de commencer les travaux, y compris leur r\u00e9sistance, leur stabilit\u00e9, leur protection contre les changements de position inattendus<\/li>\n<li>pr\u00e9voir une protection contre les chutes de hauteur et des casques de protection pour travailler en hauteur en toute s\u00e9curit\u00e9<\/li>\n<\/ul>\n<p>Les exigences ci-dessus s&#039;appliquent \u00e9galement aux travaux sur les ponts, plates-formes, galeries et autres types de plates-formes, lorsque l&#039;ex\u00e9cution des t\u00e2ches n\u00e9cessite de se pencher au-del\u00e0 du contour de l&#039;appareil ou de la rampe, ainsi que d&#039;adopter une position pouvant entra\u00eener des chutes de hauteur.<\/p>\n<\/div>\n<h3 class=\"naglowekh2\">Plus d&#039;information:<\/h3>\n<div style=\"text-align: center; font-size: 85%; line-height: 120%;\">\n<div style=\"float: left; margin-right: 40px; height: 290px;\">\n<p><a href=\"\/fr\/entrainement\/qualifications-pour-lescalade-en-haute-montagne\/travail-en-hauteur-informations-de-base\/\"><img decoding=\"async\" src=\"\/wp-content\/uploads\/2017\/09\/szkolenie11.png\" alt=\"\" \/><\/a><\/p>\n<div style=\"width: 300px; font-size: 130%;\"><strong>Travail en hauteur - informations de base<\/strong><\/div>\n<p>&nbsp;<\/p>\n<\/div>\n<div style=\"float: left; margin-right: 40px; height: 290px;\">\n<p><a href=\"\/fr\/entrainement\/qualifications-pour-lescalade-en-haute-montagne\/causes-les-plus-courantes-des-chutes-de-hauteur\/\"><img decoding=\"async\" src=\"\/wp-content\/uploads\/2014\/08\/wypadek.jpg\" alt=\"\" \/><\/a><\/p>\n<div style=\"width: 300px; font-size: 130%;\"><strong>Les causes les plus fr\u00e9quentes de chutes de hauteur<\/strong><\/div>\n<p>&nbsp;<\/p>\n<\/div>\n<\/div>\n<div style=\"clear: both;\"><\/div>\n<div style=\"text-align: center; font-size: 85%; line-height: 120%;\">\n<div style=\"float: left; margin-right: 40px; height: 290px;\">\n<p><a href=\"\/fr\/entrainement\/qualifications-pour-lescalade-en-haute-montagne\/equipement-de-protection-individuelle-pour-le-travail-en-hauteur\/\"><img decoding=\"async\" src=\"\/wp-content\/uploads\/2017\/11\/bezpieczenstwo-pracy-na-wysokosci-srodki-ochronne.jpeg\" alt=\"travaux en hauteur \u00e0 Varsovie\" \/><\/a><\/p>\n<div style=\"width: 300px; font-size: 130%;\"><strong>\u00c9quipement de protection individuelle lors de travaux en hauteur<\/strong><\/div>\n<p>&nbsp;<\/p>\n<\/div>\n<div style=\"float: left; margin-right: 40px; height: 290px; padding-bottom: 50px;\"><\/div>\n<\/div>\n<div style=\"float: left; margin-right: 40px; height: 290px;\">\n<div style=\"text-align: center; font-size: 85%; line-height: 120%;\">\n<p><a href=\"\/fr\/entrainement\/qualifications-pour-lescalade-en-haute-montagne\/\"><img decoding=\"async\" src=\"\/wp-content\/uploads\/2017\/09\/szkolenie11.png\" alt=\"un stage d&#039;alpinisme pr\u00e9parant au travail en hauteur\" \/><\/a><\/p>\n<div style=\"width: 300px; font-size: 130%;\"><strong>Parcours en altitude<\/strong><\/div>\n<p>&nbsp;<\/p>\n<\/div>\n<\/div>","protected":false},"excerpt":{"rendered":"<p>Prace prowadzone na wysoko\u015bci zaliczaj\u0105 si\u0119 do szczeg\u00f3lnie niebezpiecznych. Wynika to g\u0142\u00f3wnie z faktu, \u017ce upadek z wysoko\u015bci jest jedn\u0105 z najcz\u0119stszych przyczyn ci\u0119\u017ckich i \u015bmiertelnych wypadk\u00f3w przy pracy. W zwi\u0105zku z tym podczas prac na wysoko\u015bci nale\u017cy zachowa\u0107 szczeg\u00f3lne \u015brodki ostro\u017cno\u015bci. W rozumieniu Rozporz\u0105dzenia Ministra Pracy i Polityki Socjalnej z dnia 26 wrze\u015bnia 1997 roku w sprawie og\u00f3lnych przepis\u00f3w bezpiecze\u0144stwa i higieny pracy z p\u00f3\u017cn. zm. (tekst jedn.: Dz. U. z 2003 r., nr 169, poz. 1650) praca na wysoko\u015bci jest wykonywana na powierzchni na wysoko\u015bci minimum 1 metra nad poziomem ziemi albo pod\u0142ogi. Do prac na wysoko\u015bci nie zalicza si\u0119: prac niezale\u017cnie od wysoko\u015bci na powierzchni os\u0142oni\u0119tej ze wszystkich stron \u015bcianami pe\u0142nymi lub z oknami oszklonymi o wysoko\u015bci minimum 1,5 metra prac niezale\u017cnie od wysoko\u015bci na powierzchni wyposa\u017conej w inne urz\u0105dzenia czy sta\u0142e konstrukcje zabezpieczaj\u0105ce przed upadkiem z wysoko\u015bci Pracownik pracuj\u0105cy na wysoko\u015bci powinien przej\u015b\u0107 odpowiedni kurs wysoko\u015bciowy. Kursy tego rodzaju organizuje si\u0119 w zale\u017cno\u015bci od rodzaju wykonywanych prac, na przyk\u0142ad takich jak prace alpinistyczne. W\u00f3wczas stosuje si\u0119 uprawnienia wysoko\u015bciowe nadawane po pozytywnym zaliczeniu egzaminu. Praca na wysoko\u015bci do 2 metr\u00f3w Na powierzchniach znajduj\u0105cych si\u0119 na wysoko\u015bci co najmniej 1 metra nad poziomem ziemi czy pod\u0142ogi nale\u017cy zamontowa\u0107 balustrady z por\u0119czami ochronnymi o wysoko\u015bci minimum 1,1 metra oraz z kraw\u0119\u017cnikiem o wysoko\u015bci co najmniej 15 centymetr\u00f3w. Pomi\u0119dzy por\u0119cz\u0105 a kraw\u0119\u017cnikiem powinna znajdowa\u0107 si\u0119 poprzeczka lub inna przestrze\u0144 zapobiegaj\u0105ca wypadni\u0119ciu os\u00f3b. Gdy nie jest mo\u017cliwe zamontowanie balustrady, w\u00f3wczas stosuje si\u0119 specjalne \u015brodki ochrony pracownik\u00f3w przed upadkami. \u015arodki te s\u0105 dopasowane do warunk\u00f3w i rodzaju [&hellip;]<\/p>\n","protected":false},"author":1,"featured_media":2384,"parent":2263,"menu_order":0,"comment_status":"closed","ping_status":"closed","template":"","meta":{"sfsi_plus_gutenberg_text_before_share":"","sfsi_plus_gutenberg_show_text_before_share":"","sfsi_plus_gutenberg_icon_type":"","sfsi_plus_gutenberg_icon_alignemt":"","sfsi_plus_gutenburg_max_per_row":"","footnotes":""},"class_list":["post-2354","page","type-page","status-publish","has-post-thumbnail","hentry","has_thumb"],"aioseo_notices":[],"_links":{"self":[{"href":"https:\/\/kursy-udt.pl\/fr\/wp-json\/wp\/v2\/pages\/2354","targetHints":{"allow":["GET"]}}],"collection":[{"href":"https:\/\/kursy-udt.pl\/fr\/wp-json\/wp\/v2\/pages"}],"about":[{"href":"https:\/\/kursy-udt.pl\/fr\/wp-json\/wp\/v2\/types\/page"}],"author":[{"embeddable":true,"href":"https:\/\/kursy-udt.pl\/fr\/wp-json\/wp\/v2\/users\/1"}],"replies":[{"embeddable":true,"href":"https:\/\/kursy-udt.pl\/fr\/wp-json\/wp\/v2\/comments?post=2354"}],"version-history":[{"count":12,"href":"https:\/\/kursy-udt.pl\/fr\/wp-json\/wp\/v2\/pages\/2354\/revisions"}],"predecessor-version":[{"id":6233,"href":"https:\/\/kursy-udt.pl\/fr\/wp-json\/wp\/v2\/pages\/2354\/revisions\/6233"}],"up":[{"embeddable":true,"href":"https:\/\/kursy-udt.pl\/fr\/wp-json\/wp\/v2\/pages\/2263"}],"wp:featuredmedia":[{"embeddable":true,"href":"https:\/\/kursy-udt.pl\/fr\/wp-json\/wp\/v2\/media\/2384"}],"wp:attachment":[{"href":"https:\/\/kursy-udt.pl\/fr\/wp-json\/wp\/v2\/media?parent=2354"}],"curies":[{"name":"wp","href":"https:\/\/api.w.org\/{rel}","templated":true}]}}